{"id":41,"date":"2018-11-13T21:41:11","date_gmt":"2018-11-13T20:41:11","guid":{"rendered":"http:\/\/muenster.org\/mfk-ms\/wordpress\/?page_id=41"},"modified":"2020-02-11T20:45:12","modified_gmt":"2020-02-11T19:45:12","slug":"impressum","status":"publish","type":"page","link":"http:\/\/muenster.org\/mfk-ms\/?page_id=41","title":{"rendered":"Kontakt"},"content":{"rendered":"<table width=\"100%\">\n<tbody>\n<tr>\n<td width=\"100%\">Verantwortlich f\u00fcr den Inhalt (V.i.S.d.P.) dieser Seiten ist der Vorstand des<br \/>\nModellflugklub M\u00fcnster e.V..&nbsp;&nbsp;<\/p>\n<p>Vorstand lt. \u00a7 26 BGB<\/p>\n<table width=\"100%\">\n<tbody>\n<tr>\n<td valign=\"top\" width=\"34%\">Julian Holtz<br \/>\nStarweg&nbsp;20<br \/>\n48167 M\u00fcnster<br \/>\n0251 624825<\/td>\n<td valign=\"top\" width=\"32%\">Matthias Niehoff<br \/>\nZum Hiltruper See 42<br \/>\n48165 M\u00fcnster<br \/>\n0171 8373198<\/td>\n<td valign=\"top\" width=\"34%\">Sebastian Hampf<br \/>\nKeplerweg 38<br \/>\n48159 M\u00fcnster<br \/>\n0251 9277385<\/td>\n<\/tr>\n<\/tbody>\n<\/table>\n<p>weitere Vorstandmitglieder<\/p>\n<table width=\"100%\">\n<tbody>\n<tr>\n<td valign=\"top\" width=\"34%\">Schriftf\u00fchrer&nbsp;&nbsp;<\/p>\n<p>Thomas Becker<\/p>\n<p>02501 986020<br \/>\n<a href=\"mailto:thbecker@muenster.de\">Mail<\/a><\/td>\n<td valign=\"top\" width=\"32%\">Kassierer&nbsp;&nbsp;<\/p>\n<p>Rolf Niehoff<\/td>\n<td valign=\"top\" width=\"34%\">Jugendwart&nbsp;&nbsp;<\/p>\n<p>Dennis Dr\u00fccker<br \/>\n<a href=\"mailto:dennis-druecker@freenet.de\">Mail<\/a><\/td>\n<\/tr>\n<\/tbody>\n<\/table>\n<\/td>\n<\/tr>\n<\/tbody>\n<\/table>\n<table width=\"100%\">\n<tbody>\n<tr>\n<td width=\"100%\"><u>Wichtiger Hinweis!<\/u>&nbsp;&nbsp;<\/p>\n<p>Mit Urteil vom Mai 1998 hat das Landgericht Hamburg entschieden, dass man durch die Ausbringung eines Links die Inhalte der gelinkten Seite ggf. mit zu verantworten hat. Dies kann &#8211; so das LG &#8211; nur dadurch verhindert werden, dass man sich ausdr\u00fccklich von diesen Inhalten distanziert. Der Modellflugklub M\u00fcnster e.V.&nbsp; hat auf verschiedenen Seiten dieser Homepage Links zu anderen Seiten im Internet gelegt. Wir betonen ausdr\u00fccklich, dass wir keinerlei&nbsp;Einfluss auf Gestaltung und Inhalte der gelinkten Seiten haben, distanzieren uns ausdr\u00fccklich von allen Inhalten der gelinkten Seiten und machen uns ihre Inhalte nicht zu Eigen. Diese Erkl\u00e4rung gilt f\u00fcr alle auf dieser Homepage ausgebrachten Links.<\/p>\n<p>Alle Bilder und Texte in dieser Homepage, die nicht vom MFK stammen, sind entsprechend gekennzeichnet. Eine Verwendung unserer Bilder und Texte auf anderen Seiten oder in anderen Medien bedarf unserer ausdr\u00fccklichen Zustimmung!<\/td>\n<\/tr>\n<\/tbody>\n<\/table>\n","protected":false},"excerpt":{"rendered":"<p>Verantwortlich f\u00fcr den Inhalt (V.i.S.d.P.) dieser Seiten ist der Vorstand des Modellflugklub M\u00fcnster e.V..&nbsp;&nbsp; Vorstand lt. \u00a7 26 BGB Julian[&#8230;]<\/p>\n","protected":false},"author":2,"featured_media":0,"parent":30,"menu_order":1,"comment_status":"closed","ping_status":"closed","template":"","meta":{"ngg_post_thumbnail":0,"footnotes":""},"class_list":["post-41","page","type-page","status-publish","hentry"],"_links":{"self":[{"href":"http:\/\/muenster.org\/mfk-ms\/index.php?rest_route=\/wp\/v2\/pages\/41"}],"collection":[{"href":"http:\/\/muenster.org\/mfk-ms\/index.php?rest_route=\/wp\/v2\/pages"}],"about":[{"href":"http:\/\/muenster.org\/mfk-ms\/index.php?rest_route=\/wp\/v2\/types\/page"}],"author":[{"embeddable":true,"href":"http:\/\/muenster.org\/mfk-ms\/index.php?rest_route=\/wp\/v2\/users\/2"}],"replies":[{"embeddable":true,"href":"http:\/\/muenster.org\/mfk-ms\/index.php?rest_route=%2Fwp%2Fv2%2Fcomments&post=41"}],"version-history":[{"count":21,"href":"http:\/\/muenster.org\/mfk-ms\/index.php?rest_route=\/wp\/v2\/pages\/41\/revisions"}],"predecessor-version":[{"id":738,"href":"http:\/\/muenster.org\/mfk-ms\/index.php?rest_route=\/wp\/v2\/pages\/41\/revisions\/738"}],"up":[{"embeddable":true,"href":"http:\/\/muenster.org\/mfk-ms\/index.php?rest_route=\/wp\/v2\/pages\/30"}],"wp:attachment":[{"href":"http:\/\/muenster.org\/mfk-ms\/index.php?rest_route=%2Fwp%2Fv2%2Fmedia&parent=41"}],"curies":[{"name":"wp","href":"https:\/\/api.w.org\/{rel}","templated":true}]}}