{"id":43,"date":"2018-11-13T21:41:24","date_gmt":"2018-11-13T20:41:24","guid":{"rendered":"http:\/\/muenster.org\/mfk-ms\/wordpress\/?page_id=43"},"modified":"2021-03-22T20:47:59","modified_gmt":"2021-03-22T19:47:59","slug":"mitgliedschaft","status":"publish","type":"page","link":"http:\/\/muenster.org\/mfk-ms\/?page_id=43","title":{"rendered":"Mitgliedschaft"},"content":{"rendered":"<h2 style=\"font-weight: 400;\">Der Modellflugklub M\u00fcnster e. V. stellt sich vor:<\/h2>\n<h3>Allgemeines<strong>:<\/strong><\/h3>\n<ul>\n<li style=\"font-weight: 400;\">Eintragung als eingetragener Verein (e. V.): 13. 7. 1971<\/li>\n<\/ul>\n<h3>Vorteile der Mitgliedschaft im MFK M\u00fcnster e. V.:<\/h3>\n<ul>\n<li>Hilfe f\u00fcr Anf\u00e4nger<\/li>\n<li>Jugendgruppe mit vereinseigenem Bastelraum<\/li>\n<li>keine Probleme mit Anwohnern<\/li>\n<\/ul>\n<h3>Pflichten der Mitglieder:<\/h3>\n<ul>\n<li>einmal j\u00e4hrlich Platzdienst (Aufr\u00e4umarbeiten und \u00e4hnliches),<\/li>\n<li>striktes einhalten der Flugordnung<\/li>\n<li>Flugbetrieb nur im erlaubten&nbsp;Flugraum<\/li>\n<li>L\u00e4rmbegrenzung wird kontrolliert<\/li>\n<\/ul>\n<h3>Beitr\u00e4ge inklusive Versicherung beim DMFV:<\/h3>\n<ul>\n<li>f\u00f6rdernde Mitglieder 10,00 EUR \/ Jahr<\/li>\n<li>passive Mitglieder 20,00 EUR&nbsp;\/ Jahr<\/li>\n<li>Jugendliche Junior &#8211; U18 (ohne Versicherung \/ Aufnahmegeb\u00fchr) 5,00 EUR \/ Monat<\/li>\n<li>Jugendlich bis 18 J. (mit Zusatzversicherung) 60,00 EUR \/ Jahr<\/li>\n<li>Auszubildende bis 25 J. (mit Zusatzversicherung) 69,44 EUR&nbsp;\/ Jahr<\/li>\n<li>Erwachsene (mit Zusatzversicherung) 99,44 EUR&nbsp;\/ Jahr<\/li>\n<li>Erwachsene Schwerbehindert (mit Zusatzversicherung) 89,44 EUR \/ Jahr<\/li>\n<li>Aufnahmegeb\u00fchr Jugendliche bis 18 Jahre 53,00 EUR einmalig<\/li>\n<li>Aufnahmegeb\u00fchr Erwachsene 105,00 EUR einmalig<\/li>\n<li>vers\u00e4umte Beitragszahlung (Lastschrift R\u00fccklauf). 10,00 EUR \/ St\u00fcck<\/li>\n<\/ul>\n<p style=\"font-weight: 400;\">Satzung:<\/p>\n<p style=\"font-weight: 400;\">Die Vereinssatzung k\u00f6nnt ihr als PDF-Datei <a href=\"http:\/\/muenster.org\/mfk-ms\/wordpress\/wp-content\/uploads\/2020\/02\/Satzung-2020-02.pdf\" target=\"_blank\" rel=\"noopener noreferrer\">hier <\/a> herunterladen.<\/p>\n<p style=\"font-weight: 400;\">Service f\u00fcr angehende Mitglieder:<\/p>\n<p style=\"font-weight: 400;\">F\u00fcr angehende Mitglieder besteht vor der Aufnahme in den MFK unter folgenden Bedingungen die M\u00f6glichkeit zu fliegen:<\/p>\n<p style=\"font-weight: 400;\">Ein Aufnahmeantrag wurde unterschrieben, ein MFK Mitglied steht zur Seite.<\/p>\n<p style=\"font-weight: 400;\">Sonstiges:<\/p>\n<p style=\"font-weight: 400;\">Alle Mitglieder werden automatisch durch den Verein im&nbsp;<a href=\"http:\/\/www.dmfv.aero\/\" target=\"_blank\" rel=\"noopener noreferrer\">Deutschen Modellfliegerverband e. V. (DMFV)<\/a>&nbsp;versichert.<\/p>\n<p style=\"font-weight: 400;\">Die Aufnahme neuer Mitglieder erfolgt nur Quartalsweise zum 1. 1., 1. 4., 1. 7. und 1. 10. eines Jahres. Junior &#8211; U18 Mitglieder k\u00f6nnen jederzeit aufgenommen werden. &nbsp;<\/p>\n<p style=\"font-weight: 400;\">Noch Fragen?<\/p>\n<p style=\"font-weight: 400;\">Schreibe uns eine&nbsp;<a href=\"mailto:thbecker@muenster.de\">Mail<\/a>, rufe an oder komm einfach mal zum Flugplatz oder in die Halle.<\/p>\n<p>Einen Aufnahmeantrag kannst Du&nbsp;<a href=\"http:\/\/muenster.org\/mfk-ms\/wordpress\/wp-content\/uploads\/2020\/02\/2020-Aufnahmeantrag.pdf\" target=\"_blank\" rel=\"noopener noreferrer\">hier<\/a> als PDF-Datei herunterladen und dann ausdrucken. Den Aufnahmeantrag f\u00fcr eine U18-Junior Mitgliedschaft kannst du <a href=\"http:\/\/muenster.org\/mfk-ms\/wordpress\/wp-content\/uploads\/2020\/02\/2020-Aufnahmeantrag-U18.pdf\" target=\"_blank\" rel=\"noopener noreferrer\">hier<\/a> herunterladen. Den ausgedruckten Antrag bitte handschriftlich ausf\u00fcllen und an den Vorstand schicken. Die Adresse findest Du im Impressum.<\/p>\n<p>Mit Holm und Rippenbruch.<\/p>\n<p style=\"font-weight: 400;\">Der Vorstand des MFK M\u00fcnster e. V.<\/p>\n","protected":false},"excerpt":{"rendered":"<p>Der Modellflugklub M\u00fcnster e. V. stellt sich vor: Allgemeines: Eintragung als eingetragener Verein (e. V.): 13. 7. 1971 Vorteile der[&#8230;]<\/p>\n","protected":false},"author":2,"featured_media":0,"parent":30,"menu_order":0,"comment_status":"closed","ping_status":"closed","template":"","meta":{"ngg_post_thumbnail":0,"footnotes":""},"class_list":["post-43","page","type-page","status-publish","hentry"],"_links":{"self":[{"href":"http:\/\/muenster.org\/mfk-ms\/index.php?rest_route=\/wp\/v2\/pages\/43"}],"collection":[{"href":"http:\/\/muenster.org\/mfk-ms\/index.php?rest_route=\/wp\/v2\/pages"}],"about":[{"href":"http:\/\/muenster.org\/mfk-ms\/index.php?rest_route=\/wp\/v2\/types\/page"}],"author":[{"embeddable":true,"href":"http:\/\/muenster.org\/mfk-ms\/index.php?rest_route=\/wp\/v2\/users\/2"}],"replies":[{"embeddable":true,"href":"http:\/\/muenster.org\/mfk-ms\/index.php?rest_route=%2Fwp%2Fv2%2Fcomments&post=43"}],"version-history":[{"count":21,"href":"http:\/\/muenster.org\/mfk-ms\/index.php?rest_route=\/wp\/v2\/pages\/43\/revisions"}],"predecessor-version":[{"id":836,"href":"http:\/\/muenster.org\/mfk-ms\/index.php?rest_route=\/wp\/v2\/pages\/43\/revisions\/836"}],"up":[{"embeddable":true,"href":"http:\/\/muenster.org\/mfk-ms\/index.php?rest_route=\/wp\/v2\/pages\/30"}],"wp:attachment":[{"href":"http:\/\/muenster.org\/mfk-ms\/index.php?rest_route=%2Fwp%2Fv2%2Fmedia&parent=43"}],"curies":[{"name":"wp","href":"https:\/\/api.w.org\/{rel}","templated":true}]}}