{"id":47,"date":"2018-11-13T21:41:50","date_gmt":"2018-11-13T20:41:50","guid":{"rendered":"http:\/\/muenster.org\/mfk-ms\/wordpress\/?page_id=47"},"modified":"2018-11-28T19:37:51","modified_gmt":"2018-11-28T18:37:51","slug":"indoor","status":"publish","type":"page","link":"http:\/\/muenster.org\/mfk-ms\/?page_id=47","title":{"rendered":"Indoor"},"content":{"rendered":"<p>Geflogen werden hallentaugliche Copter mit Video-Life\u00fcbertragung, Hubschrauber und besonders leicht gebaute Fl\u00e4chenmodelle bis zu 500 Gramm Abfluggewicht. In Ausnahmef\u00e4llen kann f\u00fcr h\u00f6here Gewichte eine Sondergenehmigung erbeten werden.<\/p>\n<p>Angetrieben werden die Modelle mit Elektromotoren. Als Akku und f\u00fcr die Fernsteuerung kommen besonders leichte Komponenten zum Einsatz. Hierdurch wird ein sehr geringes Gesamtgewicht der Flugger\u00e4te erzielt. Die Leichtbauweise f\u00fchrt dazu, dass besonders langsam geflogen werden kann und dass sogar Kunstflugfiguren auf engstem Raum m\u00f6glich werden.<\/p>\n<p>Der Einstieg in diese Sparte des Modellfluges wird durch die zurzeit am Markt reichlich vorhandenen fast fertigen Modelle unterst\u00fctzt. Die Kosten sind \u00fcberschaubar. Auch fliegerisch kann man mit einem entsprechenden Modell bereits nach kurzer Zeit Erfolge verzeichnen.<\/p>\n<p>Die Entwicklungsm\u00f6glichkeiten sind vielf\u00e4ltig. Einige Piloten mit entsprechenden Vorkenntnissen entwickeln technisch sehr aufw\u00e4ndige Flugger\u00e4te. Mit den vorhandenen Materialien k\u00f6nnen auch au\u00dfergew\u00f6hnliche Konzepte in Leichtbauweise realisiert werden. Interessant sind auch die offiziellen Meisterschaften im Hallenflug, an denen wir teilnehmen.<\/p>\n","protected":false},"excerpt":{"rendered":"<p>Geflogen werden hallentaugliche Copter mit Video-Life\u00fcbertragung, Hubschrauber und besonders leicht gebaute Fl\u00e4chenmodelle bis zu 500 Gramm Abfluggewicht. In Ausnahmef\u00e4llen kann[&#8230;]<\/p>\n","protected":false},"author":2,"featured_media":0,"parent":34,"menu_order":3,"comment_status":"closed","ping_status":"closed","template":"","meta":{"ngg_post_thumbnail":0,"footnotes":""},"class_list":["post-47","page","type-page","status-publish","hentry"],"_links":{"self":[{"href":"http:\/\/muenster.org\/mfk-ms\/index.php?rest_route=\/wp\/v2\/pages\/47"}],"collection":[{"href":"http:\/\/muenster.org\/mfk-ms\/index.php?rest_route=\/wp\/v2\/pages"}],"about":[{"href":"http:\/\/muenster.org\/mfk-ms\/index.php?rest_route=\/wp\/v2\/types\/page"}],"author":[{"embeddable":true,"href":"http:\/\/muenster.org\/mfk-ms\/index.php?rest_route=\/wp\/v2\/users\/2"}],"replies":[{"embeddable":true,"href":"http:\/\/muenster.org\/mfk-ms\/index.php?rest_route=%2Fwp%2Fv2%2Fcomments&post=47"}],"version-history":[{"count":2,"href":"http:\/\/muenster.org\/mfk-ms\/index.php?rest_route=\/wp\/v2\/pages\/47\/revisions"}],"predecessor-version":[{"id":362,"href":"http:\/\/muenster.org\/mfk-ms\/index.php?rest_route=\/wp\/v2\/pages\/47\/revisions\/362"}],"up":[{"embeddable":true,"href":"http:\/\/muenster.org\/mfk-ms\/index.php?rest_route=\/wp\/v2\/pages\/34"}],"wp:attachment":[{"href":"http:\/\/muenster.org\/mfk-ms\/index.php?rest_route=%2Fwp%2Fv2%2Fmedia&parent=47"}],"curies":[{"name":"wp","href":"https:\/\/api.w.org\/{rel}","templated":true}]}}