{"id":6,"date":"2018-11-13T21:20:43","date_gmt":"2018-11-13T20:20:43","guid":{"rendered":"http:\/\/muenster.org\/mfk-ms\/wordpress\/?page_id=6"},"modified":"2021-12-08T20:04:24","modified_gmt":"2021-12-08T19:04:24","slug":"startseite","status":"publish","type":"page","link":"http:\/\/muenster.org\/mfk-ms\/","title":{"rendered":"Startseite"},"content":{"rendered":"\n<p><\/p>\n\n\n<p style=\"font-weight: 400;\">Wir begr\u00fc\u00dfen Dich auf der Homepage des Modellflugklubs \u201eMFK M\u00fcnster <span style=\"font-size: 1rem;\">e.V.\u201c<\/span><\/p>\n<p style=\"font-weight: 400;\">Zus\u00e4tzlich zu allgemeinen Informationen und Bildern aus unserem Vereinsl<span style=\"font-size: 1rem;\">eben werden hier regelm\u00e4\u00dfig aktuelle Informationen und&nbsp; Termine ver\u00f6ffentlicht.&nbsp;<\/span>Der Verein wurde 1971 ins Vereinsregister eingetragen und hat &nbsp;Mitglieder im Alter von 8 bis 80 Jahren.<\/p>\n<p style=\"font-weight: 400;\">Der Wechsel unseres Fluggel\u00e4ndes vor einigen Jahren hat zu einer zeitgem\u00e4\u00dfen neuen Ausrichtung unseres Flugbetriebes gef\u00fchrt. Die fr\u00fcher haupts\u00e4chlich betriebenen Verbrennungsmotoren werden auf unserem neuen Fluggel\u00e4nde mit R\u00fccksicht auf die Nachbarn nicht mehr eingesetzt. Stattdessen fliegen wir mit Segel- und Motorflugzeugen, die mit modernen und auch bei guten Flugleistungen beinahe ger\u00e4uschlosen Elektromotoren ausgestattet sind.<\/p>\nngg_shortcode_0_placeholder\n<p style=\"font-weight: 400;\">Wesentlicher Bestandteil unseres Vereinslebens ist eine erfolgreiche Jugendf\u00f6rderung. Wir unterst\u00fctzen die Erstellung von Modellen und die fliegerischen Anf\u00e4nge auf dem Flugfeld.<\/p>\n<p style=\"font-weight: 400;\">Wer sich f\u00fcr unser Hobby interessiert, kann sich bei uns gerne informieren. Die Ansprechpartner werden im Impressum genannt.<\/p>\n<p style=\"font-weight: 400;\">Bei uns werden geflogen:<\/p>\n<ul>\n<li>Copter<\/li>\n<li>Elektro-Motorflugzeuge<\/li>\n<li>Elektrohubschrauber<\/li>\n<li>Elektrosegler<\/li>\n<li>Segelflugzeuge<\/li>\n<\/ul>","protected":false},"excerpt":{"rendered":"<p>Wir begr\u00fc\u00dfen Dich auf der Homepage des Modellflugklubs \u201eMFK M\u00fcnster e.V.\u201c Zus\u00e4tzlich zu allgemeinen Informationen und Bildern aus unserem Vereinsleben[&#8230;]<\/p>\n","protected":false},"author":2,"featured_media":0,"parent":0,"menu_order":3,"comment_status":"closed","ping_status":"closed","template":"","meta":{"ngg_post_thumbnail":0,"footnotes":""},"class_list":["post-6","page","type-page","status-publish","hentry"],"_links":{"self":[{"href":"http:\/\/muenster.org\/mfk-ms\/index.php?rest_route=\/wp\/v2\/pages\/6"}],"collection":[{"href":"http:\/\/muenster.org\/mfk-ms\/index.php?rest_route=\/wp\/v2\/pages"}],"about":[{"href":"http:\/\/muenster.org\/mfk-ms\/index.php?rest_route=\/wp\/v2\/types\/page"}],"author":[{"embeddable":true,"href":"http:\/\/muenster.org\/mfk-ms\/index.php?rest_route=\/wp\/v2\/users\/2"}],"replies":[{"embeddable":true,"href":"http:\/\/muenster.org\/mfk-ms\/index.php?rest_route=%2Fwp%2Fv2%2Fcomments&post=6"}],"version-history":[{"count":26,"href":"http:\/\/muenster.org\/mfk-ms\/index.php?rest_route=\/wp\/v2\/pages\/6\/revisions"}],"predecessor-version":[{"id":1002,"href":"http:\/\/muenster.org\/mfk-ms\/index.php?rest_route=\/wp\/v2\/pages\/6\/revisions\/1002"}],"wp:attachment":[{"href":"http:\/\/muenster.org\/mfk-ms\/index.php?rest_route=%2Fwp%2Fv2%2Fmedia&parent=6"}],"curies":[{"name":"wp","href":"https:\/\/api.w.org\/{rel}","templated":true}]}}