{"id":578,"date":"2019-12-26T16:41:32","date_gmt":"2019-12-26T15:41:32","guid":{"rendered":"http:\/\/muenster.org\/zero-waste-muenster\/?page_id=578"},"modified":"2019-12-26T16:41:32","modified_gmt":"2019-12-26T15:41:32","slug":"mullsammeln-2020","status":"publish","type":"page","link":"http:\/\/muenster.org\/zero-waste-muenster\/projekte\/mullsammeln-2020\/","title":{"rendered":"M\u00fcllsammeln 2020"},"content":{"rendered":"\n<p>Im Jahr 2019 haben wir mehrere M\u00fcllsammelaktionen durgef\u00fchrt, die von allen als gro\u00dfer Erfolg erfahren wurden.&nbsp;<\/p>\n\n\n\n<p>An diesen Erfolg wollen wir 2020 ankn\u00fcpfen! Deswegen haben wir unser Konzept etwas \u00fcberarbeitet und sind nunmehr am Start. Wir wollen 2020 alle zwei Wochen je Sonntags (meistens am 2. und 4. Sonntag im Monat) f\u00fcr etwa eine gute Stunde losziehen, um die nat\u00fcrliche Umwelt etwas zu s\u00e4ubern vom \u00dcberfluss der Wegwerfgesellschaft. Ausgestattet mit Greifzangen, die uns die st\u00e4dtischen Abfallwirtschaftsbetriebe (<a href=\"https:\/\/awm.stadt-muenster.de\/index.html\">AWM<\/a>) ausgeliehen haben, r\u00e4umen wir den M\u00fcll weg, der nicht von uns verursacht wurde, aber von dem wir gerne verhindern wollen, dass er den Boden auf bis zu Jahrhunderten verseucht.<\/p>\n\n\n\n<p>Unsere Termine f\u00fcr dieses Jahr: 12.01., 26.01., 09.02., 23.02., 08.03., 22.03., 12.04., 26.04, 10.05., 24.05., 14.06., 28.06., 12.07., 26.07., 09.08., 23.08., 13.09., 27.09., 11.10., 25.10., 08.11., 22.11., 13.12., 27.12. Ihr findet sie allesamt auch in unserem Kalender.<\/p>\n\n\n\n<p>Wir treffen uns gew\u00f6hnlich um 14:00 Uhr an der Stra\u00dfenkreuzung Horstmarer Landweg\/Corrensstra\u00dfe im Stadtbezirk M\u00fcnster-West und r\u00e4umen dort in der Gegend auf. \u00dcber abweichende Orte informieren wir vorher.&nbsp;<\/p>\n\n\n\n<p>Wir sammeln so lange, wie es uns Spa\u00df macht und zwingen niemanden zu festen Mitmachzeiten.&nbsp;<\/p>\n\n\n\n<p>Hast du Interesse, aber warst noch nie sammeln? Gar kein Problem! Das Sammeln l\u00e4sst sich leicht erlernen, ist eine gem\u00fctliche Gruppent\u00e4tigkeit und wird von vielen sogar als sehr meditativ erfahren. Insbesondere auch f\u00fcr junge Kinder (ab ca. 2,5 bis 3 Jahren) ist das M\u00fcllsammeln erfahrungsgem\u00e4\u00df ein gro\u00dfer Spa\u00df. Wie bei allen Veranstaltungen unseres Vereins sind alle, die mitmachen wollen ausdr\u00fccklich willkommen &#8211; herzliche Einladung!<\/p>\n\n\n\n<p>Hast du Fragen oder m\u00f6chtest du dich in unseren M\u00fcllsammler-Mailverteiler aufnehmen lassen? Bitte schreibe uns \u00fcber das Kontaktformular unten!<\/p>\n\n\n\n<hr class=\"wp-block-separator\"\/>\n\n\n<div role=\"form\" class=\"wpcf7\" id=\"wpcf7-f579-o1\" lang=\"en-US\" dir=\"ltr\">\n<div class=\"screen-reader-response\" aria-live=\"polite\"><\/div>\n<form action=\"\/zero-waste-muenster\/wp-json\/wp\/v2\/pages\/578#wpcf7-f579-o1\" method=\"post\" class=\"wpcf7-form\" novalidate=\"novalidate\">\n<div style=\"display: none;\">\n<input type=\"hidden\" name=\"_wpcf7\" value=\"579\" \/>\n<input type=\"hidden\" name=\"_wpcf7_version\" value=\"5.1.9\" \/>\n<input type=\"hidden\" name=\"_wpcf7_locale\" value=\"en_US\" \/>\n<input type=\"hidden\" name=\"_wpcf7_unit_tag\" value=\"wpcf7-f579-o1\" \/>\n<input type=\"hidden\" name=\"_wpcf7_container_post\" value=\"0\" \/>\n<\/div>\n<p><label> Name<br \/>\n    <span class=\"wpcf7-form-control-wrap your-name\"><input type=\"text\" name=\"your-name\" value=\"\" size=\"40\" class=\"wpcf7-form-control wpcf7-text wpcf7-validates-as-required\" aria-required=\"true\" aria-invalid=\"false\" \/><\/span> <\/label><\/p>\n<p><label> Emailadresse<br \/>\n    <span class=\"wpcf7-form-control-wrap your-email\"><input type=\"email\" name=\"your-email\" value=\"\" size=\"40\" class=\"wpcf7-form-control wpcf7-text wpcf7-email wpcf7-validates-as-required wpcf7-validates-as-email\" aria-required=\"true\" aria-invalid=\"false\" \/><\/span> <\/label><\/p>\n<p><label> Betreff<br \/>\n    <span class=\"wpcf7-form-control-wrap your-subject\"><input type=\"text\" name=\"your-subject\" value=\"\" size=\"40\" class=\"wpcf7-form-control wpcf7-text\" aria-invalid=\"false\" \/><\/span> <\/label><\/p>\n<p><label> Nachricht<br \/>\n    <span class=\"wpcf7-form-control-wrap your-message\"><textarea name=\"your-message\" cols=\"40\" rows=\"10\" class=\"wpcf7-form-control wpcf7-textarea\" aria-invalid=\"false\"><\/textarea><\/span> <\/label><\/p>\n<p><input type=\"submit\" value=\"Absenden\" class=\"wpcf7-form-control wpcf7-submit\" \/><\/p>\n<div class=\"wpcf7-response-output wpcf7-display-none\" aria-hidden=\"true\"><\/div><\/form><\/div>\n","protected":false},"excerpt":{"rendered":"<p>Im Jahr 2019 haben wir mehrere M\u00fcllsammelaktionen durgef\u00fchrt, die von allen als gro\u00dfer Erfolg erfahren wurden.&nbsp; An diesen Erfolg wollen wir 2020 ankn\u00fcpfen! Deswegen haben wir unser Konzept etwas \u00fcberarbeitet und sind nunmehr am Start. Wir wollen 2020 alle zwei Wochen je Sonntags (meistens am 2. und 4. Sonntag im Monat) f\u00fcr etwa eine gute&hellip; <a href=\"http:\/\/muenster.org\/zero-waste-muenster\/projekte\/mullsammeln-2020\/\" class=\"more-link\">Continue reading <span class=\"screen-reader-text\">M\u00fcllsammeln 2020<\/span><\/a><\/p>\n","protected":false},"author":1,"featured_media":0,"parent":7,"menu_order":0,"comment_status":"closed","ping_status":"closed","template":"","meta":[],"_links":{"self":[{"href":"http:\/\/muenster.org\/zero-waste-muenster\/wp-json\/wp\/v2\/pages\/578"}],"collection":[{"href":"http:\/\/muenster.org\/zero-waste-muenster\/wp-json\/wp\/v2\/pages"}],"about":[{"href":"http:\/\/muenster.org\/zero-waste-muenster\/wp-json\/wp\/v2\/types\/page"}],"author":[{"embeddable":true,"href":"http:\/\/muenster.org\/zero-waste-muenster\/wp-json\/wp\/v2\/users\/1"}],"replies":[{"embeddable":true,"href":"http:\/\/muenster.org\/zero-waste-muenster\/wp-json\/wp\/v2\/comments?post=578"}],"version-history":[{"count":2,"href":"http:\/\/muenster.org\/zero-waste-muenster\/wp-json\/wp\/v2\/pages\/578\/revisions"}],"predecessor-version":[{"id":581,"href":"http:\/\/muenster.org\/zero-waste-muenster\/wp-json\/wp\/v2\/pages\/578\/revisions\/581"}],"up":[{"embeddable":true,"href":"http:\/\/muenster.org\/zero-waste-muenster\/wp-json\/wp\/v2\/pages\/7"}],"wp:attachment":[{"href":"http:\/\/muenster.org\/zero-waste-muenster\/wp-json\/wp\/v2\/media?parent=578"}],"curies":[{"name":"wp","href":"https:\/\/api.w.org\/{rel}","templated":true}]}}