{"id":11,"date":"2019-01-18T17:50:56","date_gmt":"2019-01-18T16:50:56","guid":{"rendered":"http:\/\/muenster.org\/FrauenchorChorisma\/?page_id=11"},"modified":"2026-01-13T22:21:15","modified_gmt":"2026-01-13T21:21:15","slug":"wer-wir-sind","status":"publish","type":"page","link":"https:\/\/muenster.org\/FrauenchorChorisma\/wer-wir-sind\/","title":{"rendered":"\u00dcber Uns"},"content":{"rendered":"\n<figure class=\"wp-block-image size-full\"><img loading=\"lazy\" decoding=\"async\" width=\"1600\" height=\"739\" src=\"https:\/\/muenster.org\/FrauenchorChorisma\/wp-content\/uploads\/2025\/12\/IMG-20250927-WA0016.jpg\" alt=\"\" class=\"wp-image-1042\" srcset=\"https:\/\/muenster.org\/FrauenchorChorisma\/wp-content\/uploads\/2025\/12\/IMG-20250927-WA0016.jpg 1600w, https:\/\/muenster.org\/FrauenchorChorisma\/wp-content\/uploads\/2025\/12\/IMG-20250927-WA0016-300x139.jpg 300w, https:\/\/muenster.org\/FrauenchorChorisma\/wp-content\/uploads\/2025\/12\/IMG-20250927-WA0016-1024x473.jpg 1024w, https:\/\/muenster.org\/FrauenchorChorisma\/wp-content\/uploads\/2025\/12\/IMG-20250927-WA0016-768x355.jpg 768w, https:\/\/muenster.org\/FrauenchorChorisma\/wp-content\/uploads\/2025\/12\/IMG-20250927-WA0016-1536x709.jpg 1536w\" sizes=\"auto, (max-width: 1600px) 100vw, 1600px\" \/><figcaption class=\"wp-element-caption\">Chorisma beim Chorausflug 2025 zum R\u00f6mermuseum in Xanten<\/figcaption><\/figure>\n\n\n\n<h2 class=\"wp-block-heading has-text-align-left\">Wir sind Chorisma<\/h2>\n\n\n\n<p>Chorisma entstand 2009 im M\u00e4nnergesangverein 1848 Hiltrup e.V. aus dem Wunsch heraus, neben dem M\u00e4nnerchor auch einen Frauenchor in Hiltrup zu haben.<\/p>\n\n\n\n<p>Wir sind ca. 40 S\u00e4ngerinnen aus allen Altersklassen, unterschiedlichen Hintergr\u00fcnden und mit vielf\u00e4ltigen Lebensl\u00e4ufen. Uns alle eint der Spa\u00df am gemeinsamen Singen.<\/p>\n\n\n\n<p>Mit unserem <a href=\"https:\/\/muenster.org\/FrauenchorChorisma\/repertoire\/\" data-type=\"page\" data-id=\"557\">Repertoire<\/a> m\u00f6chten wir diese Freude am Gesang weitertragen, gleichzeitig dabei niemals in unserer musikalischen Entwicklung stehen bleiben. Wir proben regelm\u00e4\u00dfig neue St\u00fccke ein oder frischen alte Lieblinge wieder auf.<\/p>\n\n\n\n<h2 class=\"wp-block-heading\">Aktivit\u00e4ten<\/h2>\n\n\n\n<p>Wir proben jede Woche Dienstags von 19:00 bis 21:00 Uhr in der Stadthalle Hiltrup, au\u00dfer in den Schulferien. <\/p>\n\n\n\n<p>Die Fr\u00fcchte unserer Probenarbeit geben wir nat\u00fcrlich auch bei Auftritten und Konzerten zum Besten. Dazu geh\u00f6rt unter anderem jedes Jahr das Fr\u00fchlingskonzert des <a href=\"http:\/\/www.mgv-hiltrup.de\/\" data-type=\"link\" data-id=\"http:\/\/www.mgv-hiltrup.de\/\">MGV 1848 Hiltrup<\/a>. Auch eigene Konzerte gestalten wir gerne. Lokal sehen und h\u00f6ren kann man uns zum Beispiel auch beim Hiltruper Fr\u00fchlingsfest oder bei &#8222;Hiltrup singt im Rudel&#8220;.<\/p>\n\n\n\n<figure data-wp-context=\"{&quot;imageId&quot;:&quot;69d145c55084c&quot;}\" data-wp-interactive=\"core\/image\" class=\"wp-block-image size-large wp-lightbox-container\"><img loading=\"lazy\" decoding=\"async\" width=\"1024\" height=\"683\" data-wp-class--hide=\"state.isContentHidden\" data-wp-class--show=\"state.isContentVisible\" data-wp-init=\"callbacks.setButtonStyles\" data-wp-on-async--click=\"actions.showLightbox\" data-wp-on-async--load=\"callbacks.setButtonStyles\" data-wp-on-async-window--resize=\"callbacks.setButtonStyles\" src=\"https:\/\/muenster.org\/FrauenchorChorisma\/wp-content\/uploads\/2025\/12\/4_Konzert_4608-1024x683.jpg\" alt=\"\" class=\"wp-image-1029\" srcset=\"https:\/\/muenster.org\/FrauenchorChorisma\/wp-content\/uploads\/2025\/12\/4_Konzert_4608-1024x683.jpg 1024w, https:\/\/muenster.org\/FrauenchorChorisma\/wp-content\/uploads\/2025\/12\/4_Konzert_4608-300x200.jpg 300w, https:\/\/muenster.org\/FrauenchorChorisma\/wp-content\/uploads\/2025\/12\/4_Konzert_4608-768x512.jpg 768w, https:\/\/muenster.org\/FrauenchorChorisma\/wp-content\/uploads\/2025\/12\/4_Konzert_4608-1536x1024.jpg 1536w, https:\/\/muenster.org\/FrauenchorChorisma\/wp-content\/uploads\/2025\/12\/4_Konzert_4608-2048x1365.jpg 2048w\" sizes=\"auto, (max-width: 1024px) 100vw, 1024px\" \/><button\n\t\t\tclass=\"lightbox-trigger\"\n\t\t\ttype=\"button\"\n\t\t\taria-haspopup=\"dialog\"\n\t\t\taria-label=\"Vergr\u00f6\u00dfern\"\n\t\t\tdata-wp-init=\"callbacks.initTriggerButton\"\n\t\t\tdata-wp-on-async--click=\"actions.showLightbox\"\n\t\t\tdata-wp-style--right=\"state.imageButtonRight\"\n\t\t\tdata-wp-style--top=\"state.imageButtonTop\"\n\t\t>\n\t\t\t<svg xmlns=\"http:\/\/www.w3.org\/2000\/svg\" width=\"12\" height=\"12\" fill=\"none\" viewBox=\"0 0 12 12\">\n\t\t\t\t<path fill=\"#fff\" d=\"M2 0a2 2 0 0 0-2 2v2h1.5V2a.5.5 0 0 1 .5-.5h2V0H2Zm2 10.5H2a.5.5 0 0 1-.5-.5V8H0v2a2 2 0 0 0 2 2h2v-1.5ZM8 12v-1.5h2a.5.5 0 0 0 .5-.5V8H12v2a2 2 0 0 1-2 2H8Zm2-12a2 2 0 0 1 2 2v2h-1.5V2a.5.5 0 0 0-.5-.5H8V0h2Z\" \/>\n\t\t\t<\/svg>\n\t\t<\/button><figcaption class=\"wp-element-caption\"><strong>Bei Konzerten bringen wir gerne viel Bewegung mit rein &#8211; Kameras k\u00f6nnen uns einfach nicht folgen!<\/strong><\/figcaption><\/figure>\n\n\n\n<p>Gerne singen wir &#8211; vor allem in der Adventszeit &#8211; in den Hiltruper Altenpflegeheimen oder bei Seniorennachmittagen.<\/p>\n\n\n\n<p>Zu unseren Aktivit\u00e4ten geh\u00f6ren aber auch chorinterne Veranstaltungen, wie z.B. gemeinsame Ausfl\u00fcge &#8211; mit oder ohne Fahrrad &#8211; und <a href=\"https:\/\/muenster.org\/FrauenchorChorisma\/wer-wir-sind\/chorprobenwochenende-in-coesfeld\/\" data-type=\"page\" data-id=\"960\">Chorwochendenden<\/a>. Das Jahr ausklingen lassen wir mit einem kleinen <a href=\"https:\/\/muenster.org\/FrauenchorChorisma\/wer-wir-sind\/weihnachtsprobe\/\" data-type=\"page\" data-id=\"968\">Weihnachtsfest<\/a>, bei dem nat\u00fcrlich auch immer gesungen wird.<\/p>\n\n\n\n<h2 class=\"wp-block-heading\">Chorleitung<\/h2>\n\n\n\n<p>Seit 2021 proben wir unter unserem Dirigenten Simon Wiesrecker. Neben Chorisma leitet er auch den <a href=\"http:\/\/www.mgv-hiltrup.de\/\" data-type=\"link\" data-id=\"http:\/\/www.mgv-hiltrup.de\/\">MGV 1848 Hiltrup<\/a>, sowie weitere Ch\u00f6re. Er legt in den Proben den Fokus nicht nur auf das Ein\u00fcben der St\u00fccke, sondern auch auf Stimmbildung und das Verst\u00e4ndnis daf\u00fcr, wie K\u00f6rper und Stimme zusammenarbeiten und einander unterst\u00fctzen.<\/p>\n\n\n\n<figure class=\"wp-block-image size-large\"><img loading=\"lazy\" decoding=\"async\" width=\"1024\" height=\"661\" src=\"https:\/\/muenster.org\/FrauenchorChorisma\/wp-content\/uploads\/2025\/08\/COE-Simon-Gruppenbild-1024x661.jpg\" alt=\"\" class=\"wp-image-926\" srcset=\"https:\/\/muenster.org\/FrauenchorChorisma\/wp-content\/uploads\/2025\/08\/COE-Simon-Gruppenbild-1024x661.jpg 1024w, https:\/\/muenster.org\/FrauenchorChorisma\/wp-content\/uploads\/2025\/08\/COE-Simon-Gruppenbild-300x194.jpg 300w, https:\/\/muenster.org\/FrauenchorChorisma\/wp-content\/uploads\/2025\/08\/COE-Simon-Gruppenbild-768x496.jpg 768w, https:\/\/muenster.org\/FrauenchorChorisma\/wp-content\/uploads\/2025\/08\/COE-Simon-Gruppenbild-1536x992.jpg 1536w, https:\/\/muenster.org\/FrauenchorChorisma\/wp-content\/uploads\/2025\/08\/COE-Simon-Gruppenbild.jpg 1600w\" sizes=\"auto, (max-width: 1024px) 100vw, 1024px\" \/><figcaption class=\"wp-element-caption\"><strong>Chorleiter Simon Wiesrecker mit den Chors\u00e4ngerinnen in Coesfeld<\/strong><\/figcaption><\/figure>\n\n\n\n<p class=\"has-text-align-left\">Von 2009 bis 2020 war Ines Schreiner unsere Dirigentin.<\/p>\n\n\n\n<p>Du hast Interesse, bei uns mitzusingen? Komm gerne zu einer unserer <a href=\"https:\/\/muenster.org\/FrauenchorChorisma\/termine\/proben\/\" data-type=\"page\" data-id=\"778\">Proben<\/a> vorbei, oder <a href=\"https:\/\/muenster.org\/FrauenchorChorisma\/kontakt\/\" data-type=\"page\" data-id=\"673\">kontaktiere uns per Telefon oder E-Mail<\/a>.<\/p>\n\n\n\n<p>Wir freuen uns darauf, dich kennen zu lernen!<\/p>\n","protected":false},"excerpt":{"rendered":"<p>Wir sind Chorisma Chorisma entstand 2009 im M\u00e4nnergesangverein 1848 Hiltrup e.V. aus dem Wunsch heraus, neben dem M\u00e4nnerchor auch einen Frauenchor in Hiltrup zu haben. Wir sind ca. 40 S\u00e4ngerinnen aus allen Altersklassen, unterschiedlichen Hintergr\u00fcnden und mit vielf\u00e4ltigen Lebensl\u00e4ufen. Uns alle eint der Spa\u00df am gemeinsamen Singen. Mit unserem Repertoire m\u00f6chten wir diese Freude am [&hellip;]<\/p>\n","protected":false},"author":1,"featured_media":0,"parent":0,"menu_order":0,"comment_status":"closed","ping_status":"closed","template":"","meta":{"ngg_post_thumbnail":0,"_mc_calendar":[],"footnotes":""},"class_list":["post-11","page","type-page","status-publish","hentry"],"_links":{"self":[{"href":"https:\/\/muenster.org\/FrauenchorChorisma\/wp-json\/wp\/v2\/pages\/11","targetHints":{"allow":["GET"]}}],"collection":[{"href":"https:\/\/muenster.org\/FrauenchorChorisma\/wp-json\/wp\/v2\/pages"}],"about":[{"href":"https:\/\/muenster.org\/FrauenchorChorisma\/wp-json\/wp\/v2\/types\/page"}],"author":[{"embeddable":true,"href":"https:\/\/muenster.org\/FrauenchorChorisma\/wp-json\/wp\/v2\/users\/1"}],"replies":[{"embeddable":true,"href":"https:\/\/muenster.org\/FrauenchorChorisma\/wp-json\/wp\/v2\/comments?post=11"}],"version-history":[{"count":38,"href":"https:\/\/muenster.org\/FrauenchorChorisma\/wp-json\/wp\/v2\/pages\/11\/revisions"}],"predecessor-version":[{"id":1055,"href":"https:\/\/muenster.org\/FrauenchorChorisma\/wp-json\/wp\/v2\/pages\/11\/revisions\/1055"}],"wp:attachment":[{"href":"https:\/\/muenster.org\/FrauenchorChorisma\/wp-json\/wp\/v2\/media?parent=11"}],"curies":[{"name":"wp","href":"https:\/\/api.w.org\/{rel}","templated":true}]}}