{"id":151,"date":"2019-01-20T12:27:33","date_gmt":"2019-01-20T11:27:33","guid":{"rendered":"http:\/\/muenster.org\/FrauenchorChorisma\/?page_id=151"},"modified":"2024-02-07T12:20:07","modified_gmt":"2024-02-07T11:20:07","slug":"impressum","status":"publish","type":"page","link":"https:\/\/muenster.org\/FrauenchorChorisma\/impressum\/","title":{"rendered":"Impressum"},"content":{"rendered":"\n<div class=\"wp-block-group\"><div class=\"wp-block-group__inner-container is-layout-constrained wp-block-group-is-layout-constrained\">\n<h3 class=\"wp-block-heading\">Herausgeber &amp; Kontakt<\/h3>\n\n\n\n<p>Frauenchor Chorisma<br>Kontakt: Caroline Br\u00fcck, 2. Vorsitzende<br>Telefon: 0171 98 70 848<br>E-Mail: <a href=\"mailto:chorisma-hiltrup@muenster.de\">chorisma-hiltrup@muenster.de<\/a><\/p>\n\n\n\n<h3 class=\"wp-block-heading\">Erkl\u00e4rung zu Links<\/h3>\n\n\n\n<p>F\u00fcr die Inhalte verlinkter externer Seiten wird keine Verantwortung oder Haftung \u00fcbernommen, hierf\u00fcr ist grunds\u00e4tzlich nur der Diensteanbieter dieser Seiten verantwortlich. Sollten Links, direkt oder indirekt, zu Seiten mit gesetzeswidrigen oder anst\u00f6\u00dfigen Inhalten f\u00fchren, so distanzieren wir uns ausdr\u00fccklich davon.<\/p>\n\n\n\n<h3 class=\"wp-block-heading\">Haftungsausschluss<\/h3>\n\n\n\n<p>Eine Haftung f\u00fcr auf dieser Webseite verbreiteten Inhalte einschlie\u00dflich Aktualit\u00e4t, Richtigkeit und Vollst\u00e4ndigkeit, und f\u00fcr Sch\u00e4den, die aus unzutreffenden Informationen entstehen, wird nicht \u00fcbernommen.<\/p>\n\n\n\n<h3 class=\"wp-block-heading\">Fotos \/ Bildmaterial<\/h3>\n\n\n\n<p>Vereinsintern<\/p>\n\n\n\n<h3 class=\"wp-block-heading\">Hosting<\/h3>\n\n\n\n<p>Die Webseite wird gehostet durch den <a rel=\"noreferrer noopener\" href=\"https:\/\/buergernetz-muenster.de\/\" target=\"_blank\">Verein B\u00fcrgernetz e.V.<\/a><\/p>\n\n\n\n<h3 class=\"wp-block-heading\">Content-Management<\/h3>\n\n\n\n<p>WordPress<\/p>\n<\/div><\/div>\n","protected":false},"excerpt":{"rendered":"<p>Herausgeber &amp; Kontakt Frauenchor ChorismaKontakt: Caroline Br\u00fcck, 2. VorsitzendeTelefon: 0171 98 70 848E-Mail: chorisma-hiltrup@muenster.de Erkl\u00e4rung zu Links F\u00fcr die Inhalte verlinkter externer Seiten wird keine Verantwortung oder Haftung \u00fcbernommen, hierf\u00fcr ist grunds\u00e4tzlich nur der Diensteanbieter dieser Seiten verantwortlich. Sollten Links, direkt oder indirekt, zu Seiten mit gesetzeswidrigen oder anst\u00f6\u00dfigen Inhalten f\u00fchren, so distanzieren wir uns [&hellip;]<\/p>\n","protected":false},"author":1,"featured_media":0,"parent":0,"menu_order":0,"comment_status":"closed","ping_status":"closed","template":"","meta":{"ngg_post_thumbnail":0,"_mc_calendar":[],"footnotes":""},"class_list":["post-151","page","type-page","status-publish","hentry"],"_links":{"self":[{"href":"https:\/\/muenster.org\/FrauenchorChorisma\/wp-json\/wp\/v2\/pages\/151","targetHints":{"allow":["GET"]}}],"collection":[{"href":"https:\/\/muenster.org\/FrauenchorChorisma\/wp-json\/wp\/v2\/pages"}],"about":[{"href":"https:\/\/muenster.org\/FrauenchorChorisma\/wp-json\/wp\/v2\/types\/page"}],"author":[{"embeddable":true,"href":"https:\/\/muenster.org\/FrauenchorChorisma\/wp-json\/wp\/v2\/users\/1"}],"replies":[{"embeddable":true,"href":"https:\/\/muenster.org\/FrauenchorChorisma\/wp-json\/wp\/v2\/comments?post=151"}],"version-history":[{"count":14,"href":"https:\/\/muenster.org\/FrauenchorChorisma\/wp-json\/wp\/v2\/pages\/151\/revisions"}],"predecessor-version":[{"id":759,"href":"https:\/\/muenster.org\/FrauenchorChorisma\/wp-json\/wp\/v2\/pages\/151\/revisions\/759"}],"wp:attachment":[{"href":"https:\/\/muenster.org\/FrauenchorChorisma\/wp-json\/wp\/v2\/media?parent=151"}],"curies":[{"name":"wp","href":"https:\/\/api.w.org\/{rel}","templated":true}]}}