{"id":960,"date":"2025-08-19T16:57:55","date_gmt":"2025-08-19T14:57:55","guid":{"rendered":"https:\/\/muenster.org\/FrauenchorChorisma\/?page_id=960"},"modified":"2025-12-02T17:36:22","modified_gmt":"2025-12-02T16:36:22","slug":"chorprobenwochenende-in-coesfeld","status":"publish","type":"page","link":"https:\/\/muenster.org\/FrauenchorChorisma\/wer-wir-sind\/chorprobenwochenende-in-coesfeld\/","title":{"rendered":"Chorprobenwochenende in Coesfeld"},"content":{"rendered":"\n<p>Regelm\u00e4\u00dfig im Januar besuchen wir die Kolping Bildungsst\u00e4tte Coesfeld f\u00fcr ein ganzes Wochenende. Dort haben wir die Gelegenheit, uns intensiver als in den w\u00f6chentlichen Chorproben mit unseren Liedern zu besch\u00e4ftigen. Unser Chorleiter Simon kann hier auch mehr Fokus auf Details und Stimmbildung legen.<\/p>\n\n\n\n<p>Das gem\u00fctliche Beisammensein vor allem am Abend darf nat\u00fcrlich auch nicht fehlen. F\u00fcr die ein oder andere endet der Samstag sehr sp\u00e4t.<\/p>\n\n\n\n<p><\/p>\n\n\n\nngg_shortcode_0_placeholder\n","protected":false},"excerpt":{"rendered":"<p>Regelm\u00e4\u00dfig im Januar besuchen wir die Kolping Bildungsst\u00e4tte Coesfeld f\u00fcr ein ganzes Wochenende. Dort haben wir die Gelegenheit, uns intensiver als in den w\u00f6chentlichen Chorproben mit unseren Liedern zu besch\u00e4ftigen. Unser Chorleiter Simon kann hier auch mehr Fokus auf Details und Stimmbildung legen. Das gem\u00fctliche Beisammensein vor allem am Abend darf nat\u00fcrlich auch nicht fehlen. [&hellip;]<\/p>\n","protected":false},"author":1,"featured_media":0,"parent":11,"menu_order":0,"comment_status":"closed","ping_status":"closed","template":"","meta":{"ngg_post_thumbnail":0,"_mc_calendar":[],"footnotes":""},"class_list":["post-960","page","type-page","status-publish","hentry"],"_links":{"self":[{"href":"https:\/\/muenster.org\/FrauenchorChorisma\/wp-json\/wp\/v2\/pages\/960","targetHints":{"allow":["GET"]}}],"collection":[{"href":"https:\/\/muenster.org\/FrauenchorChorisma\/wp-json\/wp\/v2\/pages"}],"about":[{"href":"https:\/\/muenster.org\/FrauenchorChorisma\/wp-json\/wp\/v2\/types\/page"}],"author":[{"embeddable":true,"href":"https:\/\/muenster.org\/FrauenchorChorisma\/wp-json\/wp\/v2\/users\/1"}],"replies":[{"embeddable":true,"href":"https:\/\/muenster.org\/FrauenchorChorisma\/wp-json\/wp\/v2\/comments?post=960"}],"version-history":[{"count":4,"href":"https:\/\/muenster.org\/FrauenchorChorisma\/wp-json\/wp\/v2\/pages\/960\/revisions"}],"predecessor-version":[{"id":1040,"href":"https:\/\/muenster.org\/FrauenchorChorisma\/wp-json\/wp\/v2\/pages\/960\/revisions\/1040"}],"up":[{"embeddable":true,"href":"https:\/\/muenster.org\/FrauenchorChorisma\/wp-json\/wp\/v2\/pages\/11"}],"wp:attachment":[{"href":"https:\/\/muenster.org\/FrauenchorChorisma\/wp-json\/wp\/v2\/media?parent=960"}],"curies":[{"name":"wp","href":"https:\/\/api.w.org\/{rel}","templated":true}]}}