{"id":968,"date":"2025-08-19T17:12:05","date_gmt":"2025-08-19T15:12:05","guid":{"rendered":"https:\/\/muenster.org\/FrauenchorChorisma\/?page_id=968"},"modified":"2025-08-19T18:23:51","modified_gmt":"2025-08-19T16:23:51","slug":"weihnachtsprobe","status":"publish","type":"page","link":"https:\/\/muenster.org\/FrauenchorChorisma\/wer-wir-sind\/weihnachtsprobe\/","title":{"rendered":"Adventsfeier und Jahresausklang"},"content":{"rendered":"\n<p>Zum Jahresabschluss machen wir in der letzten Probe vor den Weihnachtsferien immer eine gem\u00fctliche gemeinsame Weihnachtsprobe.<\/p>\n\n\n\n<figure class=\"wp-block-image size-full\"><img loading=\"lazy\" decoding=\"async\" width=\"799\" height=\"547\" src=\"https:\/\/muenster.org\/FrauenchorChorisma\/wp-content\/uploads\/2025\/08\/Jahresausklang-2024_4_IMG_20241217_193240329_kl.jpg\" alt=\"\" class=\"wp-image-970\" srcset=\"https:\/\/muenster.org\/FrauenchorChorisma\/wp-content\/uploads\/2025\/08\/Jahresausklang-2024_4_IMG_20241217_193240329_kl.jpg 799w, https:\/\/muenster.org\/FrauenchorChorisma\/wp-content\/uploads\/2025\/08\/Jahresausklang-2024_4_IMG_20241217_193240329_kl-300x205.jpg 300w, https:\/\/muenster.org\/FrauenchorChorisma\/wp-content\/uploads\/2025\/08\/Jahresausklang-2024_4_IMG_20241217_193240329_kl-768x526.jpg 768w\" sizes=\"auto, (max-width: 799px) 100vw, 799px\" \/><\/figure>\n\n\n\n<p>Jede bringt dabei etwas leckeres zum Essen mit, das mit allen geteilt wird. S\u00fc\u00df, herzhaft, ganz egal, Hauptsache es schmeckt! Jedes Jahr beweisen unsere S\u00e4ngerinnen dabei wieder aufs Neue, dass sie nicht nur super singen k\u00f6nnen, sondern auch echt kreativ sind und super leckere Sachen zaubern k\u00f6nnen.<\/p>\n\n\n\n<figure class=\"wp-block-image size-full\"><img loading=\"lazy\" decoding=\"async\" width=\"839\" height=\"567\" src=\"https:\/\/muenster.org\/FrauenchorChorisma\/wp-content\/uploads\/2025\/08\/Jahresausklang-2024_3_IMG_20241217_193123390_kl.jpg\" alt=\"\" class=\"wp-image-971\" srcset=\"https:\/\/muenster.org\/FrauenchorChorisma\/wp-content\/uploads\/2025\/08\/Jahresausklang-2024_3_IMG_20241217_193123390_kl.jpg 839w, https:\/\/muenster.org\/FrauenchorChorisma\/wp-content\/uploads\/2025\/08\/Jahresausklang-2024_3_IMG_20241217_193123390_kl-300x203.jpg 300w, https:\/\/muenster.org\/FrauenchorChorisma\/wp-content\/uploads\/2025\/08\/Jahresausklang-2024_3_IMG_20241217_193123390_kl-768x519.jpg 768w\" sizes=\"auto, (max-width: 839px) 100vw, 839px\" \/><\/figure>\n\n\n\n<p>Ein paar Weihnachts- und Adventslieder werden nat\u00fcrlich auch gesungen, das k\u00f6nnen wir uns nicht nehmen lassen.<\/p>\n\n\n\n<p><\/p>\n","protected":false},"excerpt":{"rendered":"<p>Zum Jahresabschluss machen wir in der letzten Probe vor den Weihnachtsferien immer eine gem\u00fctliche gemeinsame Weihnachtsprobe. Jede bringt dabei etwas leckeres zum Essen mit, das mit allen geteilt wird. S\u00fc\u00df, herzhaft, ganz egal, Hauptsache es schmeckt! Jedes Jahr beweisen unsere S\u00e4ngerinnen dabei wieder aufs Neue, dass sie nicht nur super singen k\u00f6nnen, sondern auch echt [&hellip;]<\/p>\n","protected":false},"author":1,"featured_media":0,"parent":11,"menu_order":0,"comment_status":"closed","ping_status":"closed","template":"","meta":{"ngg_post_thumbnail":0,"_mc_calendar":[],"footnotes":""},"class_list":["post-968","page","type-page","status-publish","hentry"],"_links":{"self":[{"href":"https:\/\/muenster.org\/FrauenchorChorisma\/wp-json\/wp\/v2\/pages\/968","targetHints":{"allow":["GET"]}}],"collection":[{"href":"https:\/\/muenster.org\/FrauenchorChorisma\/wp-json\/wp\/v2\/pages"}],"about":[{"href":"https:\/\/muenster.org\/FrauenchorChorisma\/wp-json\/wp\/v2\/types\/page"}],"author":[{"embeddable":true,"href":"https:\/\/muenster.org\/FrauenchorChorisma\/wp-json\/wp\/v2\/users\/1"}],"replies":[{"embeddable":true,"href":"https:\/\/muenster.org\/FrauenchorChorisma\/wp-json\/wp\/v2\/comments?post=968"}],"version-history":[{"count":3,"href":"https:\/\/muenster.org\/FrauenchorChorisma\/wp-json\/wp\/v2\/pages\/968\/revisions"}],"predecessor-version":[{"id":992,"href":"https:\/\/muenster.org\/FrauenchorChorisma\/wp-json\/wp\/v2\/pages\/968\/revisions\/992"}],"up":[{"embeddable":true,"href":"https:\/\/muenster.org\/FrauenchorChorisma\/wp-json\/wp\/v2\/pages\/11"}],"wp:attachment":[{"href":"https:\/\/muenster.org\/FrauenchorChorisma\/wp-json\/wp\/v2\/media?parent=968"}],"curies":[{"name":"wp","href":"https:\/\/api.w.org\/{rel}","templated":true}]}}