{"id":976,"date":"2025-08-19T17:26:29","date_gmt":"2025-08-19T15:26:29","guid":{"rendered":"https:\/\/muenster.org\/FrauenchorChorisma\/?page_id=976"},"modified":"2025-12-02T17:12:44","modified_gmt":"2025-12-02T16:12:44","slug":"seminartage","status":"publish","type":"page","link":"https:\/\/muenster.org\/FrauenchorChorisma\/wer-wir-sind\/seminartage\/","title":{"rendered":"Seminartage"},"content":{"rendered":"\n<p>Nach Bedarf &#8211; besonders vor anstehenden Konzerten &#8211; nehmen wir uns die Zeit, uns intensiver mit unseren St\u00fccken zu besch\u00e4ftigen.<\/p>\n\n\n\n<p>Daf\u00fcr treffen wir uns an einem Samstag oder Sonntag zu einer l\u00e4ngeren, intensiveren Probe &#8211; mit Pausen nat\u00fcrlich.<\/p>\n\n\n\n<p>Die Seminartage helfen uns, uns mit den wichtigen Details intensiv zu besch\u00e4ftigen, die sonst wegen der begrenzten Zeit in der regul\u00e4ren Probe etwas zu kurz kommen.<\/p>\n\n\n\nngg_shortcode_0_placeholder\n","protected":false},"excerpt":{"rendered":"<p>Nach Bedarf &#8211; besonders vor anstehenden Konzerten &#8211; nehmen wir uns die Zeit, uns intensiver mit unseren St\u00fccken zu besch\u00e4ftigen. Daf\u00fcr treffen wir uns an einem Samstag oder Sonntag zu einer l\u00e4ngeren, intensiveren Probe &#8211; mit Pausen nat\u00fcrlich. Die Seminartage helfen uns, uns mit den wichtigen Details intensiv zu besch\u00e4ftigen, die sonst wegen der begrenzten [&hellip;]<\/p>\n","protected":false},"author":1,"featured_media":0,"parent":11,"menu_order":0,"comment_status":"closed","ping_status":"closed","template":"","meta":{"ngg_post_thumbnail":0,"_mc_calendar":[],"footnotes":""},"class_list":["post-976","page","type-page","status-publish","hentry"],"_links":{"self":[{"href":"https:\/\/muenster.org\/FrauenchorChorisma\/wp-json\/wp\/v2\/pages\/976","targetHints":{"allow":["GET"]}}],"collection":[{"href":"https:\/\/muenster.org\/FrauenchorChorisma\/wp-json\/wp\/v2\/pages"}],"about":[{"href":"https:\/\/muenster.org\/FrauenchorChorisma\/wp-json\/wp\/v2\/types\/page"}],"author":[{"embeddable":true,"href":"https:\/\/muenster.org\/FrauenchorChorisma\/wp-json\/wp\/v2\/users\/1"}],"replies":[{"embeddable":true,"href":"https:\/\/muenster.org\/FrauenchorChorisma\/wp-json\/wp\/v2\/comments?post=976"}],"version-history":[{"count":2,"href":"https:\/\/muenster.org\/FrauenchorChorisma\/wp-json\/wp\/v2\/pages\/976\/revisions"}],"predecessor-version":[{"id":1022,"href":"https:\/\/muenster.org\/FrauenchorChorisma\/wp-json\/wp\/v2\/pages\/976\/revisions\/1022"}],"up":[{"embeddable":true,"href":"https:\/\/muenster.org\/FrauenchorChorisma\/wp-json\/wp\/v2\/pages\/11"}],"wp:attachment":[{"href":"https:\/\/muenster.org\/FrauenchorChorisma\/wp-json\/wp\/v2\/media?parent=976"}],"curies":[{"name":"wp","href":"https:\/\/api.w.org\/{rel}","templated":true}]}}