{"id":1044,"date":"2011-08-26T18:04:00","date_gmt":"2011-08-26T16:04:00","guid":{"rendered":"https:\/\/muenster.org\/afrika-checken\/?page_id=1044"},"modified":"2026-01-04T11:55:33","modified_gmt":"2026-01-04T09:55:33","slug":"global-heroes","status":"publish","type":"page","link":"https:\/\/muenster.org\/afrika-checken\/?page_id=1044","title":{"rendered":"Global Heroes-Heldinnen und Helden aus Afrika"},"content":{"rendered":"\n<p style=\"font-size:14px\"><strong>Bildungsprojekt<\/strong><\/p>\n\n\n\n<p class=\"has-text-align-center\"><strong><span style=\"color: #000000;\"><span style=\"color: #ff6600;\">Seid selber verantwortlich f\u00fcr euer Leben, f\u00fcr eure Heirat.<\/span><br><span style=\"color: #ff6600;\">Lasst niemand \u00fcber euer Leben entscheiden.<\/span> <br><\/span><em>Oumou Sangar\u00e9<\/em><\/strong><\/p>\n\n\n\n<p style=\"font-size:14px\"><\/p>\n\n\n\n<p style=\"font-size:14px\">Junge Menschen brauchen Vorbilder, die ihnen zeigen, wie die Welt ist und wie man sie besser machen kann. Auf der Suche nach Orientierung brauchen sie biografische Modelle, die ihnen die Umsetzung ihrer Ideale erm\u00f6glichen und sie ermutigen, sich gesellschaftlich oder global zu engagieren. In diesem wichtigen Prozess d\u00fcrfen Anregungen zur kritischen Reflexion ihrer Wertvorstellungen und die M\u00f6glichkeit zur Korrektur ihres durch Stereotypen gepr\u00e4gten Afrika-Bildes nicht fehlen. Dabei kommen Schulen als zentrale Lernorte und ihr Umgang mit Diversit\u00e4t und Menschenbildern eine wichtige Bedeutung zu. Genau da setzt das Bildungsprojekt \u201eGlobal Heroes &#8211; Heldinnen und Helden aus Afrika&#8220; an. <br>&nbsp;<\/p>\n\n\n\n<p class=\"has-text-align-center\" style=\"font-size:14px\"><strong>Vorbilder aus Afrika machen Schule<\/strong><\/p>\n\n\n\n<p style=\"font-size:14px\">Im innovativen Unterrichtsprojekt lernen Sch\u00fclerinnen und Sch\u00fcler neunzehn zeitgen\u00f6ssische Pers\u00f6nlichkeiten aus afrikanischen L\u00e4ndern kennen, die mit ihrem vision\u00e4ren Denken und mutigen Handeln der Weltgemeinschaft zukunftsf\u00e4hige L\u00f6sungen zur Bew\u00e4ltigung globaler Herausforderungen vorgeben. Die charismatischen Frauen und M\u00e4nner aus Kultur, Politik und Wissenschaft sind \u00fcber ihre Landesgrenzen hinaus zu Symbolfiguren f\u00fcr den bedingungslosen Kampf gegen soziale Ungerechtigkeit, politische Unterdr\u00fcckung und Umweltzerst\u00f6rung geworden. In Europa sind sie nur Wenigen bekannt. Zu den Identifikationsfiguren geh\u00f6ren zwei Friedensnobelpreistr\u00e4gerinnen aus Kenia und Liberia sowie ein revolution\u00e4rer Staatspr\u00e4sident aus Burkina Faso, der europ\u00e4ische und afrikanische Machthaber gleicherma\u00dfen mit der erfolgreichen Realisierung seiner Vision eines autarken Afrikas das F\u00fcrchten lehrte.<\/p>\n\n\n\n<p class=\"has-text-align-center\" style=\"font-size:14px\"><strong>Konstruktive Lernprozesse<\/strong> <\/p>\n\n\n\n<p style=\"font-size:14px\">\u00dcber die pers\u00f6nliche und intensive Auseinandersetzung mit den in Wort und Bild portr\u00e4tierten Mutmacherinnen und Mutmacher erweitern die Jugendlichen ihren Horizont: Sie lernen afrikanische L\u00e4nder und Lebensrealit\u00e4ten kennen, die ihnen oft g\u00e4nzlich unbekannt waren. Gleichzeitig sehen sie am Beispiel der vorgestellten Identifikationsfiguren, dass Engagement und Ausdauer bei der Verwirklichung auch <\/p>\n\n\n\n<p style=\"font-size:14px\">schwierigster Zielsetzungen zum Erfolg f\u00fchren. Die neu gewonnenen Erkenntnisse bef\u00e4higen die Sch\u00fclerinnen und Sch\u00fcler ihr Afrikabild zu erweitern und zu \u00fcberdenken sowie sich kritisch mit den vorherrschenden kolonialen Menschenbildern auseinanderzusetzen.<\/p>\n\n\n\n<p class=\"has-text-align-center\" style=\"font-size:14px\"><strong>Pr\u00e4sentation der Arbeitsergebnisse<\/strong><\/p>\n\n\n\n<p style=\"font-size:14px\">Das haben viele motivierte Sch\u00fclerinnen und Sch\u00fcler eines st\u00e4dtischen Gymnasiums in M\u00fcnster (9.-12. Klasse) eindrucksvoll bewiesen. Mit ihren kreativen Arbeitsergebnissen, insbesondere den liebevoll gestalteten und detailgetreuen k\u00fcnstlerischen Collagen (80&#215;100 cm), zollten sie den vorbildhaften Pers\u00f6nlichkeiten aus Afrika Respekt und Anerkennung: Das haben sie in ihrer Schule vor einem interessierten Publikum in einer abschlie\u00dfenden Pr\u00e4sentation ihrer Bilder deutlich gemacht. Ihre beeindruckenden Arbeitsergebnisse sind auch als Ausstellung einer breiten \u00d6ffentlichkeit in M\u00fcnster pr\u00e4sentiert worden.<\/p>\n\n\n\n<p class=\"has-text-align-center\" style=\"font-size:14px\"><strong>Unterrichtsmaterial <\/strong><\/p>\n\n\n\n<p style=\"font-size:14px\"> Das Unterrichtsmaterial \u201eGlobal Heroes &#8211; Heldinnen und Helden aus Afrika&#8220; ist das Ergebnis der hohen Motivation und kreativen Arbeit vieler junger Menschen und des gro\u00dfen Engagements der teilnehmenden Lehrerinnen.  Zehn der neunzehn Vorbilder werden im begleitenden Unterrichtsmaterial vorgestellt. Die Unterrichtsreihe  fand in Kooperation mit der Volkshochschule M\u00fcnster statt.<br><\/p>\n\n\n\n<p style=\"font-size:14px\"><\/p>\n\n\n\n<p style=\"font-size:14px\"><\/p>\n\n\n\n<p style=\"font-size:14px\"><\/p>\n\n\n\n<p style=\"font-size:14px\"><\/p>\n\n\n\n<p><\/p>\n\n\n\n<p class=\"has-black-color has-text-color has-link-color wp-elements-64e370183540bafc31f21dbc2f20c8e4\" style=\"font-size:14px\"><\/p>\n\n\n\n<p class=\"has-black-color has-text-color has-link-color wp-elements-64e370183540bafc31f21dbc2f20c8e4\" style=\"font-size:14px\"><\/p>\n\n\n\n<p class=\"has-black-color has-text-color has-link-color wp-elements-64e370183540bafc31f21dbc2f20c8e4\" style=\"font-size:14px\"><\/p>\n\n\n\n<p class=\"has-black-color has-text-color has-link-color wp-elements-fc819d97b27607d01e28c2b41a68fed5\" style=\"font-size:14px\"><\/p>\n\n\n\n<p><\/p>\n\n\n\n<p><\/p>\n\n\n\n<p><\/p>\n\n\n\n<p><\/p>\n\n\n\n<p><\/p>\n\n\n\n<p><\/p>\n\n\n\n<p><\/p>\n\n\n\n<p style=\"font-size:11px\"><\/p>\n\n\n\n<figure class=\"wp-block-image size-full\"><a href=\"https:\/\/muenster.org\/afrika-checken\/wp-content\/uploads\/2024\/05\/grafik.png\"><img loading=\"lazy\" decoding=\"async\" width=\"220\" height=\"311\" src=\"https:\/\/muenster.org\/afrika-checken\/wp-content\/uploads\/2024\/05\/grafik.png\" alt=\"\" class=\"wp-image-6098\" srcset=\"https:\/\/muenster.org\/afrika-checken\/wp-content\/uploads\/2024\/05\/grafik.png 220w, https:\/\/muenster.org\/afrika-checken\/wp-content\/uploads\/2024\/05\/grafik-212x300.png 212w\" sizes=\"auto, (max-width: 220px) 100vw, 220px\" \/><\/a><\/figure>\n\n\n\n<p>Samson, Marita (Checkpoint Afrika e.V.). Gobal Heroes &#8211; Heldinnen und Helden aus Afrika. Vorbilder aus Afrika machen Schule. Grin Verlag: 2020.<\/p>\n\n\n\n<p><a href=\"https:\/\/www.grin.com\/document\/957821?srsltid=AfmBOopP2cztNB9ehvny8_2gxWd1pClA_ns6g0wSvqn7MsO4q8ETMmkD\">https:\/\/www.grin.com\/document\/957821?srsltid=AfmBOopP2cztNB9ehvny8_2gxWd1pClA_ns6g0wSvqn7MsO4q8ETMmkD<\/a><\/p>\n\n\n\n<p class=\"has-luminous-vivid-orange-color has-text-color\"><\/p>\n\n\n<div class=\"wp-block-image\">\n<figure class=\"aligncenter size-large is-resized\"><a href=\"https:\/\/muenster.org\/afrika-checken\/wp-content\/uploads\/2023\/04\/Eine_Welt__Sembene-e1682759284242.jpg\"><img loading=\"lazy\" decoding=\"async\" width=\"769\" height=\"1024\" src=\"https:\/\/muenster.org\/afrika-checken\/wp-content\/uploads\/2023\/04\/Eine_Welt__Sembene-769x1024.jpg\" alt=\"\" class=\"wp-image-5180\" style=\"width:301px;height:auto\"\/><\/a><\/figure>\n<\/div>\n\n\n<p class=\"has-black-color has-text-color\">Global Heroes &#8211; Heldinnen und Helden aus Afrika im Zeitschriftenmagazin &#8222;Eine Welt in der Schule&#8220; Ausgabe 4\/2013 (PDF-Datei zum download).<\/p>\n\n\n\n<p><\/p>\n\n\n\n<p><\/p>\n\n\n\n<p class=\"has-black-color has-text-color has-link-color wp-elements-47739696c11ca73654a40152d089baa3\" style=\"font-size:11px\"><strong>Auszeichnungen<\/strong><br>Das Projekt \u201eGlobal Heroes &#8211; Heldinnen und Helden aus Afrika &#8220; wurde auf dem Bildungskongress \u201eWeltweitwissen 2011\u201c in Saarbr\u00fccken als vorbildliches Projekt und von der dvv-International auf Tagungen mehrmals als ein Best Practice-Beispiel ausgezeichnet.<\/p>\n\n\n<div class=\"wp-block-image is-resized\">\n<figure class=\"aligncenter size-large\"><img loading=\"lazy\" decoding=\"async\" width=\"259\" height=\"194\" src=\"https:\/\/muenster.org\/afrika-checken\/wp-content\/uploads\/2020\/05\/image.png\" alt=\"\" class=\"wp-image-4209\" style=\"width:160px;height:auto\"\/><\/figure>\n<\/div>\n\n\n<p class=\"has-black-color has-text-color\"><\/p>\n\n\n\n<p class=\"has-black-color has-text-color has-link-color wp-elements-0f25e37662cccdbbb54839ee05e9fb4d\" style=\"font-size:11px\"><strong>Projektf\u00f6rderung <\/strong><br>Institut f\u00fcr Internationale Zusammenarbeit des Deutschen<br>Volkshochschul-Verbandes e.V. (DVV) aus Mitteln des Bundesministeriums f\u00fcr wirtschaftliche Zusammenarbeit und Entwicklung (BMZ)<\/p>\n\n\n\n<figure class=\"wp-block-image size-full is-resized\"><a href=\"https:\/\/muenster.org\/afrika-checken\/wp-content\/uploads\/2025\/03\/dvv_logo_ohne-Strich_bunt.jpg\"><img loading=\"lazy\" decoding=\"async\" width=\"374\" height=\"317\" src=\"https:\/\/muenster.org\/afrika-checken\/wp-content\/uploads\/2025\/03\/dvv_logo_ohne-Strich_bunt.jpg\" alt=\"\" class=\"wp-image-7636\" style=\"width:154px;height:auto\" srcset=\"https:\/\/muenster.org\/afrika-checken\/wp-content\/uploads\/2025\/03\/dvv_logo_ohne-Strich_bunt.jpg 374w, https:\/\/muenster.org\/afrika-checken\/wp-content\/uploads\/2025\/03\/dvv_logo_ohne-Strich_bunt-300x254.jpg 300w\" sizes=\"auto, (max-width: 374px) 100vw, 374px\" \/><\/a><\/figure>\n\n\n\n<figure class=\"wp-block-image size-full is-resized\"><a href=\"https:\/\/muenster.org\/afrika-checken\/wp-content\/uploads\/2025\/03\/BMZ-Logo_neu.jpg\"><img loading=\"lazy\" decoding=\"async\" width=\"640\" height=\"219\" src=\"https:\/\/muenster.org\/afrika-checken\/wp-content\/uploads\/2025\/03\/BMZ-Logo_neu.jpg\" alt=\"\" class=\"wp-image-7638\" style=\"width:223px;height:auto\" srcset=\"https:\/\/muenster.org\/afrika-checken\/wp-content\/uploads\/2025\/03\/BMZ-Logo_neu.jpg 640w, https:\/\/muenster.org\/afrika-checken\/wp-content\/uploads\/2025\/03\/BMZ-Logo_neu-300x103.jpg 300w\" sizes=\"auto, (max-width: 640px) 100vw, 640px\" \/><\/a><\/figure>\n\n\n\n<p class=\"has-black-color has-text-color has-link-color wp-elements-9ac00cf961d1ea846fe5a532228b76c6\"><\/p>\n\n\n\n<p><\/p>\n\n\n\n<p><\/p>\n\n\n\n<p><\/p>\n\n\n\n<p><\/p>\n\n\n\n<p><\/p>\n\n\n\n<p><\/p>\n\n\n\n<p><\/p>\n\n\n\n<p><\/p>\n","protected":false},"excerpt":{"rendered":"<p>Bildungsprojekt Seid selber verantwortlich f\u00fcr euer Leben, f\u00fcr eure Heirat.Lasst niemand \u00fcber euer Leben entscheiden. Oumou Sangar\u00e9 Junge Menschen brauchen Vorbilder, die ihnen zeigen, wie die Welt ist und wie man sie besser machen kann. Auf der Suche nach Orientierung brauchen sie biografische Modelle, die ihnen die Umsetzung ihrer Ideale erm\u00f6glichen und sie ermutigen, sich [&hellip;]<\/p>\n","protected":false},"author":4,"featured_media":0,"parent":0,"menu_order":4,"comment_status":"closed","ping_status":"closed","template":"","meta":{"footnotes":""},"class_list":["post-1044","page","type-page","status-publish","hentry"],"_links":{"self":[{"href":"https:\/\/muenster.org\/afrika-checken\/index.php?rest_route=\/wp\/v2\/pages\/1044","targetHints":{"allow":["GET"]}}],"collection":[{"href":"https:\/\/muenster.org\/afrika-checken\/index.php?rest_route=\/wp\/v2\/pages"}],"about":[{"href":"https:\/\/muenster.org\/afrika-checken\/index.php?rest_route=\/wp\/v2\/types\/page"}],"author":[{"embeddable":true,"href":"https:\/\/muenster.org\/afrika-checken\/index.php?rest_route=\/wp\/v2\/users\/4"}],"replies":[{"embeddable":true,"href":"https:\/\/muenster.org\/afrika-checken\/index.php?rest_route=%2Fwp%2Fv2%2Fcomments&post=1044"}],"version-history":[{"count":524,"href":"https:\/\/muenster.org\/afrika-checken\/index.php?rest_route=\/wp\/v2\/pages\/1044\/revisions"}],"predecessor-version":[{"id":8582,"href":"https:\/\/muenster.org\/afrika-checken\/index.php?rest_route=\/wp\/v2\/pages\/1044\/revisions\/8582"}],"wp:attachment":[{"href":"https:\/\/muenster.org\/afrika-checken\/index.php?rest_route=%2Fwp%2Fv2%2Fmedia&parent=1044"}],"curies":[{"name":"wp","href":"https:\/\/api.w.org\/{rel}","templated":true}]}}