{"id":1895,"date":"2014-02-09T20:26:40","date_gmt":"2014-02-09T18:26:40","guid":{"rendered":"https:\/\/muenster.org\/afrika-checken\/?page_id=1895"},"modified":"2026-01-04T13:35:28","modified_gmt":"2026-01-04T11:35:28","slug":"fotogalerie","status":"publish","type":"page","link":"https:\/\/muenster.org\/afrika-checken\/?page_id=1895","title":{"rendered":"Projektarbeit II"},"content":{"rendered":"\n<p><strong>Teil II<\/strong><\/p>\n\n\n\n<p class=\"has-text-align-center has-black-color has-text-color\"><strong>Global Heroes &#8211; Heldinnen und Helden aus Afrika<\/strong> <\/p>\n\n\n\n<p><\/p>\n\n\n\n<p style=\"font-size:14px\">Im zweiten Projektteil (2014) wurden die folgenden sechs Heldinnen und Helden aus Liberia, Benin, \u00c4thiopien, S\u00fcdafrika, Nigeria und Somalia portr\u00e4tiert:<\/p>\n\n\n\n<ul class=\"wp-block-list has-luminous-vivid-orange-color has-text-color\">\n<li class=\"has-black-color has-text-color has-link-color wp-elements-08a225a11792a4e955b6dc0999fd3e01\"><strong>Leymah Gbowee &#8211; Friedensaktivistin, Frauenrechtlerin und Friedensnobelpreistr\u00e4gerin aus Liberia<\/strong><\/li>\n\n\n\n<li class=\"has-black-color has-text-color has-link-color wp-elements-0866a9d3ee3717d3348bb5833fcdacef\"><strong>Angelique Kidjo &#8211; Musikerin, Frauenrechtlerin und Kulturbotschafterin aus Benin<\/strong><\/li>\n\n\n\n<li class=\"has-black-color has-text-color has-link-color wp-elements-1c9067fefc5eb65a552eca21b9018e5d\"><strong>Haile Gerima &#8211; Professor f\u00fcr Filmbildung und politischer Filmemacher aus \u00c4thiopien<\/strong><\/li>\n\n\n\n<li class=\"has-black-color has-text-color has-link-color wp-elements-6fd5fc30df683a47e9b333846146d1a7\"><strong>Steve Biko &#8211; Anti-Apartheidsk\u00e4mpfer aus S\u00fcdafrika<\/strong><\/li>\n\n\n\n<li class=\"has-black-color has-text-color has-link-color wp-elements-3978d6bcc2e87309218badeba6774d61\"><strong>Ken Saro-Wiwa &#8211; Schriftsteller, politischer Aktivist gegen Diktatur, Korruption und Umweltzerst\u00f6rung in Nigeria <\/strong><\/li>\n\n\n\n<li class=\"has-black-color has-text-color has-link-color wp-elements-47aae12b11c43eba85079b21be58d1e7\"><strong>Waris Dirie &#8211; Fotomodell, Autorin und Frauenaktivistin aus Somalia<\/strong><\/li>\n<\/ul>\n\n\n\n<h3 class=\"wp-block-heading\"><span style=\"color: #000000;\"><strong>&nbsp;<\/strong><\/span><\/h3>\n\n\n\n<p class=\"has-text-align-center\"><strong>Projektarbeit und Pr\u00e4sentation <\/strong><\/p>\n\n\n\n<p style=\"font-size:14px\">Das damalige Videoteam vom Bennohaus M\u00fcnster, Alexandra Baraille, Dilara Mahmood und Janine Vogel, filmte die Sch\u00fclerinnen und Sch\u00fcler bei der k\u00fcnstlerischen Gestaltung ihrer Bildcollagen und der abschlie\u00dfenden Pr\u00e4sentation ihrer Arbeitsergebnisse in der Schulaula (Filmdauer 30 Minuten).<\/p>\n\n\n\n<div id=\"kgvid_kgvid_0_wrapper\" class=\"kgvid_wrapper\">\n\t\t\t<div id=\"video_kgvid_0_div\" class=\"fitvidsignore kgvid_videodiv\" data-id=\"kgvid_0\" data-kgvid_video_vars=\"{&quot;id&quot;:&quot;kgvid_0&quot;,&quot;attachment_id&quot;:1983,&quot;player_type&quot;:&quot;Video.js v8&quot;,&quot;width&quot;:&quot;360&quot;,&quot;height&quot;:&quot;288&quot;,&quot;fullwidth&quot;:&quot;false&quot;,&quot;fixed_aspect&quot;:&quot;false&quot;,&quot;countable&quot;:true,&quot;count_views&quot;:&quot;quarters&quot;,&quot;start&quot;:&quot;&quot;,&quot;autoplay&quot;:&quot;false&quot;,&quot;pauseothervideos&quot;:&quot;false&quot;,&quot;set_volume&quot;:1,&quot;muted&quot;:&quot;false&quot;,&quot;meta&quot;:true,&quot;endofvideooverlay&quot;:false,&quot;resize&quot;:&quot;true&quot;,&quot;auto_res&quot;:&quot;automatic&quot;,&quot;pixel_ratio&quot;:&quot;true&quot;,&quot;right_click&quot;:&quot;on&quot;,&quot;playback_rate&quot;:&quot;false&quot;,&quot;title&quot;:&quot;GlobalHeroes&quot;,&quot;skip_buttons&quot;:[],&quot;nativecontrolsfortouch&quot;:&quot;true&quot;,&quot;locale&quot;:&quot;de&quot;,&quot;enable_resolutions_plugin&quot;:false}\" itemprop=\"video\" itemscope itemtype=\"https:\/\/schema.org\/VideoObject\"><meta itemprop=\"embedUrl\" content=\"https:\/\/muenster.org\/afrika-checken\/?attachment_id=1983&#038;videopack%5Benable%5D=true\"><meta itemprop=\"contentUrl\" content=\"https:\/\/muenster.org\/afrika-checken\/wp-content\/uploads\/2014\/03\/GlobalHeroes.mp4\"><meta itemprop=\"name\" content=\"GlobalHeroes\"><meta itemprop=\"description\" content=\"K\u00fcnstlerische Arbeit und Pr\u00e4sentation\"><meta itemprop=\"uploadDate\" content=\"2014-03-07T17:35:48+02:00\">\n\t\t\t\t<video id=\"video_kgvid_0\" playsinline controls preload=\"metadata\" width=\"360\" height=\"288\" class=\"fitvidsignore video-js kg-video-js-skin\">\n\t\t\t\t\t<source src=\"https:\/\/muenster.org\/afrika-checken\/wp-content\/uploads\/2014\/03\/GlobalHeroes.mp4?id=0\" type=\"video\/mp4\" data-res=\"288p\">\n\t\t\t\t<\/video>\n\t\t\t<\/div>\n\t\t\t<div class=\"kgvid_below_video\" id=\"video_kgvid_0_below\"><div class=\"kgvid-caption\" id=\"video_kgvid_0_caption\">K\u00fcnstlerische Arbeit und Pr\u00e4sentation<\/div><\/div>\t\t\t<div style=\"display:none\" id=\"video_kgvid_0_meta\" class=\"kgvid_video_meta kgvid_video_meta_hover \">\n\t\t\t\t<span class='kgvid_meta_icons'><\/span>\n\t\t\t\t<span id='video_kgvid_0_title' class='kgvid_title'>GlobalHeroes<\/span>\n<\/div>\n\t\t<\/div>\n\n\n\n<p class=\"has-black-color has-text-color\"><\/p>\n\n\n\n<figure class=\"wp-block-image\"><a href=\"https:\/\/muenster.org\/afrika-checken\/wp-content\/uploads\/2014\/02\/Team-Haile-Gerima.jpg\"><img loading=\"lazy\" decoding=\"async\" width=\"300\" height=\"225\" src=\"https:\/\/muenster.org\/afrika-checken\/wp-content\/uploads\/2014\/02\/Team-Haile-Gerima-300x225.jpg\" alt=\"Team Haile Gerima\" class=\"wp-image-2191\" srcset=\"https:\/\/muenster.org\/afrika-checken\/wp-content\/uploads\/2014\/02\/Team-Haile-Gerima-300x225.jpg 300w, https:\/\/muenster.org\/afrika-checken\/wp-content\/uploads\/2014\/02\/Team-Haile-Gerima-1024x768.jpg 1024w\" sizes=\"auto, (max-width: 300px) 100vw, 300px\" \/><\/a><figcaption class=\"wp-element-caption\"><strong>Team Haile Gerima<\/strong><\/figcaption><\/figure>\n\n\n\n<p><\/p>\n\n\n\n<p><span style=\"color: #ffcc00;\"><!-- [if gte mso 9]><xml>\n<o:OfficeDocumentSettings>\n<o:RelyOnVML\/>\n<o:AllowPNG\/>\n<\/o:OfficeDocumentSettings>\n<\/xml><![endif]--><\/span><\/p>\n\n\n<div class=\"wp-block-image\">\n<figure class=\"alignleft\"><a href=\"https:\/\/muenster.org\/afrika-checken\/wp-content\/uploads\/2014\/02\/Team-Waris-Dirie.jpg\"><img loading=\"lazy\" decoding=\"async\" width=\"300\" height=\"225\" src=\"https:\/\/muenster.org\/afrika-checken\/wp-content\/uploads\/2014\/02\/Team-Waris-Dirie-300x225.jpg\" alt=\"Team Waris Dirie\" class=\"wp-image-2189\" srcset=\"https:\/\/muenster.org\/afrika-checken\/wp-content\/uploads\/2014\/02\/Team-Waris-Dirie-300x225.jpg 300w, https:\/\/muenster.org\/afrika-checken\/wp-content\/uploads\/2014\/02\/Team-Waris-Dirie-1024x768.jpg 1024w\" sizes=\"auto, (max-width: 300px) 100vw, 300px\" \/><\/a><figcaption class=\"wp-element-caption\"><strong>Team Waris Dirie<\/strong><\/figcaption><\/figure>\n<\/div>\n\n\n<p class=\"has-text-align-left\"><\/p>\n\n\n\n<p class=\"has-text-align-left\">&nbsp;<\/p>\n\n\n\n<p><\/p>\n\n\n\n<p><\/p>\n\n\n\n<p><\/p>\n\n\n\n<p><\/p>\n\n\n\n<figure class=\"wp-block-image\"><a href=\"https:\/\/muenster.org\/afrika-checken\/wp-content\/uploads\/2014\/02\/Team-Angelique-Kidjo.jpg\"><img loading=\"lazy\" decoding=\"async\" width=\"300\" height=\"225\" src=\"https:\/\/muenster.org\/afrika-checken\/wp-content\/uploads\/2014\/02\/Team-Angelique-Kidjo-300x225.jpg\" alt=\"Team Angelique Kidjo\" class=\"wp-image-2192\" srcset=\"https:\/\/muenster.org\/afrika-checken\/wp-content\/uploads\/2014\/02\/Team-Angelique-Kidjo-300x225.jpg 300w, https:\/\/muenster.org\/afrika-checken\/wp-content\/uploads\/2014\/02\/Team-Angelique-Kidjo-1024x768.jpg 1024w\" sizes=\"auto, (max-width: 300px) 100vw, 300px\" \/><\/a><figcaption class=\"wp-element-caption\"><strong>Team Angelique Kidjo<\/strong><\/figcaption><\/figure>\n\n\n\n<p><\/p>\n\n\n\n<p><\/p>\n\n\n<div class=\"wp-block-image\">\n<figure class=\"alignleft\"><a href=\"https:\/\/muenster.org\/afrika-checken\/wp-content\/uploads\/2014\/02\/Team-Ken-Saro-Wiwa.jpg\"><img loading=\"lazy\" decoding=\"async\" width=\"300\" height=\"225\" src=\"https:\/\/muenster.org\/afrika-checken\/wp-content\/uploads\/2014\/02\/Team-Ken-Saro-Wiwa-300x225.jpg\" alt=\"Team Ken Saro-Wiwa\" class=\"wp-image-2188\" srcset=\"https:\/\/muenster.org\/afrika-checken\/wp-content\/uploads\/2014\/02\/Team-Ken-Saro-Wiwa-300x225.jpg 300w, https:\/\/muenster.org\/afrika-checken\/wp-content\/uploads\/2014\/02\/Team-Ken-Saro-Wiwa-1024x768.jpg 1024w\" sizes=\"auto, (max-width: 300px) 100vw, 300px\" \/><\/a><figcaption class=\"wp-element-caption\"><strong>Team Ken Saro-Wiwa<\/strong><\/figcaption><\/figure>\n<\/div>\n\n\n<p><\/p>\n\n\n\n<p><\/p>\n\n\n\n<p><\/p>\n\n\n\n<p><\/p>\n\n\n\n<p><\/p>\n\n\n\n<p><\/p>\n\n\n\n<figure class=\"wp-block-image\"><a href=\"https:\/\/muenster.org\/afrika-checken\/wp-content\/uploads\/2014\/02\/Team-Leymah-Gbowee.jpg\"><img loading=\"lazy\" decoding=\"async\" width=\"300\" height=\"225\" src=\"https:\/\/muenster.org\/afrika-checken\/wp-content\/uploads\/2014\/02\/Team-Leymah-Gbowee-300x225.jpg\" alt=\"Team Leymah Gbowee\" class=\"wp-image-2194\" srcset=\"https:\/\/muenster.org\/afrika-checken\/wp-content\/uploads\/2014\/02\/Team-Leymah-Gbowee-300x225.jpg 300w, https:\/\/muenster.org\/afrika-checken\/wp-content\/uploads\/2014\/02\/Team-Leymah-Gbowee-1024x768.jpg 1024w\" sizes=\"auto, (max-width: 300px) 100vw, 300px\" \/><\/a><figcaption class=\"wp-element-caption\"><strong>Team Leymah Gbowee<\/strong><\/figcaption><\/figure>\n\n\n\n<p><\/p>\n\n\n\n<p><\/p>\n\n\n\n<p><\/p>\n\n\n\n<figure class=\"wp-block-image size-full\"><a href=\"https:\/\/muenster.org\/afrika-checken\/wp-content\/uploads\/2014\/02\/GlobalHeroes.jpg\"><img loading=\"lazy\" decoding=\"async\" width=\"671\" height=\"853\" src=\"https:\/\/muenster.org\/afrika-checken\/wp-content\/uploads\/2014\/02\/GlobalHeroes.jpg\" alt=\"\" class=\"wp-image-1978\" srcset=\"https:\/\/muenster.org\/afrika-checken\/wp-content\/uploads\/2014\/02\/GlobalHeroes.jpg 671w, https:\/\/muenster.org\/afrika-checken\/wp-content\/uploads\/2014\/02\/GlobalHeroes-235x300.jpg 235w\" sizes=\"auto, (max-width: 671px) 100vw, 671px\" \/><\/a><figcaption class=\"wp-element-caption\">Mit freundlicher Genehmigung der M\u00fcnstersche Zeitung: Artikel und Foto \u00a9 Kathrin Hartz, 28.01.2014<\/figcaption><\/figure>\n\n\n\n<p><\/p>\n\n\n\n<p><\/p>\n\n\n\n<p><\/p>\n\n\n\n<p><\/p>\n\n\n\n<p><\/p>\n\n\n\n<p><\/p>\n\n\n\n<p><\/p>\n\n\n\n<p><span style=\"color: #ffcc00;\"><strong>&nbsp;&nbsp;&nbsp;&nbsp;&nbsp;&nbsp;&nbsp;&nbsp;&nbsp;&nbsp;&nbsp;&nbsp;&nbsp;&nbsp;&nbsp;&nbsp;&nbsp;&nbsp;&nbsp;&nbsp;&nbsp;&nbsp;&nbsp;&nbsp;&nbsp;&nbsp;&nbsp;&nbsp;&nbsp;&nbsp;&nbsp;&nbsp;&nbsp;&nbsp;&nbsp;&nbsp;&nbsp;&nbsp;&nbsp;&nbsp;&nbsp;&nbsp;&nbsp;&nbsp;&nbsp;&nbsp;&nbsp;&nbsp;&nbsp;&nbsp;&nbsp;&nbsp;&nbsp;&nbsp;&nbsp;&nbsp;&nbsp;&nbsp;&nbsp;&nbsp;&nbsp;&nbsp;&nbsp;&nbsp;&nbsp;&nbsp;&nbsp;&nbsp;&nbsp;&nbsp;&nbsp;&nbsp;&nbsp;&nbsp;<\/strong><\/span><\/p>\n\n\n\n<p class=\"has-text-align-left\">&nbsp;<\/p>\n\n\n\n<p><\/p>\n\n\n\n<p><\/p>\n\n\n\n<p><\/p>\n\n\n\n<p><span style=\"color: #ffcc00;\"><strong>&nbsp;<\/strong><\/span><\/p>\n\n\n\n<p><span style=\"color: #ffcc00;\"><strong>&nbsp;&nbsp;&nbsp;&nbsp;&nbsp;&nbsp;&nbsp;&nbsp;&nbsp;&nbsp;&nbsp;&nbsp;&nbsp;&nbsp;&nbsp;&nbsp;&nbsp;&nbsp;&nbsp;&nbsp;&nbsp;&nbsp;&nbsp;&nbsp;&nbsp;&nbsp;&nbsp;&nbsp;&nbsp;&nbsp;&nbsp;&nbsp;&nbsp;&nbsp;&nbsp;&nbsp;&nbsp;&nbsp;&nbsp;&nbsp;&nbsp;&nbsp;&nbsp;&nbsp;&nbsp;&nbsp;&nbsp;&nbsp;&nbsp;&nbsp;&nbsp;&nbsp;&nbsp;&nbsp;&nbsp;&nbsp;&nbsp;&nbsp;&nbsp;&nbsp;&nbsp;&nbsp;&nbsp;&nbsp;&nbsp;&nbsp;&nbsp;&nbsp;&nbsp;&nbsp;&nbsp;&nbsp;&nbsp;&nbsp;&nbsp;&nbsp;&nbsp;&nbsp;&nbsp;&nbsp;&nbsp;&nbsp;&nbsp;&nbsp;&nbsp;&nbsp;&nbsp;&nbsp;&nbsp;&nbsp;&nbsp;&nbsp;&nbsp;&nbsp; <\/strong><\/span><span style=\"color: #ffcc00;\"><strong><br><\/strong><\/span><\/p>\n\n\n\n<p><span style=\"font-family: 'Arial','sans-serif';\">&nbsp;<\/span><\/p>\n","protected":false},"excerpt":{"rendered":"<p>Teil II Global Heroes &#8211; Heldinnen und Helden aus Afrika Im zweiten Projektteil (2014) wurden die folgenden sechs Heldinnen und Helden aus Liberia, Benin, \u00c4thiopien, S\u00fcdafrika, Nigeria und Somalia portr\u00e4tiert: &nbsp; Projektarbeit und Pr\u00e4sentation Das damalige Videoteam vom Bennohaus M\u00fcnster, Alexandra Baraille, Dilara Mahmood und Janine Vogel, filmte die Sch\u00fclerinnen und Sch\u00fcler bei der k\u00fcnstlerischen [&hellip;]<\/p>\n","protected":false},"author":4,"featured_media":0,"parent":5928,"menu_order":12,"comment_status":"closed","ping_status":"closed","template":"","meta":{"footnotes":""},"class_list":["post-1895","page","type-page","status-publish","hentry"],"_links":{"self":[{"href":"https:\/\/muenster.org\/afrika-checken\/index.php?rest_route=\/wp\/v2\/pages\/1895","targetHints":{"allow":["GET"]}}],"collection":[{"href":"https:\/\/muenster.org\/afrika-checken\/index.php?rest_route=\/wp\/v2\/pages"}],"about":[{"href":"https:\/\/muenster.org\/afrika-checken\/index.php?rest_route=\/wp\/v2\/types\/page"}],"author":[{"embeddable":true,"href":"https:\/\/muenster.org\/afrika-checken\/index.php?rest_route=\/wp\/v2\/users\/4"}],"replies":[{"embeddable":true,"href":"https:\/\/muenster.org\/afrika-checken\/index.php?rest_route=%2Fwp%2Fv2%2Fcomments&post=1895"}],"version-history":[{"count":208,"href":"https:\/\/muenster.org\/afrika-checken\/index.php?rest_route=\/wp\/v2\/pages\/1895\/revisions"}],"predecessor-version":[{"id":8765,"href":"https:\/\/muenster.org\/afrika-checken\/index.php?rest_route=\/wp\/v2\/pages\/1895\/revisions\/8765"}],"up":[{"embeddable":true,"href":"https:\/\/muenster.org\/afrika-checken\/index.php?rest_route=\/wp\/v2\/pages\/5928"}],"wp:attachment":[{"href":"https:\/\/muenster.org\/afrika-checken\/index.php?rest_route=%2Fwp%2Fv2%2Fmedia&parent=1895"}],"curies":[{"name":"wp","href":"https:\/\/api.w.org\/{rel}","templated":true}]}}