{"id":1897,"date":"2014-02-09T20:32:46","date_gmt":"2014-02-09T18:32:46","guid":{"rendered":"https:\/\/muenster.org\/afrika-checken\/?page_id=1897"},"modified":"2026-01-04T13:44:46","modified_gmt":"2026-01-04T11:44:46","slug":"teil-1-2010","status":"publish","type":"page","link":"https:\/\/muenster.org\/afrika-checken\/?page_id=1897","title":{"rendered":"Projektarbeit I"},"content":{"rendered":"\n<p><strong>Teil I<\/strong><\/p>\n\n\n\n<p class=\"has-luminous-vivid-orange-color has-text-color has-link-color wp-elements-76f874ebcfb9536e06b42c0b4a6cb59e\" style=\"font-size:14px\"><strong>Global Heroes &#8211; Heldinnen und Helden aus Afrika<\/strong><\/p>\n\n\n\n<p><\/p>\n\n\n\n<p style=\"font-size:14px\">Die sieben ausdrucksstarken Bildcollagen der Sch\u00fclerinnen und Sch\u00fcler aus dem Pilotprojekt sind im Originalformat 80\u00d7100 cm gro\u00df. Die dazugeh\u00f6rigen schriftlichen Arbeitsergebnisse dienen in gek\u00fcrzter Form als Infotexte (DIN A4) zur Begleitausstellung. <strong><br><\/strong><\/p>\n\n\n\n<ul class=\"wp-block-list\">\n<li style=\"font-size:14px\"><span style=\"color: #000000;\">WANGARI MAATHAI &#8211; Umweltaktivistin und Friedensnobelpreistr\u00e4gerin aus Kenia<\/span><\/li>\n\n\n\n<li style=\"font-size:14px\">THOMAS SANKARA &#8211; <span style=\"color: #000000;\">Ermordeter Staatsoberhaupt von Burkina Faso, <span style=\"color: #000000;\">Verfechter der Dekolonisation<\/span><\/span><\/li>\n\n\n\n<li style=\"font-size:14px\"><span style=\"color: #000000;\">ELLEN JOHNSON SIRLEAF &#8211; Erste afrikanische Pr\u00e4sidentin und Nobelpreistr\u00e4gerin aus Liberia<\/span><\/li>\n\n\n\n<li style=\"font-size:14px\"><span style=\"color: #000000;\">LUCKY DUBE &#8211; Musiker und Anti-Apartheidk\u00e4mpfer aus S\u00fcdafrika<\/span><\/li>\n\n\n\n<li style=\"font-size:14px\"><span style=\"color: #000000;\">OUMOU SANGAR\u00c9 &#8211; S\u00e4ngerin und Frauenrechtlerin aus Mali<\/span><\/li>\n\n\n\n<li style=\"font-size:14px\"><span style=\"color: #000000;\">OUSMANE SEMB\u00c8NE &#8211; Schriftsteller und Filmemacher aus dem Senegal<\/span><\/li>\n\n\n\n<li style=\"font-size:14px\"><span style=\"color: #000000;\">AMA ATA AIDOO &#8211; Schriftstellerin und Frauenrechtlerin aus Ghana<\/span><\/li>\n<\/ul>\n\n\n\n<p><\/p>\n\n\n\n<h4 class=\"wp-block-heading\"><strong><span style=\"color: #ff6600;\">Wangari Maathai (Kenia)<\/span><br><\/strong><\/h4>\n\n\n\n<p class=\"has-text-align-center is-style-default\">\u201eGott erschuf die Erde von Montag bis Freitag. Am Samstag erschuf er die<br>Menschen. Die Wahrheit ist \u2026 h\u00e4tte er den Menschen schon am Dienstag<br>erschaffen, w\u00e4re er am Mittwoch tot gewesen, denn die n\u00f6tigen<br>Voraussetzungen f\u00fcr sein \u00dcberleben h\u00e4tten gefehlt.\u201c (W. Maathai)<\/p>\n\n\n<div class=\"wp-block-image\">\n<figure class=\"aligncenter\"><a href=\"https:\/\/muenster.org\/afrika-checken\/wp-content\/uploads\/2011\/08\/Maathai.jpg\"><img loading=\"lazy\" decoding=\"async\" width=\"300\" height=\"250\" src=\"https:\/\/muenster.org\/afrika-checken\/wp-content\/uploads\/2011\/08\/Maathai-300x250.jpg\" alt=\"\" class=\"wp-image-1164\" title=\"Maathai\" srcset=\"https:\/\/muenster.org\/afrika-checken\/wp-content\/uploads\/2011\/08\/Maathai-300x250.jpg 300w, https:\/\/muenster.org\/afrika-checken\/wp-content\/uploads\/2011\/08\/Maathai-1024x856.jpg 1024w, https:\/\/muenster.org\/afrika-checken\/wp-content\/uploads\/2011\/08\/Maathai.jpg 1758w\" sizes=\"auto, (max-width: 300px) 100vw, 300px\" \/><\/a><\/figure>\n<\/div>\n\n\n<p class=\"has-text-align-center\"><strong>K\u00fcnstlerisches Portr\u00e4t und Text<br><\/strong>Juliane, Samira, Cigdem<strong><span style=\"color: #ff9900;\"><br><\/span><\/strong><\/p>\n\n\n\n<p><\/p>\n\n\n\n<h4 class=\"wp-block-heading\"><span style=\"color: #ff6600;\"><strong>Ousmane Semb\u00e8ne (Senegal)<\/strong><\/span><\/h4>\n\n\n\n<p class=\"has-text-align-center\"><em>\u201e<\/em>Ich ziehe den Roman dem Kino vor \u2026<br>ich betrachte die Literatur als die vollst\u00e4ndigere Kunst,<br>in der man den Menschen in seiner ganzen Tiefe erforschen kann.\u201c (O. Semb\u00e8ne)<\/p>\n\n\n\n<p><\/p>\n\n\n<div class=\"wp-block-image\">\n<figure class=\"aligncenter\"><a href=\"https:\/\/muenster.org\/afrika-checken\/wp-content\/uploads\/2011\/08\/Sembene.jpg\"><img loading=\"lazy\" decoding=\"async\" width=\"236\" height=\"300\" src=\"https:\/\/muenster.org\/afrika-checken\/wp-content\/uploads\/2011\/08\/Sembene-236x300.jpg\" alt=\"\" class=\"wp-image-1171\" title=\"Sembene\" srcset=\"https:\/\/muenster.org\/afrika-checken\/wp-content\/uploads\/2011\/08\/Sembene-236x300.jpg 236w, https:\/\/muenster.org\/afrika-checken\/wp-content\/uploads\/2011\/08\/Sembene-808x1024.jpg 808w, https:\/\/muenster.org\/afrika-checken\/wp-content\/uploads\/2011\/08\/Sembene.jpg 1557w\" sizes=\"auto, (max-width: 236px) 100vw, 236px\" \/><\/a><\/figure>\n<\/div>\n\n\n<p><strong>K\u00fcnstlerisches Portr\u00e4t und Text<br><\/strong>Philipp, Nina<strong><span style=\"color: #ff9900;\"><br><\/span><\/strong><\/p>\n\n\n\n<h4 class=\"wp-block-heading\"><span style=\"color: #ff6600;\"><strong>Ellen Johnson Sirleaf (Liberia)<\/strong><\/span><\/h4>\n\n\n\n<p class=\"has-text-align-center\">\u201eMan muss sehr vorsichtig sein, dass man Gerechtigkeit schafft,<br>ohne neue Konflikte auszul\u00f6sen.\u201c (E. Johnson Sirleaf)<\/p>\n\n\n\n<figure class=\"wp-block-image\"><a href=\"https:\/\/muenster.org\/afrika-checken\/wp-content\/uploads\/2011\/08\/Sirleaf11.jpg\"><img loading=\"lazy\" decoding=\"async\" width=\"222\" height=\"300\" src=\"https:\/\/muenster.org\/afrika-checken\/wp-content\/uploads\/2011\/08\/Sirleaf11-222x300.jpg\" alt=\"\" class=\"wp-image-1160\" title=\"Sirleaf1\" srcset=\"https:\/\/muenster.org\/afrika-checken\/wp-content\/uploads\/2011\/08\/Sirleaf11-222x300.jpg 222w, https:\/\/muenster.org\/afrika-checken\/wp-content\/uploads\/2011\/08\/Sirleaf11-760x1024.jpg 760w, https:\/\/muenster.org\/afrika-checken\/wp-content\/uploads\/2011\/08\/Sirleaf11.jpg 1616w\" sizes=\"auto, (max-width: 222px) 100vw, 222px\" \/><\/a><\/figure>\n\n\n\n<p><strong>K\u00fcnstlerisches Portr\u00e4t und Text<br><\/strong>Tim, Wladimir<strong><span style=\"color: #ff9900;\"><br><\/span><\/strong><\/p>\n\n\n\n<h4 class=\"wp-block-heading\"><span style=\"color: #ff6600;\"><strong>Oumou Sangar\u00e9<\/strong> <strong>(Mali)<\/strong><\/span><\/h4>\n\n\n\n<p class=\"has-text-align-center\"><em>\u201e<\/em>Seid selber verantwortlich f\u00fcr euer Leben, f\u00fcr eure Heirat.<br>Lasst niemand \u00fcber euer Leben entscheiden.\u201c (O. Sangar\u00e9)<\/p>\n\n\n\n<p><\/p>\n\n\n\n<figure class=\"wp-block-image\"><a href=\"https:\/\/muenster.org\/afrika-checken\/wp-content\/uploads\/2011\/08\/Sangare.jpg\"><img loading=\"lazy\" decoding=\"async\" width=\"243\" height=\"300\" src=\"https:\/\/muenster.org\/afrika-checken\/wp-content\/uploads\/2011\/08\/Sangare-243x300.jpg\" alt=\"\" class=\"wp-image-1174\" title=\"Sangare\" srcset=\"https:\/\/muenster.org\/afrika-checken\/wp-content\/uploads\/2011\/08\/Sangare-243x300.jpg 243w, https:\/\/muenster.org\/afrika-checken\/wp-content\/uploads\/2011\/08\/Sangare-831x1024.jpg 831w, https:\/\/muenster.org\/afrika-checken\/wp-content\/uploads\/2011\/08\/Sangare.jpg 1629w\" sizes=\"auto, (max-width: 243px) 100vw, 243px\" \/><\/a><\/figure>\n\n\n\n<p><strong>K\u00fcnstlerisches Portr\u00e4t und Text<br><\/strong>Sohal, Anna B., Anna R.<\/p>\n\n\n\n<p><\/p>\n\n\n\n<p><\/p>\n\n\n\n<h4 class=\"wp-block-heading\"><span style=\"color: #ff6600;\">Thomas Sankara (Burkina Faso)<\/span><\/h4>\n\n\n\n<p class=\"has-text-align-center\">\u201eRevolution\u00e4re und Individuen kann man ermorden,<br>aber Ideen lassen sich nicht t\u00f6ten.\u201c (T. Sankara)<\/p>\n\n\n\n<figure class=\"wp-block-image\"><a href=\"https:\/\/muenster.org\/afrika-checken\/wp-content\/uploads\/2011\/08\/Sankara.jpg\"><img loading=\"lazy\" decoding=\"async\" width=\"243\" height=\"300\" src=\"https:\/\/muenster.org\/afrika-checken\/wp-content\/uploads\/2011\/08\/Sankara-243x300.jpg\" alt=\"\" class=\"wp-image-1180\" title=\"Sankara\" srcset=\"https:\/\/muenster.org\/afrika-checken\/wp-content\/uploads\/2011\/08\/Sankara-243x300.jpg 243w, https:\/\/muenster.org\/afrika-checken\/wp-content\/uploads\/2011\/08\/Sankara-829x1024.jpg 829w, https:\/\/muenster.org\/afrika-checken\/wp-content\/uploads\/2011\/08\/Sankara.jpg 1575w\" sizes=\"auto, (max-width: 243px) 100vw, 243px\" \/><\/a><\/figure>\n\n\n\n<p><strong>K\u00fcnstlerisches Portr\u00e4t und Text<br><\/strong>Ahmad, Alexey, Adrian<strong><span style=\"color: #ff9900;\"><br><\/span><\/strong><\/p>\n\n\n\n<h4 class=\"wp-block-heading\"><span style=\"color: #ff6600;\">Ama Ata Aidoo (Ghana)<\/span><\/h4>\n\n\n\n<p class=\"has-text-align-center\">\u201cThey had always told me that I wrote like a man\u201c. (A. Aidoo)<\/p>\n\n\n\n<figure class=\"wp-block-image\"><a href=\"https:\/\/muenster.org\/afrika-checken\/wp-content\/uploads\/2011\/08\/Aidoo.jpg\"><img loading=\"lazy\" decoding=\"async\" width=\"246\" height=\"300\" src=\"https:\/\/muenster.org\/afrika-checken\/wp-content\/uploads\/2011\/08\/Aidoo-246x300.jpg\" alt=\"\" class=\"wp-image-1189\" title=\"Aidoo\" srcset=\"https:\/\/muenster.org\/afrika-checken\/wp-content\/uploads\/2011\/08\/Aidoo-246x300.jpg 246w, https:\/\/muenster.org\/afrika-checken\/wp-content\/uploads\/2011\/08\/Aidoo-841x1024.jpg 841w, https:\/\/muenster.org\/afrika-checken\/wp-content\/uploads\/2011\/08\/Aidoo.jpg 1413w\" sizes=\"auto, (max-width: 246px) 100vw, 246px\" \/><\/a><\/figure>\n\n\n\n<p><strong>K\u00fcnstlerisches Portr\u00e4t und Text<br><\/strong><span style=\"color: #ff9900;\"><span style=\"color: #000000;\">Svenja, Viviane<\/span><\/span><\/p>\n\n\n\n<p><\/p>\n\n\n\n<h4 class=\"wp-block-heading\"><span style=\"color: #ff6600;\">Lucky Dube (S\u00fcdafrika)<\/span><\/h4>\n\n\n\n<p class=\"has-text-align-center\">\u201eWe\u2019ve got to come together as one.\u201c (L. Dube)<\/p>\n\n\n\n<figure class=\"wp-block-image\"><a href=\"https:\/\/muenster.org\/afrika-checken\/wp-content\/uploads\/2011\/08\/Dube.jpg\"><img loading=\"lazy\" decoding=\"async\" width=\"241\" height=\"300\" src=\"https:\/\/muenster.org\/afrika-checken\/wp-content\/uploads\/2011\/08\/Dube-241x300.jpg\" alt=\"\" class=\"wp-image-1192\" title=\"Dube\" srcset=\"https:\/\/muenster.org\/afrika-checken\/wp-content\/uploads\/2011\/08\/Dube-241x300.jpg 241w, https:\/\/muenster.org\/afrika-checken\/wp-content\/uploads\/2011\/08\/Dube-823x1024.jpg 823w, https:\/\/muenster.org\/afrika-checken\/wp-content\/uploads\/2011\/08\/Dube.jpg 1548w\" sizes=\"auto, (max-width: 241px) 100vw, 241px\" \/><\/a><\/figure>\n\n\n\n<p><strong>K\u00fcnstlerisches Portr\u00e4t und Text<br><\/strong><span style=\"color: #ff9900;\"><span style=\"color: #000000;\">Leonie, Alina, Sabrina<\/span><\/span><strong><span style=\"color: #ff9900;\"><br><\/span><\/strong><\/p>\n\n\n\n<p style=\"font-size:14px\"><\/p>\n\n\n\n<p><\/p>\n\n\n\n<h4 class=\"wp-block-heading\">&nbsp;<\/h4>\n\n\n\n<p><\/p>\n","protected":false},"excerpt":{"rendered":"<p>Teil I Global Heroes &#8211; Heldinnen und Helden aus Afrika Die sieben ausdrucksstarken Bildcollagen der Sch\u00fclerinnen und Sch\u00fcler aus dem Pilotprojekt sind im Originalformat 80\u00d7100 cm gro\u00df. Die dazugeh\u00f6rigen schriftlichen Arbeitsergebnisse dienen in gek\u00fcrzter Form als Infotexte (DIN A4) zur Begleitausstellung. Wangari Maathai (Kenia) \u201eGott erschuf die Erde von Montag bis Freitag. Am Samstag erschuf [&hellip;]<\/p>\n","protected":false},"author":4,"featured_media":0,"parent":5924,"menu_order":10,"comment_status":"closed","ping_status":"closed","template":"","meta":{"footnotes":""},"class_list":["post-1897","page","type-page","status-publish","hentry"],"_links":{"self":[{"href":"https:\/\/muenster.org\/afrika-checken\/index.php?rest_route=\/wp\/v2\/pages\/1897","targetHints":{"allow":["GET"]}}],"collection":[{"href":"https:\/\/muenster.org\/afrika-checken\/index.php?rest_route=\/wp\/v2\/pages"}],"about":[{"href":"https:\/\/muenster.org\/afrika-checken\/index.php?rest_route=\/wp\/v2\/types\/page"}],"author":[{"embeddable":true,"href":"https:\/\/muenster.org\/afrika-checken\/index.php?rest_route=\/wp\/v2\/users\/4"}],"replies":[{"embeddable":true,"href":"https:\/\/muenster.org\/afrika-checken\/index.php?rest_route=%2Fwp%2Fv2%2Fcomments&post=1897"}],"version-history":[{"count":121,"href":"https:\/\/muenster.org\/afrika-checken\/index.php?rest_route=\/wp\/v2\/pages\/1897\/revisions"}],"predecessor-version":[{"id":8764,"href":"https:\/\/muenster.org\/afrika-checken\/index.php?rest_route=\/wp\/v2\/pages\/1897\/revisions\/8764"}],"up":[{"embeddable":true,"href":"https:\/\/muenster.org\/afrika-checken\/index.php?rest_route=\/wp\/v2\/pages\/5924"}],"wp:attachment":[{"href":"https:\/\/muenster.org\/afrika-checken\/index.php?rest_route=%2Fwp%2Fv2%2Fmedia&parent=1897"}],"curies":[{"name":"wp","href":"https:\/\/api.w.org\/{rel}","templated":true}]}}