{"id":4560,"date":"2022-12-21T12:07:11","date_gmt":"2022-12-21T10:07:11","guid":{"rendered":"https:\/\/muenster.org\/afrika-checken\/?page_id=4560"},"modified":"2026-04-22T08:45:19","modified_gmt":"2026-04-22T06:45:19","slug":"checkpoint-afrika-e-v","status":"publish","type":"page","link":"https:\/\/muenster.org\/afrika-checken\/","title":{"rendered":"Projektarbeit"},"content":{"rendered":"\n<p class=\"has-text-align-center\" style=\"font-size:14px\"><strong>Vorbilder aus Afrika machen Schule<\/strong><\/p>\n\n\n\n<p style=\"font-size:15px\"><\/p>\n\n\n\n<p class=\"has-text-align-center\"><strong>Wir werden es wagen die Zukunft zu erfinden.<br>Thomas Sankara<\/strong> <\/p>\n\n\n\n<p><\/p>\n\n\n\n<p class=\"has-text-align-left\" style=\"font-size:14px\">&#8222;Afrika checken&#8220; ist ein innovatives Projekt, das die langj\u00e4hrige antirassistische und interkulturelle Bildungsarbeit des ehemaligen Vereins &#8222;Checkpoint Afrika&#8220; mit einer neuen Zielrichtung fortsetzen und aktualisieren m\u00f6chte. Im Fokus steht dabei die Zusammenarbeit mit einer kenianischen Universit\u00e4t. Die gemeinsame Aufgabe soll darin liegen, zusammen mit Dozentinnen, Dozenten und Lehramtsstudierenden digitale, kreative und kostenlose Unterrichtsmaterialien zum afrikanischen Kontinent und seiner Diaspora zu erstellen. <\/p>\n\n\n\n<p class=\"has-text-align-left\" style=\"font-size:14px\">Als Ausgangsbasis daf\u00fcr ist ein Remake des erfolgreichen Unterrichtsprojektes \u201eGlobal Heroes &#8211; Heldinnen und Helden aus Afrika&#8220; vom ehemaligen Vereins Checkpoint Afrika geplant, das in vielf\u00e4ltiger Weise wiederbelebt werden kann. Vertiefende Einblicke in die schulische Projektarbeit gew\u00e4hrt der folgende Videobeitrag. Im Interview: die Kunstlehrerin und Jugendliche des teilnehmenden Gymnasiums sowie die Projektleiterin des damaligen Vereins Checkpoint Afrika.<\/p>\n\n\n\n<p class=\"has-text-align-left\" style=\"font-size:14px\"><\/p>\n\n\n\n<p class=\"has-text-align-center\" style=\"font-size:14px\"><\/p>\n\n\n\n<p class=\"has-text-align-left\" style=\"font-size:14px\"><\/p>\n\n\n\n<p><\/p>\n\n\n<div id=\"kgvid_kgvid_0_wrapper\" class=\"kgvid_wrapper\">\n\t\t\t<div id=\"video_kgvid_0_div\" class=\"fitvidsignore kgvid_videodiv\" data-id=\"kgvid_0\" data-kgvid_video_vars=\"{&quot;id&quot;:&quot;kgvid_0&quot;,&quot;attachment_id&quot;:&quot;2768&quot;,&quot;player_type&quot;:&quot;Video.js v8&quot;,&quot;width&quot;:&quot;352&quot;,&quot;height&quot;:&quot;250&quot;,&quot;fullwidth&quot;:&quot;false&quot;,&quot;fixed_aspect&quot;:&quot;false&quot;,&quot;countable&quot;:true,&quot;count_views&quot;:&quot;quarters&quot;,&quot;start&quot;:&quot;&quot;,&quot;autoplay&quot;:&quot;false&quot;,&quot;pauseothervideos&quot;:&quot;false&quot;,&quot;set_volume&quot;:1,&quot;muted&quot;:&quot;false&quot;,&quot;meta&quot;:true,&quot;endofvideooverlay&quot;:false,&quot;resize&quot;:&quot;true&quot;,&quot;auto_res&quot;:&quot;automatic&quot;,&quot;pixel_ratio&quot;:&quot;true&quot;,&quot;right_click&quot;:&quot;on&quot;,&quot;playback_rate&quot;:&quot;false&quot;,&quot;title&quot;:&quot;Global Heroes-Checkpoint Afrika&quot;,&quot;skip_buttons&quot;:[],&quot;nativecontrolsfortouch&quot;:&quot;true&quot;,&quot;locale&quot;:&quot;de&quot;,&quot;enable_resolutions_plugin&quot;:false}\" itemprop=\"video\" itemscope itemtype=\"https:\/\/schema.org\/VideoObject\"><meta itemprop=\"embedUrl\" content=\"https:\/\/muenster.org\/afrika-checken\/?attachment_id=2768&#038;videopack%5Benable%5D=true\"><meta itemprop=\"contentUrl\" content=\"https:\/\/muenster.org\/afrika-checken\/wp-content\/uploads\/2011\/08\/bennoclip.mp4\"><meta itemprop=\"name\" content=\"Global Heroes-Checkpoint Afrika\"><meta itemprop=\"description\" content=\"Video\"><meta itemprop=\"uploadDate\" content=\"2016-04-15T15:14:20+02:00\">\n\t\t\t\t<video id=\"video_kgvid_0\" playsinline controls preload=\"metadata\" width=\"352\" height=\"250\" class=\"fitvidsignore video-js kg-video-js-skin\">\n\t\t\t\t\t<source src=\"https:\/\/muenster.org\/afrika-checken\/wp-content\/uploads\/2011\/08\/bennoclip.mp4?id=0\" type=\"video\/mp4\" data-res=\"576p\">\n\t\t\t\t<\/video>\n\t\t\t<\/div>\n\t\t\t<div style=\"display:none\" id=\"video_kgvid_0_meta\" class=\"kgvid_video_meta kgvid_video_meta_hover \">\n\t\t\t\t<span class='kgvid_meta_icons'><\/span>\n\t\t\t\t<span id='video_kgvid_0_title' class='kgvid_title'>Global Heroes-Checkpoint Afrika<\/span>\n<\/div>\n\t\t<\/div>\n\n\n\n<p class=\"has-text-align-left\" style=\"font-size:12px\"><strong>Trailer vom Bennohaus M\u00fcnster (2015<\/strong>)<\/p>\n\n\n\n<p><\/p>\n\n\n\n<p><\/p>\n\n\n\n<p><\/p>\n\n\n\n<p><\/p>\n\n\n\n<p><\/p>\n\n\n\n<p class=\"has-text-align-center\" style=\"font-size:14px\"><strong>Von Afrika lernen<\/strong><\/p>\n\n\n\n<p class=\"has-text-align-left\" style=\"font-size:14px\">Das Projekt \u201eGlobal Heroes &#8211; Heldinnen und Helden aus Afrika&#8220; setzt auf die Vielfalt positiver Gegenbilder, um die vorherrschende abf\u00e4llige sowie abwertende Sicht auf den afrikanischen Kontinent und seine Darstellung als dystopischen Ort grundlegend zu ver\u00e4ndern. Neu gewonnene und differenziertere Sichtweisen sollen dazu f\u00fchren, \u00fcberholte kolonialistische und rassistische Darstellungen von Afrikanerinnen und Afrikanern als unhaltbar zu widerlegen. Dieser l\u00e4ngst \u00fcberf\u00e4llige Prozess verdeutlicht, dass wir viel von Afrika lernen k\u00f6nnen. Diese neu gewonnene Einsicht impliziert zugleich eine radikale Neubewertung der europ\u00e4ischen Kolonialgeschichte, deren Wirkm\u00e4chtigkeit sich bis heute in globalen Ungerechtigkeiten und Ungleichheiten manifestiert.<\/p>\n\n\n\n<p class=\"has-text-align-center\" style=\"font-size:14px\"><strong>Kolonialrassistisches Afrikabild korrigieren<\/strong><\/p>\n\n\n\n<p style=\"font-size:14px\">Fakt ist: Das Image Afrikas und die Wahrnehmung seiner Menschen sind im kollektiven Bewusstsein Europas im Kern ungebrochen negativ geblieben. Das Fatale ist, dass dieses stigmatisierende Negativimage als Folge der 600 Jahre andauernden Vorherrschaft europ\u00e4ischer Kolonialm\u00e4chte bis in die Gegenwart weltweit verbreitet ist. Der Videobeitrag \u201eWarum halten sich Stereotype \u00fcber Afrika so hartn\u00e4ckig?\u201c sucht nach Gr\u00fcnden f\u00fcr die Fortexistenz und Wirksamkeit kolonialer Narrative und enttarnt diese als einseitig und falsch.<\/p>\n\n\n\n<p style=\"font-size:14px\"><\/p>\n\n\n\n<p><strong>YouTube <\/strong><\/p>\n\n\n\n<p><\/p>\n\n\n\n<p><\/p>\n\n\n\n<figure class=\"wp-block-embed is-type-video is-provider-youtube wp-block-embed-youtube wp-embed-aspect-16-9 wp-has-aspect-ratio\"><div class=\"wp-block-embed__wrapper\">\n<iframe loading=\"lazy\" title=\"Armut, Gewalt, Krankheit: Warum ist das Bild von Afrika so negativ? | DW Nachrichten\" width=\"500\" height=\"281\" src=\"https:\/\/www.youtube.com\/embed\/8dhQMRa3l2Y?feature=oembed\" frameborder=\"0\" allow=\"accelerometer; autoplay; clipboard-write; encrypted-media; gyroscope; picture-in-picture; web-share\" referrerpolicy=\"strict-origin-when-cross-origin\" allowfullscreen><\/iframe>\n<\/div><figcaption class=\"wp-element-caption\"><strong>Deutsche Welle (DW): Warum ist das Bild von Afrika so negativ? (2024; 3:33 Min.)<\/strong><\/figcaption><\/figure>\n\n\n\n<p><\/p>\n\n\n\n<p><\/p>\n\n\n\n<p><\/p>\n\n\n\n<p><\/p>\n\n\n\n<p><br><\/p>\n\n\n\n<p><br><\/p>\n\n\n\n<p><br><br><\/p>\n\n\n\n<p><\/p>\n\n\n\n<p><\/p>\n\n\n\n<p><\/p>\n\n\n\n<p><\/p>\n\n\n\n<p><\/p>\n\n\n\n<p><\/p>\n\n\n\n<p><\/p>\n\n\n\n<p><\/p>\n\n\n\n<p><\/p>\n\n\n\n<p><\/p>\n\n\n\n<p><\/p>\n\n\n\n<p><\/p>\n\n\n\n<p><\/p>\n\n\n\n<p><\/p>\n\n\n\n<p><\/p>\n\n\n\n<p><\/p>\n\n\n\n<p><\/p>\n\n\n\n<p><\/p>\n\n\n\n<p><\/p>\n\n\n\n<p><\/p>\n\n\n\n<p><\/p>\n\n\n\n<p><\/p>\n\n\n\n<p><\/p>\n\n\n\n<p><\/p>\n","protected":false},"excerpt":{"rendered":"<p>Vorbilder aus Afrika machen Schule Wir werden es wagen die Zukunft zu erfinden.Thomas Sankara &#8222;Afrika checken&#8220; ist ein innovatives Projekt, das die langj\u00e4hrige antirassistische und interkulturelle Bildungsarbeit des ehemaligen Vereins &#8222;Checkpoint Afrika&#8220; mit einer neuen Zielrichtung fortsetzen und aktualisieren m\u00f6chte. Im Fokus steht dabei die Zusammenarbeit mit einer kenianischen Universit\u00e4t. Die gemeinsame Aufgabe soll darin [&hellip;]<\/p>\n","protected":false},"author":4,"featured_media":0,"parent":0,"menu_order":0,"comment_status":"closed","ping_status":"closed","template":"","meta":{"footnotes":""},"class_list":["post-4560","page","type-page","status-publish","hentry"],"_links":{"self":[{"href":"https:\/\/muenster.org\/afrika-checken\/index.php?rest_route=\/wp\/v2\/pages\/4560","targetHints":{"allow":["GET"]}}],"collection":[{"href":"https:\/\/muenster.org\/afrika-checken\/index.php?rest_route=\/wp\/v2\/pages"}],"about":[{"href":"https:\/\/muenster.org\/afrika-checken\/index.php?rest_route=\/wp\/v2\/types\/page"}],"author":[{"embeddable":true,"href":"https:\/\/muenster.org\/afrika-checken\/index.php?rest_route=\/wp\/v2\/users\/4"}],"replies":[{"embeddable":true,"href":"https:\/\/muenster.org\/afrika-checken\/index.php?rest_route=%2Fwp%2Fv2%2Fcomments&post=4560"}],"version-history":[{"count":599,"href":"https:\/\/muenster.org\/afrika-checken\/index.php?rest_route=\/wp\/v2\/pages\/4560\/revisions"}],"predecessor-version":[{"id":9176,"href":"https:\/\/muenster.org\/afrika-checken\/index.php?rest_route=\/wp\/v2\/pages\/4560\/revisions\/9176"}],"wp:attachment":[{"href":"https:\/\/muenster.org\/afrika-checken\/index.php?rest_route=%2Fwp%2Fv2%2Fmedia&parent=4560"}],"curies":[{"name":"wp","href":"https:\/\/api.w.org\/{rel}","templated":true}]}}