{"id":4584,"date":"2023-02-16T18:40:39","date_gmt":"2023-02-16T16:40:39","guid":{"rendered":"https:\/\/muenster.org\/afrika-checken\/?page_id=4584"},"modified":"2026-01-04T13:40:31","modified_gmt":"2026-01-04T11:40:31","slug":"datenschutzerklaerung-2","status":"publish","type":"page","link":"https:\/\/muenster.org\/afrika-checken\/?page_id=4584","title":{"rendered":"Datenschutz"},"content":{"rendered":"\n<p><strong>Datenschutzerkl\u00e4rung<\/strong><br>In dieser Datenschutzerkl\u00e4rung stehen Informationen \u00fcber die Verarbeitung personenbezogener Daten bei der Nutzung dieser Website.<br>Die Adresse der Website ist: htttps:\/\/www.muenster.org\/afrika-checken<\/p>\n\n\n\n<p><strong>Verantwortliche<\/strong> <br>Marita Samson<br>Fresnostra\u00dfe 77<br>48159 M\u00fcnster<br><em>radiomj@web.de<\/em><\/p>\n\n\n\n<p><strong>Personenbezogene Daten<\/strong><br>Personenbezogene Daten sind alle Informationen, die sich auf eine identifizierte oder identifizierbare nat\u00fcrliche Person (im Folgenden &#8222;betroffene Person&#8220;) beziehen. Als identifizierbar wird eine nat\u00fcrliche Person angesehen, die direkt oder indirekt, insbesondere mittels Zuordnung zu einer Kennung wie einem Namen, zu einer Kennnummer, zu Standortdaten, zu einer Online-Kennung oder zu einem oder mehreren besonderen Merkmalen identifiziert werden kann, die Ausdruck der physischen, physiologischen, genetischen, psychischen, wirtschaftlichen, kulturellen oder sozialen Identit\u00e4t dieser nat\u00fcrlichen Person sind.<br>Auf der Webseite werden keine personenbezogenen Daten erhoben.<\/p>\n\n\n\n<p><strong>Daten beim Webseitenaufruf<\/strong><br>Wenn Sie diese Website nutzen, fallen lediglich solche Daten an, die der Hoster zur Sicherstellung des Webserverbetriebs erhebt. In der Regel sind das die IP-Adresse, das Datum und die Uhrzeit der Anfrage, der Browsertyp und die Browserversion.<\/p>\n\n\n\n<p><strong>Eingebettete Inhalte von anderen Websites<\/strong><br>Beitr\u00e4ge auf dieser Website k\u00f6nnen eingebettete Inhalte beinhalten (z.\u00a0B. Videos, Bilder, Beitr\u00e4ge etc.). Eingebettete Inhalte von anderen Websites verhalten sich exakt so, als ob der Besucher die andere Website besucht h\u00e4tte. Diese Websites k\u00f6nnen Daten \u00fcber dich sammeln, Cookies benutzen, zus\u00e4tzliche Tracking-Dienste von Dritten einbetten und deine Interaktion mit diesem eingebetteten Inhalt aufzeichnen, inklusive deiner Interaktion mit dem eingebetteten Inhalt, falls du ein Konto hast und auf dieser Website angemeldet bist.<\/p>\n\n\n\n<p class=\"has-text-align-left\"><\/p>\n\n\n\n<p><\/p>\n\n\n\n<p><\/p>\n\n\n\n<p><\/p>\n","protected":false},"excerpt":{"rendered":"<p>Datenschutzerkl\u00e4rungIn dieser Datenschutzerkl\u00e4rung stehen Informationen \u00fcber die Verarbeitung personenbezogener Daten bei der Nutzung dieser Website.Die Adresse der Website ist: htttps:\/\/www.muenster.org\/afrika-checken Verantwortliche Marita SamsonFresnostra\u00dfe 7748159 M\u00fcnsterradiomj@web.de Personenbezogene DatenPersonenbezogene Daten sind alle Informationen, die sich auf eine identifizierte oder identifizierbare nat\u00fcrliche Person (im Folgenden &#8222;betroffene Person&#8220;) beziehen. Als identifizierbar wird eine nat\u00fcrliche Person angesehen, die direkt oder [&hellip;]<\/p>\n","protected":false},"author":3,"featured_media":0,"parent":0,"menu_order":17,"comment_status":"closed","ping_status":"closed","template":"","meta":{"footnotes":""},"class_list":["post-4584","page","type-page","status-publish","hentry"],"_links":{"self":[{"href":"https:\/\/muenster.org\/afrika-checken\/index.php?rest_route=\/wp\/v2\/pages\/4584","targetHints":{"allow":["GET"]}}],"collection":[{"href":"https:\/\/muenster.org\/afrika-checken\/index.php?rest_route=\/wp\/v2\/pages"}],"about":[{"href":"https:\/\/muenster.org\/afrika-checken\/index.php?rest_route=\/wp\/v2\/types\/page"}],"author":[{"embeddable":true,"href":"https:\/\/muenster.org\/afrika-checken\/index.php?rest_route=\/wp\/v2\/users\/3"}],"replies":[{"embeddable":true,"href":"https:\/\/muenster.org\/afrika-checken\/index.php?rest_route=%2Fwp%2Fv2%2Fcomments&post=4584"}],"version-history":[{"count":23,"href":"https:\/\/muenster.org\/afrika-checken\/index.php?rest_route=\/wp\/v2\/pages\/4584\/revisions"}],"predecessor-version":[{"id":8591,"href":"https:\/\/muenster.org\/afrika-checken\/index.php?rest_route=\/wp\/v2\/pages\/4584\/revisions\/8591"}],"wp:attachment":[{"href":"https:\/\/muenster.org\/afrika-checken\/index.php?rest_route=%2Fwp%2Fv2%2Fmedia&parent=4584"}],"curies":[{"name":"wp","href":"https:\/\/api.w.org\/{rel}","templated":true}]}}