{"id":4896,"date":"2023-03-27T10:23:02","date_gmt":"2023-03-27T08:23:02","guid":{"rendered":"https:\/\/muenster.org\/afrika-checken\/?page_id=4896"},"modified":"2026-01-03T13:06:15","modified_gmt":"2026-01-03T11:06:15","slug":"afrika-checken-2","status":"publish","type":"page","link":"https:\/\/muenster.org\/afrika-checken\/?page_id=4896","title":{"rendered":"Kartografie Afrikas"},"content":{"rendered":"\n<p class=\"has-text-align-center\" style=\"font-size:14px\"><strong>Weltsichten: Mind the Map<\/strong><\/p>\n\n\n\n<p style=\"font-size:14px\">Ein Grund f\u00fcr die extreme Untersch\u00e4tzung und falsche Wahrnehmung des afrikanischen Kontinents liegt in der g\u00e4ngigen Kartenprojektion: Eine Projektion ist eine Methode, um die gekr\u00fcmmte Erdoberfl\u00e4che auf einem flachen Gegenstand wie einem Blatt Papier oder einem Computerbildschirm darzustellen. Aber keine flache Karte kann die Oberfl\u00e4che der gesamten Erde so getreu darstellen wie ein Globus. Daher stellt jede flache Karte die Oberfl\u00e4che der Erde in irgendeiner Weise falsch dar.<\/p>\n\n\n\n<p class=\"has-text-align-center has-black-color has-text-color\" style=\"font-size:14px\"><strong>Die Mercator-Projektion<\/strong><\/p>\n\n\n\n<p class=\"has-black-color has-text-color\" style=\"font-size:14px\">Die g\u00e4ngige Mercator-Projektion stammt vom einem deutschen Kartografen aus dem 16. Jahrhundert. Er entwickelte seine Karte zur Navigation und Seefahrt der europ\u00e4ischen Kolonialm\u00e4chte. Karten mit dieser Projektion bilden aber ein falsches Gr\u00f6\u00dfenverh\u00e4ltnis von Kontinenten und L\u00e4ndern ab. Trotzdem ist die Mercator-Karte seit \u00fcber 500 Jahren immer noch in Europas Medien, Schulen und Universit\u00e4ten sowie auch bei Google Maps Standard.   <br><\/p>\n\n\n\n<p><\/p>\n\n\n\n<p><\/p>\n\n\n\n<figure class=\"wp-block-embed aligncenter is-type-video is-provider-youtube wp-block-embed-youtube wp-embed-aspect-4-3 wp-has-aspect-ratio\"><div class=\"wp-block-embed__wrapper\">\n<iframe loading=\"lazy\" title=\"Visualisierung der Mercatorprojektion\" width=\"500\" height=\"375\" src=\"https:\/\/www.youtube.com\/embed\/E43g5EMxaTg?feature=oembed\" frameborder=\"0\" allow=\"accelerometer; autoplay; clipboard-write; encrypted-media; gyroscope; picture-in-picture; web-share\" referrerpolicy=\"strict-origin-when-cross-origin\" allowfullscreen><\/iframe>\n<\/div><figcaption class=\"wp-element-caption\">      <strong>YouTube: Visualisierung der Mercatorprojektion (0:30 Min.)<\/strong><\/figcaption><\/figure>\n\n\n\n<p><\/p>\n\n\n\n<p class=\"has-text-align-center\" style=\"font-size:14px\"><strong>Die Peters-Projektion<\/strong> <\/p>\n\n\n\n<p class=\"has-text-align-left\" style=\"font-size:14px\">Als Alternative und Korrektiv zu den enormen Fl\u00e4chenverzerrungen der kolonialen Mercator-Karte gelten aktuell Weltkarten mit der Arno Peters-Projektion. Seine Kartenprojektion aus dem Jahr 1975 ist im Ergebnis mit der schon 1855 entwickelten Projektion des &nbsp;Kartografen James Gall identisch. Es ist unbestritten, dass es keine genauere Weltkarte als jene von Gall und Peters gibt. Aber auch hier gilt: Es gibt kein objektives, exaktes Abbild der Erde in Karten.<br><\/p>\n\n\n\n<p><a href=\"https:\/\/de.wikipedia.org\/wiki\/Gall-Peters-Projektion#\/media\/Datei:Gall%E2%80%93Peters_projection_SW.jpg\">https:\/\/de.wikipedia.org\/wiki\/Gall-Peters-Projektion#\/media\/Datei:Gall%E2%80%93Peters_projection_SW.jpg<\/a><\/p>\n\n\n\n<p><br><\/p>\n\n\n\n<p><br><br><\/p>\n\n\n\n<p class=\"has-black-color has-text-color has-link-color wp-elements-9ac00cf961d1ea846fe5a532228b76c6\"><\/p>\n\n\n\n<p><\/p>\n\n\n\n<p><\/p>\n\n\n\n<p><\/p>\n\n\n\n<p><\/p>\n\n\n\n<p><\/p>\n\n\n\n<p><\/p>\n\n\n\n<p><\/p>\n","protected":false},"excerpt":{"rendered":"<p>Weltsichten: Mind the Map Ein Grund f\u00fcr die extreme Untersch\u00e4tzung und falsche Wahrnehmung des afrikanischen Kontinents liegt in der g\u00e4ngigen Kartenprojektion: Eine Projektion ist eine Methode, um die gekr\u00fcmmte Erdoberfl\u00e4che auf einem flachen Gegenstand wie einem Blatt Papier oder einem Computerbildschirm darzustellen. Aber keine flache Karte kann die Oberfl\u00e4che der gesamten Erde so getreu darstellen [&hellip;]<\/p>\n","protected":false},"author":4,"featured_media":0,"parent":0,"menu_order":3,"comment_status":"closed","ping_status":"closed","template":"","meta":{"footnotes":""},"class_list":["post-4896","page","type-page","status-publish","hentry"],"_links":{"self":[{"href":"https:\/\/muenster.org\/afrika-checken\/index.php?rest_route=\/wp\/v2\/pages\/4896","targetHints":{"allow":["GET"]}}],"collection":[{"href":"https:\/\/muenster.org\/afrika-checken\/index.php?rest_route=\/wp\/v2\/pages"}],"about":[{"href":"https:\/\/muenster.org\/afrika-checken\/index.php?rest_route=\/wp\/v2\/types\/page"}],"author":[{"embeddable":true,"href":"https:\/\/muenster.org\/afrika-checken\/index.php?rest_route=\/wp\/v2\/users\/4"}],"replies":[{"embeddable":true,"href":"https:\/\/muenster.org\/afrika-checken\/index.php?rest_route=%2Fwp%2Fv2%2Fcomments&post=4896"}],"version-history":[{"count":108,"href":"https:\/\/muenster.org\/afrika-checken\/index.php?rest_route=\/wp\/v2\/pages\/4896\/revisions"}],"predecessor-version":[{"id":8581,"href":"https:\/\/muenster.org\/afrika-checken\/index.php?rest_route=\/wp\/v2\/pages\/4896\/revisions\/8581"}],"wp:attachment":[{"href":"https:\/\/muenster.org\/afrika-checken\/index.php?rest_route=%2Fwp%2Fv2%2Fmedia&parent=4896"}],"curies":[{"name":"wp","href":"https:\/\/api.w.org\/{rel}","templated":true}]}}