{"id":5065,"date":"2023-04-24T18:18:11","date_gmt":"2023-04-24T16:18:11","guid":{"rendered":"https:\/\/muenster.org\/afrika-checken\/?page_id=5065"},"modified":"2026-03-17T18:47:42","modified_gmt":"2026-03-17T16:47:42","slug":"part-3","status":"publish","type":"page","link":"https:\/\/muenster.org\/afrika-checken\/?page_id=5065","title":{"rendered":"Projektarbeit III"},"content":{"rendered":"\n<p style=\"font-size:14px\"><\/p>\n\n\n\n<p class=\"has-black-color has-text-color\" style=\"font-size:14px\"><strong>Global Heroes:<\/strong> <strong>Musik als politische Waffe <\/strong>(<strong>Teil III<\/strong>)<\/p>\n\n\n\n<p style=\"font-size:14px\">Im f\u00e4cher\u00fcbergreifenden Unterricht (Musik\/Kunst) gestalteten die Sch\u00fclerinnen und Sch\u00fcler des Kunstgrundkurses der Jahrgangsstufe 11 die k\u00fcnstlerischen Portr\u00e4ts von sechs Ausnahmemusikern aus Afrika, S\u00fcdamerika und der Karibik (Collagen 80&#215;100 cm).&nbsp;Jeder der bedeutenden K\u00fcnstler verk\u00f6rpert eine Musikrichtung, die er nicht nur entscheidend gepr\u00e4gt, sondern auch weltweit bekannt gemacht hat. Einige der Musiker sind bis heute politisch aktiv.<\/p>\n\n\n\n<p class=\"has-black-color has-text-color has-link-color wp-elements-6eeb2d3754584b4c52ef16ba3c2e3ba9\" style=\"font-size:14px\"><strong>Bonga aus Angola<\/strong><br><strong>\u201eIch mache Musik zu einer Art des Widerstands.\u201c<\/strong><\/p>\n\n\n<div class=\"wp-block-image\">\n<figure class=\"alignleft\"><a href=\"https:\/\/muenster.org\/afrika-checken\/wp-content\/uploads\/2014\/12\/Flag_of_Angola.svg_.png\"><img loading=\"lazy\" decoding=\"async\" width=\"150\" height=\"100\" src=\"https:\/\/muenster.org\/afrika-checken\/wp-content\/uploads\/2014\/12\/Flag_of_Angola.svg_.png\" alt=\"Flag_of_Angola.svg\" class=\"wp-image-2377\"\/><\/a><\/figure>\n<\/div>\n\n\n<figure class=\"wp-block-image size-medium\"><a href=\"https:\/\/muenster.org\/afrika-checken\/wp-content\/uploads\/2023\/06\/Bonga_Angola.jpg\"><img loading=\"lazy\" decoding=\"async\" width=\"300\" height=\"199\" src=\"https:\/\/muenster.org\/afrika-checken\/wp-content\/uploads\/2023\/06\/Bonga_Angola-300x199.jpg\" alt=\"\" class=\"wp-image-5575\" srcset=\"https:\/\/muenster.org\/afrika-checken\/wp-content\/uploads\/2023\/06\/Bonga_Angola-300x199.jpg 300w, https:\/\/muenster.org\/afrika-checken\/wp-content\/uploads\/2023\/06\/Bonga_Angola-1024x679.jpg 1024w, https:\/\/muenster.org\/afrika-checken\/wp-content\/uploads\/2023\/06\/Bonga_Angola-768x509.jpg 768w, https:\/\/muenster.org\/afrika-checken\/wp-content\/uploads\/2023\/06\/Bonga_Angola-1536x1019.jpg 1536w, https:\/\/muenster.org\/afrika-checken\/wp-content\/uploads\/2023\/06\/Bonga_Angola-2048x1358.jpg 2048w\" sizes=\"auto, (max-width: 300px) 100vw, 300px\" \/><\/a><\/figure>\n\n\n\n<p><\/p>\n\n\n\n<p><\/p>\n\n\n\n<figure class=\"wp-block-embed is-type-video is-provider-youtube wp-block-embed-youtube wp-embed-aspect-16-9 wp-has-aspect-ratio\"><div class=\"wp-block-embed__wrapper\">\n<iframe loading=\"lazy\" title=\"Bonga - 7 - LIVE at Afrikafestival Hertme 2007\" width=\"500\" height=\"281\" src=\"https:\/\/www.youtube.com\/embed\/CLCTGbpIUPM?feature=oembed\" frameborder=\"0\" allow=\"accelerometer; autoplay; clipboard-write; encrypted-media; gyroscope; picture-in-picture; web-share\" referrerpolicy=\"strict-origin-when-cross-origin\" allowfullscreen><\/iframe>\n<\/div><figcaption class=\"wp-element-caption\">YouTube: Bonga \u2013 7 \u2013 LIVE at Afrikafestival Hertme 2007 <\/figcaption><\/figure>\n\n\n\n<p><\/p>\n\n\n\n<p class=\"has-black-color has-text-color has-link-color wp-elements-1669baa7a70d197203c2340d15826c37\" style=\"font-size:14px\"><strong>Gilberto Gil aus Brasilien<\/strong><\/p>\n\n\n\n<p class=\"has-black-color has-text-color has-link-color wp-elements-e7c57299dd049867e312eef3f6021965\" style=\"font-size:14px\"><strong>\u201eIch war einer, der das System herausfordert. Ein Rebell, der jede Konvention ablehnt.\u201c<\/strong><\/p>\n\n\n<div class=\"wp-block-image\">\n<figure class=\"alignleft size-full\"><a href=\"https:\/\/muenster.org\/afrika-checken\/wp-content\/uploads\/2023\/06\/grafik-3.png\"><img loading=\"lazy\" decoding=\"async\" width=\"150\" height=\"105\" src=\"https:\/\/muenster.org\/afrika-checken\/wp-content\/uploads\/2023\/06\/grafik-3.png\" alt=\"\" class=\"wp-image-5522\"\/><\/a><\/figure>\n<\/div>\n\n\n<figure class=\"wp-block-image size-medium\"><a href=\"https:\/\/muenster.org\/afrika-checken\/wp-content\/uploads\/2014\/12\/Gilberto-Gil_Brasilien.jpg\"><img loading=\"lazy\" decoding=\"async\" width=\"199\" height=\"300\" src=\"https:\/\/muenster.org\/afrika-checken\/wp-content\/uploads\/2014\/12\/Gilberto-Gil_Brasilien-199x300.jpg\" alt=\"\" class=\"wp-image-2545\" srcset=\"https:\/\/muenster.org\/afrika-checken\/wp-content\/uploads\/2014\/12\/Gilberto-Gil_Brasilien-199x300.jpg 199w, https:\/\/muenster.org\/afrika-checken\/wp-content\/uploads\/2014\/12\/Gilberto-Gil_Brasilien-679x1024.jpg 679w, https:\/\/muenster.org\/afrika-checken\/wp-content\/uploads\/2014\/12\/Gilberto-Gil_Brasilien.jpg 1496w\" sizes=\"auto, (max-width: 199px) 100vw, 199px\" \/><\/a><\/figure>\n\n\n\n<p class=\"has-text-align-center\"><\/p>\n\n\n\n<figure class=\"wp-block-embed is-type-video is-provider-youtube wp-block-embed-youtube wp-embed-aspect-16-9 wp-has-aspect-ratio\"><div class=\"wp-block-embed__wrapper\">\n<iframe loading=\"lazy\" title=\"REFLORESTA | Gilberto Gil, Gilsons e Bem Gil\" width=\"500\" height=\"281\" src=\"https:\/\/www.youtube.com\/embed\/YAQxp-rkFVM?feature=oembed\" frameborder=\"0\" allow=\"accelerometer; autoplay; clipboard-write; encrypted-media; gyroscope; picture-in-picture; web-share\" referrerpolicy=\"strict-origin-when-cross-origin\" allowfullscreen><\/iframe>\n<\/div><figcaption class=\"wp-element-caption\">YouTube: REFLORESTA | Gilberto Gil, Gilsons e Bem Gil <\/figcaption><\/figure>\n\n\n\n<p class=\"has-black-color has-text-color has-link-color wp-elements-9ac00cf961d1ea846fe5a532228b76c6\"><\/p>\n\n\n\n<p class=\"has-black-color has-text-color has-link-color wp-elements-9ac00cf961d1ea846fe5a532228b76c6\"><\/p>\n\n\n\n<p class=\"has-black-color has-text-color has-link-color wp-elements-a72c468d7038d4ca740305c9924c54ca\" style=\"font-size:14px\"><strong>Fela Kuti aus Nigeria<br>\u201eWith my music, I create change&#8230;I am using my music as a weapon.&#8220;<\/strong><br><\/p>\n\n\n<div class=\"wp-block-image\">\n<figure class=\"alignleft\"><a href=\"https:\/\/muenster.org\/afrika-checken\/wp-content\/uploads\/2014\/12\/150px-Flag_of_Nigeria.svg_1.png\"><img loading=\"lazy\" decoding=\"async\" width=\"150\" height=\"75\" src=\"https:\/\/muenster.org\/afrika-checken\/wp-content\/uploads\/2014\/12\/150px-Flag_of_Nigeria.svg_1.png\" alt=\"150px-Flag_of_Nigeria.svg\" class=\"wp-image-2408\"\/><\/a><\/figure>\n<\/div>\n\n\n<figure class=\"wp-block-image size-medium\"><a href=\"https:\/\/muenster.org\/afrika-checken\/wp-content\/uploads\/2014\/12\/Fela-Kuti_Nigeria.jpg\"><img loading=\"lazy\" decoding=\"async\" width=\"199\" height=\"300\" src=\"https:\/\/muenster.org\/afrika-checken\/wp-content\/uploads\/2014\/12\/Fela-Kuti_Nigeria-199x300.jpg\" alt=\"\" class=\"wp-image-2548\" srcset=\"https:\/\/muenster.org\/afrika-checken\/wp-content\/uploads\/2014\/12\/Fela-Kuti_Nigeria-199x300.jpg 199w, https:\/\/muenster.org\/afrika-checken\/wp-content\/uploads\/2014\/12\/Fela-Kuti_Nigeria-679x1024.jpg 679w, https:\/\/muenster.org\/afrika-checken\/wp-content\/uploads\/2014\/12\/Fela-Kuti_Nigeria.jpg 1496w\" sizes=\"auto, (max-width: 199px) 100vw, 199px\" \/><\/a><\/figure>\n\n\n\n<p class=\"has-text-align-center\"><\/p>\n\n\n\n<figure class=\"wp-block-embed is-type-video is-provider-youtube wp-block-embed-youtube wp-embed-aspect-4-3 wp-has-aspect-ratio\"><div class=\"wp-block-embed__wrapper\">\n<iframe loading=\"lazy\" title=\"Fela Anikulapo-Kuti and Egypt 80 - Beasts Of No Nation, Live at the Zenith, Paris in 1984\" width=\"500\" height=\"375\" src=\"https:\/\/www.youtube.com\/embed\/E0BhNPiq78k?feature=oembed\" frameborder=\"0\" allow=\"accelerometer; autoplay; clipboard-write; encrypted-media; gyroscope; picture-in-picture; web-share\" referrerpolicy=\"strict-origin-when-cross-origin\" allowfullscreen><\/iframe>\n<\/div><figcaption class=\"wp-element-caption\">YouTube: Fela Anikulapo-Kuti and Egypt 80 &#8211; Beasts Of No Nation, Live at the Zenith, Paris in 1984 <\/figcaption><\/figure>\n\n\n\n<p><\/p>\n\n\n\n<p><br><\/p>\n\n\n\n<p class=\"has-black-color has-text-color\" style=\"font-size:14px\"><strong>Bob Marley aus Jamaica<\/strong><\/p>\n\n\n\n<p class=\"has-text-align-left\" style=\"font-size:14px\"><strong>&#8222;Who are you to judge the life I live? I know I&#8217;m not perfect, and don&#8217;t live to be, but before you start pointing fingers&#8230; make sure your hands are clean.&#8220;<\/strong><\/p>\n\n\n<div class=\"wp-block-image\">\n<figure class=\"alignleft size-medium\"><a href=\"https:\/\/muenster.org\/afrika-checken\/wp-content\/uploads\/2014\/12\/Bob-Marley_Jamaika.jpg\"><img loading=\"lazy\" decoding=\"async\" width=\"300\" height=\"199\" src=\"https:\/\/muenster.org\/afrika-checken\/wp-content\/uploads\/2014\/12\/Bob-Marley_Jamaika-300x199.jpg\" alt=\"\" class=\"wp-image-2554\" srcset=\"https:\/\/muenster.org\/afrika-checken\/wp-content\/uploads\/2014\/12\/Bob-Marley_Jamaika-300x199.jpg 300w, https:\/\/muenster.org\/afrika-checken\/wp-content\/uploads\/2014\/12\/Bob-Marley_Jamaika-1024x679.jpg 1024w\" sizes=\"auto, (max-width: 300px) 100vw, 300px\" \/><\/a><\/figure>\n<\/div>\n\n\n<figure class=\"wp-block-image size-full\"><a href=\"https:\/\/muenster.org\/afrika-checken\/wp-content\/uploads\/2023\/06\/grafik-4.png\"><img loading=\"lazy\" decoding=\"async\" width=\"150\" height=\"75\" src=\"https:\/\/muenster.org\/afrika-checken\/wp-content\/uploads\/2023\/06\/grafik-4.png\" alt=\"\" class=\"wp-image-5556\"\/><\/a><\/figure>\n\n\n\n<p><\/p>\n\n\n\n<p><\/p>\n\n\n\n<p><\/p>\n\n\n\n<p><\/p>\n\n\n\n<figure class=\"wp-block-embed is-type-video is-provider-youtube wp-block-embed-youtube wp-embed-aspect-16-9 wp-has-aspect-ratio\"><div class=\"wp-block-embed__wrapper\">\n<iframe loading=\"lazy\" title=\"Get Up Stand Up -Bob Marley -with lyrics\" width=\"500\" height=\"281\" src=\"https:\/\/www.youtube.com\/embed\/v7ZzlCP7oAw?feature=oembed\" frameborder=\"0\" allow=\"accelerometer; autoplay; clipboard-write; encrypted-media; gyroscope; picture-in-picture; web-share\" referrerpolicy=\"strict-origin-when-cross-origin\" allowfullscreen><\/iframe>\n<\/div><figcaption class=\"wp-element-caption\">YouTube: Get Up Stand Up -Bob Marley -with lyrics <\/figcaption><\/figure>\n\n\n\n<p><\/p>\n\n\n\n<p><\/p>\n\n\n\n<p class=\"has-black-color has-text-color\" style=\"font-size:14px\"><strong>Thomas Mapfumo aus Zimbabwe<\/strong><\/p>\n\n\n\n<p style=\"font-size:14px\"><strong>\u201eZimbabwe is a lost country!\u201c<\/strong><\/p>\n\n\n\n<figure class=\"wp-block-image size-full\"><a href=\"https:\/\/muenster.org\/afrika-checken\/wp-content\/uploads\/2023\/06\/grafik-5.png\"><img loading=\"lazy\" decoding=\"async\" width=\"150\" height=\"75\" src=\"https:\/\/muenster.org\/afrika-checken\/wp-content\/uploads\/2023\/06\/grafik-5.png\" alt=\"\" class=\"wp-image-5563\"\/><\/a><\/figure>\n\n\n\n<figure class=\"wp-block-image size-medium\"><a href=\"https:\/\/muenster.org\/afrika-checken\/wp-content\/uploads\/2014\/12\/Thomas-Mapfumo_Simbabwe.jpg\"><img loading=\"lazy\" decoding=\"async\" width=\"300\" height=\"199\" src=\"https:\/\/muenster.org\/afrika-checken\/wp-content\/uploads\/2014\/12\/Thomas-Mapfumo_Simbabwe-300x199.jpg\" alt=\"\" class=\"wp-image-2560\" srcset=\"https:\/\/muenster.org\/afrika-checken\/wp-content\/uploads\/2014\/12\/Thomas-Mapfumo_Simbabwe-300x199.jpg 300w, https:\/\/muenster.org\/afrika-checken\/wp-content\/uploads\/2014\/12\/Thomas-Mapfumo_Simbabwe-1024x679.jpg 1024w\" sizes=\"auto, (max-width: 300px) 100vw, 300px\" \/><\/a><\/figure>\n\n\n\n<p><\/p>\n\n\n\n<figure class=\"wp-block-embed is-type-video is-provider-youtube wp-block-embed-youtube wp-embed-aspect-16-9 wp-has-aspect-ratio\"><div class=\"wp-block-embed__wrapper\">\n<iframe loading=\"lazy\" title=\"Thomas Mapfumo  August 13, 2022\" width=\"500\" height=\"281\" src=\"https:\/\/www.youtube.com\/embed\/H8vvbfFNqiE?feature=oembed\" frameborder=\"0\" allow=\"accelerometer; autoplay; clipboard-write; encrypted-media; gyroscope; picture-in-picture; web-share\" referrerpolicy=\"strict-origin-when-cross-origin\" allowfullscreen><\/iframe>\n<\/div><figcaption class=\"wp-element-caption\">YouTube: <span style=\"mso-fareast-font-family:&quot;Times New Roman&quot;;\nmso-bidi-font-family:Calibri;mso-bidi-theme-font:minor-latin;mso-font-kerning:\n18.0pt;mso-ligatures:none;mso-fareast-language:DE\">Thomas Mapfumo August 13<\/span>, 2022 <\/figcaption><\/figure>\n\n\n\n<p><\/p>\n\n\n\n<p class=\"has-black-color has-text-color has-link-color wp-elements-3233a0208eeb77da96b587912518c071\" style=\"font-size:14px\"><strong>Mighty Sparrow<\/strong><\/p>\n\n\n\n<p class=\"has-link-color wp-elements-f3d10b581324002bd78a0207c427059d\" style=\"font-size:14px\"><strong>&#8222;Why have we cast aside intelligence and abandon common sense with unprecedented violence for which there is no known defense?&#8220;<\/strong><\/p>\n\n\n\n<figure class=\"wp-block-image size-full\"><a href=\"https:\/\/muenster.org\/afrika-checken\/wp-content\/uploads\/2023\/06\/grafik-6.png\"><img loading=\"lazy\" decoding=\"async\" width=\"150\" height=\"90\" src=\"https:\/\/muenster.org\/afrika-checken\/wp-content\/uploads\/2023\/06\/grafik-6.png\" alt=\"\" class=\"wp-image-5567\"\/><\/a><\/figure>\n\n\n\n<p><a href=\"https:\/\/muenster.org\/afrika-checken\/wp-content\/uploads\/2014\/12\/150px-Flag_of_Nigeria.svg_1.png\"><\/a><\/p>\n\n\n\n<div class=\"wp-block-group\"><div class=\"wp-block-group__inner-container is-layout-constrained wp-block-group-is-layout-constrained\">\n<figure class=\"wp-block-image size-medium\"><a href=\"https:\/\/muenster.org\/afrika-checken\/wp-content\/uploads\/2014\/12\/Mighty-Sparrow_Trinidad.jpg\"><img loading=\"lazy\" decoding=\"async\" width=\"199\" height=\"300\" src=\"https:\/\/muenster.org\/afrika-checken\/wp-content\/uploads\/2014\/12\/Mighty-Sparrow_Trinidad-199x300.jpg\" alt=\"\" class=\"wp-image-2564\" srcset=\"https:\/\/muenster.org\/afrika-checken\/wp-content\/uploads\/2014\/12\/Mighty-Sparrow_Trinidad-199x300.jpg 199w, https:\/\/muenster.org\/afrika-checken\/wp-content\/uploads\/2014\/12\/Mighty-Sparrow_Trinidad-679x1024.jpg 679w, https:\/\/muenster.org\/afrika-checken\/wp-content\/uploads\/2014\/12\/Mighty-Sparrow_Trinidad.jpg 1496w\" sizes=\"auto, (max-width: 199px) 100vw, 199px\" \/><\/a><\/figure>\n<\/div><\/div>\n\n\n\n<p><\/p>\n\n\n\n<figure class=\"wp-block-embed is-type-video is-provider-youtube wp-block-embed-youtube wp-embed-aspect-4-3 wp-has-aspect-ratio\"><div class=\"wp-block-embed__wrapper\">\n<iframe loading=\"lazy\" title=\"Mighty Sparrow - London &quot;LIVE&quot;\" width=\"500\" height=\"375\" src=\"https:\/\/www.youtube.com\/embed\/XvcbCI0IvXo?feature=oembed\" frameborder=\"0\" allow=\"accelerometer; autoplay; clipboard-write; encrypted-media; gyroscope; picture-in-picture; web-share\" referrerpolicy=\"strict-origin-when-cross-origin\" allowfullscreen><\/iframe>\n<\/div><figcaption class=\"wp-element-caption\">Youtube: <span style=\"mso-fareast-font-family:&quot;Times New Roman&quot;;\nmso-bidi-font-family:Calibri;mso-bidi-theme-font:minor-latin;mso-font-kerning:\n18.0pt;mso-ligatures:none;mso-fareast-language:DE\">Mighty Sparrow &#8211; London&#8220;LIVE&#8220;<\/span> <\/figcaption><\/figure>\n\n\n\n<p><\/p>\n\n\n\n<p style=\"font-size:14px\"><strong>Global Heroes &#8211; Musik als politische Waffe: <\/strong><br><strong>Teams aus dem Kunstkurs Geschwister-Scholl-Gymnasium (2015)<\/strong><\/p>\n\n\n\n<figure class=\"wp-block-image size-large\"><a href=\"https:\/\/muenster.org\/afrika-checken\/wp-content\/uploads\/2008\/06\/Global-Heroes_Gruppenbild.jpg\"><img loading=\"lazy\" decoding=\"async\" width=\"1024\" height=\"662\" src=\"https:\/\/muenster.org\/afrika-checken\/wp-content\/uploads\/2008\/06\/Global-Heroes_Gruppenbild-1024x662.jpg\" alt=\"\" class=\"wp-image-2635\" srcset=\"https:\/\/muenster.org\/afrika-checken\/wp-content\/uploads\/2008\/06\/Global-Heroes_Gruppenbild-1024x662.jpg 1024w, https:\/\/muenster.org\/afrika-checken\/wp-content\/uploads\/2008\/06\/Global-Heroes_Gruppenbild-300x194.jpg 300w\" sizes=\"auto, (max-width: 1024px) 100vw, 1024px\" \/><\/a><figcaption class=\"wp-element-caption\"> Bild\u00a9 Checkpoint Afrika e.V.<\/figcaption><\/figure>\n\n\n\n<p style=\"font-size:12px\"><br><br><strong>Danke an alle Beteiligten, die das Projekt in vorbildhafter Gemeinschaftsarbeit so motiviert und kreativ gestaltet und pr\u00e4sentiert haben! Insbesondere an die Sch\u00fclerinnen und Sch\u00fcler: Danke f\u00fcr eure engagierte und wertvolle Mitarbeit!!!<\/strong><\/p>\n\n\n\n<p><\/p>\n","protected":false},"excerpt":{"rendered":"<p>Global Heroes: Musik als politische Waffe (Teil III) Im f\u00e4cher\u00fcbergreifenden Unterricht (Musik\/Kunst) gestalteten die Sch\u00fclerinnen und Sch\u00fcler des Kunstgrundkurses der Jahrgangsstufe 11 die k\u00fcnstlerischen Portr\u00e4ts von sechs Ausnahmemusikern aus Afrika, S\u00fcdamerika und der Karibik (Collagen 80&#215;100 cm).&nbsp;Jeder der bedeutenden K\u00fcnstler verk\u00f6rpert eine Musikrichtung, die er nicht nur entscheidend gepr\u00e4gt, sondern auch weltweit bekannt gemacht hat. [&hellip;]<\/p>\n","protected":false},"author":4,"featured_media":0,"parent":2344,"menu_order":15,"comment_status":"closed","ping_status":"closed","template":"","meta":{"footnotes":""},"class_list":["post-5065","page","type-page","status-publish","hentry"],"_links":{"self":[{"href":"https:\/\/muenster.org\/afrika-checken\/index.php?rest_route=\/wp\/v2\/pages\/5065","targetHints":{"allow":["GET"]}}],"collection":[{"href":"https:\/\/muenster.org\/afrika-checken\/index.php?rest_route=\/wp\/v2\/pages"}],"about":[{"href":"https:\/\/muenster.org\/afrika-checken\/index.php?rest_route=\/wp\/v2\/types\/page"}],"author":[{"embeddable":true,"href":"https:\/\/muenster.org\/afrika-checken\/index.php?rest_route=\/wp\/v2\/users\/4"}],"replies":[{"embeddable":true,"href":"https:\/\/muenster.org\/afrika-checken\/index.php?rest_route=%2Fwp%2Fv2%2Fcomments&post=5065"}],"version-history":[{"count":232,"href":"https:\/\/muenster.org\/afrika-checken\/index.php?rest_route=\/wp\/v2\/pages\/5065\/revisions"}],"predecessor-version":[{"id":9016,"href":"https:\/\/muenster.org\/afrika-checken\/index.php?rest_route=\/wp\/v2\/pages\/5065\/revisions\/9016"}],"up":[{"embeddable":true,"href":"https:\/\/muenster.org\/afrika-checken\/index.php?rest_route=\/wp\/v2\/pages\/2344"}],"wp:attachment":[{"href":"https:\/\/muenster.org\/afrika-checken\/index.php?rest_route=%2Fwp%2Fv2%2Fmedia&parent=5065"}],"curies":[{"name":"wp","href":"https:\/\/api.w.org\/{rel}","templated":true}]}}