{"id":5343,"date":"2023-06-04T10:10:00","date_gmt":"2023-06-04T08:10:00","guid":{"rendered":"https:\/\/muenster.org\/afrika-checken\/?page_id=5343"},"modified":"2026-01-04T13:14:46","modified_gmt":"2026-01-04T11:14:46","slug":"im-ueberblick","status":"publish","type":"page","link":"https:\/\/muenster.org\/afrika-checken\/?page_id=5343","title":{"rendered":"Im \u00dcberblick"},"content":{"rendered":"\n<p style=\"font-size:14px\"><strong>Global Heroes &#8211; Heldinnen und Helden aus Afrika<\/strong><\/p>\n\n\n\n<p class=\"has-black-color has-text-color has-link-color wp-elements-e7b03e350c1bc4416eaf480656ab6f3c\" style=\"font-size:14px\">Die neunzehn ausgew\u00e4hlten Identifikationsfiguren repr\u00e4sentieren ein k\u00e4mpferisches, kreatives, reiches und stolzes Afrika, das seine Kraft aus dem ungeheuren Potential seiner Menschen und Kulturen sch\u00f6pft. Die charismatischen Frauen und M\u00e4nner stehen stellvertretend f\u00fcr unz\u00e4hlige andere mutige afrikanische Aktivistinnen und Aktivisten, die sich tagt\u00e4glich, oft unter Einsatz ihres Lebens, gegen soziale Missst\u00e4nde, politische Willk\u00fcr und Umweltzerst\u00f6rung wehren.<\/p>\n\n\n\n<p class=\"has-black-color has-text-color\"><strong>Teil I<\/strong> (Pilotprojekt, 2010) <\/p>\n\n\n\n<ul class=\"wp-block-list has-black-color has-text-color has-link-color wp-elements-ee72d7c3803cadfd4f0b520ccc5f17a7\">\n<li><strong>Wangari Maathai aus Kenia<\/strong> <strong>(* 1940, \u2020 2011)<\/strong><br> Frauen- und Umweltaktivistin, Friedensnobelpreistr\u00e4gerin <\/li>\n\n\n\n<li class=\"has-black-color has-text-color has-link-color wp-elements-9d5ca6452c9f9e1469dc95c5714b5901\" style=\"font-size:14px\"><strong>Thomas Sankara aus Burkina Faso<\/strong> <strong>(* 1949, \u2020 1987)<\/strong><br>Revolution\u00e4rer Staatspr\u00e4sident aus Burkina Faso; Verfechter der Entkolonisierung<\/li>\n\n\n\n<li><strong>Ellen Johnson Sirleaf aus Liberia<\/strong> <strong>(* 1942)<\/strong><br>Friedensnobelpreistr\u00e4gerin; Wirtschaftsexpertin; erste afrikanische Staatspr\u00e4sidentin<\/li>\n\n\n\n<li><strong>Lucky Dube aus S\u00fcdafrika<\/strong> <strong>(* 1964; \u2020 2007)<\/strong><br>Musiker und Anti-Apartheid-Aktivist<\/li>\n\n\n\n<li><strong>Oumou Sangar\u00e9 aus Mali<\/strong> <strong>(* 1968)<\/strong><br>Musikikone, S\u00e4ngerin und Frauenaktivistin<\/li>\n\n\n\n<li><strong>Ousmane Semb\u00e8ne aus dem Senegal (* 1923, \u2020 2007)<\/strong><br>Schriftsteller, Filmemacher und Filmproduzent, Pionier der afrikanischen Filmkunst<\/li>\n\n\n\n<li><strong>Ama Ata Aidoo aus Ghana (* 1942, <strong>\u2020<\/strong> 2023)<\/strong><br>Schriftstellerin, Frauenaktivistin und Politikerin<br><\/li>\n<\/ul>\n\n\n\n<p><strong>Teil II<\/strong> (2014)<\/p>\n\n\n\n<ul class=\"wp-block-list has-black-color has-text-color\">\n<li><strong>Ken Saro-Wiwa aus Nigeria (* 1941, \u2020 1995)<\/strong><br> Schriftsteller, Journalist, Aktivist gegen Diktatur und Umweltzerst\u00f6rung<\/li>\n\n\n\n<li class=\"has-black-color has-text-color has-link-color wp-elements-417bd1d70bd7bbda8720971ea95782a6\" style=\"font-size:14px\"><strong>Waris Dirie aus Somalia (*1965)<\/strong><br> Top Model, Frauenaktivistin und Schriftstellerin  <\/li>\n\n\n\n<li><strong>Haile Gerima aus \u00c4thiopien (*1946)<\/strong><br>Filmemacher; Honorarprofessor f\u00fcr Filmbildung<\/li>\n\n\n\n<li><strong>Angelique Kidjo aus Benin<\/strong> <strong>(*1960)<\/strong><br>S\u00e4ngerin, Frauenaktivistin und Kulturbotschafterin<\/li>\n\n\n\n<li><strong>Steve Biko aus S\u00fcdafrika (*1946,\u2020 1977) <\/strong><br>Anti-Apartheidsk\u00e4mpfer, Gr\u00fcnder der Black Consciousness Bewegung in S\u00fcdafrika<\/li>\n\n\n\n<li><strong>Leymah Gbowee aus Liberia (*1972)<\/strong><br>Politikerin, Friedens- und Frauenaktivistin, Friedensnobelpreistr\u00e4gerin <\/li>\n<\/ul>\n\n\n\n<p class=\"has-text-align-left has-black-color has-text-color has-link-color wp-elements-65a987e40bc255cd1b76259c00769229\"><strong>Teil III<\/strong> (2015)<br><strong>Musik als politische Waffe<\/strong><\/p>\n\n\n\n<ul class=\"wp-block-list has-black-color has-text-color\">\n<li><strong>Bonga Kuenda aus Angola (* 1942)<\/strong><br>( Musiker; Musikstil: Semba, Kizomba)<\/li>\n\n\n\n<li><strong>Gilberto Gil aus Brasilien (* 1942)<\/strong><br>Musiker; Musikstil: Tropicalismo, M\u00fasica Popular Brasileira<\/li>\n\n\n\n<li><strong>Fela Kuti aus Nigeria (* 1938, \u2020 1997)<\/strong><br>Musiker; Musikstil: Afrobeat<\/li>\n\n\n\n<li><strong>Bob Marley aus Jamaika (* 1945, \u2020 1981)<\/strong><br>Musiker; Musikstil: Reggae<\/li>\n\n\n\n<li><strong>Thomas Mapfumo aus Simbabwe (* 1945)<\/strong><br>Musiker; Musikstil: Chimurenga<\/li>\n\n\n\n<li><strong>Mighty Sparrow aus Trinidad (* 1935 auf Grenada) <\/strong><br>Musiker; Musikstil: Calypso<\/li>\n<\/ul>\n\n\n\n<p class=\"has-black-color has-text-color has-link-color wp-elements-a1fedeb3ab443a2ff123d4c6aa18006b\" style=\"font-size:14px\">Zehn der neunzehn Heldinnen und Helden werden im begleitenden Unterrichtsmaterial vorgestellt.<\/p>\n\n\n\n<p><\/p>\n\n\n\n<p class=\"has-black-color has-text-color has-link-color wp-elements-9ac00cf961d1ea846fe5a532228b76c6\"><\/p>\n\n\n\n<p><\/p>\n\n\n\n<p><\/p>\n\n\n\n<p class=\"has-luminous-vivid-orange-color has-text-color has-link-color has-medium-font-size wp-elements-781b4dcc3c14ca56b1c325c471017ed1\"><\/p>\n\n\n\n<p><\/p>\n","protected":false},"excerpt":{"rendered":"<p>Global Heroes &#8211; Heldinnen und Helden aus Afrika Die neunzehn ausgew\u00e4hlten Identifikationsfiguren repr\u00e4sentieren ein k\u00e4mpferisches, kreatives, reiches und stolzes Afrika, das seine Kraft aus dem ungeheuren Potential seiner Menschen und Kulturen sch\u00f6pft. Die charismatischen Frauen und M\u00e4nner stehen stellvertretend f\u00fcr unz\u00e4hlige andere mutige afrikanische Aktivistinnen und Aktivisten, die sich tagt\u00e4glich, oft unter Einsatz ihres Lebens, [&hellip;]<\/p>\n","protected":false},"author":4,"featured_media":0,"parent":1044,"menu_order":1,"comment_status":"closed","ping_status":"closed","template":"","meta":{"footnotes":""},"class_list":["post-5343","page","type-page","status-publish","hentry"],"_links":{"self":[{"href":"https:\/\/muenster.org\/afrika-checken\/index.php?rest_route=\/wp\/v2\/pages\/5343","targetHints":{"allow":["GET"]}}],"collection":[{"href":"https:\/\/muenster.org\/afrika-checken\/index.php?rest_route=\/wp\/v2\/pages"}],"about":[{"href":"https:\/\/muenster.org\/afrika-checken\/index.php?rest_route=\/wp\/v2\/types\/page"}],"author":[{"embeddable":true,"href":"https:\/\/muenster.org\/afrika-checken\/index.php?rest_route=\/wp\/v2\/users\/4"}],"replies":[{"embeddable":true,"href":"https:\/\/muenster.org\/afrika-checken\/index.php?rest_route=%2Fwp%2Fv2%2Fcomments&post=5343"}],"version-history":[{"count":103,"href":"https:\/\/muenster.org\/afrika-checken\/index.php?rest_route=\/wp\/v2\/pages\/5343\/revisions"}],"predecessor-version":[{"id":8509,"href":"https:\/\/muenster.org\/afrika-checken\/index.php?rest_route=\/wp\/v2\/pages\/5343\/revisions\/8509"}],"up":[{"embeddable":true,"href":"https:\/\/muenster.org\/afrika-checken\/index.php?rest_route=\/wp\/v2\/pages\/1044"}],"wp:attachment":[{"href":"https:\/\/muenster.org\/afrika-checken\/index.php?rest_route=%2Fwp%2Fv2%2Fmedia&parent=5343"}],"curies":[{"name":"wp","href":"https:\/\/api.w.org\/{rel}","templated":true}]}}