{"id":5924,"date":"2024-02-25T15:42:01","date_gmt":"2024-02-25T13:42:01","guid":{"rendered":"https:\/\/muenster.org\/afrika-checken\/?page_id=5924"},"modified":"2026-04-17T19:20:26","modified_gmt":"2026-04-17T17:20:26","slug":"filmmaterial","status":"publish","type":"page","link":"https:\/\/muenster.org\/afrika-checken\/?page_id=5924","title":{"rendered":"Teil I &#8211;  Personeninfos"},"content":{"rendered":"\n<p class=\"has-black-color has-text-color has-link-color wp-elements-5f3000bcdd0b5ef4e6ac67f646c11bbb\" style=\"font-size:14px\">Die Videobeitr\u00e4ge zum Pilotprojekt Global Heroes &#8211; Heldinnen und Helden aus Afrika (Teil I) veranschaulichen die inspirierende, revolution\u00e4re und richtungsweisende Arbeit von Wangari Maathai aus Kenia, Thomas Sankara aus Burkina Faso, Ellen Johnson Sirleaf aus Liberia, Lucky Dube aus S\u00fcdafrika, Oumou Sangar\u00e9 aus Mali, Ousmane Semb\u00e8ne aus dem Senegal und Ama Ata Aidoo aus Ghana. <\/p>\n\n\n\n<p class=\"has-black-color has-text-color has-link-color wp-elements-6bd3062cebfbf605141942e8189b129f\" style=\"font-size:14px\"><strong>Wangari Maathai &#8211; Politikerin, Frauen- und Umweltaktivistin, Nobelpreistr\u00e4gerin aus Kenia<\/strong> <\/p>\n\n\n\n<figure class=\"wp-block-embed is-type-video is-provider-youtube wp-block-embed-youtube wp-embed-aspect-4-3 wp-has-aspect-ratio\"><div class=\"wp-block-embed__wrapper\">\n<iframe loading=\"lazy\" title=\"Taking root The vision of Wangari Maathai\" width=\"500\" height=\"375\" src=\"https:\/\/www.youtube.com\/embed\/V8mP_rgz7sA?feature=oembed\" frameborder=\"0\" allow=\"accelerometer; autoplay; clipboard-write; encrypted-media; gyroscope; picture-in-picture; web-share\" referrerpolicy=\"strict-origin-when-cross-origin\" allowfullscreen><\/iframe>\n<\/div><\/figure>\n\n\n\n<figure class=\"wp-block-embed is-type-video is-provider-youtube wp-block-embed-youtube wp-embed-aspect-16-9 wp-has-aspect-ratio\"><div class=\"wp-block-embed__wrapper\">\n<iframe loading=\"lazy\" title=\"Global Voices | Taking Root: The Vision of Wangari Maathai | Trailer | ITVS\" width=\"500\" height=\"281\" src=\"https:\/\/www.youtube.com\/embed\/xkcD6jCIGGY?feature=oembed\" frameborder=\"0\" allow=\"accelerometer; autoplay; clipboard-write; encrypted-media; gyroscope; picture-in-picture; web-share\" referrerpolicy=\"strict-origin-when-cross-origin\" allowfullscreen><\/iframe>\n<\/div><\/figure>\n\n\n\n<p><\/p>\n\n\n\n<p><\/p>\n\n\n\n<p><\/p>\n\n\n\n<p><\/p>\n\n\n\n<p class=\"has-black-color has-text-color has-link-color wp-elements-6c57a773148d463bff505151277e6eac\" style=\"font-size:14px\"><strong>Thomas Sankara<\/strong> <strong>&#8211;<\/strong> <strong>revolution\u00e4rer und vision\u00e4rer Staatspr\u00e4sident aus Burkina Faso<\/strong><\/p>\n\n\n\n<figure class=\"wp-block-embed is-type-video is-provider-youtube wp-block-embed-youtube wp-embed-aspect-16-9 wp-has-aspect-ratio\"><div class=\"wp-block-embed__wrapper\">\n<iframe loading=\"lazy\" title=\"Capitaine Thomas Sankara | Official Trailer 2012 HD\" width=\"500\" height=\"281\" src=\"https:\/\/www.youtube.com\/embed\/FAE4Ouh9CFI?feature=oembed\" frameborder=\"0\" allow=\"accelerometer; autoplay; clipboard-write; encrypted-media; gyroscope; picture-in-picture; web-share\" referrerpolicy=\"strict-origin-when-cross-origin\" allowfullscreen><\/iframe>\n<\/div><figcaption class=\"wp-element-caption\">Filmtrailer auf YouTube (2:05 Min.): Capitaine Thomas Sankara<\/figcaption><\/figure>\n\n\n\n<p><\/p>\n\n\n\n<figure class=\"wp-block-embed is-type-video is-provider-youtube wp-block-embed-youtube wp-embed-aspect-4-3 wp-has-aspect-ratio\"><div class=\"wp-block-embed__wrapper\">\n<iframe loading=\"lazy\" title=\"Thomas Sankara POWERFUL interview (May 1987), just five months before his ASSASSINATION\" width=\"500\" height=\"375\" src=\"https:\/\/www.youtube.com\/embed\/_g-xWj3S2UQ?feature=oembed\" frameborder=\"0\" allow=\"accelerometer; autoplay; clipboard-write; encrypted-media; gyroscope; picture-in-picture; web-share\" referrerpolicy=\"strict-origin-when-cross-origin\" allowfullscreen><\/iframe>\n<\/div><figcaption class=\"wp-element-caption\">YouTube: Thomas Sankara POWERFUL interview (May 1987), just five months before his ASSASSINATION, Pan-African Daily TV (Ausschnitt 2:21)<br>&nbsp;<\/figcaption><\/figure>\n\n\n\n<p><\/p>\n\n\n\n<p class=\"has-black-color has-text-color has-link-color wp-elements-30aac18aa3196cb1d829a01eaebc1163\" style=\"font-size:14px\"><br><\/p>\n\n\n\n<p><\/p>\n\n\n\n<p><\/p>\n\n\n\n<p><\/p>\n\n\n\n<p class=\"has-black-color has-text-color has-link-color wp-elements-9ac00cf961d1ea846fe5a532228b76c6\"><\/p>\n\n\n\n<p><strong> <\/strong><\/p>\n\n\n\n<p><\/p>\n\n\n\n<p class=\"has-black-color has-text-color has-link-color wp-elements-5ab1b6e21ba1818d91a93096b79b0827\" style=\"font-size:14px\"><strong>Ellen Johnson Sirleaf<\/strong> <strong>&#8211;<\/strong> <strong>erste afrikanische Staatspr\u00e4sidentin und Nobelpreistr\u00e4gerin aus Liberia<\/strong><br><\/p>\n\n\n\n<p class=\"has-black-color has-text-color has-link-color wp-elements-bfc48396da44d453b2bbcea4e9c928aa\"><br><\/p>\n\n\n\n<figure class=\"wp-block-embed is-type-video is-provider-youtube wp-block-embed-youtube wp-embed-aspect-16-9 wp-has-aspect-ratio\"><div class=\"wp-block-embed__wrapper\">\n<iframe loading=\"lazy\" title=\"Ellen Johnson Sirleaf speech on Liberia | European Parliament\" width=\"500\" height=\"281\" src=\"https:\/\/www.youtube.com\/embed\/qSBT7uyb6LE?feature=oembed\" frameborder=\"0\" allow=\"accelerometer; autoplay; clipboard-write; encrypted-media; gyroscope; picture-in-picture; web-share\" referrerpolicy=\"strict-origin-when-cross-origin\" allowfullscreen><\/iframe>\n<\/div><figcaption class=\"wp-element-caption\">YouTube: Ellen Johnson Sirleafs Rede \u00fcber Liberia | Europ\u00e4isches Parlament (3:27 Min.)<\/figcaption><\/figure>\n\n\n\n<p><\/p>\n\n\n\n<p class=\"has-black-color has-text-color has-link-color wp-elements-600c60c6be040802f3ad867805f28575\" style=\"font-size:14px\"><strong>Lucky Dube<\/strong> <strong>&#8211;<\/strong> <strong>Musiker und Anti-Apartheidsaktivist aus S\u00fcdafrika <\/strong><\/p>\n\n\n\n<p><\/p>\n\n\n\n<figure class=\"wp-block-embed is-type-video is-provider-youtube wp-block-embed-youtube wp-embed-aspect-4-3 wp-has-aspect-ratio\"><div class=\"wp-block-embed__wrapper\">\n<iframe loading=\"lazy\" title=\"Lucky Dube-Different Colours\" width=\"500\" height=\"375\" src=\"https:\/\/www.youtube.com\/embed\/c3yGT6xn8lc?feature=oembed\" frameborder=\"0\" allow=\"accelerometer; autoplay; clipboard-write; encrypted-media; gyroscope; picture-in-picture; web-share\" referrerpolicy=\"strict-origin-when-cross-origin\" allowfullscreen><\/iframe>\n<\/div><figcaption class=\"wp-element-caption\">YouTube: Lucky Dube-Different Colours (4:10 Min.)<\/figcaption><\/figure>\n\n\n\n<p><\/p>\n\n\n\n<p class=\"has-black-color has-text-color has-link-color wp-elements-820581a98bd57d12a7f06c3bde8f4be9\" style=\"font-size:14px\"><strong>Oumou Sangar\u00e9<\/strong> &#8211; <strong>S\u00e4ngerin und Frauenaktivistin aus Mali<\/strong><\/p>\n\n\n\n<p><\/p>\n\n\n\n<figure class=\"wp-block-embed is-type-video is-provider-youtube wp-block-embed-youtube wp-embed-aspect-16-9 wp-has-aspect-ratio\"><div class=\"wp-block-embed__wrapper\">\n<iframe loading=\"lazy\" title=\"Oumou Sangar\u00e9 - Wassulu Don (Official Video)\" width=\"500\" height=\"281\" src=\"https:\/\/www.youtube.com\/embed\/tulfimCd6JE?feature=oembed\" frameborder=\"0\" allow=\"accelerometer; autoplay; clipboard-write; encrypted-media; gyroscope; picture-in-picture; web-share\" referrerpolicy=\"strict-origin-when-cross-origin\" allowfullscreen><\/iframe>\n<\/div><figcaption class=\"wp-element-caption\">YouTube: Oumou Sangar\u00e9 &#8211; Wassulu Don (Official Video), (3:35 Min.) <\/figcaption><\/figure>\n\n\n\n<p><\/p>\n\n\n\n<p class=\"has-black-color has-text-color has-link-color wp-elements-31011d06265ba7c72c0aec8ec551d94e\" style=\"font-size:14px\"><strong>Ousmane Semb\u00e8ne<\/strong> &#8211; <strong>Schriftsteller und Filmemacher aus dem Senegal<\/strong><\/p>\n\n\n\n<p><\/p>\n\n\n\n<figure class=\"wp-block-embed is-type-video is-provider-youtube wp-block-embed-youtube wp-embed-aspect-16-9 wp-has-aspect-ratio\"><div class=\"wp-block-embed__wrapper\">\n<iframe loading=\"lazy\" title=\"SEMB\u00c8NE 100 - Original Trailer\" width=\"500\" height=\"281\" src=\"https:\/\/www.youtube.com\/embed\/JuutNTgYH24?feature=oembed\" frameborder=\"0\" allow=\"accelerometer; autoplay; clipboard-write; encrypted-media; gyroscope; picture-in-picture; web-share\" referrerpolicy=\"strict-origin-when-cross-origin\" allowfullscreen><\/iframe>\n<\/div><figcaption class=\"wp-element-caption\">YouTube: SEMB\u00c8NE 100 &#8211; Original Trailer, A celebration of revolutionary filmmaking (1.38 Min.)<\/figcaption><\/figure>\n\n\n\n<p><\/p>\n\n\n\n<figure class=\"wp-block-embed is-type-video is-provider-youtube wp-block-embed-youtube wp-embed-aspect-16-9 wp-has-aspect-ratio\"><div class=\"wp-block-embed__wrapper\">\n<iframe loading=\"lazy\" title=\"Ousmane Semb\u00e8ne on Cinema as Activism\" width=\"500\" height=\"281\" src=\"https:\/\/www.youtube.com\/embed\/u9LP4nxomnc?feature=oembed\" frameborder=\"0\" allow=\"accelerometer; autoplay; clipboard-write; encrypted-media; gyroscope; picture-in-picture; web-share\" referrerpolicy=\"strict-origin-when-cross-origin\" allowfullscreen><\/iframe>\n<\/div><figcaption class=\"wp-element-caption\">YouTube: Ousmane Semb\u00e8ne on Cinema as Activism (Interviewausschnitt 1:21 Min.)<\/figcaption><\/figure>\n\n\n\n<p>Sembene! &#8211; Official Trailer (1:34 Min.)<\/p>\n\n\n\n<figure class=\"wp-block-embed is-type-video is-provider-youtube wp-block-embed-youtube wp-embed-aspect-16-9 wp-has-aspect-ratio\"><div class=\"wp-block-embed__wrapper\">\n<iframe loading=\"lazy\" title=\"Sembene! - Official Trailer\" width=\"500\" height=\"281\" src=\"https:\/\/www.youtube.com\/embed\/wSpIvrfUMac?feature=oembed\" frameborder=\"0\" allow=\"accelerometer; autoplay; clipboard-write; encrypted-media; gyroscope; picture-in-picture; web-share\" referrerpolicy=\"strict-origin-when-cross-origin\" allowfullscreen><\/iframe>\n<\/div><figcaption class=\"wp-element-caption\">YouTube: Sembene! &#8211; Official Trailer (1:34 Min.)<\/figcaption><\/figure>\n\n\n\n<p><\/p>\n\n\n\n<p class=\"has-black-color has-text-color has-link-color wp-elements-7be820ea10430faa5c495e391aa53f95\" style=\"font-size:14px\"><strong>Ama Ata Aidoo<\/strong> <strong>&#8211; Schriftstellerin und Frauenaktivistin<\/strong> <strong>aus Ghana<\/strong><\/p>\n\n\n\n<p>Trailer for Yaba Badeo&#8217;s film THE ART OF AMA ATA AIDOO (3:33 Min.)<\/p>\n\n\n\n<figure class=\"wp-block-embed is-type-video is-provider-youtube wp-block-embed-youtube wp-embed-aspect-16-9 wp-has-aspect-ratio\"><div class=\"wp-block-embed__wrapper\">\n<iframe loading=\"lazy\" title=\"THE ART OF AMA ATA AIDOO on kweliTV\" width=\"500\" height=\"281\" src=\"https:\/\/www.youtube.com\/embed\/otmwZQB09ZQ?feature=oembed\" frameborder=\"0\" allow=\"accelerometer; autoplay; clipboard-write; encrypted-media; gyroscope; picture-in-picture; web-share\" referrerpolicy=\"strict-origin-when-cross-origin\" allowfullscreen><\/iframe>\n<\/div><figcaption class=\"wp-element-caption\">YouTube: Trailer for Yaba Badeo&#8217;s film THE ART OF AMA ATA AIDOO<\/figcaption><\/figure>\n\n\n\n<p><\/p>\n\n\n\n<figure class=\"wp-block-embed is-type-video is-provider-youtube wp-block-embed-youtube wp-embed-aspect-16-9 wp-has-aspect-ratio\"><div class=\"wp-block-embed__wrapper\">\n<iframe loading=\"lazy\" title=\"Ama Ata Aidoo on feminism in Africa - BBC HARDtalk\" width=\"500\" height=\"281\" src=\"https:\/\/www.youtube.com\/embed\/W_gJwy9yjrk?feature=oembed\" frameborder=\"0\" allow=\"accelerometer; autoplay; clipboard-write; encrypted-media; gyroscope; picture-in-picture; web-share\" referrerpolicy=\"strict-origin-when-cross-origin\" allowfullscreen><\/iframe>\n<\/div><figcaption class=\"wp-element-caption\">YouTube: Ama Ata Aidoo on feminism in Africa &#8211; BBC HARDtalk (3:07)<\/figcaption><\/figure>\n\n\n\n<p><\/p>\n","protected":false},"excerpt":{"rendered":"<p>Die Videobeitr\u00e4ge zum Pilotprojekt Global Heroes &#8211; Heldinnen und Helden aus Afrika (Teil I) veranschaulichen die inspirierende, revolution\u00e4re und richtungsweisende Arbeit von Wangari Maathai aus Kenia, Thomas Sankara aus Burkina Faso, Ellen Johnson Sirleaf aus Liberia, Lucky Dube aus S\u00fcdafrika, Oumou Sangar\u00e9 aus Mali, Ousmane Semb\u00e8ne aus dem Senegal und Ama Ata Aidoo aus Ghana. [&hellip;]<\/p>\n","protected":false},"author":4,"featured_media":0,"parent":0,"menu_order":8,"comment_status":"closed","ping_status":"closed","template":"","meta":{"footnotes":""},"class_list":["post-5924","page","type-page","status-publish","hentry"],"_links":{"self":[{"href":"https:\/\/muenster.org\/afrika-checken\/index.php?rest_route=\/wp\/v2\/pages\/5924","targetHints":{"allow":["GET"]}}],"collection":[{"href":"https:\/\/muenster.org\/afrika-checken\/index.php?rest_route=\/wp\/v2\/pages"}],"about":[{"href":"https:\/\/muenster.org\/afrika-checken\/index.php?rest_route=\/wp\/v2\/types\/page"}],"author":[{"embeddable":true,"href":"https:\/\/muenster.org\/afrika-checken\/index.php?rest_route=\/wp\/v2\/users\/4"}],"replies":[{"embeddable":true,"href":"https:\/\/muenster.org\/afrika-checken\/index.php?rest_route=%2Fwp%2Fv2%2Fcomments&post=5924"}],"version-history":[{"count":134,"href":"https:\/\/muenster.org\/afrika-checken\/index.php?rest_route=\/wp\/v2\/pages\/5924\/revisions"}],"predecessor-version":[{"id":9104,"href":"https:\/\/muenster.org\/afrika-checken\/index.php?rest_route=\/wp\/v2\/pages\/5924\/revisions\/9104"}],"wp:attachment":[{"href":"https:\/\/muenster.org\/afrika-checken\/index.php?rest_route=%2Fwp%2Fv2%2Fmedia&parent=5924"}],"curies":[{"name":"wp","href":"https:\/\/api.w.org\/{rel}","templated":true}]}}