{"id":5928,"date":"2024-02-25T15:45:57","date_gmt":"2024-02-25T13:45:57","guid":{"rendered":"https:\/\/muenster.org\/afrika-checken\/?page_id=5928"},"modified":"2026-01-04T13:21:24","modified_gmt":"2026-01-04T11:21:24","slug":"filmaterial","status":"publish","type":"page","link":"https:\/\/muenster.org\/afrika-checken\/?page_id=5928","title":{"rendered":"Teil II &#8211; Personeninfos"},"content":{"rendered":"\n<p class=\"has-black-color has-text-color has-link-color wp-elements-82c09e437418573affb2462e5c29d475\" style=\"font-size:14px\">Die Videobeitr\u00e4ge zum zweiten Teil der &#8222;Global Heroes \u2013 Heldinnen und Helden aus Afrika&#8220; veranschaulichen die inspirierende, revolution\u00e4re und richtungsweisende Arbeit von Leymah Gbowee aus Liberia, Haile Gerima aus \u00c4thiopien, Angelique Kidjo aus Benin, Steve Biko aus S\u00fcdafrika, Waris Dirie aus Somalia und Ken Saro-Wiwa aus Nigeria. <\/p>\n\n\n\n<p class=\"has-black-color has-text-color has-link-color wp-elements-f54f3428e78dc5a151c45bbea16e1b8f\" style=\"font-size:14px\"><strong>Leymah Gbowee \u2013 Frauen- und Friedensaktivistin, Friedensnobelpreistr\u00e4gerin aus Liberia<\/strong><\/p>\n\n\n\n<p><\/p>\n\n\n\n<figure class=\"wp-block-embed is-type-video is-provider-youtube wp-block-embed-youtube wp-embed-aspect-16-9 wp-has-aspect-ratio\"><div class=\"wp-block-embed__wrapper\">\n<iframe loading=\"lazy\" title=\"Leymah Gbowee\" width=\"500\" height=\"281\" src=\"https:\/\/www.youtube.com\/embed\/rKiEkNVNboY?start=18&#038;feature=oembed\" frameborder=\"0\" allow=\"accelerometer; autoplay; clipboard-write; encrypted-media; gyroscope; picture-in-picture; web-share\" referrerpolicy=\"strict-origin-when-cross-origin\" allowfullscreen><\/iframe>\n<\/div><figcaption class=\"wp-element-caption\">YouTube: Leymah Gbowee (4:20 Min.) <\/figcaption><\/figure>\n\n\n\n<p><\/p>\n\n\n\n<figure class=\"wp-block-embed is-type-video is-provider-youtube wp-block-embed-youtube wp-embed-aspect-16-9 wp-has-aspect-ratio\"><div class=\"wp-block-embed__wrapper\">\n<iframe loading=\"lazy\" title=\"Nobel Prize Laureate Leymah Gbowee&#039;s Story of Liberia&#039;s Women Movement to stop the Civil War\" width=\"500\" height=\"281\" src=\"https:\/\/www.youtube.com\/embed\/pBqH2RFqIUw?feature=oembed\" frameborder=\"0\" allow=\"accelerometer; autoplay; clipboard-write; encrypted-media; gyroscope; picture-in-picture; web-share\" referrerpolicy=\"strict-origin-when-cross-origin\" allowfullscreen><\/iframe>\n<\/div><figcaption class=\"wp-element-caption\">YouTube: Nobel Prize Laureate Leymah Gbowee&#8217;s Story of Liberia&#8217;s Women Movement to stop the Civil War (5:05 Min.)<br> <br><\/figcaption><\/figure>\n\n\n\n<p class=\"has-black-color has-text-color has-link-color wp-elements-d00c923e2de5a369679d07c6c2c4a6f9\" style=\"font-size:14px\"><strong>Haile Gerima &#8211; Filmemacher, Prof. f\u00fcr Filmbildung aus \u00c4thiopien<\/strong><\/p>\n\n\n\n<p><\/p>\n\n\n\n<figure class=\"wp-block-embed is-type-video is-provider-youtube wp-block-embed-youtube wp-embed-aspect-16-9 wp-has-aspect-ratio\"><div class=\"wp-block-embed__wrapper\">\n<iframe loading=\"lazy\" title=\"\u2018Sankofa\u2019 Conversation With Legendary Filmmaker Haile Gerima\" width=\"500\" height=\"281\" src=\"https:\/\/www.youtube.com\/embed\/00ZPGoLyZlA?feature=oembed\" frameborder=\"0\" allow=\"accelerometer; autoplay; clipboard-write; encrypted-media; gyroscope; picture-in-picture; web-share\" referrerpolicy=\"strict-origin-when-cross-origin\" allowfullscreen><\/iframe>\n<\/div><figcaption class=\"wp-element-caption\">\u2018YouTube: Sankofa\u2019 Conversation With Legendary Filmmaker Haile Gerima (5:21 Min.)<\/figcaption><\/figure>\n\n\n\n<p><\/p>\n\n\n\n<figure class=\"wp-block-embed is-type-video is-provider-youtube wp-block-embed-youtube wp-embed-aspect-16-9 wp-has-aspect-ratio\"><div class=\"wp-block-embed__wrapper\">\n<iframe loading=\"lazy\" title=\"Teza - Morgentau | Trailer D (2011)\" width=\"500\" height=\"281\" src=\"https:\/\/www.youtube.com\/embed\/dSOUUdqddZw?feature=oembed\" frameborder=\"0\" allow=\"accelerometer; autoplay; clipboard-write; encrypted-media; gyroscope; picture-in-picture; web-share\" referrerpolicy=\"strict-origin-when-cross-origin\" allowfullscreen><\/iframe>\n<\/div><figcaption class=\"wp-element-caption\">YouTube: Teza &#8211; Morgentau | Trailer D (2011), 1:01 Min.<\/figcaption><\/figure>\n\n\n\n<p class=\"has-black-color has-text-color has-link-color wp-elements-f616ab25e742873b5a34ec90bfe7f9de\" style=\"font-size:14px\"><strong>Angelique Kidjo &#8211; Musikerin, Frauenaktivistin und Kulturbotschafterin aus Benin<\/strong><\/p>\n\n\n\n<p><\/p>\n\n\n\n<figure class=\"wp-block-embed is-type-video is-provider-youtube wp-block-embed-youtube wp-embed-aspect-16-9 wp-has-aspect-ratio\"><div class=\"wp-block-embed__wrapper\">\n<iframe loading=\"lazy\" title=\"Angelique Kidjo - BOMBA\" width=\"500\" height=\"281\" src=\"https:\/\/www.youtube.com\/embed\/R_OsCfXPFWg?feature=oembed\" frameborder=\"0\" allow=\"accelerometer; autoplay; clipboard-write; encrypted-media; gyroscope; picture-in-picture; web-share\" referrerpolicy=\"strict-origin-when-cross-origin\" allowfullscreen><\/iframe>\n<\/div><figcaption class=\"wp-element-caption\">YouTube: Angelique Kidjo &#8211; BOMBA (3:43 Min.)<\/figcaption><\/figure>\n\n\n\n<p><\/p>\n\n\n\n<figure class=\"wp-block-embed is-type-video is-provider-youtube wp-block-embed-youtube wp-embed-aspect-16-9 wp-has-aspect-ratio\"><div class=\"wp-block-embed__wrapper\">\n<iframe loading=\"lazy\" title=\"Angelique Kidjo - Agolo - 8\/13\/2006 - Newport Jazz Festival (Official)\" width=\"500\" height=\"281\" src=\"https:\/\/www.youtube.com\/embed\/HKGm2PyzKSw?feature=oembed\" frameborder=\"0\" allow=\"accelerometer; autoplay; clipboard-write; encrypted-media; gyroscope; picture-in-picture; web-share\" referrerpolicy=\"strict-origin-when-cross-origin\" allowfullscreen><\/iframe>\n<\/div><figcaption class=\"wp-element-caption\">YouTube: Angelique Kidjo &#8211; Agolo &#8211; 8\/13\/2006 &#8211; Newport Jazz Festival (Official), (4:59 Min.)<\/figcaption><\/figure>\n\n\n\n<p class=\"has-black-color has-text-color has-link-color wp-elements-d9de146fb2b81d160cecfe38ab179442\" style=\"font-size:14px\"><strong>Steve Biko &#8211;  Anti-Apartheidsk\u00e4mpfer und Black Consciousness-Aktivist aus S\u00fcdafrika<\/strong><\/p>\n\n\n\n<p><\/p>\n\n\n\n<figure class=\"wp-block-embed is-type-video is-provider-youtube wp-block-embed-youtube wp-embed-aspect-4-3 wp-has-aspect-ratio\"><div class=\"wp-block-embed__wrapper\">\n<iframe loading=\"lazy\" title=\"Steve Biko - rare TV interview\" width=\"500\" height=\"375\" src=\"https:\/\/www.youtube.com\/embed\/JNmAcgdO2Ck?feature=oembed\" frameborder=\"0\" allow=\"accelerometer; autoplay; clipboard-write; encrypted-media; gyroscope; picture-in-picture; web-share\" referrerpolicy=\"strict-origin-when-cross-origin\" allowfullscreen><\/iframe>\n<\/div><figcaption class=\"wp-element-caption\">YouTube: Biko &#8211; rare TV interview (1:16 Min.)<\/figcaption><\/figure>\n\n\n\n<p><\/p>\n\n\n\n<figure class=\"wp-block-embed is-type-video is-provider-youtube wp-block-embed-youtube wp-embed-aspect-4-3 wp-has-aspect-ratio\"><div class=\"wp-block-embed__wrapper\">\n<iframe loading=\"lazy\" title=\"The history of Steve Biko\" width=\"500\" height=\"375\" src=\"https:\/\/www.youtube.com\/embed\/6U6s83k4KPo?feature=oembed\" frameborder=\"0\" allow=\"accelerometer; autoplay; clipboard-write; encrypted-media; gyroscope; picture-in-picture; web-share\" referrerpolicy=\"strict-origin-when-cross-origin\" allowfullscreen><\/iframe>\n<\/div><figcaption class=\"wp-element-caption\">YouTube: The history of Steve Biko (2:42)<\/figcaption><\/figure>\n\n\n\n<p><\/p>\n\n\n\n<figure class=\"wp-block-embed is-type-video is-provider-youtube wp-block-embed-youtube wp-embed-aspect-4-3 wp-has-aspect-ratio\"><div class=\"wp-block-embed__wrapper\">\n<iframe loading=\"lazy\" title=\"PETER GABRIEL &amp; GEOFFREY ORYEMA:&quot;BIKO&quot; [LIVE:1990]\" width=\"500\" height=\"375\" src=\"https:\/\/www.youtube.com\/embed\/B0wIrkXcE8Y?feature=oembed\" frameborder=\"0\" allow=\"accelerometer; autoplay; clipboard-write; encrypted-media; gyroscope; picture-in-picture; web-share\" referrerpolicy=\"strict-origin-when-cross-origin\" allowfullscreen><\/iframe>\n<\/div><figcaption class=\"wp-element-caption\">YouTube: PETER GABRIEL &amp; GEOFFREY ORYEMA:&#8220;BIKO&#8220; [LIVE:1990], (13:11 Min.)<\/figcaption><\/figure>\n\n\n\n<p class=\"has-black-color has-text-color has-link-color wp-elements-0a808c3516fdf468284c6837e564ea95\" style=\"font-size:14px\"><strong>Waris Dirie &#8211; Fotomodell, Schriftstellerin und Frauenaktivistin aus Somalia<\/strong><\/p>\n\n\n\n<p><\/p>\n\n\n\n<figure class=\"wp-block-embed is-type-video is-provider-youtube wp-block-embed-youtube wp-embed-aspect-16-9 wp-has-aspect-ratio\"><div class=\"wp-block-embed__wrapper\">\n<iframe loading=\"lazy\" title=\"Waris Dirie&#039;s Statement\" width=\"500\" height=\"281\" src=\"https:\/\/www.youtube.com\/embed\/NROlfuV5HJ4?feature=oembed\" frameborder=\"0\" allow=\"accelerometer; autoplay; clipboard-write; encrypted-media; gyroscope; picture-in-picture; web-share\" referrerpolicy=\"strict-origin-when-cross-origin\" allowfullscreen><\/iframe>\n<\/div><figcaption class=\"wp-element-caption\">YouTube: Waris Dirie&#8217;s Statement (1:01 Min.)<\/figcaption><\/figure>\n\n\n\n<p><\/p>\n\n\n\n<figure class=\"wp-block-embed is-type-video is-provider-youtube wp-block-embed-youtube wp-embed-aspect-4-3 wp-has-aspect-ratio\"><div class=\"wp-block-embed__wrapper\">\n<iframe loading=\"lazy\" title=\"Beschneidung - Eine grausame Tradition\" width=\"500\" height=\"375\" src=\"https:\/\/www.youtube.com\/embed\/ebyJ8yLUmcU?feature=oembed\" frameborder=\"0\" allow=\"accelerometer; autoplay; clipboard-write; encrypted-media; gyroscope; picture-in-picture; web-share\" referrerpolicy=\"strict-origin-when-cross-origin\" allowfullscreen><\/iframe>\n<\/div><figcaption class=\"wp-element-caption\">YouTube: Beschneidung &#8211; Eine grausame Tradition, weltweit, Filmausschnitte (1:20 Min.)<\/figcaption><\/figure>\n\n\n\n<p class=\"has-black-color has-text-color has-link-color wp-elements-9ac00cf961d1ea846fe5a532228b76c6\"><\/p>\n\n\n\n<p class=\"has-black-color has-text-color has-link-color wp-elements-9ac00cf961d1ea846fe5a532228b76c6\"><\/p>\n\n\n\n<p class=\"has-black-color has-text-color has-link-color wp-elements-7c1c313a13cb5c7fb265d54362348837\" style=\"font-size:14px\"><strong>Ken Saro-Wiwa &#8211; Schriftsteller, Filmproduzent und politischer Umweltaktivist aus Nigeria<\/strong><\/p>\n\n\n\n<figure class=\"wp-block-embed is-type-video is-provider-youtube wp-block-embed-youtube wp-embed-aspect-4-3 wp-has-aspect-ratio\"><div class=\"wp-block-embed__wrapper\">\n<iframe loading=\"lazy\" title=\"Ken Saro Wiwa: 1995 Goldman Prize winner, Nigeria\" width=\"500\" height=\"375\" src=\"https:\/\/www.youtube.com\/embed\/6a-hnukqhGw?feature=oembed\" frameborder=\"0\" allow=\"accelerometer; autoplay; clipboard-write; encrypted-media; gyroscope; picture-in-picture; web-share\" referrerpolicy=\"strict-origin-when-cross-origin\" allowfullscreen><\/iframe>\n<\/div><figcaption class=\"wp-element-caption\">YouTube: Ken Saro Wiwa: Goldman Prize winner, Nigeria, (7:37)<\/figcaption><\/figure>\n\n\n\n<figure class=\"wp-block-embed is-type-video is-provider-youtube wp-block-embed-youtube wp-embed-aspect-16-9 wp-has-aspect-ratio\"><div class=\"wp-block-embed__wrapper\">\n<iframe loading=\"lazy\" title=\"The Execution of Ken Saro-Wiwa and the Ogoni 8: A Dark Chapter in History\" width=\"500\" height=\"281\" src=\"https:\/\/www.youtube.com\/embed\/Hs86XOfJl9g?feature=oembed\" frameborder=\"0\" allow=\"accelerometer; autoplay; clipboard-write; encrypted-media; gyroscope; picture-in-picture; web-share\" referrerpolicy=\"strict-origin-when-cross-origin\" allowfullscreen><\/iframe>\n<\/div><figcaption class=\"wp-element-caption\">YouTube: The Execution of Ken Saro-Wiwa and the Ogoni 8. (5:59 Min.)<\/figcaption><\/figure>\n\n\n\n<p><\/p>\n\n\n\n<p><\/p>\n","protected":false},"excerpt":{"rendered":"<p>Die Videobeitr\u00e4ge zum zweiten Teil der &#8222;Global Heroes \u2013 Heldinnen und Helden aus Afrika&#8220; veranschaulichen die inspirierende, revolution\u00e4re und richtungsweisende Arbeit von Leymah Gbowee aus Liberia, Haile Gerima aus \u00c4thiopien, Angelique Kidjo aus Benin, Steve Biko aus S\u00fcdafrika, Waris Dirie aus Somalia und Ken Saro-Wiwa aus Nigeria. Leymah Gbowee \u2013 Frauen- und Friedensaktivistin, Friedensnobelpreistr\u00e4gerin aus [&hellip;]<\/p>\n","protected":false},"author":4,"featured_media":0,"parent":0,"menu_order":11,"comment_status":"closed","ping_status":"closed","template":"","meta":{"footnotes":""},"class_list":["post-5928","page","type-page","status-publish","hentry"],"_links":{"self":[{"href":"https:\/\/muenster.org\/afrika-checken\/index.php?rest_route=\/wp\/v2\/pages\/5928","targetHints":{"allow":["GET"]}}],"collection":[{"href":"https:\/\/muenster.org\/afrika-checken\/index.php?rest_route=\/wp\/v2\/pages"}],"about":[{"href":"https:\/\/muenster.org\/afrika-checken\/index.php?rest_route=\/wp\/v2\/types\/page"}],"author":[{"embeddable":true,"href":"https:\/\/muenster.org\/afrika-checken\/index.php?rest_route=\/wp\/v2\/users\/4"}],"replies":[{"embeddable":true,"href":"https:\/\/muenster.org\/afrika-checken\/index.php?rest_route=%2Fwp%2Fv2%2Fcomments&post=5928"}],"version-history":[{"count":50,"href":"https:\/\/muenster.org\/afrika-checken\/index.php?rest_route=\/wp\/v2\/pages\/5928\/revisions"}],"predecessor-version":[{"id":8367,"href":"https:\/\/muenster.org\/afrika-checken\/index.php?rest_route=\/wp\/v2\/pages\/5928\/revisions\/8367"}],"wp:attachment":[{"href":"https:\/\/muenster.org\/afrika-checken\/index.php?rest_route=%2Fwp%2Fv2%2Fmedia&parent=5928"}],"curies":[{"name":"wp","href":"https:\/\/api.w.org\/{rel}","templated":true}]}}