{"id":6273,"date":"2024-09-28T14:03:19","date_gmt":"2024-09-28T12:03:19","guid":{"rendered":"https:\/\/muenster.org\/afrika-checken\/?page_id=6273"},"modified":"2026-01-04T14:03:49","modified_gmt":"2026-01-04T12:03:49","slug":"back-to-basics","status":"publish","type":"page","link":"https:\/\/muenster.org\/afrika-checken\/?page_id=6273","title":{"rendered":"Back to Basics"},"content":{"rendered":"\n<p><\/p>\n\n\n\n<p class=\"has-black-color has-text-color has-link-color wp-elements-8de8bab5b85448a69b33ef708de5192b\" style=\"font-size:14px\">Afrika ist die Wiege der Menschheit, der Ursprung aller heute lebenden Menschen liegt dort. Anders formuliert: Jeder Mensch hat afrikanische Ureltern. Dennoch ist das Nichtwissen \u00fcber die Geschichte, Lebensrealit\u00e4ten und Kulturen unseres Nachbarkontinentes erschreckend. Der Irrglaube, dass Afrikanerinnen und Afrikaner keine positiven Beitr\u00e4ge oder Errungenschaften zum Weltgeschehen beigetragen h\u00e4tten. ist immer noch weit verbreitet. Die \u00fcber die Jahrhunderte angeh\u00e4uften eklatanten und besch\u00e4menden Wissensl\u00fccken zum afrikanischen Kontinent werfen nicht nur die Frage nach dem kognitiven Verm\u00f6gen und der Lernbereitschaft europ\u00e4ischer Politik, Gesellschaften und Wissenschaften auf, sondern verdeutlichen insbesondere die ungeheure Ignoranz und ungebrochene Arroganz des heutigen Europas im Umgang mit seiner blutigen Kolonialgeschichte.<\/p>\n\n\n\n<p class=\"has-text-align-center has-black-color has-text-color has-link-color wp-elements-5fef21fddb87b62013e2cb8b49f12e5d\" style=\"font-size:14px\"><strong>Bildungsarbeit dekolonisieren<\/strong><\/p>\n\n\n\n<p class=\"has-black-color has-text-color has-link-color wp-elements-4ed94beed5dc7ff77c1eb6bed83ef12b\" style=\"font-size:14px\">Dr. Keith Hamaimbo, Theologe und ehemaliger Mitarbeiter des Vereins Welthaus Bielefeld, setzt sich in seiner bildungspolitischen Arbeit auf vielf\u00e4ltige Weise mit dem Negativimage Afrikas auseinander. Mit dem Bildungsmaterial \u201eErrungenschaften Afrikas&#8220; m\u00f6chte er das &#8222;Framing&#8220;, wie schlimm es um Afrika steht, durchbrechen, meint aber auch, dass dabei die Darstellung eines heilen Afrikas nicht die Alternative sein k\u00f6nne. Der aufschlussreiche Videobeitrag \u201eErrungenschaften Afrikas&#8220; als Teil der Projektarbeit verdeutlicht die vorherrschenden Bildungsl\u00fccken und das immense Unwissen zum afrikanischen Kontinent in Deutschland: Ein geschichtstr\u00e4chtiges, reiches und selbstbestimmtes Afrika mit erfolgreichen und zukunftsweisenden Afrikanerinnen und Afrikanern bleibt bis ins 21. Jahrhundert f\u00fcr die meisten immer noch undenkbar.<\/p>\n\n\n\n<p><\/p>\n\n\n\n<p style=\"font-size:14px\"><br><strong>Youtube<\/strong> <strong>Video<\/strong> <strong>(2020; 3:31 Min.)<\/strong><\/p>\n\n\n\n<figure class=\"wp-block-embed is-type-video is-provider-youtube wp-block-embed-youtube wp-embed-aspect-16-9 wp-has-aspect-ratio\"><div class=\"wp-block-embed__wrapper\">\n<iframe loading=\"lazy\" title=\"Errungenschaften Afrikas\" width=\"500\" height=\"281\" src=\"https:\/\/www.youtube.com\/embed\/ADMCHgsLJj0?feature=oembed\" frameborder=\"0\" allow=\"accelerometer; autoplay; clipboard-write; encrypted-media; gyroscope; picture-in-picture; web-share\" referrerpolicy=\"strict-origin-when-cross-origin\" allowfullscreen><\/iframe>\n<\/div><figcaption class=\"wp-element-caption\">Welthaus Bielefeld: Errungenschaften Afrikas, Moderation Dr. Keith Hamaimbo<\/figcaption><\/figure>\n\n\n\n<p><\/p>\n\n\n\n<p><\/p>\n\n\n\n<p class=\"has-black-color has-text-color has-link-color wp-elements-f152a4dc71a33a5d2a2100d5ebd84719\" style=\"font-size:12px\"><br><strong>Bildungs-Bag<\/strong><br>Hamaimbo, Keith (Welthaus Bielefeld e.V.). 2020: <em>Errungenschaften Afrikas \u2013 Materialien und Medien f\u00fcr einen erweiterten Blick auf Afrika.<\/em> <br><a href=\"https:\/\/shop.welthaus.de\/errungenschaften-afrikas-bildungsbag.html\">https:\/\/shop.welthaus.de\/errungenschaften-afrikas-bildungsbag.html<\/a><\/p>\n\n\n\n<p class=\"has-black-color has-text-color has-link-color wp-elements-113d94393a5637f4ffaf86cb849c575b\" style=\"font-size:12px\"><strong>Weiterf\u00fchrende Literatur<\/strong><br>Aden-Ugbomah, Maria Theresia (P\u00e4dagogisches Zentrum Aachen e.V.), 2017. Legenden, die uns verborgen blieben. M\u00fcnster: Edition Assemblage.<br><br>Diallo, M. Moustapha (Hg.): Vision\u00e4re Afrikas. Der Kontinent in ungew\u00f6hnlichen Portr\u00e4ts, 2014. Wuppertal: Peter Hammer Verlag.<\/p>\n\n\n\n<p class=\"has-black-color has-text-color has-link-color wp-elements-082a581f8d649da8e61b6a1af73533e1\" style=\"font-size:12px\">Samson, Marita (Checkpoint Afrika e.V.), 2020. Global Heroes &#8211; Heldinnen und Helden aus Afrika. Vorbilder aus Afrika machen Schule. M\u00fcnchen: Grin Verlag (e-book).<\/p>\n\n\n\n<p class=\"has-black-color has-text-color has-link-color wp-elements-25440837bccfc0e3de1ee0b482e68e22\" style=\"font-size:12px\"><strong>Online-Artikel<\/strong><br>Scerri, Eleanor M.L. <em>\u201eUnsere weitverzweigten afrikanischen Wurzeln\u201c.<\/em> Max-Planck-Gesellschaft. <br><a href=\"https:\/\/www.mpg.de\/12128324\/weitverzweigte-afrikanische-wurzeln\">https:\/\/www.mpg.de\/12128324\/weitverzweigte-afrikanische-wurzeln<\/a><br><\/p>\n\n\n\n<p style=\"font-size:13px\"><\/p>\n\n\n\n<p><\/p>\n\n\n\n<p style=\"font-size:13px\"><\/p>\n\n\n\n<p><\/p>\n\n\n\n<p class=\"has-black-color has-text-color has-link-color wp-elements-9ac00cf961d1ea846fe5a532228b76c6\"><\/p>\n\n\n\n<p class=\"has-black-color has-text-color has-link-color wp-elements-9ac00cf961d1ea846fe5a532228b76c6\"><\/p>\n\n\n\n<p class=\"has-black-color has-text-color has-link-color wp-elements-9ac00cf961d1ea846fe5a532228b76c6\"><\/p>\n\n\n\n<p><\/p>\n\n\n\n<p><\/p>\n\n\n\n<p><\/p>\n","protected":false},"excerpt":{"rendered":"<p>Afrika ist die Wiege der Menschheit, der Ursprung aller heute lebenden Menschen liegt dort. Anders formuliert: Jeder Mensch hat afrikanische Ureltern. Dennoch ist das Nichtwissen \u00fcber die Geschichte, Lebensrealit\u00e4ten und Kulturen unseres Nachbarkontinentes erschreckend. Der Irrglaube, dass Afrikanerinnen und Afrikaner keine positiven Beitr\u00e4ge oder Errungenschaften zum Weltgeschehen beigetragen h\u00e4tten. ist immer noch weit verbreitet. Die [&hellip;]<\/p>\n","protected":false},"author":4,"featured_media":0,"parent":0,"menu_order":3,"comment_status":"closed","ping_status":"closed","template":"","meta":{"footnotes":""},"class_list":["post-6273","page","type-page","status-publish","hentry"],"_links":{"self":[{"href":"https:\/\/muenster.org\/afrika-checken\/index.php?rest_route=\/wp\/v2\/pages\/6273","targetHints":{"allow":["GET"]}}],"collection":[{"href":"https:\/\/muenster.org\/afrika-checken\/index.php?rest_route=\/wp\/v2\/pages"}],"about":[{"href":"https:\/\/muenster.org\/afrika-checken\/index.php?rest_route=\/wp\/v2\/types\/page"}],"author":[{"embeddable":true,"href":"https:\/\/muenster.org\/afrika-checken\/index.php?rest_route=\/wp\/v2\/users\/4"}],"replies":[{"embeddable":true,"href":"https:\/\/muenster.org\/afrika-checken\/index.php?rest_route=%2Fwp%2Fv2%2Fcomments&post=6273"}],"version-history":[{"count":141,"href":"https:\/\/muenster.org\/afrika-checken\/index.php?rest_route=\/wp\/v2\/pages\/6273\/revisions"}],"predecessor-version":[{"id":8842,"href":"https:\/\/muenster.org\/afrika-checken\/index.php?rest_route=\/wp\/v2\/pages\/6273\/revisions\/8842"}],"wp:attachment":[{"href":"https:\/\/muenster.org\/afrika-checken\/index.php?rest_route=%2Fwp%2Fv2%2Fmedia&parent=6273"}],"curies":[{"name":"wp","href":"https:\/\/api.w.org\/{rel}","templated":true}]}}