{"id":6603,"date":"2024-10-08T14:00:12","date_gmt":"2024-10-08T12:00:12","guid":{"rendered":"https:\/\/muenster.org\/afrika-checken\/?page_id=6603"},"modified":"2026-01-04T10:48:37","modified_gmt":"2026-01-04T08:48:37","slug":"afrika-ii","status":"publish","type":"page","link":"https:\/\/muenster.org\/afrika-checken\/?page_id=6603","title":{"rendered":"Infografik"},"content":{"rendered":"\n<p class=\"has-text-align-center\" style=\"font-size:14px\"><strong>Die wahre Gr\u00f6\u00dfe Afrikas<\/strong><\/p>\n\n\n\n<p><\/p>\n\n\n\n<p class=\"has-black-color has-text-color has-link-color wp-elements-b15447806e52f3d8981459cf935568ae\" style=\"font-size:14px\">Afrika ist ein vitaler und immens vielf\u00e4ltiger Kontinent. Seine Gesamtfl\u00e4che von 30,2 Millionen Quadratkilometern ist unvorstellbar riesig und entspricht etwa 22 Prozent der gesamten Landfl\u00e4che der Erde. Dies hat der Computergrafiker Kai Krause versucht, mit seiner Infografik \u201eDie wahre Gr\u00f6\u00dfe Afrikas\u201c zu verdeutlichen: Er legte einige der gr\u00f6\u00dften L\u00e4nder der Welt als Puzzleteile in den Kontinent. Schon auf den ersten Blick wird in seiner grafischen Darstellung, die weltweit f\u00fcr Furore sorgte, deutlich: Afrika ist gr\u00f6\u00dfer als die USA, China, Indien, Japan und Europa zusammen. <\/p>\n\n\n\n<p><\/p>\n\n\n\n<figure class=\"wp-block-image size-large is-style-default\"><a href=\"https:\/\/muenster.org\/afrika-checken\/wp-content\/uploads\/2024\/10\/true_size_of_africa_v3-da3dd38e.jpg\"><img loading=\"lazy\" decoding=\"async\" width=\"932\" height=\"1024\" src=\"https:\/\/muenster.org\/afrika-checken\/wp-content\/uploads\/2024\/10\/true_size_of_africa_v3-da3dd38e-932x1024.jpg\" alt=\"\" class=\"wp-image-6652\" srcset=\"https:\/\/muenster.org\/afrika-checken\/wp-content\/uploads\/2024\/10\/true_size_of_africa_v3-da3dd38e-932x1024.jpg 932w, https:\/\/muenster.org\/afrika-checken\/wp-content\/uploads\/2024\/10\/true_size_of_africa_v3-da3dd38e-273x300.jpg 273w, https:\/\/muenster.org\/afrika-checken\/wp-content\/uploads\/2024\/10\/true_size_of_africa_v3-da3dd38e-768x844.jpg 768w, https:\/\/muenster.org\/afrika-checken\/wp-content\/uploads\/2024\/10\/true_size_of_africa_v3-da3dd38e.jpg 1360w\" sizes=\"auto, (max-width: 932px) 100vw, 932px\" \/><\/a><figcaption class=\"wp-element-caption\"><strong>Krause, K. (2010). The True Size of Africa [Abbildung]. Kai Krause. http:\/\/kai.sub.blue\/de\/africa.html<\/strong><br><\/figcaption><\/figure>\n\n\n\n<div class=\"wp-block-file\"><a id=\"wp-block-file--media-7f1ae8c1-344e-48db-841b-c21dcad0a3eb\" href=\"https:\/\/muenster.org\/afrika-checken\/wp-content\/uploads\/2024\/10\/True-Size-of-Africa-kk-v3.pdf\" target=\"_blank\" rel=\"noreferrer noopener\">True-Size-of-Africa-kk-v3<\/a><\/div>\n\n\n\n<p class=\"has-text-align-left\"><\/p>\n\n\n\n<p><\/p>\n\n\n\n<p><strong>YouTube<\/strong><\/p>\n\n\n\n<figure class=\"wp-block-embed is-type-video is-provider-youtube wp-block-embed-youtube wp-embed-aspect-16-9 wp-has-aspect-ratio\"><div class=\"wp-block-embed__wrapper\">\n<iframe loading=\"lazy\" title=\"True Size Of Africa\" width=\"422\" height=\"750\" src=\"https:\/\/www.youtube.com\/embed\/Hd5RmQPeaK4?feature=oembed\" frameborder=\"0\" allow=\"accelerometer; autoplay; clipboard-write; encrypted-media; gyroscope; picture-in-picture; web-share\" referrerpolicy=\"strict-origin-when-cross-origin\" allowfullscreen><\/iframe>\n<\/div><figcaption class=\"wp-element-caption\"><strong>THE MERC Videoclip True Size of Afrika (0:46 Min.) <\/strong><\/figcaption><\/figure>\n\n\n\n<p><\/p>\n\n\n\n<p><br><br><\/p>\n\n\n\n<p><\/p>\n\n\n\n<p><\/p>\n","protected":false},"excerpt":{"rendered":"<p>Die wahre Gr\u00f6\u00dfe Afrikas Afrika ist ein vitaler und immens vielf\u00e4ltiger Kontinent. Seine Gesamtfl\u00e4che von 30,2 Millionen Quadratkilometern ist unvorstellbar riesig und entspricht etwa 22 Prozent der gesamten Landfl\u00e4che der Erde. Dies hat der Computergrafiker Kai Krause versucht, mit seiner Infografik \u201eDie wahre Gr\u00f6\u00dfe Afrikas\u201c zu verdeutlichen: Er legte einige der gr\u00f6\u00dften L\u00e4nder der Welt [&hellip;]<\/p>\n","protected":false},"author":4,"featured_media":0,"parent":4896,"menu_order":2,"comment_status":"closed","ping_status":"closed","template":"","meta":{"footnotes":""},"class_list":["post-6603","page","type-page","status-publish","hentry"],"_links":{"self":[{"href":"https:\/\/muenster.org\/afrika-checken\/index.php?rest_route=\/wp\/v2\/pages\/6603","targetHints":{"allow":["GET"]}}],"collection":[{"href":"https:\/\/muenster.org\/afrika-checken\/index.php?rest_route=\/wp\/v2\/pages"}],"about":[{"href":"https:\/\/muenster.org\/afrika-checken\/index.php?rest_route=\/wp\/v2\/types\/page"}],"author":[{"embeddable":true,"href":"https:\/\/muenster.org\/afrika-checken\/index.php?rest_route=\/wp\/v2\/users\/4"}],"replies":[{"embeddable":true,"href":"https:\/\/muenster.org\/afrika-checken\/index.php?rest_route=%2Fwp%2Fv2%2Fcomments&post=6603"}],"version-history":[{"count":56,"href":"https:\/\/muenster.org\/afrika-checken\/index.php?rest_route=\/wp\/v2\/pages\/6603\/revisions"}],"predecessor-version":[{"id":8825,"href":"https:\/\/muenster.org\/afrika-checken\/index.php?rest_route=\/wp\/v2\/pages\/6603\/revisions\/8825"}],"up":[{"embeddable":true,"href":"https:\/\/muenster.org\/afrika-checken\/index.php?rest_route=\/wp\/v2\/pages\/4896"}],"wp:attachment":[{"href":"https:\/\/muenster.org\/afrika-checken\/index.php?rest_route=%2Fwp%2Fv2%2Fmedia&parent=6603"}],"curies":[{"name":"wp","href":"https:\/\/api.w.org\/{rel}","templated":true}]}}