{"id":20147,"date":"2023-03-24T17:13:33","date_gmt":"2023-03-24T15:13:33","guid":{"rendered":"https:\/\/muenster.org\/altes-backhaus\/?page_id=20147"},"modified":"2025-05-09T11:16:58","modified_gmt":"2025-05-09T10:16:58","slug":"das-backhaus","status":"publish","type":"page","link":"https:\/\/muenster.org\/altes-backhaus\/wir-ueber-uns-neu\/das-backhaus","title":{"rendered":"Das Backhaus"},"content":{"rendered":"\t\t<div data-elementor-type=\"wp-page\" data-elementor-id=\"20147\" class=\"elementor elementor-20147\">\n\t\t\t\t\t\t<section class=\"elementor-section elementor-top-section elementor-element elementor-element-3ef3be6 elementor-section-boxed elementor-section-height-default elementor-section-height-default\" data-id=\"3ef3be6\" data-element_type=\"section\" data-e-type=\"section\">\n\t\t\t\t\t\t<div class=\"elementor-container elementor-column-gap-default\">\n\t\t\t\t\t<div class=\"elementor-column elementor-col-100 elementor-top-column elementor-element elementor-element-78c6e65\" data-id=\"78c6e65\" data-element_type=\"column\" data-e-type=\"column\">\n\t\t\t<div class=\"elementor-widget-wrap\">\n\t\t\t\t\t\t\t<\/div>\n\t\t<\/div>\n\t\t\t\t\t<\/div>\n\t\t<\/section>\n\t\t\t\t<section class=\"elementor-section elementor-top-section elementor-element elementor-element-68648be elementor-section-boxed elementor-section-height-default elementor-section-height-default\" data-id=\"68648be\" data-element_type=\"section\" data-e-type=\"section\" data-settings=\"{&quot;background_background&quot;:&quot;gradient&quot;}\">\n\t\t\t\t\t\t\t<div class=\"elementor-background-overlay\"><\/div>\n\t\t\t\t\t\t\t<div class=\"elementor-container elementor-column-gap-default\">\n\t\t\t\t\t<div class=\"elementor-column elementor-col-100 elementor-top-column elementor-element elementor-element-786109c\" data-id=\"786109c\" data-element_type=\"column\" data-e-type=\"column\">\n\t\t\t<div class=\"elementor-widget-wrap elementor-element-populated\">\n\t\t\t\t\t\t<div class=\"elementor-element elementor-element-88c4fc6 elementor-widget elementor-widget-heading\" data-id=\"88c4fc6\" data-element_type=\"widget\" data-e-type=\"widget\" data-widget_type=\"heading.default\">\n\t\t\t\t<div class=\"elementor-widget-container\">\n\t\t\t\t\t<h3 class=\"elementor-heading-title elementor-size-default\">Das Haus<\/h3>\t\t\t\t<\/div>\n\t\t\t\t<\/div>\n\t\t\t\t<div class=\"elementor-element elementor-element-de66d2b elementor-widget elementor-widget-image\" data-id=\"de66d2b\" data-element_type=\"widget\" data-e-type=\"widget\" data-widget_type=\"image.default\">\n\t\t\t\t<div class=\"elementor-widget-container\">\n\t\t\t\t\t\t\t\t\t\t\t\t\t\t\t<img fetchpriority=\"high\" decoding=\"async\" width=\"930\" height=\"620\" src=\"https:\/\/muenster.org\/altes-backhaus\/wp-content\/uploads\/2020\/04\/AB-Au\u00dfen.jpg\" class=\"attachment-neve-blog size-neve-blog wp-image-7772\" alt=\"\" srcset=\"https:\/\/muenster.org\/altes-backhaus\/wp-content\/uploads\/2020\/04\/AB-Au\u00dfen.jpg 1920w, https:\/\/muenster.org\/altes-backhaus\/wp-content\/uploads\/2020\/04\/AB-Au\u00dfen-300x200.jpg 300w, https:\/\/muenster.org\/altes-backhaus\/wp-content\/uploads\/2020\/04\/AB-Au\u00dfen-1024x683.jpg 1024w, https:\/\/muenster.org\/altes-backhaus\/wp-content\/uploads\/2020\/04\/AB-Au\u00dfen-768x512.jpg 768w, https:\/\/muenster.org\/altes-backhaus\/wp-content\/uploads\/2020\/04\/AB-Au\u00dfen-1536x1024.jpg 1536w\" sizes=\"(max-width: 930px) 100vw, 930px\" \/>\t\t\t\t\t\t\t\t\t\t\t\t\t\t\t<\/div>\n\t\t\t\t<\/div>\n\t\t\t\t<section class=\"elementor-section elementor-inner-section elementor-element elementor-element-8de36bc elementor-section-boxed elementor-section-height-default elementor-section-height-default\" data-id=\"8de36bc\" data-element_type=\"section\" data-e-type=\"section\">\n\t\t\t\t\t\t<div class=\"elementor-container elementor-column-gap-default\">\n\t\t\t\t\t<div class=\"elementor-column elementor-col-100 elementor-inner-column elementor-element elementor-element-d692a5c\" data-id=\"d692a5c\" data-element_type=\"column\" data-e-type=\"column\">\n\t\t\t<div class=\"elementor-widget-wrap\">\n\t\t\t\t\t\t\t<\/div>\n\t\t<\/div>\n\t\t\t\t\t<\/div>\n\t\t<\/section>\n\t\t\t\t<div class=\"elementor-element elementor-element-9266bb8 elementor-widget elementor-widget-text-editor\" data-id=\"9266bb8\" data-element_type=\"widget\" data-e-type=\"widget\" data-widget_type=\"text-editor.default\">\n\t\t\t\t<div class=\"elementor-widget-container\">\n\t\t\t\t\t\t\t\t\t<p>Seit 1988 gibt es im Kreuzviertel eine Begegnungs- und Bildungsst\u00e4tte f\u00fcr Seniorinnen und Senioren in einem sch\u00f6nen alten Haus mit Garten in einem Hinterhof. Im Vorderhaus an der Coerdestra\u00dfe gab es fr\u00fcher eine B\u00e4ckerei \u2013 und im heutigen \u201eAlten Backhaus\u201c wurde tats\u00e4chlich einst gebacken. 1988 \u00fcbernahm der Verein Altes Backhaus e.V. das Geb\u00e4ude von der Stadt. Die Mitglieder des Vereins sind Menschen, die sich im Alten Backhaus ehrenamtlich bet\u00e4tigen. Sie leiten regelm\u00e4\u00dfige Kurse, organisieren Begegnungen geselliger Art, sie helfen im Service, geben telefonisch oder pers\u00f6nlich Auskunft und engagieren sich in Haus und Garten.<\/p><p>Der Verein hat einen siebenk\u00f6pfigen Vorstand, der f\u00fcr den reibungslosen Ablauf aller Angebote des Backhauses verantwortlich ist. Die Stadt zahlt Zusch\u00fcsse f\u00fcr laufende Kosten wie Strom, Wasser, Versicherungen. Doch muss der Verein alle anfallenden Reparaturen und notwendige Erneuerungen aus eigener Kraft stemmen. \u00dcberaus wichtig sind gerade hierbei Menschen mit handwerklicher Begabung: Ist Hilfe vonn\u00f6ten, fassen alle an, die dazu in der Lage sind. Zum Gl\u00fcck gibt es aber auch F\u00f6rderer, Sponsoren und manchmal sogar Erblasser, die das Backhaus bedenken. Auch durch den Verkauf von im Backhaus gefertigten kreativen Handarbeiten und einen j\u00e4hrlichen Tr\u00f6delmarkt, f\u00fcr den stets zahlreiche Spenden eingehen, werden Einnahmen erzielt.<\/p><p>Das Alte Backhaus ist nicht nur f\u00fcr \u00e4ltere Menschen im Kreuzviertel ein wichtiger Anlaufpunkt. Ehrenamtliche und Kursteilnehmer kommen aus allen Stadtteilen M\u00fcnsters in die Coerdestra\u00dfe. Dar\u00fcber hinaus pflegt der Verein auch Kontakte mit der j\u00fcngeren Generation, die vom benachbarten Kindergarten bis zu Studierenden von Universit\u00e4t und Fachhochschule reichen. Auch Beteiligungen an Veranstaltungen verschiedener Kooperationspartner z\u00e4hlen zum Engagement des Backhauses. Mehr dar\u00fcber unter dem Punkt \u201eDie Philosophie.<\/p>\t\t\t\t\t\t\t\t<\/div>\n\t\t\t\t<\/div>\n\t\t\t\t<section class=\"elementor-section elementor-inner-section elementor-element elementor-element-c599d40 elementor-section-boxed elementor-section-height-default elementor-section-height-default\" data-id=\"c599d40\" data-element_type=\"section\" data-e-type=\"section\">\n\t\t\t\t\t\t<div class=\"elementor-container elementor-column-gap-default\">\n\t\t\t\t\t<div class=\"elementor-column elementor-col-50 elementor-inner-column elementor-element elementor-element-5516576\" data-id=\"5516576\" data-element_type=\"column\" data-e-type=\"column\">\n\t\t\t<div class=\"elementor-widget-wrap elementor-element-populated\">\n\t\t\t\t\t\t<div class=\"elementor-element elementor-element-7194fe8 elementor-widget elementor-widget-image\" data-id=\"7194fe8\" data-element_type=\"widget\" data-e-type=\"widget\" data-widget_type=\"image.default\">\n\t\t\t\t<div class=\"elementor-widget-container\">\n\t\t\t\t\t\t\t\t\t\t\t\t\t\t\t<img decoding=\"async\" width=\"300\" height=\"292\" src=\"https:\/\/muenster.org\/altes-backhaus\/wp-content\/uploads\/2023\/12\/AB-Herbst2-e1724235094513-300x292.jpg\" class=\"attachment-medium size-medium wp-image-21861\" alt=\"\" srcset=\"https:\/\/muenster.org\/altes-backhaus\/wp-content\/uploads\/2023\/12\/AB-Herbst2-e1724235094513-300x292.jpg 300w, https:\/\/muenster.org\/altes-backhaus\/wp-content\/uploads\/2023\/12\/AB-Herbst2-e1724235094513.jpg 675w\" sizes=\"(max-width: 300px) 100vw, 300px\" \/>\t\t\t\t\t\t\t\t\t\t\t\t\t\t\t<\/div>\n\t\t\t\t<\/div>\n\t\t\t\t\t<\/div>\n\t\t<\/div>\n\t\t\t\t<div class=\"elementor-column elementor-col-50 elementor-inner-column elementor-element elementor-element-5193afe\" data-id=\"5193afe\" data-element_type=\"column\" data-e-type=\"column\">\n\t\t\t<div class=\"elementor-widget-wrap elementor-element-populated\">\n\t\t\t\t\t\t<div class=\"elementor-element elementor-element-3a297fb elementor-widget elementor-widget-image\" data-id=\"3a297fb\" data-element_type=\"widget\" data-e-type=\"widget\" data-widget_type=\"image.default\">\n\t\t\t\t<div class=\"elementor-widget-container\">\n\t\t\t\t\t\t\t\t\t\t\t\t\t\t\t<img decoding=\"async\" width=\"768\" height=\"432\" src=\"https:\/\/muenster.org\/altes-backhaus\/wp-content\/uploads\/2025\/04\/im-Garten-768x432.jpg\" class=\"attachment-medium_large size-medium_large wp-image-23719\" alt=\"\" srcset=\"https:\/\/muenster.org\/altes-backhaus\/wp-content\/uploads\/2025\/04\/im-Garten-768x432.jpg 768w, https:\/\/muenster.org\/altes-backhaus\/wp-content\/uploads\/2025\/04\/im-Garten-300x169.jpg 300w, https:\/\/muenster.org\/altes-backhaus\/wp-content\/uploads\/2025\/04\/im-Garten-1024x576.jpg 1024w, https:\/\/muenster.org\/altes-backhaus\/wp-content\/uploads\/2025\/04\/im-Garten-1536x864.jpg 1536w, https:\/\/muenster.org\/altes-backhaus\/wp-content\/uploads\/2025\/04\/im-Garten.jpg 1578w\" sizes=\"(max-width: 768px) 100vw, 768px\" \/>\t\t\t\t\t\t\t\t\t\t\t\t\t\t\t<\/div>\n\t\t\t\t<\/div>\n\t\t\t\t\t<\/div>\n\t\t<\/div>\n\t\t\t\t\t<\/div>\n\t\t<\/section>\n\t\t\t\t\t<\/div>\n\t\t<\/div>\n\t\t\t\t\t<\/div>\n\t\t<\/section>\n\t\t\t\t<section class=\"elementor-section elementor-top-section elementor-element elementor-element-08851f0 elementor-section-boxed elementor-section-height-default elementor-section-height-default\" data-id=\"08851f0\" data-element_type=\"section\" data-e-type=\"section\">\n\t\t\t\t\t\t\t<div class=\"elementor-background-overlay\"><\/div>\n\t\t\t\t\t\t\t<div class=\"elementor-container elementor-column-gap-default\">\n\t\t\t\t\t<div class=\"elementor-column elementor-col-50 elementor-top-column elementor-element elementor-element-b76fabb\" data-id=\"b76fabb\" data-element_type=\"column\" data-e-type=\"column\">\n\t\t\t<div class=\"elementor-widget-wrap\">\n\t\t\t\t\t\t\t<\/div>\n\t\t<\/div>\n\t\t\t\t<div class=\"elementor-column elementor-col-50 elementor-top-column elementor-element elementor-element-1d90465\" data-id=\"1d90465\" data-element_type=\"column\" data-e-type=\"column\">\n\t\t\t<div class=\"elementor-widget-wrap\">\n\t\t\t\t\t\t\t<\/div>\n\t\t<\/div>\n\t\t\t\t\t<\/div>\n\t\t<\/section>\n\t\t\t\t<section class=\"elementor-section elementor-top-section elementor-element elementor-element-5926bd3 elementor-section-boxed elementor-section-height-default elementor-section-height-default\" data-id=\"5926bd3\" data-element_type=\"section\" data-e-type=\"section\">\n\t\t\t\t\t\t<div class=\"elementor-container elementor-column-gap-default\">\n\t\t\t\t\t<div class=\"elementor-column elementor-col-100 elementor-top-column elementor-element elementor-element-e0a5f13\" data-id=\"e0a5f13\" data-element_type=\"column\" data-e-type=\"column\">\n\t\t\t<div class=\"elementor-widget-wrap\">\n\t\t\t\t\t\t\t<\/div>\n\t\t<\/div>\n\t\t\t\t\t<\/div>\n\t\t<\/section>\n\t\t\t\t<\/div>\n\t\t","protected":false},"excerpt":{"rendered":"<p>Das Haus Seit 1988 gibt es im Kreuzviertel eine Begegnungs- und Bildungsst\u00e4tte f\u00fcr Seniorinnen und Senioren in einem sch\u00f6nen alten Haus mit Garten in einem Hinterhof. Im Vorderhaus an der Coerdestra\u00dfe gab es fr\u00fcher eine B\u00e4ckerei \u2013 und im heutigen \u201eAlten Backhaus\u201c wurde tats\u00e4chlich einst gebacken. 1988 \u00fcbernahm der Verein Altes Backhaus e.V. das Geb\u00e4ude&hellip;&nbsp;<\/p>\n<div class=\"read-more-wrapper\"><a href=\"https:\/\/muenster.org\/altes-backhaus\/wir-ueber-uns-neu\/das-backhaus\" class=\"button button-primary\" rel=\"bookmark\">Mehr lesen &raquo;<span class=\"screen-reader-text\">Das Backhaus<\/span><\/a><\/div>\n","protected":false},"author":50,"featured_media":0,"parent":20174,"menu_order":0,"comment_status":"closed","ping_status":"closed","template":"","meta":{"neve_meta_sidebar":"full-width","neve_meta_container":"","neve_meta_enable_content_width":"off","neve_meta_content_width":100,"neve_meta_title_alignment":"","neve_meta_author_avatar":"","neve_post_elements_order":"","neve_meta_disable_header":"","neve_meta_disable_footer":"","neve_meta_disable_title":"","neve_meta_reading_time":"","_themeisle_gutenberg_block_has_review":false,"cybocfi_hide_featured_image":"","footnotes":""},"class_list":["post-20147","page","type-page","status-publish","hentry"],"yoast_head":"<!-- This site is optimized with the Yoast SEO plugin v27.3 - https:\/\/yoast.com\/product\/yoast-seo-wordpress\/ -->\n<title>Das Backhaus - Altes Backhaus<\/title>\n<meta name=\"robots\" content=\"index, follow, max-snippet:-1, max-image-preview:large, max-video-preview:-1\" \/>\n<link rel=\"canonical\" href=\"https:\/\/muenster.org\/altes-backhaus\/wir-ueber-uns-neu\/das-backhaus\" \/>\n<meta name=\"twitter:label1\" content=\"Gesch\u00e4tzte Lesezeit\" \/>\n\t<meta name=\"twitter:data1\" content=\"3\u00a0Minuten\" \/>\n<script type=\"application\/ld+json\" class=\"yoast-schema-graph\">{\"@context\":\"https:\\\/\\\/schema.org\",\"@graph\":[{\"@type\":\"WebPage\",\"@id\":\"https:\\\/\\\/muenster.org\\\/altes-backhaus\\\/wir-ueber-uns-neu\\\/das-backhaus\",\"url\":\"https:\\\/\\\/muenster.org\\\/altes-backhaus\\\/wir-ueber-uns-neu\\\/das-backhaus\",\"name\":\"Das Backhaus - Altes Backhaus\",\"isPartOf\":{\"@id\":\"https:\\\/\\\/muenster.org\\\/altes-backhaus\\\/#website\"},\"primaryImageOfPage\":{\"@id\":\"https:\\\/\\\/muenster.org\\\/altes-backhaus\\\/wir-ueber-uns-neu\\\/das-backhaus#primaryimage\"},\"image\":{\"@id\":\"https:\\\/\\\/muenster.org\\\/altes-backhaus\\\/wir-ueber-uns-neu\\\/das-backhaus#primaryimage\"},\"thumbnailUrl\":\"https:\\\/\\\/muenster.org\\\/altes-backhaus\\\/wp-content\\\/uploads\\\/2023\\\/12\\\/AB-Herbst2-e1724235094513-300x292.jpg\",\"datePublished\":\"2023-03-24T15:13:33+00:00\",\"dateModified\":\"2025-05-09T10:16:58+00:00\",\"breadcrumb\":{\"@id\":\"https:\\\/\\\/muenster.org\\\/altes-backhaus\\\/wir-ueber-uns-neu\\\/das-backhaus#breadcrumb\"},\"inLanguage\":\"de\",\"potentialAction\":[{\"@type\":\"ReadAction\",\"target\":[\"https:\\\/\\\/muenster.org\\\/altes-backhaus\\\/wir-ueber-uns-neu\\\/das-backhaus\"]}]},{\"@type\":\"ImageObject\",\"inLanguage\":\"de\",\"@id\":\"https:\\\/\\\/muenster.org\\\/altes-backhaus\\\/wir-ueber-uns-neu\\\/das-backhaus#primaryimage\",\"url\":\"https:\\\/\\\/muenster.org\\\/altes-backhaus\\\/wp-content\\\/uploads\\\/2023\\\/12\\\/AB-Herbst2-e1724235094513.jpg\",\"contentUrl\":\"https:\\\/\\\/muenster.org\\\/altes-backhaus\\\/wp-content\\\/uploads\\\/2023\\\/12\\\/AB-Herbst2-e1724235094513.jpg\",\"width\":675,\"height\":656},{\"@type\":\"BreadcrumbList\",\"@id\":\"https:\\\/\\\/muenster.org\\\/altes-backhaus\\\/wir-ueber-uns-neu\\\/das-backhaus#breadcrumb\",\"itemListElement\":[{\"@type\":\"ListItem\",\"position\":1,\"name\":\"Home\",\"item\":\"https:\\\/\\\/muenster.org\\\/altes-backhaus\\\/\"},{\"@type\":\"ListItem\",\"position\":2,\"name\":\"Wir \u00fcber uns\",\"item\":\"https:\\\/\\\/muenster.org\\\/altes-backhaus\\\/wir-ueber-uns-neu\"},{\"@type\":\"ListItem\",\"position\":3,\"name\":\"Das Backhaus\"}]},{\"@type\":\"WebSite\",\"@id\":\"https:\\\/\\\/muenster.org\\\/altes-backhaus\\\/#website\",\"url\":\"https:\\\/\\\/muenster.org\\\/altes-backhaus\\\/\",\"name\":\"Altes Backhaus\",\"description\":\"Die Begegnungs- und Bildungsst\u00e4tte im Kreuzviertel\",\"publisher\":{\"@id\":\"https:\\\/\\\/muenster.org\\\/altes-backhaus\\\/#organization\"},\"potentialAction\":[{\"@type\":\"SearchAction\",\"target\":{\"@type\":\"EntryPoint\",\"urlTemplate\":\"https:\\\/\\\/muenster.org\\\/altes-backhaus\\\/?s={search_term_string}\"},\"query-input\":{\"@type\":\"PropertyValueSpecification\",\"valueRequired\":true,\"valueName\":\"search_term_string\"}}],\"inLanguage\":\"de\"},{\"@type\":\"Organization\",\"@id\":\"https:\\\/\\\/muenster.org\\\/altes-backhaus\\\/#organization\",\"name\":\"Altes Backhaus\",\"url\":\"https:\\\/\\\/muenster.org\\\/altes-backhaus\\\/\",\"logo\":{\"@type\":\"ImageObject\",\"inLanguage\":\"de\",\"@id\":\"https:\\\/\\\/muenster.org\\\/altes-backhaus\\\/#\\\/schema\\\/logo\\\/image\\\/\",\"url\":\"https:\\\/\\\/muenster.org\\\/altes-backhaus\\\/wp-content\\\/uploads\\\/2020\\\/05\\\/cropped-logo.jpg\",\"contentUrl\":\"https:\\\/\\\/muenster.org\\\/altes-backhaus\\\/wp-content\\\/uploads\\\/2020\\\/05\\\/cropped-logo.jpg\",\"width\":287,\"height\":95,\"caption\":\"Altes Backhaus\"},\"image\":{\"@id\":\"https:\\\/\\\/muenster.org\\\/altes-backhaus\\\/#\\\/schema\\\/logo\\\/image\\\/\"}}]}<\/script>\n<!-- \/ Yoast SEO plugin. -->","yoast_head_json":{"title":"Das Backhaus - Altes Backhaus","robots":{"index":"index","follow":"follow","max-snippet":"max-snippet:-1","max-image-preview":"max-image-preview:large","max-video-preview":"max-video-preview:-1"},"canonical":"https:\/\/muenster.org\/altes-backhaus\/wir-ueber-uns-neu\/das-backhaus","twitter_misc":{"Gesch\u00e4tzte Lesezeit":"3\u00a0Minuten"},"schema":{"@context":"https:\/\/schema.org","@graph":[{"@type":"WebPage","@id":"https:\/\/muenster.org\/altes-backhaus\/wir-ueber-uns-neu\/das-backhaus","url":"https:\/\/muenster.org\/altes-backhaus\/wir-ueber-uns-neu\/das-backhaus","name":"Das Backhaus - Altes Backhaus","isPartOf":{"@id":"https:\/\/muenster.org\/altes-backhaus\/#website"},"primaryImageOfPage":{"@id":"https:\/\/muenster.org\/altes-backhaus\/wir-ueber-uns-neu\/das-backhaus#primaryimage"},"image":{"@id":"https:\/\/muenster.org\/altes-backhaus\/wir-ueber-uns-neu\/das-backhaus#primaryimage"},"thumbnailUrl":"https:\/\/muenster.org\/altes-backhaus\/wp-content\/uploads\/2023\/12\/AB-Herbst2-e1724235094513-300x292.jpg","datePublished":"2023-03-24T15:13:33+00:00","dateModified":"2025-05-09T10:16:58+00:00","breadcrumb":{"@id":"https:\/\/muenster.org\/altes-backhaus\/wir-ueber-uns-neu\/das-backhaus#breadcrumb"},"inLanguage":"de","potentialAction":[{"@type":"ReadAction","target":["https:\/\/muenster.org\/altes-backhaus\/wir-ueber-uns-neu\/das-backhaus"]}]},{"@type":"ImageObject","inLanguage":"de","@id":"https:\/\/muenster.org\/altes-backhaus\/wir-ueber-uns-neu\/das-backhaus#primaryimage","url":"https:\/\/muenster.org\/altes-backhaus\/wp-content\/uploads\/2023\/12\/AB-Herbst2-e1724235094513.jpg","contentUrl":"https:\/\/muenster.org\/altes-backhaus\/wp-content\/uploads\/2023\/12\/AB-Herbst2-e1724235094513.jpg","width":675,"height":656},{"@type":"BreadcrumbList","@id":"https:\/\/muenster.org\/altes-backhaus\/wir-ueber-uns-neu\/das-backhaus#breadcrumb","itemListElement":[{"@type":"ListItem","position":1,"name":"Home","item":"https:\/\/muenster.org\/altes-backhaus\/"},{"@type":"ListItem","position":2,"name":"Wir \u00fcber uns","item":"https:\/\/muenster.org\/altes-backhaus\/wir-ueber-uns-neu"},{"@type":"ListItem","position":3,"name":"Das Backhaus"}]},{"@type":"WebSite","@id":"https:\/\/muenster.org\/altes-backhaus\/#website","url":"https:\/\/muenster.org\/altes-backhaus\/","name":"Altes Backhaus","description":"Die Begegnungs- und Bildungsst\u00e4tte im Kreuzviertel","publisher":{"@id":"https:\/\/muenster.org\/altes-backhaus\/#organization"},"potentialAction":[{"@type":"SearchAction","target":{"@type":"EntryPoint","urlTemplate":"https:\/\/muenster.org\/altes-backhaus\/?s={search_term_string}"},"query-input":{"@type":"PropertyValueSpecification","valueRequired":true,"valueName":"search_term_string"}}],"inLanguage":"de"},{"@type":"Organization","@id":"https:\/\/muenster.org\/altes-backhaus\/#organization","name":"Altes Backhaus","url":"https:\/\/muenster.org\/altes-backhaus\/","logo":{"@type":"ImageObject","inLanguage":"de","@id":"https:\/\/muenster.org\/altes-backhaus\/#\/schema\/logo\/image\/","url":"https:\/\/muenster.org\/altes-backhaus\/wp-content\/uploads\/2020\/05\/cropped-logo.jpg","contentUrl":"https:\/\/muenster.org\/altes-backhaus\/wp-content\/uploads\/2020\/05\/cropped-logo.jpg","width":287,"height":95,"caption":"Altes Backhaus"},"image":{"@id":"https:\/\/muenster.org\/altes-backhaus\/#\/schema\/logo\/image\/"}}]}},"amp_enabled":true,"rttpg_featured_image_url":null,"rttpg_author":{"display_name":"Ilona Z\u00fchlke","author_link":"https:\/\/muenster.org\/altes-backhaus\/author\/ilona"},"rttpg_comment":0,"rttpg_category":null,"rttpg_excerpt":"Das Haus Seit 1988 gibt es im Kreuzviertel eine Begegnungs- und Bildungsst\u00e4tte f\u00fcr Seniorinnen und Senioren in einem sch\u00f6nen alten Haus mit Garten in einem Hinterhof. Im Vorderhaus an der Coerdestra\u00dfe gab es fr\u00fcher eine B\u00e4ckerei \u2013 und im heutigen \u201eAlten Backhaus\u201c wurde tats\u00e4chlich einst gebacken. 1988 \u00fcbernahm der Verein Altes Backhaus e.V. das Geb\u00e4ude&hellip;&nbsp;Mehr&hellip;","_links":{"self":[{"href":"https:\/\/muenster.org\/altes-backhaus\/wp-json\/wp\/v2\/pages\/20147","targetHints":{"allow":["GET"]}}],"collection":[{"href":"https:\/\/muenster.org\/altes-backhaus\/wp-json\/wp\/v2\/pages"}],"about":[{"href":"https:\/\/muenster.org\/altes-backhaus\/wp-json\/wp\/v2\/types\/page"}],"author":[{"embeddable":true,"href":"https:\/\/muenster.org\/altes-backhaus\/wp-json\/wp\/v2\/users\/50"}],"replies":[{"embeddable":true,"href":"https:\/\/muenster.org\/altes-backhaus\/wp-json\/wp\/v2\/comments?post=20147"}],"version-history":[{"count":41,"href":"https:\/\/muenster.org\/altes-backhaus\/wp-json\/wp\/v2\/pages\/20147\/revisions"}],"predecessor-version":[{"id":23895,"href":"https:\/\/muenster.org\/altes-backhaus\/wp-json\/wp\/v2\/pages\/20147\/revisions\/23895"}],"up":[{"embeddable":true,"href":"https:\/\/muenster.org\/altes-backhaus\/wp-json\/wp\/v2\/pages\/20174"}],"wp:attachment":[{"href":"https:\/\/muenster.org\/altes-backhaus\/wp-json\/wp\/v2\/media?parent=20147"}],"curies":[{"name":"wp","href":"https:\/\/api.w.org\/{rel}","templated":true}]}}