{"id":20430,"date":"2023-04-19T18:28:02","date_gmt":"2023-04-19T16:28:02","guid":{"rendered":"https:\/\/muenster.org\/altes-backhaus\/?page_id=20430"},"modified":"2025-05-06T12:34:13","modified_gmt":"2025-05-06T11:34:13","slug":"die-mitglieder","status":"publish","type":"page","link":"https:\/\/muenster.org\/altes-backhaus\/wir-ueber-uns-neu\/die-mitglieder","title":{"rendered":"Die Mitglieder"},"content":{"rendered":"\t\t<div data-elementor-type=\"wp-page\" data-elementor-id=\"20430\" class=\"elementor elementor-20430\">\n\t\t\t\t\t\t<section class=\"elementor-section elementor-top-section elementor-element elementor-element-889cdde elementor-section-boxed elementor-section-height-default elementor-section-height-default\" data-id=\"889cdde\" data-element_type=\"section\" data-e-type=\"section\" data-settings=\"{&quot;background_background&quot;:&quot;classic&quot;}\">\n\t\t\t\t\t\t<div class=\"elementor-container elementor-column-gap-default\">\n\t\t\t\t\t<div class=\"elementor-column elementor-col-50 elementor-top-column elementor-element elementor-element-944c90f\" data-id=\"944c90f\" data-element_type=\"column\" data-e-type=\"column\">\n\t\t\t<div class=\"elementor-widget-wrap elementor-element-populated\">\n\t\t\t\t\t\t<div class=\"elementor-element elementor-element-e79eeec elementor-widget elementor-widget-heading\" data-id=\"e79eeec\" data-element_type=\"widget\" data-e-type=\"widget\" data-widget_type=\"heading.default\">\n\t\t\t\t<div class=\"elementor-widget-container\">\n\t\t\t\t\t<h3 class=\"elementor-heading-title elementor-size-large\">Die Mitglieder<\/h3>\t\t\t\t<\/div>\n\t\t\t\t<\/div>\n\t\t\t\t<div class=\"elementor-element elementor-element-9267214 elementor-widget elementor-widget-text-editor\" data-id=\"9267214\" data-element_type=\"widget\" data-e-type=\"widget\" data-widget_type=\"text-editor.default\">\n\t\t\t\t<div class=\"elementor-widget-container\">\n\t\t\t\t\t\t\t\t\t<p style=\"text-align: center;\"><span style=\"color: #993300;\">In unserem Haus arbeiten \u00e4ltere Menschen mit sehr unterschiedlichen beruflichen Erfahrungen. Allen gemeinsam ist, dass sie nach dem Ausscheiden aus dem Berufsleben eine neue Aufgabe suchten. Durch ihre ehrenamtliche T\u00e4tigkeit in unserem Haus wurden sie automatisch Mitglieder im gemeinn\u00fctzig anerkannten Verein Altes Backhaus e.V., denn wir erheben keine Mitgliedsbeitr\u00e4ge.<\/span><\/p>\t\t\t\t\t\t\t\t<\/div>\n\t\t\t\t<\/div>\n\t\t\t\t\t<\/div>\n\t\t<\/div>\n\t\t\t\t<div class=\"elementor-column elementor-col-50 elementor-top-column elementor-element elementor-element-4851127\" data-id=\"4851127\" data-element_type=\"column\" data-e-type=\"column\">\n\t\t\t<div class=\"elementor-widget-wrap elementor-element-populated\">\n\t\t\t\t\t\t<div class=\"elementor-element elementor-element-0b0dae0 elementor-widget elementor-widget-image\" data-id=\"0b0dae0\" data-element_type=\"widget\" data-e-type=\"widget\" data-widget_type=\"image.default\">\n\t\t\t\t<div class=\"elementor-widget-container\">\n\t\t\t\t\t\t\t\t\t\t\t\t\t\t\t<img fetchpriority=\"high\" decoding=\"async\" width=\"1024\" height=\"683\" src=\"https:\/\/muenster.org\/altes-backhaus\/wp-content\/uploads\/2025\/04\/Serviceteam-1024x683.jpg\" class=\"attachment-large size-large wp-image-23796\" alt=\"\" srcset=\"https:\/\/muenster.org\/altes-backhaus\/wp-content\/uploads\/2025\/04\/Serviceteam-1024x683.jpg 1024w, https:\/\/muenster.org\/altes-backhaus\/wp-content\/uploads\/2025\/04\/Serviceteam-300x200.jpg 300w, https:\/\/muenster.org\/altes-backhaus\/wp-content\/uploads\/2025\/04\/Serviceteam-768x512.jpg 768w, https:\/\/muenster.org\/altes-backhaus\/wp-content\/uploads\/2025\/04\/Serviceteam-930x620.jpg 930w, https:\/\/muenster.org\/altes-backhaus\/wp-content\/uploads\/2025\/04\/Serviceteam.jpg 1026w\" sizes=\"(max-width: 1024px) 100vw, 1024px\" \/>\t\t\t\t\t\t\t\t\t\t\t\t\t\t\t<\/div>\n\t\t\t\t<\/div>\n\t\t\t\t\t<\/div>\n\t\t<\/div>\n\t\t\t\t\t<\/div>\n\t\t<\/section>\n\t\t\t\t<section class=\"elementor-section elementor-top-section elementor-element elementor-element-b0a1bf9 elementor-section-boxed elementor-section-height-default elementor-section-height-default\" data-id=\"b0a1bf9\" data-element_type=\"section\" data-e-type=\"section\" data-settings=\"{&quot;background_background&quot;:&quot;classic&quot;}\">\n\t\t\t\t\t\t\t<div class=\"elementor-background-overlay\"><\/div>\n\t\t\t\t\t\t\t<div class=\"elementor-container elementor-column-gap-default\">\n\t\t\t\t\t<div class=\"elementor-column elementor-col-50 elementor-top-column elementor-element elementor-element-de5d358\" data-id=\"de5d358\" data-element_type=\"column\" data-e-type=\"column\">\n\t\t\t<div class=\"elementor-widget-wrap elementor-element-populated\">\n\t\t\t\t\t\t<div class=\"elementor-element elementor-element-06302a2 elementor-widget elementor-widget-text-editor\" data-id=\"06302a2\" data-element_type=\"widget\" data-e-type=\"widget\" data-widget_type=\"text-editor.default\">\n\t\t\t\t<div class=\"elementor-widget-container\">\n\t\t\t\t\t\t\t\t\t<p style=\"text-align: center;\"><span style=\"color: #993300;\">Einige Damen \u2013 und wenige Herren &#8211; haben ihren Aufgabenbereich im Serviceteam des Backhauses gefunden. Gerade durch sie wird die Atmosph\u00e4re unseres Hauses gepr\u00e4gt. Sie sorgen daf\u00fcr, dass all unsere Besucher ihren Aufenthalt als angenehm empfinden. Und manche Kursleiterin, manch Kursleiter, l\u00e4sst es sich nicht nehmen, zus\u00e4tzlich im Service Dienst zu machen. Hierzu geh\u00f6ren das \u00d6ffnen und Schlie\u00dfen des Hauses, der Telefondienst und damit das Beantworten vieler Fragen und nicht zuletzt das Bereitstellen von Getr\u00e4nken f\u00fcr die Kursteilnehmer. Der Dienst im Service kann an einem Tag pro Woche oder alle 14 Tage geleistet werden, vormittags oder nachmittags. Vielleicht haben Sie ja Zeit und Interesse, uns demn\u00e4chst zu unterst\u00fctzen?!<\/span><\/p>\t\t\t\t\t\t\t\t<\/div>\n\t\t\t\t<\/div>\n\t\t\t\t\t<\/div>\n\t\t<\/div>\n\t\t\t\t<div class=\"elementor-column elementor-col-50 elementor-top-column elementor-element elementor-element-681dc99\" data-id=\"681dc99\" data-element_type=\"column\" data-e-type=\"column\">\n\t\t\t<div class=\"elementor-widget-wrap elementor-element-populated\">\n\t\t\t\t\t\t<div class=\"elementor-element elementor-element-839d121 elementor-widget elementor-widget-spacer\" data-id=\"839d121\" data-element_type=\"widget\" data-e-type=\"widget\" data-widget_type=\"spacer.default\">\n\t\t\t\t<div class=\"elementor-widget-container\">\n\t\t\t\t\t\t\t<div class=\"elementor-spacer\">\n\t\t\t<div class=\"elementor-spacer-inner\"><\/div>\n\t\t<\/div>\n\t\t\t\t\t\t<\/div>\n\t\t\t\t<\/div>\n\t\t\t\t<div class=\"elementor-element elementor-element-a7dafac elementor-widget elementor-widget-image\" data-id=\"a7dafac\" data-element_type=\"widget\" data-e-type=\"widget\" data-widget_type=\"image.default\">\n\t\t\t\t<div class=\"elementor-widget-container\">\n\t\t\t\t\t\t\t\t\t\t\t\t\t\t\t<img decoding=\"async\" width=\"1024\" height=\"817\" src=\"https:\/\/muenster.org\/altes-backhaus\/wp-content\/uploads\/2012\/10\/IMG_4114-1024x817.jpg\" class=\"attachment-large size-large wp-image-5244\" alt=\"\" srcset=\"https:\/\/muenster.org\/altes-backhaus\/wp-content\/uploads\/2012\/10\/IMG_4114-1024x817.jpg 1024w, https:\/\/muenster.org\/altes-backhaus\/wp-content\/uploads\/2012\/10\/IMG_4114-300x239.jpg 300w, https:\/\/muenster.org\/altes-backhaus\/wp-content\/uploads\/2012\/10\/IMG_4114.jpg 1354w\" sizes=\"(max-width: 1024px) 100vw, 1024px\" \/>\t\t\t\t\t\t\t\t\t\t\t\t\t\t\t<\/div>\n\t\t\t\t<\/div>\n\t\t\t\t\t<\/div>\n\t\t<\/div>\n\t\t\t\t\t<\/div>\n\t\t<\/section>\n\t\t\t\t<section class=\"elementor-section elementor-top-section elementor-element elementor-element-7b6509a elementor-section-boxed elementor-section-height-default elementor-section-height-default\" data-id=\"7b6509a\" data-element_type=\"section\" data-e-type=\"section\" data-settings=\"{&quot;background_background&quot;:&quot;classic&quot;}\">\n\t\t\t\t\t\t<div class=\"elementor-container elementor-column-gap-default\">\n\t\t\t\t\t<div class=\"elementor-column elementor-col-50 elementor-top-column elementor-element elementor-element-9ee704a\" data-id=\"9ee704a\" data-element_type=\"column\" data-e-type=\"column\">\n\t\t\t<div class=\"elementor-widget-wrap elementor-element-populated\">\n\t\t\t\t\t\t<div class=\"elementor-element elementor-element-d71fb32 elementor-widget elementor-widget-text-editor\" data-id=\"d71fb32\" data-element_type=\"widget\" data-e-type=\"widget\" data-widget_type=\"text-editor.default\">\n\t\t\t\t<div class=\"elementor-widget-container\">\n\t\t\t\t\t\t\t\t\t<p style=\"text-align: center;\"><span style=\"color: #993300;\">Unsere rund 40 vielf\u00e4ltigen Angebote sind nur mit Hilfe der Kursleiterinnen und Kursleiter m\u00f6glich. Auch hier entscheidet jede, jeder selbst, ob der Kurs einmal pro Woche oder in gr\u00f6\u00dferen Abst\u00e4nden stattfindet. Und wer verreisen m\u00f6chte, informiert die Kursteilnehmer, denn im Backhaus herrscht mehr Freiheit als im \u201enormalen\u201c Berufsleben. Leider setzt uns die Kapazit\u00e4t unserer R\u00e4ume Grenzen, doch f\u00fcr neue Ideen sind wir stets offen. Vielleicht haben Sie Franz\u00f6sisch unterrichtet und w\u00fcrden ihre Kenntnisse gern weitergeben? Rufen Sie uns an, wenn Sie einen Vorschlag haben!<\/span><\/p>\t\t\t\t\t\t\t\t<\/div>\n\t\t\t\t<\/div>\n\t\t\t\t\t<\/div>\n\t\t<\/div>\n\t\t\t\t<div class=\"elementor-column elementor-col-50 elementor-top-column elementor-element elementor-element-b0383cc\" data-id=\"b0383cc\" data-element_type=\"column\" data-e-type=\"column\">\n\t\t\t<div class=\"elementor-widget-wrap elementor-element-populated\">\n\t\t\t\t\t\t<div class=\"elementor-element elementor-element-e45afd4 elementor-widget elementor-widget-spacer\" data-id=\"e45afd4\" data-element_type=\"widget\" data-e-type=\"widget\" data-widget_type=\"spacer.default\">\n\t\t\t\t<div class=\"elementor-widget-container\">\n\t\t\t\t\t\t\t<div class=\"elementor-spacer\">\n\t\t\t<div class=\"elementor-spacer-inner\"><\/div>\n\t\t<\/div>\n\t\t\t\t\t\t<\/div>\n\t\t\t\t<\/div>\n\t\t\t\t<div class=\"elementor-element elementor-element-e361a3c elementor-widget elementor-widget-image\" data-id=\"e361a3c\" data-element_type=\"widget\" data-e-type=\"widget\" data-widget_type=\"image.default\">\n\t\t\t\t<div class=\"elementor-widget-container\">\n\t\t\t\t\t\t\t\t\t\t\t\t\t\t\t<img decoding=\"async\" width=\"977\" height=\"651\" src=\"https:\/\/muenster.org\/altes-backhaus\/wp-content\/uploads\/2025\/04\/Lernen-Malkurs.jpg\" class=\"attachment-large size-large wp-image-23795\" alt=\"\" srcset=\"https:\/\/muenster.org\/altes-backhaus\/wp-content\/uploads\/2025\/04\/Lernen-Malkurs.jpg 977w, https:\/\/muenster.org\/altes-backhaus\/wp-content\/uploads\/2025\/04\/Lernen-Malkurs-300x200.jpg 300w, https:\/\/muenster.org\/altes-backhaus\/wp-content\/uploads\/2025\/04\/Lernen-Malkurs-768x512.jpg 768w, https:\/\/muenster.org\/altes-backhaus\/wp-content\/uploads\/2025\/04\/Lernen-Malkurs-930x620.jpg 930w\" sizes=\"(max-width: 977px) 100vw, 977px\" \/>\t\t\t\t\t\t\t\t\t\t\t\t\t\t\t<\/div>\n\t\t\t\t<\/div>\n\t\t\t\t\t<\/div>\n\t\t<\/div>\n\t\t\t\t\t<\/div>\n\t\t<\/section>\n\t\t\t\t<section class=\"elementor-section elementor-top-section elementor-element elementor-element-9f13019 elementor-section-boxed elementor-section-height-default elementor-section-height-default\" data-id=\"9f13019\" data-element_type=\"section\" data-e-type=\"section\" data-settings=\"{&quot;background_background&quot;:&quot;classic&quot;}\">\n\t\t\t\t\t\t<div class=\"elementor-container elementor-column-gap-default\">\n\t\t\t\t\t<div class=\"elementor-column elementor-col-50 elementor-top-column elementor-element elementor-element-6ed9d34\" data-id=\"6ed9d34\" data-element_type=\"column\" data-e-type=\"column\">\n\t\t\t<div class=\"elementor-widget-wrap elementor-element-populated\">\n\t\t\t\t\t\t<div class=\"elementor-element elementor-element-5b44f66 elementor-widget elementor-widget-text-editor\" data-id=\"5b44f66\" data-element_type=\"widget\" data-e-type=\"widget\" data-widget_type=\"text-editor.default\">\n\t\t\t\t<div class=\"elementor-widget-container\">\n\t\t\t\t\t\t\t\t\t<p style=\"text-align: center;\"><span style=\"color: #993300;\">Wir werden zwar von der Stadt M\u00fcnster gef\u00f6rdert, die Eigent\u00fcmerin des Backhauses ist, doch f\u00fcr Vieles sind wir selbst verantwortlich. Deshalb gibt es weder einen bezahlten Hausmeister noch G\u00e4rtner. Alles, was an kleineren Arbeiten oder Reparaturen anf\u00e4llt, leisten wir selbst. Allerdings gibt es einen professionellen Putzdienst, der zweimal pro Woche f\u00fcr die Sauberkeit unserer viel frequentierten R\u00e4ume sorgt. Sollten Sie im Kreuzviertel wohnen und keinen Garten haben, wir h\u00e4tten da eine Idee\u2026<\/span><\/p><p style=\"text-align: center;\">\u00a0<\/p>\t\t\t\t\t\t\t\t<\/div>\n\t\t\t\t<\/div>\n\t\t\t\t\t<\/div>\n\t\t<\/div>\n\t\t\t\t<div class=\"elementor-column elementor-col-50 elementor-top-column elementor-element elementor-element-5276435\" data-id=\"5276435\" data-element_type=\"column\" data-e-type=\"column\">\n\t\t\t<div class=\"elementor-widget-wrap elementor-element-populated\">\n\t\t\t\t\t\t<div class=\"elementor-element elementor-element-e7121ab elementor-widget elementor-widget-image\" data-id=\"e7121ab\" data-element_type=\"widget\" data-e-type=\"widget\" data-widget_type=\"image.default\">\n\t\t\t\t<div class=\"elementor-widget-container\">\n\t\t\t\t\t\t\t\t\t\t\t\t\t\t\t<img loading=\"lazy\" decoding=\"async\" width=\"1024\" height=\"683\" src=\"https:\/\/muenster.org\/altes-backhaus\/wp-content\/uploads\/2025\/04\/Arbeit-im-Garten-1024x683.jpg\" class=\"attachment-large size-large wp-image-23797\" alt=\"\" srcset=\"https:\/\/muenster.org\/altes-backhaus\/wp-content\/uploads\/2025\/04\/Arbeit-im-Garten-1024x683.jpg 1024w, https:\/\/muenster.org\/altes-backhaus\/wp-content\/uploads\/2025\/04\/Arbeit-im-Garten-300x200.jpg 300w, https:\/\/muenster.org\/altes-backhaus\/wp-content\/uploads\/2025\/04\/Arbeit-im-Garten-768x512.jpg 768w, https:\/\/muenster.org\/altes-backhaus\/wp-content\/uploads\/2025\/04\/Arbeit-im-Garten-930x620.jpg 930w, https:\/\/muenster.org\/altes-backhaus\/wp-content\/uploads\/2025\/04\/Arbeit-im-Garten.jpg 1419w\" sizes=\"(max-width: 1024px) 100vw, 1024px\" \/>\t\t\t\t\t\t\t\t\t\t\t\t\t\t\t<\/div>\n\t\t\t\t<\/div>\n\t\t\t\t\t<\/div>\n\t\t<\/div>\n\t\t\t\t\t<\/div>\n\t\t<\/section>\n\t\t\t\t<\/div>\n\t\t","protected":false},"excerpt":{"rendered":"<p>Die Mitglieder In unserem Haus arbeiten \u00e4ltere Menschen mit sehr unterschiedlichen beruflichen Erfahrungen. Allen gemeinsam ist, dass sie nach dem Ausscheiden aus dem Berufsleben eine neue Aufgabe suchten. Durch ihre ehrenamtliche T\u00e4tigkeit in unserem Haus wurden sie automatisch Mitglieder im gemeinn\u00fctzig anerkannten Verein Altes Backhaus e.V., denn wir erheben keine Mitgliedsbeitr\u00e4ge. Einige Damen \u2013 und&hellip;&nbsp;<\/p>\n<div class=\"read-more-wrapper\"><a href=\"https:\/\/muenster.org\/altes-backhaus\/wir-ueber-uns-neu\/die-mitglieder\" class=\"button button-primary\" rel=\"bookmark\">Mehr lesen &raquo;<span class=\"screen-reader-text\">Die Mitglieder<\/span><\/a><\/div>\n","protected":false},"author":50,"featured_media":0,"parent":20174,"menu_order":0,"comment_status":"closed","ping_status":"closed","template":"","meta":{"neve_meta_sidebar":"","neve_meta_container":"","neve_meta_enable_content_width":"off","neve_meta_content_width":100,"neve_meta_title_alignment":"","neve_meta_author_avatar":"","neve_post_elements_order":"","neve_meta_disable_header":"","neve_meta_disable_footer":"","neve_meta_disable_title":"on","neve_meta_reading_time":"","_themeisle_gutenberg_block_has_review":false,"cybocfi_hide_featured_image":"","footnotes":""},"class_list":["post-20430","page","type-page","status-publish","hentry"],"yoast_head":"<!-- This site is optimized with the Yoast SEO plugin v27.6 - https:\/\/yoast.com\/product\/yoast-seo-wordpress\/ -->\n<title>Die Mitglieder - Altes Backhaus<\/title>\n<meta name=\"robots\" content=\"index, follow, max-snippet:-1, max-image-preview:large, max-video-preview:-1\" \/>\n<link rel=\"canonical\" href=\"https:\/\/muenster.org\/altes-backhaus\/wir-ueber-uns-neu\/die-mitglieder\" \/>\n<meta name=\"twitter:label1\" content=\"Gesch\u00e4tzte Lesezeit\" \/>\n\t<meta name=\"twitter:data1\" content=\"3\u00a0Minuten\" \/>\n<script type=\"application\/ld+json\" class=\"yoast-schema-graph\">{\"@context\":\"https:\\\/\\\/schema.org\",\"@graph\":[{\"@type\":\"WebPage\",\"@id\":\"https:\\\/\\\/muenster.org\\\/altes-backhaus\\\/wir-ueber-uns-neu\\\/die-mitglieder\",\"url\":\"https:\\\/\\\/muenster.org\\\/altes-backhaus\\\/wir-ueber-uns-neu\\\/die-mitglieder\",\"name\":\"Die Mitglieder - Altes Backhaus\",\"isPartOf\":{\"@id\":\"https:\\\/\\\/muenster.org\\\/altes-backhaus\\\/#website\"},\"primaryImageOfPage\":{\"@id\":\"https:\\\/\\\/muenster.org\\\/altes-backhaus\\\/wir-ueber-uns-neu\\\/die-mitglieder#primaryimage\"},\"image\":{\"@id\":\"https:\\\/\\\/muenster.org\\\/altes-backhaus\\\/wir-ueber-uns-neu\\\/die-mitglieder#primaryimage\"},\"thumbnailUrl\":\"https:\\\/\\\/muenster.org\\\/altes-backhaus\\\/wp-content\\\/uploads\\\/2025\\\/04\\\/Serviceteam-1024x683.jpg\",\"datePublished\":\"2023-04-19T16:28:02+00:00\",\"dateModified\":\"2025-05-06T11:34:13+00:00\",\"breadcrumb\":{\"@id\":\"https:\\\/\\\/muenster.org\\\/altes-backhaus\\\/wir-ueber-uns-neu\\\/die-mitglieder#breadcrumb\"},\"inLanguage\":\"de\",\"potentialAction\":[{\"@type\":\"ReadAction\",\"target\":[\"https:\\\/\\\/muenster.org\\\/altes-backhaus\\\/wir-ueber-uns-neu\\\/die-mitglieder\"]}]},{\"@type\":\"ImageObject\",\"inLanguage\":\"de\",\"@id\":\"https:\\\/\\\/muenster.org\\\/altes-backhaus\\\/wir-ueber-uns-neu\\\/die-mitglieder#primaryimage\",\"url\":\"https:\\\/\\\/muenster.org\\\/altes-backhaus\\\/wp-content\\\/uploads\\\/2025\\\/04\\\/Serviceteam.jpg\",\"contentUrl\":\"https:\\\/\\\/muenster.org\\\/altes-backhaus\\\/wp-content\\\/uploads\\\/2025\\\/04\\\/Serviceteam.jpg\",\"width\":1026,\"height\":684},{\"@type\":\"BreadcrumbList\",\"@id\":\"https:\\\/\\\/muenster.org\\\/altes-backhaus\\\/wir-ueber-uns-neu\\\/die-mitglieder#breadcrumb\",\"itemListElement\":[{\"@type\":\"ListItem\",\"position\":1,\"name\":\"Home\",\"item\":\"https:\\\/\\\/muenster.org\\\/altes-backhaus\\\/\"},{\"@type\":\"ListItem\",\"position\":2,\"name\":\"Wir \u00fcber uns\",\"item\":\"https:\\\/\\\/muenster.org\\\/altes-backhaus\\\/wir-ueber-uns-neu\"},{\"@type\":\"ListItem\",\"position\":3,\"name\":\"Die Mitglieder\"}]},{\"@type\":\"WebSite\",\"@id\":\"https:\\\/\\\/muenster.org\\\/altes-backhaus\\\/#website\",\"url\":\"https:\\\/\\\/muenster.org\\\/altes-backhaus\\\/\",\"name\":\"Altes Backhaus\",\"description\":\"Die Begegnungs- und Bildungsst\u00e4tte im Kreuzviertel\",\"publisher\":{\"@id\":\"https:\\\/\\\/muenster.org\\\/altes-backhaus\\\/#organization\"},\"potentialAction\":[{\"@type\":\"SearchAction\",\"target\":{\"@type\":\"EntryPoint\",\"urlTemplate\":\"https:\\\/\\\/muenster.org\\\/altes-backhaus\\\/?s={search_term_string}\"},\"query-input\":{\"@type\":\"PropertyValueSpecification\",\"valueRequired\":true,\"valueName\":\"search_term_string\"}}],\"inLanguage\":\"de\"},{\"@type\":\"Organization\",\"@id\":\"https:\\\/\\\/muenster.org\\\/altes-backhaus\\\/#organization\",\"name\":\"Altes Backhaus\",\"url\":\"https:\\\/\\\/muenster.org\\\/altes-backhaus\\\/\",\"logo\":{\"@type\":\"ImageObject\",\"inLanguage\":\"de\",\"@id\":\"https:\\\/\\\/muenster.org\\\/altes-backhaus\\\/#\\\/schema\\\/logo\\\/image\\\/\",\"url\":\"https:\\\/\\\/muenster.org\\\/altes-backhaus\\\/wp-content\\\/uploads\\\/2020\\\/05\\\/cropped-logo.jpg\",\"contentUrl\":\"https:\\\/\\\/muenster.org\\\/altes-backhaus\\\/wp-content\\\/uploads\\\/2020\\\/05\\\/cropped-logo.jpg\",\"width\":287,\"height\":95,\"caption\":\"Altes Backhaus\"},\"image\":{\"@id\":\"https:\\\/\\\/muenster.org\\\/altes-backhaus\\\/#\\\/schema\\\/logo\\\/image\\\/\"}}]}<\/script>\n<!-- \/ Yoast SEO plugin. -->","yoast_head_json":{"title":"Die Mitglieder - Altes Backhaus","robots":{"index":"index","follow":"follow","max-snippet":"max-snippet:-1","max-image-preview":"max-image-preview:large","max-video-preview":"max-video-preview:-1"},"canonical":"https:\/\/muenster.org\/altes-backhaus\/wir-ueber-uns-neu\/die-mitglieder","twitter_misc":{"Gesch\u00e4tzte Lesezeit":"3\u00a0Minuten"},"schema":{"@context":"https:\/\/schema.org","@graph":[{"@type":"WebPage","@id":"https:\/\/muenster.org\/altes-backhaus\/wir-ueber-uns-neu\/die-mitglieder","url":"https:\/\/muenster.org\/altes-backhaus\/wir-ueber-uns-neu\/die-mitglieder","name":"Die Mitglieder - Altes Backhaus","isPartOf":{"@id":"https:\/\/muenster.org\/altes-backhaus\/#website"},"primaryImageOfPage":{"@id":"https:\/\/muenster.org\/altes-backhaus\/wir-ueber-uns-neu\/die-mitglieder#primaryimage"},"image":{"@id":"https:\/\/muenster.org\/altes-backhaus\/wir-ueber-uns-neu\/die-mitglieder#primaryimage"},"thumbnailUrl":"https:\/\/muenster.org\/altes-backhaus\/wp-content\/uploads\/2025\/04\/Serviceteam-1024x683.jpg","datePublished":"2023-04-19T16:28:02+00:00","dateModified":"2025-05-06T11:34:13+00:00","breadcrumb":{"@id":"https:\/\/muenster.org\/altes-backhaus\/wir-ueber-uns-neu\/die-mitglieder#breadcrumb"},"inLanguage":"de","potentialAction":[{"@type":"ReadAction","target":["https:\/\/muenster.org\/altes-backhaus\/wir-ueber-uns-neu\/die-mitglieder"]}]},{"@type":"ImageObject","inLanguage":"de","@id":"https:\/\/muenster.org\/altes-backhaus\/wir-ueber-uns-neu\/die-mitglieder#primaryimage","url":"https:\/\/muenster.org\/altes-backhaus\/wp-content\/uploads\/2025\/04\/Serviceteam.jpg","contentUrl":"https:\/\/muenster.org\/altes-backhaus\/wp-content\/uploads\/2025\/04\/Serviceteam.jpg","width":1026,"height":684},{"@type":"BreadcrumbList","@id":"https:\/\/muenster.org\/altes-backhaus\/wir-ueber-uns-neu\/die-mitglieder#breadcrumb","itemListElement":[{"@type":"ListItem","position":1,"name":"Home","item":"https:\/\/muenster.org\/altes-backhaus\/"},{"@type":"ListItem","position":2,"name":"Wir \u00fcber uns","item":"https:\/\/muenster.org\/altes-backhaus\/wir-ueber-uns-neu"},{"@type":"ListItem","position":3,"name":"Die Mitglieder"}]},{"@type":"WebSite","@id":"https:\/\/muenster.org\/altes-backhaus\/#website","url":"https:\/\/muenster.org\/altes-backhaus\/","name":"Altes Backhaus","description":"Die Begegnungs- und Bildungsst\u00e4tte im Kreuzviertel","publisher":{"@id":"https:\/\/muenster.org\/altes-backhaus\/#organization"},"potentialAction":[{"@type":"SearchAction","target":{"@type":"EntryPoint","urlTemplate":"https:\/\/muenster.org\/altes-backhaus\/?s={search_term_string}"},"query-input":{"@type":"PropertyValueSpecification","valueRequired":true,"valueName":"search_term_string"}}],"inLanguage":"de"},{"@type":"Organization","@id":"https:\/\/muenster.org\/altes-backhaus\/#organization","name":"Altes Backhaus","url":"https:\/\/muenster.org\/altes-backhaus\/","logo":{"@type":"ImageObject","inLanguage":"de","@id":"https:\/\/muenster.org\/altes-backhaus\/#\/schema\/logo\/image\/","url":"https:\/\/muenster.org\/altes-backhaus\/wp-content\/uploads\/2020\/05\/cropped-logo.jpg","contentUrl":"https:\/\/muenster.org\/altes-backhaus\/wp-content\/uploads\/2020\/05\/cropped-logo.jpg","width":287,"height":95,"caption":"Altes Backhaus"},"image":{"@id":"https:\/\/muenster.org\/altes-backhaus\/#\/schema\/logo\/image\/"}}]}},"amp_enabled":true,"rttpg_featured_image_url":null,"rttpg_author":{"display_name":"Ilona Z\u00fchlke","author_link":"https:\/\/muenster.org\/altes-backhaus\/author\/ilona"},"rttpg_comment":0,"rttpg_category":null,"rttpg_excerpt":"Die Mitglieder In unserem Haus arbeiten \u00e4ltere Menschen mit sehr unterschiedlichen beruflichen Erfahrungen. Allen gemeinsam ist, dass sie nach dem Ausscheiden aus dem Berufsleben eine neue Aufgabe suchten. Durch ihre ehrenamtliche T\u00e4tigkeit in unserem Haus wurden sie automatisch Mitglieder im gemeinn\u00fctzig anerkannten Verein Altes Backhaus e.V., denn wir erheben keine Mitgliedsbeitr\u00e4ge. Einige Damen \u2013 und&hellip;&nbsp;Mehr&hellip;","_links":{"self":[{"href":"https:\/\/muenster.org\/altes-backhaus\/wp-json\/wp\/v2\/pages\/20430","targetHints":{"allow":["GET"]}}],"collection":[{"href":"https:\/\/muenster.org\/altes-backhaus\/wp-json\/wp\/v2\/pages"}],"about":[{"href":"https:\/\/muenster.org\/altes-backhaus\/wp-json\/wp\/v2\/types\/page"}],"author":[{"embeddable":true,"href":"https:\/\/muenster.org\/altes-backhaus\/wp-json\/wp\/v2\/users\/50"}],"replies":[{"embeddable":true,"href":"https:\/\/muenster.org\/altes-backhaus\/wp-json\/wp\/v2\/comments?post=20430"}],"version-history":[{"count":73,"href":"https:\/\/muenster.org\/altes-backhaus\/wp-json\/wp\/v2\/pages\/20430\/revisions"}],"predecessor-version":[{"id":23868,"href":"https:\/\/muenster.org\/altes-backhaus\/wp-json\/wp\/v2\/pages\/20430\/revisions\/23868"}],"up":[{"embeddable":true,"href":"https:\/\/muenster.org\/altes-backhaus\/wp-json\/wp\/v2\/pages\/20174"}],"wp:attachment":[{"href":"https:\/\/muenster.org\/altes-backhaus\/wp-json\/wp\/v2\/media?parent=20430"}],"curies":[{"name":"wp","href":"https:\/\/api.w.org\/{rel}","templated":true}]}}