{"id":20453,"date":"2023-04-19T17:32:53","date_gmt":"2023-04-19T15:32:53","guid":{"rendered":"https:\/\/muenster.org\/altes-backhaus\/?page_id=20453"},"modified":"2023-05-07T09:22:54","modified_gmt":"2023-05-07T07:22:54","slug":"medien","status":"publish","type":"page","link":"https:\/\/muenster.org\/altes-backhaus\/wir-ueber-uns-neu\/medien","title":{"rendered":"Medien"},"content":{"rendered":"\t\t<div data-elementor-type=\"wp-page\" data-elementor-id=\"20453\" class=\"elementor elementor-20453\">\n\t\t\t\t\t\t<section class=\"elementor-section elementor-top-section elementor-element elementor-element-edf0904 elementor-section-boxed elementor-section-height-default elementor-section-height-default\" data-id=\"edf0904\" data-element_type=\"section\" data-e-type=\"section\" data-settings=\"{&quot;background_background&quot;:&quot;classic&quot;}\">\n\t\t\t\t\t\t<div class=\"elementor-container elementor-column-gap-default\">\n\t\t\t\t\t<div class=\"elementor-column elementor-col-100 elementor-top-column elementor-element elementor-element-f05a8fe\" data-id=\"f05a8fe\" data-element_type=\"column\" data-e-type=\"column\" data-settings=\"{&quot;background_background&quot;:&quot;gradient&quot;}\">\n\t\t\t<div class=\"elementor-widget-wrap elementor-element-populated\">\n\t\t\t\t\t\t<div class=\"elementor-element elementor-element-a9f2b5e elementor-widget elementor-widget-image\" data-id=\"a9f2b5e\" data-element_type=\"widget\" data-e-type=\"widget\" data-widget_type=\"image.default\">\n\t\t\t\t<div class=\"elementor-widget-container\">\n\t\t\t\t\t\t\t\t\t\t\t\t\t\t\t<img fetchpriority=\"high\" decoding=\"async\" width=\"213\" height=\"300\" src=\"https:\/\/muenster.org\/altes-backhaus\/wp-content\/uploads\/2023\/01\/Titel-MSZ-213x300.jpg\" class=\"attachment-medium size-medium wp-image-19733\" alt=\"\" srcset=\"https:\/\/muenster.org\/altes-backhaus\/wp-content\/uploads\/2023\/01\/Titel-MSZ-213x300.jpg 213w, https:\/\/muenster.org\/altes-backhaus\/wp-content\/uploads\/2023\/01\/Titel-MSZ-727x1024.jpg 727w, https:\/\/muenster.org\/altes-backhaus\/wp-content\/uploads\/2023\/01\/Titel-MSZ-768x1082.jpg 768w, https:\/\/muenster.org\/altes-backhaus\/wp-content\/uploads\/2023\/01\/Titel-MSZ-1090x1536.jpg 1090w, https:\/\/muenster.org\/altes-backhaus\/wp-content\/uploads\/2023\/01\/Titel-MSZ-1453x2048.jpg 1453w, https:\/\/muenster.org\/altes-backhaus\/wp-content\/uploads\/2023\/01\/Titel-MSZ-scaled.jpg 1817w\" sizes=\"(max-width: 213px) 100vw, 213px\" \/>\t\t\t\t\t\t\t\t\t\t\t\t\t\t\t<\/div>\n\t\t\t\t<\/div>\n\t\t\t\t\t<\/div>\n\t\t<\/div>\n\t\t\t\t\t<\/div>\n\t\t<\/section>\n\t\t\t\t<section class=\"elementor-section elementor-top-section elementor-element elementor-element-7518c00 elementor-section-boxed elementor-section-height-default elementor-section-height-default\" data-id=\"7518c00\" data-element_type=\"section\" data-e-type=\"section\">\n\t\t\t\t\t\t<div class=\"elementor-container elementor-column-gap-default\">\n\t\t\t\t\t<div class=\"elementor-column elementor-col-100 elementor-top-column elementor-element elementor-element-ff94166\" data-id=\"ff94166\" data-element_type=\"column\" data-e-type=\"column\" data-settings=\"{&quot;background_background&quot;:&quot;classic&quot;}\">\n\t\t\t<div class=\"elementor-widget-wrap elementor-element-populated\">\n\t\t\t\t\t\t<div class=\"elementor-element elementor-element-a9c78a9 elementor-widget elementor-widget-text-editor\" data-id=\"a9c78a9\" data-element_type=\"widget\" data-e-type=\"widget\" data-widget_type=\"text-editor.default\">\n\t\t\t\t<div class=\"elementor-widget-container\">\n\t\t\t\t\t\t\t\t\t<p>Im Juli 2020 ver\u00f6ffentlichte die MSZ (M\u00fcnsters Senioren Zeitung) einen Beitrag \u00fcber das Alte Backhaus. Die Autorin ist Ilona Z\u00fchlke, die von 2015 bis 2022 ehrenamtlich in der Redaktion der MSZ t\u00e4tig war.<\/p><p><strong>Das Alte Backhaus &#8211; Begegnung und Bildung f\u00fcr Senioren<\/strong><\/p><p>Was f\u00fcr ein Gl\u00fcck, dass wir wieder kommen d\u00fcrfen! Wir haben euch sehr vermisst! So \u00fcberschw\u00e4nglich \u00e4u\u00dferten sich G\u00e4ste und Mitarbeiter des Alten Backhauses an der Coerdestra\u00dfe, als der Betrieb wieder losging. Mehrere Monate durfte das Begegnungszentrum auf Anweisung der Stadt M\u00fcnster nicht besucht werden, weil der Corona-Virus vornehmlich \u00e4ltere Menschen bedroht. Die Wiederer\u00f6ffnung Mitte Juni war mit Beschr\u00e4nkungen im Hinblick auf die Zahl der Angebote, der jeweiligen Teilnehmer und mit strikten Hygienevorschriften verbunden. Nun darf man wieder in kleinen Gruppen malen, Sprachen lernen, stricken und einiges mehr.<\/p><p>Das Backhaus fehlte vielen Menschen \u2013 und nicht nur denen im Kreuzviertel. Denn diese Einrichtung ist ein Ort, an dem \u00e4ltere B\u00fcrger aus allen Teilen unserer Stadt ihr zweites Zuhause gefunden haben. Es ist ein lebendiger Ort der Begegnung und Bildung. Manche kommen als Kursteilnehmer, andere als G\u00e4ste zum Sonntagsfr\u00fchst\u00fcck oder zu anderen Veranstaltungen. Etliche allerdings verbringen dort viel Zeit, sind als ehrenamtliche Mitarbeiter im Bereich Bildung, Kultur, Kreativit\u00e4t oder im Service t\u00e4tig. Letzteres bedeutet, dass man regelm\u00e4\u00dfig einen halben Tag Dienst hat, dabei am Telefon Fragen beantwortet, Anmeldungen entgegennimmt, die Teilnehmer von Kursen mit Getr\u00e4nken und die Pflanzen im Garten mit Wasser versorgt.<\/p><p>Ein japanisches Fernsehteam, das f\u00fcr eine Nachrichtensendung im Januar im Backhaus filmte, empfand das Konzept als au\u00dfergew\u00f6hnlich. Und das ist es auch, denn der gesamte Betrieb wird in Eigenregie organisiert, es steht keine gro\u00dfe Organisation als Tr\u00e4ger dahinter. Viele der heutigen Mitarbeiter kamen aus Neugier und blieben. Sie haben F\u00e4higkeiten, die sie nach dem Berufsleben gern an andere weitergeben. Selbst junge Menschen sind vom Backhaus begeistert, was die Reaktion einer Fotografin zeigte. Sie durfte f\u00fcr eine Pr\u00fcfung den Alltag im Backhaus dokumentieren und fand den netten Umgang untereinander bemerkenswert. Das wird jeder feststellen, der das Haus besucht, egal ob als Gast oder Kursteilnehmer: Das Miteinander ist pers\u00f6nlich und herzlich, man kann sich dort rundum wohlf\u00fchlen!<\/p><p>In dem sch\u00f6nen alten Haus im Hinterhof wurde fr\u00fcher tats\u00e4chlich gebacken. Doch vor \u00fcber 30 Jahren \u00fcbernahm der Verein Altes Backhaus e.V. das Geb\u00e4ude von der Stadt. Mitglieder des Vereins sind s\u00e4mtliche f\u00fcr ihn ehrenamtlich T\u00e4tigen. Ein siebenk\u00f6pfiger Vorstand unter dem Vorsitz von (seinerzeit) Reinhard Hinz k\u00fcmmert sich um den reibungslosen Ablauf des Lebens im Backhaus. Die Stadt zahlt Zusch\u00fcsse f\u00fcr laufende Kosten wie Strom, Wasser, Versicherungen, jedoch muss der Verein anfallende Sch\u00f6nheitsreparaturen oder notwendige Erneuerungen aus eigener Kraft stemmen. \u00dcberaus wichtig sind hierbei die Ehrenamtlichen mit handwerklicher Begabung: Ist Hilfe vonn\u00f6ten, fassen alle an, die dazu in der Lage sind. Gl\u00fccklicherweise gibt es auch F\u00f6rderer, Sponsoren und manchmal sogar Erblasser, die das Backhaus bedenken. Und durch den Verkauf kreativer, im Backhaus entstandener Werke werden ebenfalls Einnahmen erzielt.<\/p><p>Mit anderen Seniorenorganisationen in der Stadt ist der Vorstand im regen Austausch. Ein Mitglied, Hans Kurth, ist derzeit (bis 2022) Vorsitzender der Kommunalen Seniorenvertretung M\u00fcnster. Au\u00dferdem besucht der Verein den \u201eRunden Tisch\u201c, an dem sich Vertreter aller m\u00fcnsterschen Seniorenorganisationen treffen, oder die Kreuzviertelmesse, die Angebote f\u00fcr \u00c4ltere vorstellt. Man pflegt Kontakte zu vielen Vereinigungen und vermietet die R\u00e4umlichkeiten auch f\u00fcr externe Veranstaltungen beispielsweise von Parteien oder kulturellen Vereinigungen. Hin und wieder werden im Backhaus sogar Delegationen aus anderen Bundesl\u00e4ndern empfangen und \u00fcber dessen Konzept informiert.<\/p><p>Vor Corona-Zeiten kamen zum Donnerstagsfr\u00fchst\u00fcck regelm\u00e4\u00dfig renommierte Referenten, die in gem\u00fctlicher Atmosph\u00e4re \u00fcber sehr unterschiedliche Themen berichteten. Diese Veranstaltungen waren ebenso gut besucht wie das normale, an vielen Sonntagen im Jahr stattfindende Fr\u00fchst\u00fcck, die Auff\u00fchrungen der eigenen Theatergruppe, das allj\u00e4hrliche Sommerfest, der Flohmarkt oder der \u201eMarkt der sch\u00f6nen Dinge\u201c in der Adventszeit. Auch beim Kreuzviertelfest pr\u00e4sentierte sich das Backhaus, bot Selbstgemachtes wie authentische Curryw\u00fcrzmischungen \u2013 ein absoluter Geheimtipp! -, Gestricktes, Gen\u00e4htes oder Schmuck zum Kauf an und informierte Interessierte \u00fcber die Angebote des Backhauses. Nun hoffen alle, dass man in absehbarer Zeit wieder wie gewohnt arbeiten und sich treffen kann\u2026<\/p><p>(Der Artikel wurde durch Hinweise zum Kursangebot und mit den erforderlichen Kontaktdaten erg\u00e4nzt.)<\/p>\t\t\t\t\t\t\t\t<\/div>\n\t\t\t\t<\/div>\n\t\t\t\t\t<\/div>\n\t\t<\/div>\n\t\t\t\t\t<\/div>\n\t\t<\/section>\n\t\t\t\t<\/div>\n\t\t","protected":false},"excerpt":{"rendered":"<p>Im Juli 2020 ver\u00f6ffentlichte die MSZ (M\u00fcnsters Senioren Zeitung) einen Beitrag \u00fcber das Alte Backhaus. Die Autorin ist Ilona Z\u00fchlke, die von 2015 bis 2022 ehrenamtlich in der Redaktion der MSZ t\u00e4tig war. Das Alte Backhaus &#8211; Begegnung und Bildung f\u00fcr Senioren Was f\u00fcr ein Gl\u00fcck, dass wir wieder kommen d\u00fcrfen! Wir haben euch sehr&hellip;&nbsp;<\/p>\n<div class=\"read-more-wrapper\"><a href=\"https:\/\/muenster.org\/altes-backhaus\/wir-ueber-uns-neu\/medien\" class=\"button button-primary\" rel=\"bookmark\">Mehr lesen &raquo;<span class=\"screen-reader-text\">Medien<\/span><\/a><\/div>\n","protected":false},"author":50,"featured_media":19733,"parent":20174,"menu_order":0,"comment_status":"closed","ping_status":"closed","template":"","meta":{"neve_meta_sidebar":"","neve_meta_container":"","neve_meta_enable_content_width":"off","neve_meta_content_width":100,"neve_meta_title_alignment":"","neve_meta_author_avatar":"","neve_post_elements_order":"","neve_meta_disable_header":"","neve_meta_disable_footer":"","neve_meta_disable_title":"","neve_meta_reading_time":"","_themeisle_gutenberg_block_has_review":false,"cybocfi_hide_featured_image":"yes","footnotes":""},"class_list":["post-20453","page","type-page","status-publish","has-post-thumbnail","hentry"],"yoast_head":"<!-- This site is optimized with the Yoast SEO plugin v27.4 - https:\/\/yoast.com\/product\/yoast-seo-wordpress\/ -->\n<title>Medien - Altes Backhaus<\/title>\n<meta name=\"robots\" content=\"index, follow, max-snippet:-1, max-image-preview:large, max-video-preview:-1\" \/>\n<link rel=\"canonical\" href=\"https:\/\/muenster.org\/altes-backhaus\/wir-ueber-uns-neu\/medien\" \/>\n<meta name=\"twitter:label1\" content=\"Gesch\u00e4tzte Lesezeit\" \/>\n\t<meta name=\"twitter:data1\" content=\"4\u00a0Minuten\" \/>\n<script type=\"application\/ld+json\" class=\"yoast-schema-graph\">{\"@context\":\"https:\\\/\\\/schema.org\",\"@graph\":[{\"@type\":\"WebPage\",\"@id\":\"https:\\\/\\\/muenster.org\\\/altes-backhaus\\\/wir-ueber-uns-neu\\\/medien\",\"url\":\"https:\\\/\\\/muenster.org\\\/altes-backhaus\\\/wir-ueber-uns-neu\\\/medien\",\"name\":\"Medien - Altes Backhaus\",\"isPartOf\":{\"@id\":\"https:\\\/\\\/muenster.org\\\/altes-backhaus\\\/#website\"},\"primaryImageOfPage\":{\"@id\":\"https:\\\/\\\/muenster.org\\\/altes-backhaus\\\/wir-ueber-uns-neu\\\/medien#primaryimage\"},\"image\":{\"@id\":\"https:\\\/\\\/muenster.org\\\/altes-backhaus\\\/wir-ueber-uns-neu\\\/medien#primaryimage\"},\"thumbnailUrl\":\"https:\\\/\\\/muenster.org\\\/altes-backhaus\\\/wp-content\\\/uploads\\\/2023\\\/01\\\/Titel-MSZ-scaled.jpg\",\"datePublished\":\"2023-04-19T15:32:53+00:00\",\"dateModified\":\"2023-05-07T07:22:54+00:00\",\"breadcrumb\":{\"@id\":\"https:\\\/\\\/muenster.org\\\/altes-backhaus\\\/wir-ueber-uns-neu\\\/medien#breadcrumb\"},\"inLanguage\":\"de\",\"potentialAction\":[{\"@type\":\"ReadAction\",\"target\":[\"https:\\\/\\\/muenster.org\\\/altes-backhaus\\\/wir-ueber-uns-neu\\\/medien\"]}]},{\"@type\":\"BreadcrumbList\",\"@id\":\"https:\\\/\\\/muenster.org\\\/altes-backhaus\\\/wir-ueber-uns-neu\\\/medien#breadcrumb\",\"itemListElement\":[{\"@type\":\"ListItem\",\"position\":1,\"name\":\"Home\",\"item\":\"https:\\\/\\\/muenster.org\\\/altes-backhaus\\\/\"},{\"@type\":\"ListItem\",\"position\":2,\"name\":\"Wir \u00fcber uns\",\"item\":\"https:\\\/\\\/muenster.org\\\/altes-backhaus\\\/wir-ueber-uns-neu\"},{\"@type\":\"ListItem\",\"position\":3,\"name\":\"Medien\"}]},{\"@type\":\"WebSite\",\"@id\":\"https:\\\/\\\/muenster.org\\\/altes-backhaus\\\/#website\",\"url\":\"https:\\\/\\\/muenster.org\\\/altes-backhaus\\\/\",\"name\":\"Altes Backhaus\",\"description\":\"Die Begegnungs- und Bildungsst\u00e4tte im Kreuzviertel\",\"publisher\":{\"@id\":\"https:\\\/\\\/muenster.org\\\/altes-backhaus\\\/#organization\"},\"potentialAction\":[{\"@type\":\"SearchAction\",\"target\":{\"@type\":\"EntryPoint\",\"urlTemplate\":\"https:\\\/\\\/muenster.org\\\/altes-backhaus\\\/?s={search_term_string}\"},\"query-input\":{\"@type\":\"PropertyValueSpecification\",\"valueRequired\":true,\"valueName\":\"search_term_string\"}}],\"inLanguage\":\"de\"},{\"@type\":\"Organization\",\"@id\":\"https:\\\/\\\/muenster.org\\\/altes-backhaus\\\/#organization\",\"name\":\"Altes Backhaus\",\"url\":\"https:\\\/\\\/muenster.org\\\/altes-backhaus\\\/\",\"logo\":{\"@type\":\"ImageObject\",\"inLanguage\":\"de\",\"@id\":\"https:\\\/\\\/muenster.org\\\/altes-backhaus\\\/#\\\/schema\\\/logo\\\/image\\\/\",\"url\":\"https:\\\/\\\/muenster.org\\\/altes-backhaus\\\/wp-content\\\/uploads\\\/2020\\\/05\\\/cropped-logo.jpg\",\"contentUrl\":\"https:\\\/\\\/muenster.org\\\/altes-backhaus\\\/wp-content\\\/uploads\\\/2020\\\/05\\\/cropped-logo.jpg\",\"width\":287,\"height\":95,\"caption\":\"Altes Backhaus\"},\"image\":{\"@id\":\"https:\\\/\\\/muenster.org\\\/altes-backhaus\\\/#\\\/schema\\\/logo\\\/image\\\/\"}}]}<\/script>\n<!-- \/ Yoast SEO plugin. -->","yoast_head_json":{"title":"Medien - Altes Backhaus","robots":{"index":"index","follow":"follow","max-snippet":"max-snippet:-1","max-image-preview":"max-image-preview:large","max-video-preview":"max-video-preview:-1"},"canonical":"https:\/\/muenster.org\/altes-backhaus\/wir-ueber-uns-neu\/medien","twitter_misc":{"Gesch\u00e4tzte Lesezeit":"4\u00a0Minuten"},"schema":{"@context":"https:\/\/schema.org","@graph":[{"@type":"WebPage","@id":"https:\/\/muenster.org\/altes-backhaus\/wir-ueber-uns-neu\/medien","url":"https:\/\/muenster.org\/altes-backhaus\/wir-ueber-uns-neu\/medien","name":"Medien - Altes Backhaus","isPartOf":{"@id":"https:\/\/muenster.org\/altes-backhaus\/#website"},"primaryImageOfPage":{"@id":"https:\/\/muenster.org\/altes-backhaus\/wir-ueber-uns-neu\/medien#primaryimage"},"image":{"@id":"https:\/\/muenster.org\/altes-backhaus\/wir-ueber-uns-neu\/medien#primaryimage"},"thumbnailUrl":"https:\/\/muenster.org\/altes-backhaus\/wp-content\/uploads\/2023\/01\/Titel-MSZ-scaled.jpg","datePublished":"2023-04-19T15:32:53+00:00","dateModified":"2023-05-07T07:22:54+00:00","breadcrumb":{"@id":"https:\/\/muenster.org\/altes-backhaus\/wir-ueber-uns-neu\/medien#breadcrumb"},"inLanguage":"de","potentialAction":[{"@type":"ReadAction","target":["https:\/\/muenster.org\/altes-backhaus\/wir-ueber-uns-neu\/medien"]}]},{"@type":"BreadcrumbList","@id":"https:\/\/muenster.org\/altes-backhaus\/wir-ueber-uns-neu\/medien#breadcrumb","itemListElement":[{"@type":"ListItem","position":1,"name":"Home","item":"https:\/\/muenster.org\/altes-backhaus\/"},{"@type":"ListItem","position":2,"name":"Wir \u00fcber uns","item":"https:\/\/muenster.org\/altes-backhaus\/wir-ueber-uns-neu"},{"@type":"ListItem","position":3,"name":"Medien"}]},{"@type":"WebSite","@id":"https:\/\/muenster.org\/altes-backhaus\/#website","url":"https:\/\/muenster.org\/altes-backhaus\/","name":"Altes Backhaus","description":"Die Begegnungs- und Bildungsst\u00e4tte im Kreuzviertel","publisher":{"@id":"https:\/\/muenster.org\/altes-backhaus\/#organization"},"potentialAction":[{"@type":"SearchAction","target":{"@type":"EntryPoint","urlTemplate":"https:\/\/muenster.org\/altes-backhaus\/?s={search_term_string}"},"query-input":{"@type":"PropertyValueSpecification","valueRequired":true,"valueName":"search_term_string"}}],"inLanguage":"de"},{"@type":"Organization","@id":"https:\/\/muenster.org\/altes-backhaus\/#organization","name":"Altes Backhaus","url":"https:\/\/muenster.org\/altes-backhaus\/","logo":{"@type":"ImageObject","inLanguage":"de","@id":"https:\/\/muenster.org\/altes-backhaus\/#\/schema\/logo\/image\/","url":"https:\/\/muenster.org\/altes-backhaus\/wp-content\/uploads\/2020\/05\/cropped-logo.jpg","contentUrl":"https:\/\/muenster.org\/altes-backhaus\/wp-content\/uploads\/2020\/05\/cropped-logo.jpg","width":287,"height":95,"caption":"Altes Backhaus"},"image":{"@id":"https:\/\/muenster.org\/altes-backhaus\/#\/schema\/logo\/image\/"}}]}},"amp_enabled":true,"rttpg_featured_image_url":{"full":["https:\/\/muenster.org\/altes-backhaus\/wp-content\/uploads\/2023\/01\/Titel-MSZ-scaled.jpg",1817,2560,false],"landscape":["https:\/\/muenster.org\/altes-backhaus\/wp-content\/uploads\/2023\/01\/Titel-MSZ-scaled.jpg",1817,2560,false],"portraits":["https:\/\/muenster.org\/altes-backhaus\/wp-content\/uploads\/2023\/01\/Titel-MSZ-scaled.jpg",1817,2560,false],"thumbnail":["https:\/\/muenster.org\/altes-backhaus\/wp-content\/uploads\/2023\/01\/Titel-MSZ-150x150.jpg",150,150,true],"medium":["https:\/\/muenster.org\/altes-backhaus\/wp-content\/uploads\/2023\/01\/Titel-MSZ-213x300.jpg",213,300,true],"large":["https:\/\/muenster.org\/altes-backhaus\/wp-content\/uploads\/2023\/01\/Titel-MSZ-727x1024.jpg",727,1024,true],"1536x1536":["https:\/\/muenster.org\/altes-backhaus\/wp-content\/uploads\/2023\/01\/Titel-MSZ-1090x1536.jpg",1090,1536,true],"2048x2048":["https:\/\/muenster.org\/altes-backhaus\/wp-content\/uploads\/2023\/01\/Titel-MSZ-1453x2048.jpg",1453,2048,true],"neve-blog":["https:\/\/muenster.org\/altes-backhaus\/wp-content\/uploads\/2023\/01\/Titel-MSZ-930x620.jpg",930,620,true]},"rttpg_author":{"display_name":"Ilona Z\u00fchlke","author_link":"https:\/\/muenster.org\/altes-backhaus\/author\/ilona"},"rttpg_comment":0,"rttpg_category":null,"rttpg_excerpt":"Im Juli 2020 ver\u00f6ffentlichte die MSZ (M\u00fcnsters Senioren Zeitung) einen Beitrag \u00fcber das Alte Backhaus. Die Autorin ist Ilona Z\u00fchlke, die von 2015 bis 2022 ehrenamtlich in der Redaktion der MSZ t\u00e4tig war. Das Alte Backhaus &#8211; Begegnung und Bildung f\u00fcr Senioren Was f\u00fcr ein Gl\u00fcck, dass wir wieder kommen d\u00fcrfen! Wir haben euch sehr&hellip;&nbsp;Mehr&hellip;","_links":{"self":[{"href":"https:\/\/muenster.org\/altes-backhaus\/wp-json\/wp\/v2\/pages\/20453","targetHints":{"allow":["GET"]}}],"collection":[{"href":"https:\/\/muenster.org\/altes-backhaus\/wp-json\/wp\/v2\/pages"}],"about":[{"href":"https:\/\/muenster.org\/altes-backhaus\/wp-json\/wp\/v2\/types\/page"}],"author":[{"embeddable":true,"href":"https:\/\/muenster.org\/altes-backhaus\/wp-json\/wp\/v2\/users\/50"}],"replies":[{"embeddable":true,"href":"https:\/\/muenster.org\/altes-backhaus\/wp-json\/wp\/v2\/comments?post=20453"}],"version-history":[{"count":41,"href":"https:\/\/muenster.org\/altes-backhaus\/wp-json\/wp\/v2\/pages\/20453\/revisions"}],"predecessor-version":[{"id":20940,"href":"https:\/\/muenster.org\/altes-backhaus\/wp-json\/wp\/v2\/pages\/20453\/revisions\/20940"}],"up":[{"embeddable":true,"href":"https:\/\/muenster.org\/altes-backhaus\/wp-json\/wp\/v2\/pages\/20174"}],"wp:featuredmedia":[{"embeddable":true,"href":"https:\/\/muenster.org\/altes-backhaus\/wp-json\/wp\/v2\/media\/19733"}],"wp:attachment":[{"href":"https:\/\/muenster.org\/altes-backhaus\/wp-json\/wp\/v2\/media?parent=20453"}],"curies":[{"name":"wp","href":"https:\/\/api.w.org\/{rel}","templated":true}]}}