{"id":23659,"date":"2025-03-24T13:30:39","date_gmt":"2025-03-24T12:30:39","guid":{"rendered":"https:\/\/muenster.org\/altes-backhaus\/?page_id=23659"},"modified":"2025-04-03T10:57:57","modified_gmt":"2025-04-03T09:57:57","slug":"der-vorstand","status":"publish","type":"page","link":"https:\/\/muenster.org\/altes-backhaus\/wir-ueber-uns-neu\/der-vorstand","title":{"rendered":"Der Vorstand"},"content":{"rendered":"\t\t<div data-elementor-type=\"wp-page\" data-elementor-id=\"23659\" class=\"elementor elementor-23659\">\n\t\t\t\t\t\t<section class=\"elementor-section elementor-top-section elementor-element elementor-element-b844d84 elementor-section-boxed elementor-section-height-default elementor-section-height-default\" data-id=\"b844d84\" data-element_type=\"section\" data-e-type=\"section\">\n\t\t\t\t\t\t<div class=\"elementor-container elementor-column-gap-default\">\n\t\t\t\t\t<div class=\"elementor-column elementor-col-100 elementor-top-column elementor-element elementor-element-7695111c\" data-id=\"7695111c\" data-element_type=\"column\" data-e-type=\"column\">\n\t\t\t<div class=\"elementor-widget-wrap elementor-element-populated\">\n\t\t\t\t\t\t<div class=\"elementor-element elementor-element-76af10b2 elementor-widget elementor-widget-text-editor\" data-id=\"76af10b2\" data-element_type=\"widget\" data-e-type=\"widget\" data-widget_type=\"text-editor.default\">\n\t\t\t\t<div class=\"elementor-widget-container\">\n\t\t\t\t\t\t\t\t\t\r\n<figure class=\"wp-block-image\"><img decoding=\"async\" class=\"wp-image-6828\" src=\"https:\/\/muenster.org\/altes-backhaus\/wp-content\/uploads\/2019\/03\/VorstandHomepage--958x1024.jpg\" alt=\"\" \/><\/figure>\r\n\t\t\t\t\t\t\t\t<\/div>\n\t\t\t\t<\/div>\n\t\t\t\t\t<\/div>\n\t\t<\/div>\n\t\t\t\t\t<\/div>\n\t\t<\/section>\n\t\t\t\t<section class=\"elementor-section elementor-top-section elementor-element elementor-element-6ba5d21 elementor-section-boxed elementor-section-height-default elementor-section-height-default\" data-id=\"6ba5d21\" data-element_type=\"section\" data-e-type=\"section\" data-settings=\"{&quot;background_background&quot;:&quot;classic&quot;}\">\n\t\t\t\t\t\t\t<div class=\"elementor-background-overlay\"><\/div>\n\t\t\t\t\t\t\t<div class=\"elementor-container elementor-column-gap-default\">\n\t\t\t\t\t<div class=\"elementor-column elementor-col-100 elementor-top-column elementor-element elementor-element-9c2c9fe\" data-id=\"9c2c9fe\" data-element_type=\"column\" data-e-type=\"column\">\n\t\t\t<div class=\"elementor-widget-wrap elementor-element-populated\">\n\t\t\t\t\t\t<div class=\"elementor-element elementor-element-cb10c14 elementor-widget elementor-widget-text-editor\" data-id=\"cb10c14\" data-element_type=\"widget\" data-e-type=\"widget\" data-widget_type=\"text-editor.default\">\n\t\t\t\t<div class=\"elementor-widget-container\">\n\t\t\t\t\t\t\t\t\t<div class=\"elementor-element elementor-element-ece47ee elementor-widget elementor-widget-text-editor\" data-id=\"ece47ee\" data-element_type=\"widget\" data-widget_type=\"text-editor.default\">\n<div class=\"elementor-widget-container\">\n<div class=\"elementor-text-editor elementor-clearfix\">\n<p>Im M\u00e4rz 2025 wurde der aktuelle Vorstand des Alten Backhaus gew\u00e4hlt. Die Amtszeit betr\u00e4gt drei Jahre. Nachfolgend stellen wir dessen Mitglieder vor.<\/p>\n<p><strong><img decoding=\"async\" class=\"details-image alignleft\" draggable=\"false\" src=\"https:\/\/muenster.org\/altes-backhaus\/wp-content\/uploads\/2025\/03\/Martin-Beumer-klein.jpg\" alt=\"\"><\/strong><\/p>\n<p><strong><br><\/strong><\/p><p><strong>Martin Beumer<\/strong>, der neue erste Vorsitzende, ist seit 2019 Mitarbeiter des Backhauses. Von 2022 bis zur Wahl im M\u00e4rz 2025 war er einer von drei Beisitzern im Vorstand. Martin Beumer leitet als ehemaliger Lehrer f\u00fcr Englisch und Franz\u00f6sisch aktuell den \u201eEnglish Round Table\u201c im Backhaus. Er ist begeistert vom Konzept eines ehrenamtlich gef\u00fchrten Bildungs- und Begegnungszentrums f\u00fcr Senioren und profitiert selbst als Teilnehmer vom breit gef\u00e4cherten Angebot des Backhauses. Mit seiner neuen Funktion als Vorsitzender m\u00f6chte er im Vorstands -und Mitarbeiterteam weiterhin dazu beitragen, das Alte Backhaus, diese einzigartige Institution, zu erhalten und durch neue Impulse weiterzuentwickeln.<\/p>\n<\/div>\n<\/div>\n<\/div>\n<p><\/p>\n<p><\/p>\n<p><\/p>\n<div class=\"elementor-element elementor-element-ece47ee elementor-widget elementor-widget-text-editor\" data-id=\"ece47ee\" data-element_type=\"widget\" data-widget_type=\"text-editor.default\">\n<div class=\"elementor-widget-container\">\n<div class=\"elementor-text-editor elementor-clearfix\">\n<p><strong><img decoding=\"async\" class=\"details-image alignleft\" draggable=\"false\" src=\"https:\/\/muenster.org\/altes-backhaus\/wp-content\/uploads\/2025\/03\/Brigitte-Uecker-klein.jpg\" alt=\"\"><\/strong><\/p>\n<p><strong><br><\/strong><\/p><p><strong>Brigitte Uecker<\/strong>, erneut zur stellvertretenden Vorsitzenden gew\u00e4hlt, war fr\u00fcher Lehrerin. Schon vor ihrer Pensionierung 2016 hatte sie das Alte Backhaus im Blick und sich vorgenommen, dort sp\u00e4ter mitzuarbeiten. 2017 lernte sie die \u00fcberaus herzliche und freundliche Atmosph\u00e4re des Backhauses kennen, war sehr beeindruckt und begann im Servicebereich zu arbeiten. Nach kurzer Zeit \u00fcbernahm sie die Organisation des Serviceteams und war\/ist auch Teilnehmerin in verschiedenen Kursen. 2019 wurde Brigitte Uecker Beisitzerin im Vorstand und 2022 zur zweiten Vorsitzenden gew\u00e4hlt. Die vielf\u00e4ltigen Aufgaben im Backhaus erledigt sie mit Freude und m\u00f6chte aktiv dazu beitragen, das Alte Backhaus zu unterst\u00fctzen.<\/p>\n<\/div>\n<\/div>\n<\/div>\n<p><\/p>\n<p><\/p>\n<div class=\"elementor-element elementor-element-ece47ee elementor-widget elementor-widget-text-editor\" data-id=\"ece47ee\" data-element_type=\"widget\" data-widget_type=\"text-editor.default\">\n<div class=\"elementor-widget-container\">\n<div class=\"elementor-text-editor elementor-clearfix\">\n<p><strong><img decoding=\"async\" class=\"details-image alignleft\" draggable=\"false\" src=\"https:\/\/muenster.org\/altes-backhaus\/wp-content\/uploads\/2025\/03\/Johannes-Neise-klein.jpg\" alt=\"\"><\/strong><\/p>\n<p><strong><br><\/strong><\/p><p><strong>Johannes Neise<\/strong>, erneut zum Schatzmeister gew\u00e4hlt, war vor seinem Ruhestand Verwaltungsleiter bei der LVM-Versicherung M\u00fcnster. Er ist dem Backhaus seit etlichen Jahren verbunden und widmet sich mit akribischer Genauigkeit sehr gern den Finanzen des Backhauses, das er 2010 beim Vortrag \u201eMit dem K\u00e4fer zum Nordkap\u201c kennenlernte. Dadurch angeregt wurde er schnell aktiv und noch im selben Jahr erstmals zum Schatzmeister des Vereins gew\u00e4hlt. Dieses Amt f\u00fchrte er \u00fcber vier Wahlperioden aus. Aktuell wirkt er zus\u00e4tzlich an der Herstellung der Backhaus-Nachrichten mit, die mittlerweile &#8211; seit 2013 &#8211; viermal im Jahr erscheinen.<\/p>\n<\/div>\n<\/div>\n<\/div>\n<p><\/p>\n<p><\/p>\n<p><\/p>\n<div class=\"elementor-element elementor-element-ece47ee elementor-widget elementor-widget-text-editor\" data-id=\"ece47ee\" data-element_type=\"widget\" data-widget_type=\"text-editor.default\">\n<div class=\"elementor-widget-container\">\n<div class=\"elementor-text-editor elementor-clearfix\">\n<p><strong><img decoding=\"async\" class=\"details-image alignleft\" draggable=\"false\" src=\"https:\/\/muenster.org\/altes-backhaus\/wp-content\/uploads\/2025\/03\/Renate-Backsmann-klein.jpg\" alt=\"\"><\/strong><\/p>\n<p><strong><br><\/strong><\/p><p><strong>Renate Backsmann<\/strong>, die Schriftf\u00fchrerin, kehrte nach rund 40 Jahren nach M\u00fcnster zur\u00fcck. Bis 2017 hatte die Dipl.-Sozialp\u00e4dagogin in Hamburg gelebt. Das Alte Backhaus war ihr schon l\u00e4nger ein Begriff, denn ihre Mutter fand noch als 97-J\u00e4hrige dort ihren Lebensinhalt. Anfangs belegte Renate Backsmann einen Spanischkurs und nahm am English Round Table teil. Weil ihr die Atmosph\u00e4re im Backhaus gefiel, entschloss sie sich 2019 zur Mitarbeit im Service. Im M\u00e4rz 2023 \u00fcbernahm sie zum ersten Mal die Funktion der Schriftf\u00fchrerin. Im Backhaus konnte sie einige sehr sch\u00f6ne Kontakte kn\u00fcpfen, denn ihre Freundinnen und Freunde lie\u00df sie seinerzeit in Hamburg zur\u00fcck: \u201eEs macht mich gl\u00fccklich, neue Leute kennen zu lernen!\u201c, sagt sie.<\/p>\n<\/div>\n<\/div>\n<\/div>\n<p><\/p>\n<p><\/p>\n<div class=\"elementor-element elementor-element-ece47ee elementor-widget elementor-widget-text-editor\" data-id=\"ece47ee\" data-element_type=\"widget\" data-widget_type=\"text-editor.default\">\n<div class=\"elementor-widget-container\">\n<div class=\"elementor-text-editor elementor-clearfix\">\n<p><strong><img decoding=\"async\" class=\"details-image alignleft\" draggable=\"false\" src=\"https:\/\/muenster.org\/altes-backhaus\/wp-content\/uploads\/2025\/03\/Brita-Kurth-klein.jpg\" alt=\"\"><\/strong><\/p>\n<p><strong><br><\/strong><\/p><p><strong>Brita Kurth<\/strong>, zur Beisitzerin gew\u00e4hlt, war Realschullehrerin f\u00fcr Deutsch und Biologie. Nach ihrer Pensionierung nahm sie im Backhaus an einem Malkurs teil. Schon kurz darauf \u00fcbernahm sie einen Englischkurs f\u00fcr eine erkrankte Kursleiterin. Aus der kurzzeitigen Vertretung wurde ein \u00fcber mehrere Jahre bestehender Kurs. Nach dem Ausscheiden des letzten Leiters des Malkurses \u00fcbernahm sie die Leitung. Von 2016 bis 2019 war sie Vorstandsvorsitzende, danach drei Jahre stellvertretende Vorsitzende. Sie ist begeistert von der M\u00f6glichkeit, im Backhaus auch im Alter zusammen mit Menschen, die gleiche Interessen haben, ihr Leben aktiv zu gestalten. Sie m\u00f6chte dazu beitragen, den \u201elebendigen Geist\u201c des Hauses zu erhalten.<\/p>\n<\/div>\n<\/div>\n<\/div>\n<p><\/p>\n<p><\/p>\n<div class=\"elementor-element elementor-element-ece47ee elementor-widget elementor-widget-text-editor\" data-id=\"ece47ee\" data-element_type=\"widget\" data-widget_type=\"text-editor.default\">\n<div class=\"elementor-widget-container\">\n<div class=\"elementor-text-editor elementor-clearfix\">\n<p><strong><img decoding=\"async\" class=\"details-image alignleft\" draggable=\"false\" src=\"https:\/\/muenster.org\/altes-backhaus\/wp-content\/uploads\/2025\/03\/Andrea-Moebius-klein.jpg\" alt=\"\"><\/strong><\/p>\n<p><strong><br><\/strong><\/p><p><strong>Andrea M\u00f6bius<\/strong> ist nun Beisitzerin. Sie lebte 30 Jahre in K\u00f6ln und kehrte nach Beendigung ihres Berufslebens nach M\u00fcnster zur\u00fcck. Bei ihrer Arbeit f\u00fcr die Gewerkschaft ver.di k\u00fcmmerte sie sich vorrangig um die Arbeitsbedingungen im Einzelhandel sowie die Frauenarbeit. Zum Backhaus kam sie \u00fcber einen Flyer, war von der Atmosph\u00e4re und dem freundlichen Umgang beeindruckt &#8211; und machte mit. Seit 10 Jahren leitet sie eine Fahrradgruppe und es kamen weitere Aufgaben hinzu, u.a. die Moderation der Sommerfeste. Begeistert ist sie von dem breit gef\u00e4cherten Angebot und nahm auch selbst an vielen Kursen teil. Im Team des Vorstandes m\u00f6chte sie offen f\u00fcr Neues sein, ohne das Bew\u00e4hrte zu vernachl\u00e4ssigen.<\/p>\n<\/div>\n<\/div>\n<\/div>\n<p><\/p>\n<p><\/p>\n<div class=\"elementor-element elementor-element-ece47ee elementor-widget elementor-widget-text-editor\" data-id=\"ece47ee\" data-element_type=\"widget\" data-widget_type=\"text-editor.default\">\n<div class=\"elementor-widget-container\">\n<div class=\"elementor-text-editor elementor-clearfix\">\n<p><strong><img decoding=\"async\" class=\"details-image alignleft\" draggable=\"false\" src=\"https:\/\/muenster.org\/altes-backhaus\/wp-content\/uploads\/2025\/03\/Ilona-Zuehlke-klein.jpg\" alt=\"\"><\/strong><\/p>\n<p><strong><br><\/strong><\/p><p><strong>Ilona Z\u00fchlke<\/strong>, ist seit 2022 Beisitzerin und wurde erneut gew\u00e4hlt und ist weiterhin f\u00fcr die Presse- und \u00d6ffentlichkeitsarbeit des Backhauses zust\u00e4ndig. Zu ihren Aufgaben geh\u00f6rt u.a. die Redaktion der viermal j\u00e4hrlich erscheinenden Backhaus-Nachrichten und der Homepage sowie der Kontakt zu den \u00f6rtlichen Medien. In ihrem Berufsleben war sie bis 2014 f\u00fcr den Allwetterzoo M\u00fcnster als Pressesprecherin t\u00e4tig. Danach arbeitete sie acht Jahre ehrenamtlich in der Redaktion von M\u00fcnsters Senioren Zeitung und war von 2016 bis 2018 Vorstandsmitglied des Seniorenrats M\u00fcnster. Das Backhaus lernte sie vor Jahren als Teilnehmerin des Perlenkurses kennen, dessen stellvertretende Leiterin sie seit 2020 ist.<\/p>\n<\/div>\n<\/div>\n<\/div>\t\t\t\t\t\t\t\t<\/div>\n\t\t\t\t<\/div>\n\t\t\t\t\t<\/div>\n\t\t<\/div>\n\t\t\t\t\t<\/div>\n\t\t<\/section>\n\t\t\t\t<\/div>\n\t\t","protected":false},"excerpt":{"rendered":"<p>Im M\u00e4rz 2025 wurde der aktuelle Vorstand des Alten Backhaus gew\u00e4hlt. Die Amtszeit betr\u00e4gt drei Jahre. Nachfolgend stellen wir dessen Mitglieder vor. Martin Beumer, der neue erste Vorsitzende, ist seit 2019 Mitarbeiter des Backhauses. Von 2022 bis zur Wahl im M\u00e4rz 2025 war er einer von drei Beisitzern im Vorstand. Martin Beumer leitet als ehemaliger&hellip;&nbsp;<\/p>\n<div class=\"read-more-wrapper\"><a href=\"https:\/\/muenster.org\/altes-backhaus\/wir-ueber-uns-neu\/der-vorstand\" class=\"button button-primary\" rel=\"bookmark\">Mehr lesen &raquo;<span class=\"screen-reader-text\">Der Vorstand<\/span><\/a><\/div>\n","protected":false},"author":50,"featured_media":23619,"parent":20174,"menu_order":15,"comment_status":"closed","ping_status":"closed","template":"","meta":{"neve_meta_sidebar":"","neve_meta_container":"","neve_meta_enable_content_width":"off","neve_meta_content_width":100,"neve_meta_title_alignment":"","neve_meta_author_avatar":"","neve_post_elements_order":"","neve_meta_disable_header":"","neve_meta_disable_footer":"","neve_meta_disable_title":"","neve_meta_reading_time":"","_themeisle_gutenberg_block_has_review":false,"cybocfi_hide_featured_image":"yes","footnotes":""},"class_list":["post-23659","page","type-page","status-publish","has-post-thumbnail","hentry"],"yoast_head":"<!-- This site is optimized with the Yoast SEO plugin v27.3 - https:\/\/yoast.com\/product\/yoast-seo-wordpress\/ -->\n<title>Der Vorstand - Altes Backhaus<\/title>\n<meta name=\"robots\" content=\"index, follow, max-snippet:-1, max-image-preview:large, max-video-preview:-1\" \/>\n<link rel=\"canonical\" href=\"https:\/\/muenster.org\/altes-backhaus\/wir-ueber-uns-neu\/der-vorstand\" \/>\n<meta name=\"twitter:label1\" content=\"Gesch\u00e4tzte Lesezeit\" \/>\n\t<meta name=\"twitter:data1\" content=\"12\u00a0Minuten\" \/>\n<script type=\"application\/ld+json\" class=\"yoast-schema-graph\">{\"@context\":\"https:\\\/\\\/schema.org\",\"@graph\":[{\"@type\":\"WebPage\",\"@id\":\"https:\\\/\\\/muenster.org\\\/altes-backhaus\\\/wir-ueber-uns-neu\\\/der-vorstand\",\"url\":\"https:\\\/\\\/muenster.org\\\/altes-backhaus\\\/wir-ueber-uns-neu\\\/der-vorstand\",\"name\":\"Der Vorstand - Altes Backhaus\",\"isPartOf\":{\"@id\":\"https:\\\/\\\/muenster.org\\\/altes-backhaus\\\/#website\"},\"primaryImageOfPage\":{\"@id\":\"https:\\\/\\\/muenster.org\\\/altes-backhaus\\\/wir-ueber-uns-neu\\\/der-vorstand#primaryimage\"},\"image\":{\"@id\":\"https:\\\/\\\/muenster.org\\\/altes-backhaus\\\/wir-ueber-uns-neu\\\/der-vorstand#primaryimage\"},\"thumbnailUrl\":\"https:\\\/\\\/muenster.org\\\/altes-backhaus\\\/wp-content\\\/uploads\\\/2025\\\/03\\\/Vorstand-fuer-Website-1.jpg\",\"datePublished\":\"2025-03-24T12:30:39+00:00\",\"dateModified\":\"2025-04-03T09:57:57+00:00\",\"breadcrumb\":{\"@id\":\"https:\\\/\\\/muenster.org\\\/altes-backhaus\\\/wir-ueber-uns-neu\\\/der-vorstand#breadcrumb\"},\"inLanguage\":\"de\",\"potentialAction\":[{\"@type\":\"ReadAction\",\"target\":[\"https:\\\/\\\/muenster.org\\\/altes-backhaus\\\/wir-ueber-uns-neu\\\/der-vorstand\"]}]},{\"@type\":\"BreadcrumbList\",\"@id\":\"https:\\\/\\\/muenster.org\\\/altes-backhaus\\\/wir-ueber-uns-neu\\\/der-vorstand#breadcrumb\",\"itemListElement\":[{\"@type\":\"ListItem\",\"position\":1,\"name\":\"Home\",\"item\":\"https:\\\/\\\/muenster.org\\\/altes-backhaus\\\/\"},{\"@type\":\"ListItem\",\"position\":2,\"name\":\"Wir \u00fcber uns\",\"item\":\"https:\\\/\\\/muenster.org\\\/altes-backhaus\\\/wir-ueber-uns-neu\"},{\"@type\":\"ListItem\",\"position\":3,\"name\":\"Der Vorstand\"}]},{\"@type\":\"WebSite\",\"@id\":\"https:\\\/\\\/muenster.org\\\/altes-backhaus\\\/#website\",\"url\":\"https:\\\/\\\/muenster.org\\\/altes-backhaus\\\/\",\"name\":\"Altes Backhaus\",\"description\":\"Die Begegnungs- und Bildungsst\u00e4tte im Kreuzviertel\",\"publisher\":{\"@id\":\"https:\\\/\\\/muenster.org\\\/altes-backhaus\\\/#organization\"},\"potentialAction\":[{\"@type\":\"SearchAction\",\"target\":{\"@type\":\"EntryPoint\",\"urlTemplate\":\"https:\\\/\\\/muenster.org\\\/altes-backhaus\\\/?s={search_term_string}\"},\"query-input\":{\"@type\":\"PropertyValueSpecification\",\"valueRequired\":true,\"valueName\":\"search_term_string\"}}],\"inLanguage\":\"de\"},{\"@type\":\"Organization\",\"@id\":\"https:\\\/\\\/muenster.org\\\/altes-backhaus\\\/#organization\",\"name\":\"Altes Backhaus\",\"url\":\"https:\\\/\\\/muenster.org\\\/altes-backhaus\\\/\",\"logo\":{\"@type\":\"ImageObject\",\"inLanguage\":\"de\",\"@id\":\"https:\\\/\\\/muenster.org\\\/altes-backhaus\\\/#\\\/schema\\\/logo\\\/image\\\/\",\"url\":\"https:\\\/\\\/muenster.org\\\/altes-backhaus\\\/wp-content\\\/uploads\\\/2020\\\/05\\\/cropped-logo.jpg\",\"contentUrl\":\"https:\\\/\\\/muenster.org\\\/altes-backhaus\\\/wp-content\\\/uploads\\\/2020\\\/05\\\/cropped-logo.jpg\",\"width\":287,\"height\":95,\"caption\":\"Altes Backhaus\"},\"image\":{\"@id\":\"https:\\\/\\\/muenster.org\\\/altes-backhaus\\\/#\\\/schema\\\/logo\\\/image\\\/\"}}]}<\/script>\n<!-- \/ Yoast SEO plugin. -->","yoast_head_json":{"title":"Der Vorstand - Altes Backhaus","robots":{"index":"index","follow":"follow","max-snippet":"max-snippet:-1","max-image-preview":"max-image-preview:large","max-video-preview":"max-video-preview:-1"},"canonical":"https:\/\/muenster.org\/altes-backhaus\/wir-ueber-uns-neu\/der-vorstand","twitter_misc":{"Gesch\u00e4tzte Lesezeit":"12\u00a0Minuten"},"schema":{"@context":"https:\/\/schema.org","@graph":[{"@type":"WebPage","@id":"https:\/\/muenster.org\/altes-backhaus\/wir-ueber-uns-neu\/der-vorstand","url":"https:\/\/muenster.org\/altes-backhaus\/wir-ueber-uns-neu\/der-vorstand","name":"Der Vorstand - Altes Backhaus","isPartOf":{"@id":"https:\/\/muenster.org\/altes-backhaus\/#website"},"primaryImageOfPage":{"@id":"https:\/\/muenster.org\/altes-backhaus\/wir-ueber-uns-neu\/der-vorstand#primaryimage"},"image":{"@id":"https:\/\/muenster.org\/altes-backhaus\/wir-ueber-uns-neu\/der-vorstand#primaryimage"},"thumbnailUrl":"https:\/\/muenster.org\/altes-backhaus\/wp-content\/uploads\/2025\/03\/Vorstand-fuer-Website-1.jpg","datePublished":"2025-03-24T12:30:39+00:00","dateModified":"2025-04-03T09:57:57+00:00","breadcrumb":{"@id":"https:\/\/muenster.org\/altes-backhaus\/wir-ueber-uns-neu\/der-vorstand#breadcrumb"},"inLanguage":"de","potentialAction":[{"@type":"ReadAction","target":["https:\/\/muenster.org\/altes-backhaus\/wir-ueber-uns-neu\/der-vorstand"]}]},{"@type":"BreadcrumbList","@id":"https:\/\/muenster.org\/altes-backhaus\/wir-ueber-uns-neu\/der-vorstand#breadcrumb","itemListElement":[{"@type":"ListItem","position":1,"name":"Home","item":"https:\/\/muenster.org\/altes-backhaus\/"},{"@type":"ListItem","position":2,"name":"Wir \u00fcber uns","item":"https:\/\/muenster.org\/altes-backhaus\/wir-ueber-uns-neu"},{"@type":"ListItem","position":3,"name":"Der Vorstand"}]},{"@type":"WebSite","@id":"https:\/\/muenster.org\/altes-backhaus\/#website","url":"https:\/\/muenster.org\/altes-backhaus\/","name":"Altes Backhaus","description":"Die Begegnungs- und Bildungsst\u00e4tte im Kreuzviertel","publisher":{"@id":"https:\/\/muenster.org\/altes-backhaus\/#organization"},"potentialAction":[{"@type":"SearchAction","target":{"@type":"EntryPoint","urlTemplate":"https:\/\/muenster.org\/altes-backhaus\/?s={search_term_string}"},"query-input":{"@type":"PropertyValueSpecification","valueRequired":true,"valueName":"search_term_string"}}],"inLanguage":"de"},{"@type":"Organization","@id":"https:\/\/muenster.org\/altes-backhaus\/#organization","name":"Altes Backhaus","url":"https:\/\/muenster.org\/altes-backhaus\/","logo":{"@type":"ImageObject","inLanguage":"de","@id":"https:\/\/muenster.org\/altes-backhaus\/#\/schema\/logo\/image\/","url":"https:\/\/muenster.org\/altes-backhaus\/wp-content\/uploads\/2020\/05\/cropped-logo.jpg","contentUrl":"https:\/\/muenster.org\/altes-backhaus\/wp-content\/uploads\/2020\/05\/cropped-logo.jpg","width":287,"height":95,"caption":"Altes Backhaus"},"image":{"@id":"https:\/\/muenster.org\/altes-backhaus\/#\/schema\/logo\/image\/"}}]}},"amp_enabled":true,"rttpg_featured_image_url":{"full":["https:\/\/muenster.org\/altes-backhaus\/wp-content\/uploads\/2025\/03\/Vorstand-fuer-Website-1.jpg",1010,758,false],"landscape":["https:\/\/muenster.org\/altes-backhaus\/wp-content\/uploads\/2025\/03\/Vorstand-fuer-Website-1.jpg",1010,758,false],"portraits":["https:\/\/muenster.org\/altes-backhaus\/wp-content\/uploads\/2025\/03\/Vorstand-fuer-Website-1.jpg",1010,758,false],"thumbnail":["https:\/\/muenster.org\/altes-backhaus\/wp-content\/uploads\/2025\/03\/Vorstand-fuer-Website-1-150x150.jpg",150,150,true],"medium":["https:\/\/muenster.org\/altes-backhaus\/wp-content\/uploads\/2025\/03\/Vorstand-fuer-Website-1-300x225.jpg",300,225,true],"large":["https:\/\/muenster.org\/altes-backhaus\/wp-content\/uploads\/2025\/03\/Vorstand-fuer-Website-1.jpg",1010,758,false],"1536x1536":["https:\/\/muenster.org\/altes-backhaus\/wp-content\/uploads\/2025\/03\/Vorstand-fuer-Website-1.jpg",1010,758,false],"2048x2048":["https:\/\/muenster.org\/altes-backhaus\/wp-content\/uploads\/2025\/03\/Vorstand-fuer-Website-1.jpg",1010,758,false],"neve-blog":["https:\/\/muenster.org\/altes-backhaus\/wp-content\/uploads\/2025\/03\/Vorstand-fuer-Website-1-930x620.jpg",930,620,true]},"rttpg_author":{"display_name":"Ilona Z\u00fchlke","author_link":"https:\/\/muenster.org\/altes-backhaus\/author\/ilona"},"rttpg_comment":0,"rttpg_category":null,"rttpg_excerpt":"Im M\u00e4rz 2025 wurde der aktuelle Vorstand des Alten Backhaus gew\u00e4hlt. Die Amtszeit betr\u00e4gt drei Jahre. Nachfolgend stellen wir dessen Mitglieder vor. Martin Beumer, der neue erste Vorsitzende, ist seit 2019 Mitarbeiter des Backhauses. Von 2022 bis zur Wahl im M\u00e4rz 2025 war er einer von drei Beisitzern im Vorstand. Martin Beumer leitet als ehemaliger&hellip;&nbsp;Mehr&hellip;","_links":{"self":[{"href":"https:\/\/muenster.org\/altes-backhaus\/wp-json\/wp\/v2\/pages\/23659","targetHints":{"allow":["GET"]}}],"collection":[{"href":"https:\/\/muenster.org\/altes-backhaus\/wp-json\/wp\/v2\/pages"}],"about":[{"href":"https:\/\/muenster.org\/altes-backhaus\/wp-json\/wp\/v2\/types\/page"}],"author":[{"embeddable":true,"href":"https:\/\/muenster.org\/altes-backhaus\/wp-json\/wp\/v2\/users\/50"}],"replies":[{"embeddable":true,"href":"https:\/\/muenster.org\/altes-backhaus\/wp-json\/wp\/v2\/comments?post=23659"}],"version-history":[{"count":7,"href":"https:\/\/muenster.org\/altes-backhaus\/wp-json\/wp\/v2\/pages\/23659\/revisions"}],"predecessor-version":[{"id":23762,"href":"https:\/\/muenster.org\/altes-backhaus\/wp-json\/wp\/v2\/pages\/23659\/revisions\/23762"}],"up":[{"embeddable":true,"href":"https:\/\/muenster.org\/altes-backhaus\/wp-json\/wp\/v2\/pages\/20174"}],"wp:featuredmedia":[{"embeddable":true,"href":"https:\/\/muenster.org\/altes-backhaus\/wp-json\/wp\/v2\/media\/23619"}],"wp:attachment":[{"href":"https:\/\/muenster.org\/altes-backhaus\/wp-json\/wp\/v2\/media?parent=23659"}],"curies":[{"name":"wp","href":"https:\/\/api.w.org\/{rel}","templated":true}]}}