{"id":23853,"date":"2025-05-06T12:28:09","date_gmt":"2025-05-06T11:28:09","guid":{"rendered":"https:\/\/muenster.org\/altes-backhaus\/?page_id=23853"},"modified":"2025-05-06T12:47:37","modified_gmt":"2025-05-06T11:47:37","slug":"die-philosophie-2","status":"publish","type":"page","link":"https:\/\/muenster.org\/altes-backhaus\/wir-ueber-uns-neu\/die-philosophie-2","title":{"rendered":"Die Philosophie"},"content":{"rendered":"\t\t<div data-elementor-type=\"wp-page\" data-elementor-id=\"23853\" class=\"elementor elementor-23853\">\n\t\t\t\t\t\t<section class=\"elementor-section elementor-top-section elementor-element elementor-element-2386a62 elementor-section-boxed elementor-section-height-default elementor-section-height-default\" data-id=\"2386a62\" data-element_type=\"section\" data-e-type=\"section\" data-settings=\"{&quot;background_background&quot;:&quot;classic&quot;}\">\n\t\t\t\t\t\t<div class=\"elementor-container elementor-column-gap-default\">\n\t\t\t\t\t<div class=\"elementor-column elementor-col-100 elementor-top-column elementor-element elementor-element-a329035\" data-id=\"a329035\" data-element_type=\"column\" data-e-type=\"column\">\n\t\t\t<div class=\"elementor-widget-wrap elementor-element-populated\">\n\t\t\t\t\t\t<div class=\"elementor-element elementor-element-b8853e7 elementor-widget elementor-widget-heading\" data-id=\"b8853e7\" data-element_type=\"widget\" data-e-type=\"widget\" data-widget_type=\"heading.default\">\n\t\t\t\t<div class=\"elementor-widget-container\">\n\t\t\t\t\t<h3 class=\"elementor-heading-title elementor-size-default\">Wir sind eine \"Kontaktb\u00f6rse\" f\u00fcr Seniorinnen                   und Senioren<\/h3>\t\t\t\t<\/div>\n\t\t\t\t<\/div>\n\t\t\t\t\t<\/div>\n\t\t<\/div>\n\t\t\t\t\t<\/div>\n\t\t<\/section>\n\t\t\t\t<section class=\"elementor-section elementor-top-section elementor-element elementor-element-889cdde elementor-section-boxed elementor-section-height-default elementor-section-height-default\" data-id=\"889cdde\" data-element_type=\"section\" data-e-type=\"section\" data-settings=\"{&quot;background_background&quot;:&quot;classic&quot;}\">\n\t\t\t\t\t\t<div class=\"elementor-container elementor-column-gap-default\">\n\t\t\t\t\t<div class=\"elementor-column elementor-col-50 elementor-top-column elementor-element elementor-element-944c90f\" data-id=\"944c90f\" data-element_type=\"column\" data-e-type=\"column\">\n\t\t\t<div class=\"elementor-widget-wrap elementor-element-populated\">\n\t\t\t\t\t\t<div class=\"elementor-element elementor-element-9267214 elementor-widget elementor-widget-text-editor\" data-id=\"9267214\" data-element_type=\"widget\" data-e-type=\"widget\" data-widget_type=\"text-editor.default\">\n\t\t\t\t<div class=\"elementor-widget-container\">\n\t\t\t\t\t\t\t\t\t<p style=\"text-align: center;\"><span style=\"color: #993300;\">Viele kennen uns, sehr viele besuchen uns und etliche arbeiten bei uns. Aber es gibt immer noch Menschen, die mit uns nichts verbinden. Das ist schade, denn wir verbinden seit 1988 Menschen im fortgeschrittenen Alter mit unterschiedlicher Herkunft und verschiedenen beruflichen Erfahrungen. Alle vereint der Wunsch nach einer sinnvollen Besch\u00e4ftigung, neuen Bekanntschaften, nach N\u00e4he und vielleicht sogar Freundschaft.<\/span><\/p>\t\t\t\t\t\t\t\t<\/div>\n\t\t\t\t<\/div>\n\t\t\t\t\t<\/div>\n\t\t<\/div>\n\t\t\t\t<div class=\"elementor-column elementor-col-50 elementor-top-column elementor-element elementor-element-4851127\" data-id=\"4851127\" data-element_type=\"column\" data-e-type=\"column\">\n\t\t\t<div class=\"elementor-widget-wrap elementor-element-populated\">\n\t\t\t\t\t\t<div class=\"elementor-element elementor-element-0b0dae0 elementor-widget elementor-widget-image\" data-id=\"0b0dae0\" data-element_type=\"widget\" data-e-type=\"widget\" data-widget_type=\"image.default\">\n\t\t\t\t<div class=\"elementor-widget-container\">\n\t\t\t\t\t\t\t\t\t\t\t\t\t\t\t<img fetchpriority=\"high\" decoding=\"async\" width=\"1024\" height=\"569\" src=\"https:\/\/muenster.org\/altes-backhaus\/wp-content\/uploads\/2025\/04\/Englischkurs-mit-Martin-1024x569.jpg\" class=\"attachment-large size-large wp-image-23753\" alt=\"\" srcset=\"https:\/\/muenster.org\/altes-backhaus\/wp-content\/uploads\/2025\/04\/Englischkurs-mit-Martin-1024x569.jpg 1024w, https:\/\/muenster.org\/altes-backhaus\/wp-content\/uploads\/2025\/04\/Englischkurs-mit-Martin-300x167.jpg 300w, https:\/\/muenster.org\/altes-backhaus\/wp-content\/uploads\/2025\/04\/Englischkurs-mit-Martin-768x427.jpg 768w, https:\/\/muenster.org\/altes-backhaus\/wp-content\/uploads\/2025\/04\/Englischkurs-mit-Martin-1536x854.jpg 1536w, https:\/\/muenster.org\/altes-backhaus\/wp-content\/uploads\/2025\/04\/Englischkurs-mit-Martin-2048x1139.jpg 2048w\" sizes=\"(max-width: 1024px) 100vw, 1024px\" \/>\t\t\t\t\t\t\t\t\t\t\t\t\t\t\t<\/div>\n\t\t\t\t<\/div>\n\t\t\t\t\t<\/div>\n\t\t<\/div>\n\t\t\t\t\t<\/div>\n\t\t<\/section>\n\t\t\t\t<section class=\"elementor-section elementor-top-section elementor-element elementor-element-b0a1bf9 elementor-section-boxed elementor-section-height-default elementor-section-height-default\" data-id=\"b0a1bf9\" data-element_type=\"section\" data-e-type=\"section\" data-settings=\"{&quot;background_background&quot;:&quot;classic&quot;}\">\n\t\t\t\t\t\t\t<div class=\"elementor-background-overlay\"><\/div>\n\t\t\t\t\t\t\t<div class=\"elementor-container elementor-column-gap-default\">\n\t\t\t\t\t<div class=\"elementor-column elementor-col-50 elementor-top-column elementor-element elementor-element-de5d358\" data-id=\"de5d358\" data-element_type=\"column\" data-e-type=\"column\">\n\t\t\t<div class=\"elementor-widget-wrap elementor-element-populated\">\n\t\t\t\t\t\t<div class=\"elementor-element elementor-element-06302a2 elementor-widget elementor-widget-text-editor\" data-id=\"06302a2\" data-element_type=\"widget\" data-e-type=\"widget\" data-widget_type=\"text-editor.default\">\n\t\t\t\t<div class=\"elementor-widget-container\">\n\t\t\t\t\t\t\t\t\t<p style=\"text-align: center;\"><span style=\"color: #993300;\">Wir sind ein Haus der Begegnung: Auch im Alter kann man noch etwas lernen und gemeinsam macht es sogar Spa\u00df! Es bringt Kontakte, steigert das Selbstwertgef\u00fchl und erleichtert das Leben, egal ob es ums Stricken, das Erlernen einer Sprache oder den Umgang mit dem Computer geht. N\u00e4her kommt man sich bei uns aber auch in geselligen Runden, bei Vortr\u00e4gen oder beim Sporteln. Auf dieser Website finden Sie alle Punkte unseres breit gef\u00e4cherten Programms. Oder informieren Sie sich pers\u00f6nlich bei uns im Backhaus. Vielleicht ist eines unserer rund 40 Angebote etwas f\u00fcr Sie? Unsere Kurse richten sich an Menschen aus allen Bev\u00f6lkerungskreisen ab etwa 60 Jahren.<\/span><\/p>\t\t\t\t\t\t\t\t<\/div>\n\t\t\t\t<\/div>\n\t\t\t\t\t<\/div>\n\t\t<\/div>\n\t\t\t\t<div class=\"elementor-column elementor-col-50 elementor-top-column elementor-element elementor-element-681dc99\" data-id=\"681dc99\" data-element_type=\"column\" data-e-type=\"column\">\n\t\t\t<div class=\"elementor-widget-wrap elementor-element-populated\">\n\t\t\t\t\t\t<div class=\"elementor-element elementor-element-4283c47 elementor-widget elementor-widget-spacer\" data-id=\"4283c47\" data-element_type=\"widget\" data-e-type=\"widget\" data-widget_type=\"spacer.default\">\n\t\t\t\t<div class=\"elementor-widget-container\">\n\t\t\t\t\t\t\t<div class=\"elementor-spacer\">\n\t\t\t<div class=\"elementor-spacer-inner\"><\/div>\n\t\t<\/div>\n\t\t\t\t\t\t<\/div>\n\t\t\t\t<\/div>\n\t\t\t\t<div class=\"elementor-element elementor-element-a7dafac elementor-widget elementor-widget-image\" data-id=\"a7dafac\" data-element_type=\"widget\" data-e-type=\"widget\" data-widget_type=\"image.default\">\n\t\t\t\t<div class=\"elementor-widget-container\">\n\t\t\t\t\t\t\t\t\t\t\t\t\t\t\t<img decoding=\"async\" width=\"1024\" height=\"681\" src=\"https:\/\/muenster.org\/altes-backhaus\/wp-content\/uploads\/2025\/04\/Maennerkochen-1024x681.jpg\" class=\"attachment-large size-large wp-image-23754\" alt=\"\" srcset=\"https:\/\/muenster.org\/altes-backhaus\/wp-content\/uploads\/2025\/04\/Maennerkochen-1024x681.jpg 1024w, https:\/\/muenster.org\/altes-backhaus\/wp-content\/uploads\/2025\/04\/Maennerkochen-300x200.jpg 300w, https:\/\/muenster.org\/altes-backhaus\/wp-content\/uploads\/2025\/04\/Maennerkochen-768x511.jpg 768w, https:\/\/muenster.org\/altes-backhaus\/wp-content\/uploads\/2025\/04\/Maennerkochen-1536x1021.jpg 1536w, https:\/\/muenster.org\/altes-backhaus\/wp-content\/uploads\/2025\/04\/Maennerkochen.jpg 2003w\" sizes=\"(max-width: 1024px) 100vw, 1024px\" \/>\t\t\t\t\t\t\t\t\t\t\t\t\t\t\t<\/div>\n\t\t\t\t<\/div>\n\t\t\t\t\t<\/div>\n\t\t<\/div>\n\t\t\t\t\t<\/div>\n\t\t<\/section>\n\t\t\t\t<section class=\"elementor-section elementor-top-section elementor-element elementor-element-7b6509a elementor-section-boxed elementor-section-height-default elementor-section-height-default\" data-id=\"7b6509a\" data-element_type=\"section\" data-e-type=\"section\" data-settings=\"{&quot;background_background&quot;:&quot;classic&quot;}\">\n\t\t\t\t\t\t<div class=\"elementor-container elementor-column-gap-default\">\n\t\t\t\t\t<div class=\"elementor-column elementor-col-50 elementor-top-column elementor-element elementor-element-9ee704a\" data-id=\"9ee704a\" data-element_type=\"column\" data-e-type=\"column\">\n\t\t\t<div class=\"elementor-widget-wrap elementor-element-populated\">\n\t\t\t\t\t\t<div class=\"elementor-element elementor-element-d71fb32 elementor-widget elementor-widget-text-editor\" data-id=\"d71fb32\" data-element_type=\"widget\" data-e-type=\"widget\" data-widget_type=\"text-editor.default\">\n\t\t\t\t<div class=\"elementor-widget-container\">\n\t\t\t\t\t\t\t\t\t<p style=\"text-align: center;\"><span style=\"color: #993300;\">Etwas ganz Besonderes ist die Atmosph\u00e4re im Backhaus! Jeder Besucher wird freundlich begr\u00fc\u00dft und sp\u00fcrt sofort die Sympathie, die untereinander herrscht. Unser Umgang miteinander ist herzlich. In Gespr\u00e4chen h\u00f6ren wir einander gern freundlich zu. Wir sind eine Selbsthilfeorganisation und alle Backhaus-Mitglieder arbeiten ehrenamtlich. Auch Haus und Garten werden ehrenamtlich gepflegt und kleinere Reparaturen erledigen wir selbst. Sollten Sie Zeit und Lust zur Mitarbeit haben, w\u00fcrden wir uns freuen.<\/span><\/p>\t\t\t\t\t\t\t\t<\/div>\n\t\t\t\t<\/div>\n\t\t\t\t\t<\/div>\n\t\t<\/div>\n\t\t\t\t<div class=\"elementor-column elementor-col-50 elementor-top-column elementor-element elementor-element-b0383cc\" data-id=\"b0383cc\" data-element_type=\"column\" data-e-type=\"column\">\n\t\t\t<div class=\"elementor-widget-wrap elementor-element-populated\">\n\t\t\t\t\t\t<div class=\"elementor-element elementor-element-cfa86f6 elementor-widget elementor-widget-spacer\" data-id=\"cfa86f6\" data-element_type=\"widget\" data-e-type=\"widget\" data-widget_type=\"spacer.default\">\n\t\t\t\t<div class=\"elementor-widget-container\">\n\t\t\t\t\t\t\t<div class=\"elementor-spacer\">\n\t\t\t<div class=\"elementor-spacer-inner\"><\/div>\n\t\t<\/div>\n\t\t\t\t\t\t<\/div>\n\t\t\t\t<\/div>\n\t\t\t\t<div class=\"elementor-element elementor-element-e361a3c elementor-widget elementor-widget-image\" data-id=\"e361a3c\" data-element_type=\"widget\" data-e-type=\"widget\" data-widget_type=\"image.default\">\n\t\t\t\t<div class=\"elementor-widget-container\">\n\t\t\t\t\t\t\t\t\t\t\t\t\t\t\t<img decoding=\"async\" width=\"1024\" height=\"487\" src=\"https:\/\/muenster.org\/altes-backhaus\/wp-content\/uploads\/2025\/04\/Radfahrgruppe-1024x487.jpg\" class=\"attachment-large size-large wp-image-23755\" alt=\"\" srcset=\"https:\/\/muenster.org\/altes-backhaus\/wp-content\/uploads\/2025\/04\/Radfahrgruppe-1024x487.jpg 1024w, https:\/\/muenster.org\/altes-backhaus\/wp-content\/uploads\/2025\/04\/Radfahrgruppe-300x143.jpg 300w, https:\/\/muenster.org\/altes-backhaus\/wp-content\/uploads\/2025\/04\/Radfahrgruppe-768x366.jpg 768w, https:\/\/muenster.org\/altes-backhaus\/wp-content\/uploads\/2025\/04\/Radfahrgruppe-1536x731.jpg 1536w, https:\/\/muenster.org\/altes-backhaus\/wp-content\/uploads\/2025\/04\/Radfahrgruppe.jpg 1811w\" sizes=\"(max-width: 1024px) 100vw, 1024px\" \/>\t\t\t\t\t\t\t\t\t\t\t\t\t\t\t<\/div>\n\t\t\t\t<\/div>\n\t\t\t\t\t<\/div>\n\t\t<\/div>\n\t\t\t\t\t<\/div>\n\t\t<\/section>\n\t\t\t\t<\/div>\n\t\t","protected":false},"excerpt":{"rendered":"<p>Wir sind eine &#8222;Kontaktb\u00f6rse&#8220; f\u00fcr Seniorinnen und Senioren Viele kennen uns, sehr viele besuchen uns und etliche arbeiten bei uns. Aber es gibt immer noch Menschen, die mit uns nichts verbinden. Das ist schade, denn wir verbinden seit 1988 Menschen im fortgeschrittenen Alter mit unterschiedlicher Herkunft und verschiedenen beruflichen Erfahrungen. Alle vereint der Wunsch nach&hellip;&nbsp;<\/p>\n<div class=\"read-more-wrapper\"><a href=\"https:\/\/muenster.org\/altes-backhaus\/wir-ueber-uns-neu\/die-philosophie-2\" class=\"button button-primary\" rel=\"bookmark\">Mehr lesen &raquo;<span class=\"screen-reader-text\">Die Philosophie<\/span><\/a><\/div>\n","protected":false},"author":50,"featured_media":0,"parent":20174,"menu_order":0,"comment_status":"closed","ping_status":"closed","template":"","meta":{"neve_meta_sidebar":"","neve_meta_container":"","neve_meta_enable_content_width":"off","neve_meta_content_width":100,"neve_meta_title_alignment":"","neve_meta_author_avatar":"","neve_post_elements_order":"","neve_meta_disable_header":"","neve_meta_disable_footer":"","neve_meta_disable_title":"on","neve_meta_reading_time":"","_themeisle_gutenberg_block_has_review":false,"cybocfi_hide_featured_image":"","footnotes":""},"class_list":["post-23853","page","type-page","status-publish","hentry"],"yoast_head":"<!-- This site is optimized with the Yoast SEO plugin v27.4 - https:\/\/yoast.com\/product\/yoast-seo-wordpress\/ -->\n<title>Die Philosophie - Altes Backhaus<\/title>\n<meta name=\"robots\" content=\"index, follow, max-snippet:-1, max-image-preview:large, max-video-preview:-1\" \/>\n<link rel=\"canonical\" href=\"https:\/\/muenster.org\/altes-backhaus\/wir-ueber-uns-neu\/die-philosophie-2\" \/>\n<meta name=\"twitter:label1\" content=\"Gesch\u00e4tzte Lesezeit\" \/>\n\t<meta name=\"twitter:data1\" content=\"2\u00a0Minuten\" \/>\n<script type=\"application\/ld+json\" class=\"yoast-schema-graph\">{\"@context\":\"https:\\\/\\\/schema.org\",\"@graph\":[{\"@type\":\"WebPage\",\"@id\":\"https:\\\/\\\/muenster.org\\\/altes-backhaus\\\/wir-ueber-uns-neu\\\/die-philosophie-2\",\"url\":\"https:\\\/\\\/muenster.org\\\/altes-backhaus\\\/wir-ueber-uns-neu\\\/die-philosophie-2\",\"name\":\"Die Philosophie - Altes Backhaus\",\"isPartOf\":{\"@id\":\"https:\\\/\\\/muenster.org\\\/altes-backhaus\\\/#website\"},\"primaryImageOfPage\":{\"@id\":\"https:\\\/\\\/muenster.org\\\/altes-backhaus\\\/wir-ueber-uns-neu\\\/die-philosophie-2#primaryimage\"},\"image\":{\"@id\":\"https:\\\/\\\/muenster.org\\\/altes-backhaus\\\/wir-ueber-uns-neu\\\/die-philosophie-2#primaryimage\"},\"thumbnailUrl\":\"https:\\\/\\\/muenster.org\\\/altes-backhaus\\\/wp-content\\\/uploads\\\/2025\\\/04\\\/Englischkurs-mit-Martin-1024x569.jpg\",\"datePublished\":\"2025-05-06T11:28:09+00:00\",\"dateModified\":\"2025-05-06T11:47:37+00:00\",\"breadcrumb\":{\"@id\":\"https:\\\/\\\/muenster.org\\\/altes-backhaus\\\/wir-ueber-uns-neu\\\/die-philosophie-2#breadcrumb\"},\"inLanguage\":\"de\",\"potentialAction\":[{\"@type\":\"ReadAction\",\"target\":[\"https:\\\/\\\/muenster.org\\\/altes-backhaus\\\/wir-ueber-uns-neu\\\/die-philosophie-2\"]}]},{\"@type\":\"ImageObject\",\"inLanguage\":\"de\",\"@id\":\"https:\\\/\\\/muenster.org\\\/altes-backhaus\\\/wir-ueber-uns-neu\\\/die-philosophie-2#primaryimage\",\"url\":\"https:\\\/\\\/muenster.org\\\/altes-backhaus\\\/wp-content\\\/uploads\\\/2025\\\/04\\\/Englischkurs-mit-Martin-scaled.jpg\",\"contentUrl\":\"https:\\\/\\\/muenster.org\\\/altes-backhaus\\\/wp-content\\\/uploads\\\/2025\\\/04\\\/Englischkurs-mit-Martin-scaled.jpg\",\"width\":2560,\"height\":1423},{\"@type\":\"BreadcrumbList\",\"@id\":\"https:\\\/\\\/muenster.org\\\/altes-backhaus\\\/wir-ueber-uns-neu\\\/die-philosophie-2#breadcrumb\",\"itemListElement\":[{\"@type\":\"ListItem\",\"position\":1,\"name\":\"Home\",\"item\":\"https:\\\/\\\/muenster.org\\\/altes-backhaus\\\/\"},{\"@type\":\"ListItem\",\"position\":2,\"name\":\"Wir \u00fcber uns\",\"item\":\"https:\\\/\\\/muenster.org\\\/altes-backhaus\\\/wir-ueber-uns-neu\"},{\"@type\":\"ListItem\",\"position\":3,\"name\":\"Die Philosophie\"}]},{\"@type\":\"WebSite\",\"@id\":\"https:\\\/\\\/muenster.org\\\/altes-backhaus\\\/#website\",\"url\":\"https:\\\/\\\/muenster.org\\\/altes-backhaus\\\/\",\"name\":\"Altes Backhaus\",\"description\":\"Die Begegnungs- und Bildungsst\u00e4tte im Kreuzviertel\",\"publisher\":{\"@id\":\"https:\\\/\\\/muenster.org\\\/altes-backhaus\\\/#organization\"},\"potentialAction\":[{\"@type\":\"SearchAction\",\"target\":{\"@type\":\"EntryPoint\",\"urlTemplate\":\"https:\\\/\\\/muenster.org\\\/altes-backhaus\\\/?s={search_term_string}\"},\"query-input\":{\"@type\":\"PropertyValueSpecification\",\"valueRequired\":true,\"valueName\":\"search_term_string\"}}],\"inLanguage\":\"de\"},{\"@type\":\"Organization\",\"@id\":\"https:\\\/\\\/muenster.org\\\/altes-backhaus\\\/#organization\",\"name\":\"Altes Backhaus\",\"url\":\"https:\\\/\\\/muenster.org\\\/altes-backhaus\\\/\",\"logo\":{\"@type\":\"ImageObject\",\"inLanguage\":\"de\",\"@id\":\"https:\\\/\\\/muenster.org\\\/altes-backhaus\\\/#\\\/schema\\\/logo\\\/image\\\/\",\"url\":\"https:\\\/\\\/muenster.org\\\/altes-backhaus\\\/wp-content\\\/uploads\\\/2020\\\/05\\\/cropped-logo.jpg\",\"contentUrl\":\"https:\\\/\\\/muenster.org\\\/altes-backhaus\\\/wp-content\\\/uploads\\\/2020\\\/05\\\/cropped-logo.jpg\",\"width\":287,\"height\":95,\"caption\":\"Altes Backhaus\"},\"image\":{\"@id\":\"https:\\\/\\\/muenster.org\\\/altes-backhaus\\\/#\\\/schema\\\/logo\\\/image\\\/\"}}]}<\/script>\n<!-- \/ Yoast SEO plugin. -->","yoast_head_json":{"title":"Die Philosophie - Altes Backhaus","robots":{"index":"index","follow":"follow","max-snippet":"max-snippet:-1","max-image-preview":"max-image-preview:large","max-video-preview":"max-video-preview:-1"},"canonical":"https:\/\/muenster.org\/altes-backhaus\/wir-ueber-uns-neu\/die-philosophie-2","twitter_misc":{"Gesch\u00e4tzte Lesezeit":"2\u00a0Minuten"},"schema":{"@context":"https:\/\/schema.org","@graph":[{"@type":"WebPage","@id":"https:\/\/muenster.org\/altes-backhaus\/wir-ueber-uns-neu\/die-philosophie-2","url":"https:\/\/muenster.org\/altes-backhaus\/wir-ueber-uns-neu\/die-philosophie-2","name":"Die Philosophie - Altes Backhaus","isPartOf":{"@id":"https:\/\/muenster.org\/altes-backhaus\/#website"},"primaryImageOfPage":{"@id":"https:\/\/muenster.org\/altes-backhaus\/wir-ueber-uns-neu\/die-philosophie-2#primaryimage"},"image":{"@id":"https:\/\/muenster.org\/altes-backhaus\/wir-ueber-uns-neu\/die-philosophie-2#primaryimage"},"thumbnailUrl":"https:\/\/muenster.org\/altes-backhaus\/wp-content\/uploads\/2025\/04\/Englischkurs-mit-Martin-1024x569.jpg","datePublished":"2025-05-06T11:28:09+00:00","dateModified":"2025-05-06T11:47:37+00:00","breadcrumb":{"@id":"https:\/\/muenster.org\/altes-backhaus\/wir-ueber-uns-neu\/die-philosophie-2#breadcrumb"},"inLanguage":"de","potentialAction":[{"@type":"ReadAction","target":["https:\/\/muenster.org\/altes-backhaus\/wir-ueber-uns-neu\/die-philosophie-2"]}]},{"@type":"ImageObject","inLanguage":"de","@id":"https:\/\/muenster.org\/altes-backhaus\/wir-ueber-uns-neu\/die-philosophie-2#primaryimage","url":"https:\/\/muenster.org\/altes-backhaus\/wp-content\/uploads\/2025\/04\/Englischkurs-mit-Martin-scaled.jpg","contentUrl":"https:\/\/muenster.org\/altes-backhaus\/wp-content\/uploads\/2025\/04\/Englischkurs-mit-Martin-scaled.jpg","width":2560,"height":1423},{"@type":"BreadcrumbList","@id":"https:\/\/muenster.org\/altes-backhaus\/wir-ueber-uns-neu\/die-philosophie-2#breadcrumb","itemListElement":[{"@type":"ListItem","position":1,"name":"Home","item":"https:\/\/muenster.org\/altes-backhaus\/"},{"@type":"ListItem","position":2,"name":"Wir \u00fcber uns","item":"https:\/\/muenster.org\/altes-backhaus\/wir-ueber-uns-neu"},{"@type":"ListItem","position":3,"name":"Die Philosophie"}]},{"@type":"WebSite","@id":"https:\/\/muenster.org\/altes-backhaus\/#website","url":"https:\/\/muenster.org\/altes-backhaus\/","name":"Altes Backhaus","description":"Die Begegnungs- und Bildungsst\u00e4tte im Kreuzviertel","publisher":{"@id":"https:\/\/muenster.org\/altes-backhaus\/#organization"},"potentialAction":[{"@type":"SearchAction","target":{"@type":"EntryPoint","urlTemplate":"https:\/\/muenster.org\/altes-backhaus\/?s={search_term_string}"},"query-input":{"@type":"PropertyValueSpecification","valueRequired":true,"valueName":"search_term_string"}}],"inLanguage":"de"},{"@type":"Organization","@id":"https:\/\/muenster.org\/altes-backhaus\/#organization","name":"Altes Backhaus","url":"https:\/\/muenster.org\/altes-backhaus\/","logo":{"@type":"ImageObject","inLanguage":"de","@id":"https:\/\/muenster.org\/altes-backhaus\/#\/schema\/logo\/image\/","url":"https:\/\/muenster.org\/altes-backhaus\/wp-content\/uploads\/2020\/05\/cropped-logo.jpg","contentUrl":"https:\/\/muenster.org\/altes-backhaus\/wp-content\/uploads\/2020\/05\/cropped-logo.jpg","width":287,"height":95,"caption":"Altes Backhaus"},"image":{"@id":"https:\/\/muenster.org\/altes-backhaus\/#\/schema\/logo\/image\/"}}]}},"amp_enabled":true,"rttpg_featured_image_url":null,"rttpg_author":{"display_name":"Ilona Z\u00fchlke","author_link":"https:\/\/muenster.org\/altes-backhaus\/author\/ilona"},"rttpg_comment":0,"rttpg_category":null,"rttpg_excerpt":"Wir sind eine &#8222;Kontaktb\u00f6rse&#8220; f\u00fcr Seniorinnen und Senioren Viele kennen uns, sehr viele besuchen uns und etliche arbeiten bei uns. Aber es gibt immer noch Menschen, die mit uns nichts verbinden. Das ist schade, denn wir verbinden seit 1988 Menschen im fortgeschrittenen Alter mit unterschiedlicher Herkunft und verschiedenen beruflichen Erfahrungen. Alle vereint der Wunsch nach&hellip;&nbsp;Mehr&hellip;","_links":{"self":[{"href":"https:\/\/muenster.org\/altes-backhaus\/wp-json\/wp\/v2\/pages\/23853","targetHints":{"allow":["GET"]}}],"collection":[{"href":"https:\/\/muenster.org\/altes-backhaus\/wp-json\/wp\/v2\/pages"}],"about":[{"href":"https:\/\/muenster.org\/altes-backhaus\/wp-json\/wp\/v2\/types\/page"}],"author":[{"embeddable":true,"href":"https:\/\/muenster.org\/altes-backhaus\/wp-json\/wp\/v2\/users\/50"}],"replies":[{"embeddable":true,"href":"https:\/\/muenster.org\/altes-backhaus\/wp-json\/wp\/v2\/comments?post=23853"}],"version-history":[{"count":19,"href":"https:\/\/muenster.org\/altes-backhaus\/wp-json\/wp\/v2\/pages\/23853\/revisions"}],"predecessor-version":[{"id":23882,"href":"https:\/\/muenster.org\/altes-backhaus\/wp-json\/wp\/v2\/pages\/23853\/revisions\/23882"}],"up":[{"embeddable":true,"href":"https:\/\/muenster.org\/altes-backhaus\/wp-json\/wp\/v2\/pages\/20174"}],"wp:attachment":[{"href":"https:\/\/muenster.org\/altes-backhaus\/wp-json\/wp\/v2\/media?parent=23853"}],"curies":[{"name":"wp","href":"https:\/\/api.w.org\/{rel}","templated":true}]}}