{"id":24141,"date":"2025-07-18T10:24:31","date_gmt":"2025-07-18T09:24:31","guid":{"rendered":"https:\/\/muenster.org\/altes-backhaus\/?page_id=24141"},"modified":"2026-03-29T11:22:49","modified_gmt":"2026-03-29T10:22:49","slug":"termine","status":"publish","type":"page","link":"https:\/\/muenster.org\/altes-backhaus\/termine","title":{"rendered":"Termine"},"content":{"rendered":"<p><img decoding=\"async\" width=\"150\" height=\"150\" src=\"https:\/\/muenster.org\/altes-backhaus\/wp-content\/uploads\/2026\/01\/2026-150x150.jpg\" alt=\"\" srcset=\"https:\/\/muenster.org\/altes-backhaus\/wp-content\/uploads\/2026\/01\/2026-150x150.jpg 150w, https:\/\/muenster.org\/altes-backhaus\/wp-content\/uploads\/2026\/01\/2026-300x300.jpg 300w, https:\/\/muenster.org\/altes-backhaus\/wp-content\/uploads\/2026\/01\/2026.jpg 504w\" sizes=\"(max-width: 150px) 100vw, 150px\" \/>\t\t\t\t\t\t\t\t\t\t\t\t\t\t\t<\/p>\n<p>Auf dieser Seite finden Sie einen \u00dcberblick der \u00f6ffentlichen Veranstaltungen, die im Alten Backhaus stattfinden. Details wie z.B. Themen der Vortr\u00e4ge beim Donnerstags-Fr\u00fchst\u00fcck oder Anfangszeiten erfahren Sie per Aushang im Alten Backhaus oder auf separaten Seiten auf dieser Website.<\/p>\n<p>Bitte beachten Sie, dass f\u00fcr die Donnerstags-Fr\u00fchst\u00fccke und das Med.Caf\u00e9 stets eine vorherige Anmeldung erforderlich ist. Wir informieren Sie gern telefonisch<\/p>\n<table>\n<tbody>\n<tr>\n<td width=\"264\">\u00a0<\/td>\n<td width=\"433\">\u00a0<\/td>\n<\/tr>\n<tr>\n<td width=\"264\">\u00a0<\/td>\n<td width=\"433\">\u00a0<\/td>\n<\/tr>\n<tr>\n<td width=\"264\">\u00a0<\/td>\n<td width=\"433\">\u00a0<\/td>\n<\/tr>\n<tr>\n<td width=\"264\">\n<p><strong>5. M\u00e4rz<\/strong><\/p>\n<\/td>\n<td width=\"433\">\n<p><strong>Donnerstags-Fr\u00fchst\u00fcck<\/strong><\/p>\n<\/td>\n<\/tr>\n<tr>\n<td width=\"264\">\n<p><strong>11. M\u00e4rz<\/strong><\/p>\n<\/td>\n<td width=\"433\">\n<p><strong>Jahresversammlung der Mitglieder<\/strong><\/p>\n<\/td>\n<\/tr>\n<tr>\n<td width=\"264\">\n<p><strong>25. M\u00e4rz<\/strong><\/p>\n<\/td>\n<td width=\"433\">\n<p><strong>Med.Caf\u00e9<\/strong><\/p>\n<\/td>\n<\/tr>\n<tr>\n<td width=\"264\">\n<p><strong>2. April<\/strong><\/p>\n<\/td>\n<td width=\"433\">\n<p><strong>Donnerstags-Fr\u00fchst\u00fcck<\/strong><\/p>\n<\/td>\n<\/tr>\n<tr>\n<td width=\"264\">\n<p><strong>23. April<\/strong><\/p>\n<\/td>\n<td width=\"433\">\n<p><strong>Med.Caf\u00e9<\/strong><\/p>\n<\/td>\n<\/tr>\n<tr>\n<td width=\"264\">\n<p><strong>7. Mai<\/strong><\/p>\n<\/td>\n<td width=\"433\">\n<p><strong>Donnerstags-Fr\u00fchst\u00fcck<\/strong><\/p>\n<\/td>\n<\/tr>\n<tr>\n<td width=\"264\">\n<p><strong>27. Mai<\/strong><\/p>\n<\/td>\n<td width=\"433\">\n<p><strong>Med.Caf\u00e9<\/strong><\/p>\n<\/td>\n<\/tr>\n<tr>\n<td width=\"264\">\n<p><strong>24. Juni<\/strong><\/p>\n<\/td>\n<td width=\"433\">\n<p><strong>Med.Caf\u00e9<\/strong><\/p>\n<\/td>\n<\/tr>\n<tr>\n<td width=\"264\">\n<p><strong>2. Juli<\/strong><\/p>\n<\/td>\n<td width=\"433\">\n<p><strong>Donnerstags-Fr\u00fchst\u00fcck<\/strong><\/p>\n<\/td>\n<\/tr>\n<tr>\n<td width=\"264\">\n<p><strong>18. Juli<\/strong><\/p>\n<\/td>\n<td width=\"433\">\n<p><strong>Floh- und Tr\u00f6delmarkt in Haus und Garten des Backhauses<\/strong><\/p>\n<\/td>\n<\/tr>\n<tr>\n<td width=\"264\">\n<p><strong>25. Juli<\/strong><\/p>\n<\/td>\n<td width=\"433\">\n<p><strong>Sommerfest f\u00fcr Mitarbeiter, Mitglieder und Freunde<\/strong><\/p>\n<\/td>\n<\/tr>\n<tr>\n<td width=\"264\">\n<p><strong>6. August<\/strong><\/p>\n<\/td>\n<td width=\"433\">\n<p><strong>Donnerstags-Fr\u00fchst\u00fcck<\/strong><\/p>\n<\/td>\n<\/tr>\n<tr>\n<td width=\"264\">\n<p><strong>22.+23. August<\/strong><\/p>\n<\/td>\n<td width=\"433\">\n<p><strong>Das Backhaus zu Gast beim Kreuzviertelfest<\/strong><\/p>\n<\/td>\n<\/tr>\n<tr>\n<td width=\"264\">\n<p><strong>3. September<\/strong><\/p>\n<\/td>\n<td width=\"433\">\n<p><strong>Donnerstags-Fr\u00fchst\u00fcck<\/strong><\/p>\n<\/td>\n<\/tr>\n<tr>\n<td width=\"264\">\n<p><strong>9. September<\/strong><\/p>\n<\/td>\n<td width=\"433\">\n<p><strong>Ausflug der Mitarbeiter<\/strong><\/p>\n<\/td>\n<\/tr>\n<tr>\n<td width=\"264\">\n<p><strong>23. September<\/strong><\/p>\n<\/td>\n<td width=\"433\">\n<p><strong>Med.Caf\u00e9<\/strong><\/p>\n<\/td>\n<\/tr>\n<tr>\n<td width=\"264\">\n<p><strong>1. Oktober<\/strong><\/p>\n<\/td>\n<td width=\"433\">\n<p><strong>Donnerstags-Fr\u00fchst\u00fcck<\/strong><\/p>\n<\/td>\n<\/tr>\n<tr>\n<td width=\"264\">\n<p><strong>5. November<\/strong><\/p>\n<\/td>\n<td width=\"433\">\n<p><strong>Donnerstags-Fr\u00fchst\u00fcck<\/strong><\/p>\n<\/td>\n<\/tr>\n<tr>\n<td width=\"264\">\n<p><strong>8. November<\/strong><\/p>\n<\/td>\n<td width=\"433\">\n<p><strong>Markt der sch\u00f6nen Dinge im Backhaus<\/strong><\/p>\n<\/td>\n<\/tr>\n<tr>\n<td width=\"264\">\n<p><strong>25. November<\/strong><\/p>\n<\/td>\n<td width=\"433\">\n<p><strong>Med.Caf\u00e9<\/strong><\/p>\n<\/td>\n<\/tr>\n<tr>\n<td width=\"264\">\n<p><strong>3. Dezember<\/strong><\/p>\n<\/td>\n<td width=\"433\">\n<p><strong>Donnerstags-Fr\u00fchst\u00fcck<\/strong><\/p>\n<\/td>\n<\/tr>\n<tr>\n<td width=\"264\">\n<p><strong>9. Dezember<\/strong><\/p>\n<\/td>\n<td width=\"433\">\n<p><strong>Adventsfeier f\u00fcr Mitarbeiter und Mitglieder<\/strong><\/p>\n<\/td>\n<\/tr>\n<tr>\n<td width=\"264\">\n<p><strong>24. Dezember<\/strong><\/p>\n<\/td>\n<td width=\"433\">\n<p><strong>Weihnachtsfeier f\u00fcr Mitarbeiter, Freunde und Nachbarn, die den Heiligen Abend nicht gern allein verbringen m\u00f6chten<\/strong><\/p>\n<\/td>\n<\/tr>\n<tr>\n<td width=\"264\">\n<p><strong>21. Dezember &#8211; 3. Januar 2027<\/strong><\/p>\n<\/td>\n<td width=\"433\">\n<p><strong>Weihnachtsferien, das Backhaus bleibt geschlossen<\/strong><\/p>\n<\/td>\n<\/tr>\n<\/tbody>\n<\/table>\n<p>Eine \u00dcbersicht, wann unsere Kurse stattfinden, finden Sie auf dieser Website unter <a href=\"https:\/\/muenster.org\/altes-backhaus\/wochenplan\">Wochenplan.<\/a><\/p>\n","protected":false},"excerpt":{"rendered":"<p>Auf dieser Seite finden Sie einen \u00dcberblick der \u00f6ffentlichen Veranstaltungen, die im Alten Backhaus stattfinden. Details wie z.B. Themen der Vortr\u00e4ge beim Donnerstags-Fr\u00fchst\u00fcck oder Anfangszeiten erfahren Sie per Aushang im Alten Backhaus oder auf separaten Seiten auf dieser Website. Bitte beachten Sie, dass f\u00fcr die Donnerstags-Fr\u00fchst\u00fccke und das Med.Caf\u00e9 stets eine vorherige Anmeldung erforderlich ist.&hellip;&nbsp;<\/p>\n<div class=\"read-more-wrapper\"><a href=\"https:\/\/muenster.org\/altes-backhaus\/termine\" class=\"button button-primary\" rel=\"bookmark\">Mehr lesen &raquo;<span class=\"screen-reader-text\">Termine<\/span><\/a><\/div>\n","protected":false},"author":50,"featured_media":0,"parent":0,"menu_order":0,"comment_status":"closed","ping_status":"closed","template":"elementor_canvas","meta":{"neve_meta_sidebar":"","neve_meta_container":"","neve_meta_enable_content_width":"off","neve_meta_content_width":100,"neve_meta_title_alignment":"","neve_meta_author_avatar":"","neve_post_elements_order":"","neve_meta_disable_header":"","neve_meta_disable_footer":"","neve_meta_disable_title":"","neve_meta_reading_time":"","_themeisle_gutenberg_block_has_review":false,"cybocfi_hide_featured_image":"","footnotes":""},"class_list":["post-24141","page","type-page","status-publish","hentry"],"yoast_head":"<!-- This site is optimized with the Yoast SEO plugin v27.3 - https:\/\/yoast.com\/product\/yoast-seo-wordpress\/ -->\n<title>Termine - Altes Backhaus<\/title>\n<meta name=\"robots\" content=\"index, follow, max-snippet:-1, max-image-preview:large, max-video-preview:-1\" \/>\n<link rel=\"canonical\" href=\"https:\/\/muenster.org\/altes-backhaus\/termine\" \/>\n<meta name=\"twitter:label1\" content=\"Gesch\u00e4tzte Lesezeit\" \/>\n\t<meta name=\"twitter:data1\" content=\"2\u00a0Minuten\" \/>\n<script type=\"application\/ld+json\" class=\"yoast-schema-graph\">{\"@context\":\"https:\\\/\\\/schema.org\",\"@graph\":[{\"@type\":\"WebPage\",\"@id\":\"https:\\\/\\\/muenster.org\\\/altes-backhaus\\\/termine\",\"url\":\"https:\\\/\\\/muenster.org\\\/altes-backhaus\\\/termine\",\"name\":\"Termine - Altes Backhaus\",\"isPartOf\":{\"@id\":\"https:\\\/\\\/muenster.org\\\/altes-backhaus\\\/#website\"},\"primaryImageOfPage\":{\"@id\":\"https:\\\/\\\/muenster.org\\\/altes-backhaus\\\/termine#primaryimage\"},\"image\":{\"@id\":\"https:\\\/\\\/muenster.org\\\/altes-backhaus\\\/termine#primaryimage\"},\"thumbnailUrl\":\"https:\\\/\\\/muenster.org\\\/altes-backhaus\\\/wp-content\\\/uploads\\\/2026\\\/01\\\/2026-150x150.jpg\",\"datePublished\":\"2025-07-18T09:24:31+00:00\",\"dateModified\":\"2026-03-29T10:22:49+00:00\",\"breadcrumb\":{\"@id\":\"https:\\\/\\\/muenster.org\\\/altes-backhaus\\\/termine#breadcrumb\"},\"inLanguage\":\"de\",\"potentialAction\":[{\"@type\":\"ReadAction\",\"target\":[\"https:\\\/\\\/muenster.org\\\/altes-backhaus\\\/termine\"]}]},{\"@type\":\"ImageObject\",\"inLanguage\":\"de\",\"@id\":\"https:\\\/\\\/muenster.org\\\/altes-backhaus\\\/termine#primaryimage\",\"url\":\"https:\\\/\\\/muenster.org\\\/altes-backhaus\\\/wp-content\\\/uploads\\\/2026\\\/01\\\/2026.jpg\",\"contentUrl\":\"https:\\\/\\\/muenster.org\\\/altes-backhaus\\\/wp-content\\\/uploads\\\/2026\\\/01\\\/2026.jpg\",\"width\":504,\"height\":504},{\"@type\":\"BreadcrumbList\",\"@id\":\"https:\\\/\\\/muenster.org\\\/altes-backhaus\\\/termine#breadcrumb\",\"itemListElement\":[{\"@type\":\"ListItem\",\"position\":1,\"name\":\"Home\",\"item\":\"https:\\\/\\\/muenster.org\\\/altes-backhaus\\\/\"},{\"@type\":\"ListItem\",\"position\":2,\"name\":\"Termine\"}]},{\"@type\":\"WebSite\",\"@id\":\"https:\\\/\\\/muenster.org\\\/altes-backhaus\\\/#website\",\"url\":\"https:\\\/\\\/muenster.org\\\/altes-backhaus\\\/\",\"name\":\"Altes Backhaus\",\"description\":\"Die Begegnungs- und Bildungsst\u00e4tte im Kreuzviertel\",\"publisher\":{\"@id\":\"https:\\\/\\\/muenster.org\\\/altes-backhaus\\\/#organization\"},\"potentialAction\":[{\"@type\":\"SearchAction\",\"target\":{\"@type\":\"EntryPoint\",\"urlTemplate\":\"https:\\\/\\\/muenster.org\\\/altes-backhaus\\\/?s={search_term_string}\"},\"query-input\":{\"@type\":\"PropertyValueSpecification\",\"valueRequired\":true,\"valueName\":\"search_term_string\"}}],\"inLanguage\":\"de\"},{\"@type\":\"Organization\",\"@id\":\"https:\\\/\\\/muenster.org\\\/altes-backhaus\\\/#organization\",\"name\":\"Altes Backhaus\",\"url\":\"https:\\\/\\\/muenster.org\\\/altes-backhaus\\\/\",\"logo\":{\"@type\":\"ImageObject\",\"inLanguage\":\"de\",\"@id\":\"https:\\\/\\\/muenster.org\\\/altes-backhaus\\\/#\\\/schema\\\/logo\\\/image\\\/\",\"url\":\"https:\\\/\\\/muenster.org\\\/altes-backhaus\\\/wp-content\\\/uploads\\\/2020\\\/05\\\/cropped-logo.jpg\",\"contentUrl\":\"https:\\\/\\\/muenster.org\\\/altes-backhaus\\\/wp-content\\\/uploads\\\/2020\\\/05\\\/cropped-logo.jpg\",\"width\":287,\"height\":95,\"caption\":\"Altes Backhaus\"},\"image\":{\"@id\":\"https:\\\/\\\/muenster.org\\\/altes-backhaus\\\/#\\\/schema\\\/logo\\\/image\\\/\"}}]}<\/script>\n<!-- \/ Yoast SEO plugin. -->","yoast_head_json":{"title":"Termine - Altes Backhaus","robots":{"index":"index","follow":"follow","max-snippet":"max-snippet:-1","max-image-preview":"max-image-preview:large","max-video-preview":"max-video-preview:-1"},"canonical":"https:\/\/muenster.org\/altes-backhaus\/termine","twitter_misc":{"Gesch\u00e4tzte Lesezeit":"2\u00a0Minuten"},"schema":{"@context":"https:\/\/schema.org","@graph":[{"@type":"WebPage","@id":"https:\/\/muenster.org\/altes-backhaus\/termine","url":"https:\/\/muenster.org\/altes-backhaus\/termine","name":"Termine - Altes Backhaus","isPartOf":{"@id":"https:\/\/muenster.org\/altes-backhaus\/#website"},"primaryImageOfPage":{"@id":"https:\/\/muenster.org\/altes-backhaus\/termine#primaryimage"},"image":{"@id":"https:\/\/muenster.org\/altes-backhaus\/termine#primaryimage"},"thumbnailUrl":"https:\/\/muenster.org\/altes-backhaus\/wp-content\/uploads\/2026\/01\/2026-150x150.jpg","datePublished":"2025-07-18T09:24:31+00:00","dateModified":"2026-03-29T10:22:49+00:00","breadcrumb":{"@id":"https:\/\/muenster.org\/altes-backhaus\/termine#breadcrumb"},"inLanguage":"de","potentialAction":[{"@type":"ReadAction","target":["https:\/\/muenster.org\/altes-backhaus\/termine"]}]},{"@type":"ImageObject","inLanguage":"de","@id":"https:\/\/muenster.org\/altes-backhaus\/termine#primaryimage","url":"https:\/\/muenster.org\/altes-backhaus\/wp-content\/uploads\/2026\/01\/2026.jpg","contentUrl":"https:\/\/muenster.org\/altes-backhaus\/wp-content\/uploads\/2026\/01\/2026.jpg","width":504,"height":504},{"@type":"BreadcrumbList","@id":"https:\/\/muenster.org\/altes-backhaus\/termine#breadcrumb","itemListElement":[{"@type":"ListItem","position":1,"name":"Home","item":"https:\/\/muenster.org\/altes-backhaus\/"},{"@type":"ListItem","position":2,"name":"Termine"}]},{"@type":"WebSite","@id":"https:\/\/muenster.org\/altes-backhaus\/#website","url":"https:\/\/muenster.org\/altes-backhaus\/","name":"Altes Backhaus","description":"Die Begegnungs- und Bildungsst\u00e4tte im Kreuzviertel","publisher":{"@id":"https:\/\/muenster.org\/altes-backhaus\/#organization"},"potentialAction":[{"@type":"SearchAction","target":{"@type":"EntryPoint","urlTemplate":"https:\/\/muenster.org\/altes-backhaus\/?s={search_term_string}"},"query-input":{"@type":"PropertyValueSpecification","valueRequired":true,"valueName":"search_term_string"}}],"inLanguage":"de"},{"@type":"Organization","@id":"https:\/\/muenster.org\/altes-backhaus\/#organization","name":"Altes Backhaus","url":"https:\/\/muenster.org\/altes-backhaus\/","logo":{"@type":"ImageObject","inLanguage":"de","@id":"https:\/\/muenster.org\/altes-backhaus\/#\/schema\/logo\/image\/","url":"https:\/\/muenster.org\/altes-backhaus\/wp-content\/uploads\/2020\/05\/cropped-logo.jpg","contentUrl":"https:\/\/muenster.org\/altes-backhaus\/wp-content\/uploads\/2020\/05\/cropped-logo.jpg","width":287,"height":95,"caption":"Altes Backhaus"},"image":{"@id":"https:\/\/muenster.org\/altes-backhaus\/#\/schema\/logo\/image\/"}}]}},"amp_enabled":false,"rttpg_featured_image_url":null,"rttpg_author":{"display_name":"Ilona Z\u00fchlke","author_link":"https:\/\/muenster.org\/altes-backhaus\/author\/ilona"},"rttpg_comment":0,"rttpg_category":null,"rttpg_excerpt":"Auf dieser Seite finden Sie einen \u00dcberblick der \u00f6ffentlichen Veranstaltungen, die im Alten Backhaus stattfinden. Details wie z.B. Themen der Vortr\u00e4ge beim Donnerstags-Fr\u00fchst\u00fcck oder Anfangszeiten erfahren Sie per Aushang im Alten Backhaus oder auf separaten Seiten auf dieser Website. Bitte beachten Sie, dass f\u00fcr die Donnerstags-Fr\u00fchst\u00fccke und das Med.Caf\u00e9 stets eine vorherige Anmeldung erforderlich ist.&hellip;&nbsp;Mehr&hellip;","_links":{"self":[{"href":"https:\/\/muenster.org\/altes-backhaus\/wp-json\/wp\/v2\/pages\/24141","targetHints":{"allow":["GET"]}}],"collection":[{"href":"https:\/\/muenster.org\/altes-backhaus\/wp-json\/wp\/v2\/pages"}],"about":[{"href":"https:\/\/muenster.org\/altes-backhaus\/wp-json\/wp\/v2\/types\/page"}],"author":[{"embeddable":true,"href":"https:\/\/muenster.org\/altes-backhaus\/wp-json\/wp\/v2\/users\/50"}],"replies":[{"embeddable":true,"href":"https:\/\/muenster.org\/altes-backhaus\/wp-json\/wp\/v2\/comments?post=24141"}],"version-history":[{"count":107,"href":"https:\/\/muenster.org\/altes-backhaus\/wp-json\/wp\/v2\/pages\/24141\/revisions"}],"predecessor-version":[{"id":24849,"href":"https:\/\/muenster.org\/altes-backhaus\/wp-json\/wp\/v2\/pages\/24141\/revisions\/24849"}],"wp:attachment":[{"href":"https:\/\/muenster.org\/altes-backhaus\/wp-json\/wp\/v2\/media?parent=24141"}],"curies":[{"name":"wp","href":"https:\/\/api.w.org\/{rel}","templated":true}]}}