{"id":5,"date":"2019-07-26T10:32:44","date_gmt":"2019-07-26T08:32:44","guid":{"rendered":"https:\/\/demo.themeisle.com\/neve-amadeus\/?page_id=5"},"modified":"2025-04-04T11:46:11","modified_gmt":"2025-04-04T10:46:11","slug":"home","status":"publish","type":"page","link":"https:\/\/muenster.org\/altes-backhaus\/","title":{"rendered":"Home"},"content":{"rendered":"\t\t<div data-elementor-type=\"wp-post\" data-elementor-id=\"5\" class=\"elementor elementor-5\">\n\t\t\t\t\t\t<section class=\"elementor-section elementor-top-section elementor-element elementor-element-d415931 elementor-section-full_width elementor-section-stretched elementor-section-height-default elementor-section-height-default\" data-id=\"d415931\" data-element_type=\"section\" data-e-type=\"section\" data-settings=\"{&quot;stretch_section&quot;:&quot;section-stretched&quot;}\">\n\t\t\t\t\t\t<div class=\"elementor-container elementor-column-gap-default\">\n\t\t\t\t\t<div class=\"elementor-column elementor-col-100 elementor-top-column elementor-element elementor-element-8652d72\" data-id=\"8652d72\" data-element_type=\"column\" data-e-type=\"column\">\n\t\t\t<div class=\"elementor-widget-wrap elementor-element-populated\">\n\t\t\t\t\t\t<div class=\"elementor-element elementor-element-da4990c elementor-widget elementor-widget-spacer\" data-id=\"da4990c\" data-element_type=\"widget\" data-e-type=\"widget\" data-widget_type=\"spacer.default\">\n\t\t\t\t<div class=\"elementor-widget-container\">\n\t\t\t\t\t\t\t<div class=\"elementor-spacer\">\n\t\t\t<div class=\"elementor-spacer-inner\"><\/div>\n\t\t<\/div>\n\t\t\t\t\t\t<\/div>\n\t\t\t\t<\/div>\n\t\t\t\t\t<\/div>\n\t\t<\/div>\n\t\t\t\t\t<\/div>\n\t\t<\/section>\n\t\t\t\t<section class=\"elementor-section elementor-top-section elementor-element elementor-element-695d0e6 elementor-section-boxed elementor-section-height-default elementor-section-height-default\" data-id=\"695d0e6\" data-element_type=\"section\" data-e-type=\"section\">\n\t\t\t\t\t\t<div class=\"elementor-container elementor-column-gap-default\">\n\t\t\t\t\t<div class=\"elementor-column elementor-col-100 elementor-top-column elementor-element elementor-element-e61abac\" data-id=\"e61abac\" data-element_type=\"column\" data-e-type=\"column\">\n\t\t\t<div class=\"elementor-widget-wrap elementor-element-populated\">\n\t\t\t\t\t\t<div class=\"elementor-element elementor-element-5a50663 elementor-widget elementor-widget-image\" data-id=\"5a50663\" data-element_type=\"widget\" data-e-type=\"widget\" data-widget_type=\"image.default\">\n\t\t\t\t<div class=\"elementor-widget-container\">\n\t\t\t\t\t\t\t\t\t\t\t\t\t\t\t<img fetchpriority=\"high\" decoding=\"async\" width=\"2048\" height=\"390\" src=\"https:\/\/muenster.org\/altes-backhaus\/wp-content\/uploads\/2025\/04\/Fotoleiste-fuer-Startseite-2048x390.jpg\" class=\"attachment-2048x2048 size-2048x2048 wp-image-23736\" alt=\"\" srcset=\"https:\/\/muenster.org\/altes-backhaus\/wp-content\/uploads\/2025\/04\/Fotoleiste-fuer-Startseite-2048x390.jpg 2048w, https:\/\/muenster.org\/altes-backhaus\/wp-content\/uploads\/2025\/04\/Fotoleiste-fuer-Startseite-300x57.jpg 300w, https:\/\/muenster.org\/altes-backhaus\/wp-content\/uploads\/2025\/04\/Fotoleiste-fuer-Startseite-1024x195.jpg 1024w, https:\/\/muenster.org\/altes-backhaus\/wp-content\/uploads\/2025\/04\/Fotoleiste-fuer-Startseite-768x146.jpg 768w, https:\/\/muenster.org\/altes-backhaus\/wp-content\/uploads\/2025\/04\/Fotoleiste-fuer-Startseite-1536x293.jpg 1536w\" sizes=\"(max-width: 2048px) 100vw, 2048px\" \/>\t\t\t\t\t\t\t\t\t\t\t\t\t\t\t<\/div>\n\t\t\t\t<\/div>\n\t\t\t\t<div class=\"elementor-element elementor-element-a0df70c elementor-widget elementor-widget-spacer\" data-id=\"a0df70c\" data-element_type=\"widget\" data-e-type=\"widget\" data-widget_type=\"spacer.default\">\n\t\t\t\t<div class=\"elementor-widget-container\">\n\t\t\t\t\t\t\t<div class=\"elementor-spacer\">\n\t\t\t<div class=\"elementor-spacer-inner\"><\/div>\n\t\t<\/div>\n\t\t\t\t\t\t<\/div>\n\t\t\t\t<\/div>\n\t\t\t\t<div class=\"elementor-element elementor-element-0aff32d elementor-widget elementor-widget-heading\" data-id=\"0aff32d\" data-element_type=\"widget\" data-e-type=\"widget\" data-widget_type=\"heading.default\">\n\t\t\t\t<div class=\"elementor-widget-container\">\n\t\t\t\t\t<h2 class=\"elementor-heading-title elementor-size-xl\">Altes Backhaus<b>\n<\/h2>\t\t\t\t<\/div>\n\t\t\t\t<\/div>\n\t\t\t\t<div class=\"elementor-element elementor-element-0bd42e5 elementor-widget elementor-widget-text-editor\" data-id=\"0bd42e5\" data-element_type=\"widget\" data-e-type=\"widget\" data-widget_type=\"text-editor.default\">\n\t\t\t\t<div class=\"elementor-widget-container\">\n\t\t\t\t\t\t\t\t\t<p>Das <em>Alte Backhaus<\/em> ist eine Begegnungs- und Bildungsst\u00e4tte im Kreuzviertel, die seit 1988 besteht. Es ist ein Ort, an dem \u00e4ltere Menschen Kontakte kn\u00fcpfen und gemeinsam aktiv ihre Freizeit verbringen. Mit einem abwechslungsreichen Angebot sorgen inzwischen \u00fcber 80\u00a0 Mitarbeiter\/innen daf\u00fcr, dass jeder eine seinen Neigungen entsprechende Veranstaltung finden kann.<\/p><p>Kontakte mit der j\u00fcngeren Generation \u2013 vom benachbarten Kindergarten bis zu den Studierenden von Universit\u00e4t und Fachhochschule M\u00fcnster\u00a0 \u2013\u00a0 geh\u00f6ren ebenso zum festen Programm wie die Beteiligung an Veranstaltungen unserer Kooperationspartner<\/p>\t\t\t\t\t\t\t\t<\/div>\n\t\t\t\t<\/div>\n\t\t\t\t<section class=\"elementor-section elementor-inner-section elementor-element elementor-element-f58032b elementor-section-boxed elementor-section-height-default elementor-section-height-default\" data-id=\"f58032b\" data-element_type=\"section\" data-e-type=\"section\">\n\t\t\t\t\t\t<div class=\"elementor-container elementor-column-gap-default\">\n\t\t\t\t\t<div class=\"elementor-column elementor-col-100 elementor-inner-column elementor-element elementor-element-a67b817\" data-id=\"a67b817\" data-element_type=\"column\" data-e-type=\"column\">\n\t\t\t<div class=\"elementor-widget-wrap elementor-element-populated\">\n\t\t\t\t\t\t<div class=\"elementor-element elementor-element-6a49763 elementor-widget elementor-widget-image\" data-id=\"6a49763\" data-element_type=\"widget\" data-e-type=\"widget\" data-widget_type=\"image.default\">\n\t\t\t\t<div class=\"elementor-widget-container\">\n\t\t\t\t\t\t\t\t\t\t\t\t\t\t\t<img decoding=\"async\" src=\"https:\/\/muenster.org\/altes-backhaus\/wp-content\/uploads\/elementor\/thumbs\/IMG_81001-scaled-opbkwtvj3lyk3zpynnkp9wotfwt9uk1wj6dfqvo3ta.jpg\" title=\"IMG_8100[1]\" alt=\"IMG_8100[1]\" loading=\"lazy\" \/>\t\t\t\t\t\t\t\t\t\t\t\t\t\t\t<\/div>\n\t\t\t\t<\/div>\n\t\t\t\t\t<\/div>\n\t\t<\/div>\n\t\t\t\t\t<\/div>\n\t\t<\/section>\n\t\t\t\t\t<\/div>\n\t\t<\/div>\n\t\t\t\t\t<\/div>\n\t\t<\/section>\n\t\t\t\t<section class=\"elementor-section elementor-top-section elementor-element elementor-element-8daf331 elementor-section-boxed elementor-section-height-default elementor-section-height-default\" data-id=\"8daf331\" data-element_type=\"section\" data-e-type=\"section\">\n\t\t\t\t\t\t<div class=\"elementor-container elementor-column-gap-default\">\n\t\t\t\t\t<div class=\"elementor-column elementor-col-100 elementor-top-column elementor-element elementor-element-6abfa7a\" data-id=\"6abfa7a\" data-element_type=\"column\" data-e-type=\"column\">\n\t\t\t<div class=\"elementor-widget-wrap\">\n\t\t\t\t\t\t\t<\/div>\n\t\t<\/div>\n\t\t\t\t\t<\/div>\n\t\t<\/section>\n\t\t\t\t<section class=\"elementor-section elementor-top-section elementor-element elementor-element-a0d7be5 elementor-section-boxed elementor-section-height-default elementor-section-height-default\" data-id=\"a0d7be5\" data-element_type=\"section\" data-e-type=\"section\">\n\t\t\t\t\t\t<div class=\"elementor-container elementor-column-gap-default\">\n\t\t\t\t\t<div class=\"elementor-column elementor-col-100 elementor-top-column elementor-element elementor-element-55a4cf0\" data-id=\"55a4cf0\" data-element_type=\"column\" data-e-type=\"column\">\n\t\t\t<div class=\"elementor-widget-wrap elementor-element-populated\">\n\t\t\t\t\t\t<div class=\"elementor-element elementor-element-987d9c2 elementor-widget elementor-widget-spacer\" data-id=\"987d9c2\" data-element_type=\"widget\" data-e-type=\"widget\" data-widget_type=\"spacer.default\">\n\t\t\t\t<div class=\"elementor-widget-container\">\n\t\t\t\t\t\t\t<div class=\"elementor-spacer\">\n\t\t\t<div class=\"elementor-spacer-inner\"><\/div>\n\t\t<\/div>\n\t\t\t\t\t\t<\/div>\n\t\t\t\t<\/div>\n\t\t\t\t<div class=\"elementor-element elementor-element-74cae36 elementor-widget elementor-widget-text-editor\" data-id=\"74cae36\" data-element_type=\"widget\" data-e-type=\"widget\" data-widget_type=\"text-editor.default\">\n\t\t\t\t<div class=\"elementor-widget-container\">\n\t\t\t\t\t\t\t\t\t<p style=\"text-align: center;\"><strong>Sie finden uns in der Coerdestra\u00dfe 36a im Hinterhof.<\/strong><\/p><p style=\"text-align: center;\"><strong>Unsere \u00d6ffnungszeiten: montags bis freitags von 9.30 bis 12.00 und von 15.00 bis 17.30 Uhr.<\/strong><\/p><p style=\"text-align: center;\"><strong>\u00a0Telefon 0251 274255<\/strong><\/p><p style=\"text-align: center;\"><strong>Wir werden gef\u00f6rdert durch die Stadt M\u00fcnster<\/strong><\/p>\t\t\t\t\t\t\t\t<\/div>\n\t\t\t\t<\/div>\n\t\t\t\t<div class=\"elementor-element elementor-element-bf93f9f elementor-widget elementor-widget-image\" data-id=\"bf93f9f\" data-element_type=\"widget\" data-e-type=\"widget\" data-widget_type=\"image.default\">\n\t\t\t\t<div class=\"elementor-widget-container\">\n\t\t\t\t\t\t\t\t\t\t\t\t\t\t\t<img decoding=\"async\" width=\"358\" height=\"111\" src=\"https:\/\/muenster.org\/altes-backhaus\/wp-content\/uploads\/2025\/03\/Muenster.png\" class=\"attachment-large size-large wp-image-23654\" alt=\"\" srcset=\"https:\/\/muenster.org\/altes-backhaus\/wp-content\/uploads\/2025\/03\/Muenster.png 358w, https:\/\/muenster.org\/altes-backhaus\/wp-content\/uploads\/2025\/03\/Muenster-300x93.png 300w\" sizes=\"(max-width: 358px) 100vw, 358px\" \/>\t\t\t\t\t\t\t\t\t\t\t\t\t\t\t<\/div>\n\t\t\t\t<\/div>\n\t\t\t\t\t<\/div>\n\t\t<\/div>\n\t\t\t\t\t<\/div>\n\t\t<\/section>\n\t\t\t\t<section class=\"elementor-section elementor-top-section elementor-element elementor-element-afbe077 elementor-section-boxed elementor-section-height-default elementor-section-height-default\" data-id=\"afbe077\" data-element_type=\"section\" data-e-type=\"section\">\n\t\t\t\t\t\t<div class=\"elementor-container elementor-column-gap-default\">\n\t\t\t\t\t<div class=\"elementor-column elementor-col-100 elementor-top-column elementor-element elementor-element-db5ee9b\" data-id=\"db5ee9b\" data-element_type=\"column\" data-e-type=\"column\">\n\t\t\t<div class=\"elementor-widget-wrap\">\n\t\t\t\t\t\t\t<\/div>\n\t\t<\/div>\n\t\t\t\t\t<\/div>\n\t\t<\/section>\n\t\t\t\t<\/div>\n\t\t","protected":false},"excerpt":{"rendered":"<p>Altes Backhaus Das Alte Backhaus ist eine Begegnungs- und Bildungsst\u00e4tte im Kreuzviertel, die seit 1988 besteht. Es ist ein Ort, an dem \u00e4ltere Menschen Kontakte kn\u00fcpfen und gemeinsam aktiv ihre Freizeit verbringen. Mit einem abwechslungsreichen Angebot sorgen inzwischen \u00fcber 80\u00a0 Mitarbeiter\/innen daf\u00fcr, dass jeder eine seinen Neigungen entsprechende Veranstaltung finden kann. Kontakte mit der j\u00fcngeren&hellip;&nbsp;<\/p>\n<div class=\"read-more-wrapper\"><a href=\"https:\/\/muenster.org\/altes-backhaus\/\" class=\"button button-primary\" rel=\"bookmark\">Mehr lesen &raquo;<span class=\"screen-reader-text\">Home<\/span><\/a><\/div>\n","protected":false},"author":47,"featured_media":7772,"parent":0,"menu_order":10,"comment_status":"closed","ping_status":"closed","template":"elementor_theme","meta":{"neve_meta_sidebar":"full-width","neve_meta_container":"","neve_meta_enable_content_width":"on","neve_meta_content_width":100,"neve_meta_title_alignment":"","neve_meta_author_avatar":"","neve_post_elements_order":"","neve_meta_disable_header":"","neve_meta_disable_footer":"","neve_meta_disable_title":"on","neve_meta_reading_time":"","_themeisle_gutenberg_block_has_review":false,"cybocfi_hide_featured_image":"","footnotes":""},"class_list":["post-5","page","type-page","status-publish","has-post-thumbnail","hentry"],"yoast_head":"<!-- This site is optimized with the Yoast SEO plugin v27.3 - https:\/\/yoast.com\/product\/yoast-seo-wordpress\/ -->\n<title>Home - Altes Backhaus<\/title>\n<meta name=\"description\" content=\"Das Alte Backhaus ist eine Begegnungs- und Bildungsst\u00e4tte im Kreuzviertel, die seit 1988 besteht. Es ist ein Ort, an dem \u00e4ltere Menschen Kontakte kn\u00fcpfen und gemeinsam aktiv ihre Freizeit verbringen. Mit einem abwechslungsreichen Angebot sorgen inzwischen \u00fcber 80 Mitarbeiter\/innen daf\u00fcr, dass jeder eine seinen Neigungen entsprechende Veranstaltung finden kann.\" \/>\n<meta name=\"robots\" content=\"index, follow, max-snippet:-1, max-image-preview:large, max-video-preview:-1\" \/>\n<link rel=\"canonical\" href=\"https:\/\/muenster.org\/altes-backhaus\/\" \/>\n<meta name=\"twitter:label1\" content=\"Gesch\u00e4tzte Lesezeit\" \/>\n\t<meta name=\"twitter:data1\" content=\"2\u00a0Minuten\" \/>\n<script type=\"application\/ld+json\" class=\"yoast-schema-graph\">{\"@context\":\"https:\\\/\\\/schema.org\",\"@graph\":[{\"@type\":\"WebPage\",\"@id\":\"https:\\\/\\\/muenster.org\\\/altes-backhaus\\\/\",\"url\":\"https:\\\/\\\/muenster.org\\\/altes-backhaus\\\/\",\"name\":\"Home - Altes Backhaus\",\"isPartOf\":{\"@id\":\"https:\\\/\\\/muenster.org\\\/altes-backhaus\\\/#website\"},\"primaryImageOfPage\":{\"@id\":\"https:\\\/\\\/muenster.org\\\/altes-backhaus\\\/#primaryimage\"},\"image\":{\"@id\":\"https:\\\/\\\/muenster.org\\\/altes-backhaus\\\/#primaryimage\"},\"thumbnailUrl\":\"https:\\\/\\\/muenster.org\\\/altes-backhaus\\\/wp-content\\\/uploads\\\/2020\\\/04\\\/AB-Au\u00dfen.jpg\",\"datePublished\":\"2019-07-26T08:32:44+00:00\",\"dateModified\":\"2025-04-04T10:46:11+00:00\",\"description\":\"Das Alte Backhaus ist eine Begegnungs- und Bildungsst\u00e4tte im Kreuzviertel, die seit 1988 besteht. Es ist ein Ort, an dem \u00e4ltere Menschen Kontakte kn\u00fcpfen und gemeinsam aktiv ihre Freizeit verbringen. Mit einem abwechslungsreichen Angebot sorgen inzwischen \u00fcber 80 Mitarbeiter\\\/innen daf\u00fcr, dass jeder eine seinen Neigungen entsprechende Veranstaltung finden kann.\",\"breadcrumb\":{\"@id\":\"https:\\\/\\\/muenster.org\\\/altes-backhaus\\\/#breadcrumb\"},\"inLanguage\":\"de\",\"potentialAction\":[{\"@type\":\"ReadAction\",\"target\":[\"https:\\\/\\\/muenster.org\\\/altes-backhaus\\\/\"]}]},{\"@type\":\"ImageObject\",\"inLanguage\":\"de\",\"@id\":\"https:\\\/\\\/muenster.org\\\/altes-backhaus\\\/#primaryimage\",\"url\":\"https:\\\/\\\/muenster.org\\\/altes-backhaus\\\/wp-content\\\/uploads\\\/2020\\\/04\\\/AB-Au\u00dfen.jpg\",\"contentUrl\":\"https:\\\/\\\/muenster.org\\\/altes-backhaus\\\/wp-content\\\/uploads\\\/2020\\\/04\\\/AB-Au\u00dfen.jpg\",\"width\":1920,\"height\":1280},{\"@type\":\"BreadcrumbList\",\"@id\":\"https:\\\/\\\/muenster.org\\\/altes-backhaus\\\/#breadcrumb\",\"itemListElement\":[{\"@type\":\"ListItem\",\"position\":1,\"name\":\"Home\",\"item\":\"https:\\\/\\\/muenster.org\\\/altes-backhaus\\\/\"},{\"@type\":\"ListItem\",\"position\":2,\"name\":\"Home\"}]},{\"@type\":\"WebSite\",\"@id\":\"https:\\\/\\\/muenster.org\\\/altes-backhaus\\\/#website\",\"url\":\"https:\\\/\\\/muenster.org\\\/altes-backhaus\\\/\",\"name\":\"Altes Backhaus\",\"description\":\"Die Begegnungs- und Bildungsst\u00e4tte im Kreuzviertel\",\"publisher\":{\"@id\":\"https:\\\/\\\/muenster.org\\\/altes-backhaus\\\/#organization\"},\"potentialAction\":[{\"@type\":\"SearchAction\",\"target\":{\"@type\":\"EntryPoint\",\"urlTemplate\":\"https:\\\/\\\/muenster.org\\\/altes-backhaus\\\/?s={search_term_string}\"},\"query-input\":{\"@type\":\"PropertyValueSpecification\",\"valueRequired\":true,\"valueName\":\"search_term_string\"}}],\"inLanguage\":\"de\"},{\"@type\":\"Organization\",\"@id\":\"https:\\\/\\\/muenster.org\\\/altes-backhaus\\\/#organization\",\"name\":\"Altes Backhaus\",\"url\":\"https:\\\/\\\/muenster.org\\\/altes-backhaus\\\/\",\"logo\":{\"@type\":\"ImageObject\",\"inLanguage\":\"de\",\"@id\":\"https:\\\/\\\/muenster.org\\\/altes-backhaus\\\/#\\\/schema\\\/logo\\\/image\\\/\",\"url\":\"https:\\\/\\\/muenster.org\\\/altes-backhaus\\\/wp-content\\\/uploads\\\/2020\\\/05\\\/cropped-logo.jpg\",\"contentUrl\":\"https:\\\/\\\/muenster.org\\\/altes-backhaus\\\/wp-content\\\/uploads\\\/2020\\\/05\\\/cropped-logo.jpg\",\"width\":287,\"height\":95,\"caption\":\"Altes Backhaus\"},\"image\":{\"@id\":\"https:\\\/\\\/muenster.org\\\/altes-backhaus\\\/#\\\/schema\\\/logo\\\/image\\\/\"}}]}<\/script>\n<!-- \/ Yoast SEO plugin. -->","yoast_head_json":{"title":"Home - Altes Backhaus","description":"Das Alte Backhaus ist eine Begegnungs- und Bildungsst\u00e4tte im Kreuzviertel, die seit 1988 besteht. Es ist ein Ort, an dem \u00e4ltere Menschen Kontakte kn\u00fcpfen und gemeinsam aktiv ihre Freizeit verbringen. Mit einem abwechslungsreichen Angebot sorgen inzwischen \u00fcber 80 Mitarbeiter\/innen daf\u00fcr, dass jeder eine seinen Neigungen entsprechende Veranstaltung finden kann.","robots":{"index":"index","follow":"follow","max-snippet":"max-snippet:-1","max-image-preview":"max-image-preview:large","max-video-preview":"max-video-preview:-1"},"canonical":"https:\/\/muenster.org\/altes-backhaus\/","twitter_misc":{"Gesch\u00e4tzte Lesezeit":"2\u00a0Minuten"},"schema":{"@context":"https:\/\/schema.org","@graph":[{"@type":"WebPage","@id":"https:\/\/muenster.org\/altes-backhaus\/","url":"https:\/\/muenster.org\/altes-backhaus\/","name":"Home - Altes Backhaus","isPartOf":{"@id":"https:\/\/muenster.org\/altes-backhaus\/#website"},"primaryImageOfPage":{"@id":"https:\/\/muenster.org\/altes-backhaus\/#primaryimage"},"image":{"@id":"https:\/\/muenster.org\/altes-backhaus\/#primaryimage"},"thumbnailUrl":"https:\/\/muenster.org\/altes-backhaus\/wp-content\/uploads\/2020\/04\/AB-Au\u00dfen.jpg","datePublished":"2019-07-26T08:32:44+00:00","dateModified":"2025-04-04T10:46:11+00:00","description":"Das Alte Backhaus ist eine Begegnungs- und Bildungsst\u00e4tte im Kreuzviertel, die seit 1988 besteht. Es ist ein Ort, an dem \u00e4ltere Menschen Kontakte kn\u00fcpfen und gemeinsam aktiv ihre Freizeit verbringen. Mit einem abwechslungsreichen Angebot sorgen inzwischen \u00fcber 80 Mitarbeiter\/innen daf\u00fcr, dass jeder eine seinen Neigungen entsprechende Veranstaltung finden kann.","breadcrumb":{"@id":"https:\/\/muenster.org\/altes-backhaus\/#breadcrumb"},"inLanguage":"de","potentialAction":[{"@type":"ReadAction","target":["https:\/\/muenster.org\/altes-backhaus\/"]}]},{"@type":"ImageObject","inLanguage":"de","@id":"https:\/\/muenster.org\/altes-backhaus\/#primaryimage","url":"https:\/\/muenster.org\/altes-backhaus\/wp-content\/uploads\/2020\/04\/AB-Au\u00dfen.jpg","contentUrl":"https:\/\/muenster.org\/altes-backhaus\/wp-content\/uploads\/2020\/04\/AB-Au\u00dfen.jpg","width":1920,"height":1280},{"@type":"BreadcrumbList","@id":"https:\/\/muenster.org\/altes-backhaus\/#breadcrumb","itemListElement":[{"@type":"ListItem","position":1,"name":"Home","item":"https:\/\/muenster.org\/altes-backhaus\/"},{"@type":"ListItem","position":2,"name":"Home"}]},{"@type":"WebSite","@id":"https:\/\/muenster.org\/altes-backhaus\/#website","url":"https:\/\/muenster.org\/altes-backhaus\/","name":"Altes Backhaus","description":"Die Begegnungs- und Bildungsst\u00e4tte im Kreuzviertel","publisher":{"@id":"https:\/\/muenster.org\/altes-backhaus\/#organization"},"potentialAction":[{"@type":"SearchAction","target":{"@type":"EntryPoint","urlTemplate":"https:\/\/muenster.org\/altes-backhaus\/?s={search_term_string}"},"query-input":{"@type":"PropertyValueSpecification","valueRequired":true,"valueName":"search_term_string"}}],"inLanguage":"de"},{"@type":"Organization","@id":"https:\/\/muenster.org\/altes-backhaus\/#organization","name":"Altes Backhaus","url":"https:\/\/muenster.org\/altes-backhaus\/","logo":{"@type":"ImageObject","inLanguage":"de","@id":"https:\/\/muenster.org\/altes-backhaus\/#\/schema\/logo\/image\/","url":"https:\/\/muenster.org\/altes-backhaus\/wp-content\/uploads\/2020\/05\/cropped-logo.jpg","contentUrl":"https:\/\/muenster.org\/altes-backhaus\/wp-content\/uploads\/2020\/05\/cropped-logo.jpg","width":287,"height":95,"caption":"Altes Backhaus"},"image":{"@id":"https:\/\/muenster.org\/altes-backhaus\/#\/schema\/logo\/image\/"}}]}},"amp_enabled":false,"rttpg_featured_image_url":{"full":["https:\/\/muenster.org\/altes-backhaus\/wp-content\/uploads\/2020\/04\/AB-Au\u00dfen.jpg",1920,1280,false],"landscape":["https:\/\/muenster.org\/altes-backhaus\/wp-content\/uploads\/2020\/04\/AB-Au\u00dfen.jpg",1920,1280,false],"portraits":["https:\/\/muenster.org\/altes-backhaus\/wp-content\/uploads\/2020\/04\/AB-Au\u00dfen.jpg",1920,1280,false],"thumbnail":["https:\/\/muenster.org\/altes-backhaus\/wp-content\/uploads\/2020\/04\/AB-Au\u00dfen-150x150.jpg",150,150,true],"medium":["https:\/\/muenster.org\/altes-backhaus\/wp-content\/uploads\/2020\/04\/AB-Au\u00dfen-300x200.jpg",300,200,true],"large":["https:\/\/muenster.org\/altes-backhaus\/wp-content\/uploads\/2020\/04\/AB-Au\u00dfen-1024x683.jpg",1024,683,true],"1536x1536":["https:\/\/muenster.org\/altes-backhaus\/wp-content\/uploads\/2020\/04\/AB-Au\u00dfen-1536x1024.jpg",1536,1024,true],"2048x2048":["https:\/\/muenster.org\/altes-backhaus\/wp-content\/uploads\/2020\/04\/AB-Au\u00dfen.jpg",1920,1280,false],"neve-blog":["https:\/\/muenster.org\/altes-backhaus\/wp-content\/uploads\/2020\/04\/AB-Au\u00dfen.jpg",930,620,false]},"rttpg_author":{"display_name":"Hans Kurth","author_link":"https:\/\/muenster.org\/altes-backhaus\/author\/hans-kurth"},"rttpg_comment":0,"rttpg_category":null,"rttpg_excerpt":"Altes Backhaus Das Alte Backhaus ist eine Begegnungs- und Bildungsst\u00e4tte im Kreuzviertel, die seit 1988 besteht. Es ist ein Ort, an dem \u00e4ltere Menschen Kontakte kn\u00fcpfen und gemeinsam aktiv ihre Freizeit verbringen. Mit einem abwechslungsreichen Angebot sorgen inzwischen \u00fcber 80\u00a0 Mitarbeiter\/innen daf\u00fcr, dass jeder eine seinen Neigungen entsprechende Veranstaltung finden kann. Kontakte mit der j\u00fcngeren&hellip;&nbsp;Mehr&hellip;","_links":{"self":[{"href":"https:\/\/muenster.org\/altes-backhaus\/wp-json\/wp\/v2\/pages\/5","targetHints":{"allow":["GET"]}}],"collection":[{"href":"https:\/\/muenster.org\/altes-backhaus\/wp-json\/wp\/v2\/pages"}],"about":[{"href":"https:\/\/muenster.org\/altes-backhaus\/wp-json\/wp\/v2\/types\/page"}],"author":[{"embeddable":true,"href":"https:\/\/muenster.org\/altes-backhaus\/wp-json\/wp\/v2\/users\/47"}],"replies":[{"embeddable":true,"href":"https:\/\/muenster.org\/altes-backhaus\/wp-json\/wp\/v2\/comments?post=5"}],"version-history":[{"count":608,"href":"https:\/\/muenster.org\/altes-backhaus\/wp-json\/wp\/v2\/pages\/5\/revisions"}],"predecessor-version":[{"id":23740,"href":"https:\/\/muenster.org\/altes-backhaus\/wp-json\/wp\/v2\/pages\/5\/revisions\/23740"}],"wp:featuredmedia":[{"embeddable":true,"href":"https:\/\/muenster.org\/altes-backhaus\/wp-json\/wp\/v2\/media\/7772"}],"wp:attachment":[{"href":"https:\/\/muenster.org\/altes-backhaus\/wp-json\/wp\/v2\/media?parent=5"}],"curies":[{"name":"wp","href":"https:\/\/api.w.org\/{rel}","templated":true}]}}