{"id":1128,"date":"2017-06-29T09:27:39","date_gmt":"2017-06-29T07:27:39","guid":{"rendered":"http:\/\/muenster.org\/eichendorffschule\/?page_id=1128"},"modified":"2025-10-31T10:52:19","modified_gmt":"2025-10-31T09:52:19","slug":"kontakt","status":"publish","type":"page","link":"https:\/\/muenster.org\/eichendorffschule\/kontakt\/","title":{"rendered":"Kontakt"},"content":{"rendered":"\n<div class=\"wp-block-media-text alignfull is-stacked-on-mobile is-vertically-aligned-center is-image-fill-element\"><figure class=\"wp-block-media-text__media\"><img loading=\"lazy\" decoding=\"async\" width=\"1024\" height=\"579\" src=\"https:\/\/muenster.org\/eichendorffschule\/wp-content\/uploads\/2020\/06\/Bildschirmfoto-2020-06-15-um-18.18.37-1024x579.png\" alt=\"\" class=\"wp-image-2832 size-full\" style=\"object-position:50% 50%\" srcset=\"https:\/\/muenster.org\/eichendorffschule\/wp-content\/uploads\/2020\/06\/Bildschirmfoto-2020-06-15-um-18.18.37-1024x579.png 1024w, https:\/\/muenster.org\/eichendorffschule\/wp-content\/uploads\/2020\/06\/Bildschirmfoto-2020-06-15-um-18.18.37-300x170.png 300w, https:\/\/muenster.org\/eichendorffschule\/wp-content\/uploads\/2020\/06\/Bildschirmfoto-2020-06-15-um-18.18.37-768x434.png 768w, https:\/\/muenster.org\/eichendorffschule\/wp-content\/uploads\/2020\/06\/Bildschirmfoto-2020-06-15-um-18.18.37.png 1249w\" sizes=\"auto, (max-width: 1024px) 100vw, 1024px\" \/><\/figure><div class=\"wp-block-media-text__content\">\n<h3 class=\"wp-block-heading\" id=\"eichendorffschule-angelmodde\"><strong>Eichendorffschule Angelmodde<\/strong><\/h3>\n\n\n\n<p>Telefon: (0251) 27 60 21-0 (bitte sprechen Sie ggf. auf den Anrufbeantworter, der regelm\u00e4\u00dfig abgeh\u00f6rt wird)<br>Telefax: (0251) 27 60 21-99<br>E-Mail: <a href=\"mailto:eichendorffschule@stadt-muenster.de\" data-type=\"mailto\" data-id=\"mailto:eichendorffschule@stadt-muenster.de\">eichendorffschule@stadt-muenster.de<\/a><\/p>\n\n\n\n<p><br>Eichendorffschule Angelmodde<br>Eichendorffstr. 36<br>48167 M\u00fcnster<\/p>\n\n\n\n<h4 class=\"wp-block-heading\" id=\"telefonsprechzeiten-der-sozialpadagoginnen\"><strong>Telefonsprechzeiten der Sozialp\u00e4dagoginnen<\/strong><\/h4>\n\n\n\n<p>Frau Weinek\u00f6tter, Frau Schr\u00e4der, Frau Klein: <a href=\"tel:+49 178 9012128\">0251- 27 60 21 30<\/a><br><\/p>\n\n\n\n<hr class=\"wp-block-separator has-css-opacity\"\/>\n\n\n\n<h4 class=\"wp-block-heading\" id=\"anreise-mit-dem-pkw\">Anreise mit dem PKW<\/h4>\n\n\n\n<p>Falls Sie mit dem PKW zu uns kommen, parken Sie bitte auf dem Parkplatz Sch\u00fctthook. <a href=\"https:\/\/goo.gl\/maps\/4TjSsfFR6oa7XnzE9\" target=\"_blank\" rel=\"noreferrer noopener\">Google-Maps kennt den Parkplatz und kann Sie im Routenplaner dorthin lotsen.<\/a> Bitte parken Sie aus Gr\u00fcnden der Verkehrssicherheit <strong>nicht<\/strong> in der Eichendorffstra\u00dfe.<br>Lieferanten und Unternehmen, die an der Schule arbeiten, nehmen bitte vorab Kontakt zu unserem Hausmeister Herrn Vennemann auf.<\/p>\n<\/div><\/div>\n","protected":false},"excerpt":{"rendered":"","protected":false},"author":4,"featured_media":0,"parent":0,"menu_order":0,"comment_status":"closed","ping_status":"closed","template":"","meta":{"footnotes":""},"class_list":["post-1128","page","type-page","status-publish","hentry"],"_links":{"self":[{"href":"https:\/\/muenster.org\/eichendorffschule\/wp-json\/wp\/v2\/pages\/1128","targetHints":{"allow":["GET"]}}],"collection":[{"href":"https:\/\/muenster.org\/eichendorffschule\/wp-json\/wp\/v2\/pages"}],"about":[{"href":"https:\/\/muenster.org\/eichendorffschule\/wp-json\/wp\/v2\/types\/page"}],"author":[{"embeddable":true,"href":"https:\/\/muenster.org\/eichendorffschule\/wp-json\/wp\/v2\/users\/4"}],"replies":[{"embeddable":true,"href":"https:\/\/muenster.org\/eichendorffschule\/wp-json\/wp\/v2\/comments?post=1128"}],"version-history":[{"count":7,"href":"https:\/\/muenster.org\/eichendorffschule\/wp-json\/wp\/v2\/pages\/1128\/revisions"}],"predecessor-version":[{"id":8669,"href":"https:\/\/muenster.org\/eichendorffschule\/wp-json\/wp\/v2\/pages\/1128\/revisions\/8669"}],"wp:attachment":[{"href":"https:\/\/muenster.org\/eichendorffschule\/wp-json\/wp\/v2\/media?parent=1128"}],"curies":[{"name":"wp","href":"https:\/\/api.w.org\/{rel}","templated":true}]}}