{"id":144,"date":"2017-03-23T10:04:23","date_gmt":"2017-03-23T09:04:23","guid":{"rendered":"http:\/\/muenster.org\/eichendorffschule\/?page_id=144"},"modified":"2021-04-17T15:52:22","modified_gmt":"2021-04-17T13:52:22","slug":"offener-ganztag","status":"publish","type":"page","link":"https:\/\/muenster.org\/eichendorffschule\/lernkonzept\/offener-ganztag\/","title":{"rendered":"Ganztagsklassen"},"content":{"rendered":"\n<p>In den Ganztagsklassen finden an drei Tagen auch Unterrichtsstunden am Nachmittag statt, so dass \u00fcber den ganzen Tag verteilt gelernt wird. Mehr Zeit und Ruhephasen f\u00fcr Lernen in der Zeit von 08:00 bis 15:00 Uhr. Danach schlie\u00dfen sich die Arbeitsgemeinschaften und Freies Spiel an. Innerhalb dieser Zeit gibt es ein warmes Mittagessen und die Schulstunde am Nachmittag, in der auch &#8222;Hausaufgaben&#8220; erledigt werden.<\/p>\n\n\n\n<h2 class=\"wp-block-heading\">Unterrichtsstunde am Nachmittag<\/h2>\n\n\n\n<p>Nach dem Mittagessen gibt es die M\u00f6glichkeit f\u00fcr eine weitere Unterrichtsstunde. Wieso? Es gibt den Lehrkr\u00e4ften die M\u00f6glichkeit, Themen im Zusammenhang zu besprechen, bei gutem Wetter rauszugehen, um sich im Sachunterricht Dinge anzusehen oder \u2013 falls das Wetter mal nicht ganz mitspielt \u2013 den Termin vom Morgen, der wegen Regen ausfallen musste, zeitnah nachzuholen.<\/p>\n","protected":false},"excerpt":{"rendered":"<p>In den Ganztagsklassen finden an drei Tagen auch Unterrichtsstunden am Nachmittag statt, so dass \u00fcber den ganzen Tag verteilt gelernt wird. Mehr Zeit und Ruhephasen f\u00fcr Lernen in der Zeit von 08:00 bis 15:00 Uhr. Danach schlie\u00dfen sich die Arbeitsgemeinschaften und Freies Spiel an. Innerhalb dieser Zeit gibt es ein warmes Mittagessen und die Schulstunde [&hellip;]<\/p>\n","protected":false},"author":4,"featured_media":0,"parent":50,"menu_order":0,"comment_status":"closed","ping_status":"closed","template":"","meta":{"footnotes":""},"class_list":["post-144","page","type-page","status-publish","hentry"],"_links":{"self":[{"href":"https:\/\/muenster.org\/eichendorffschule\/wp-json\/wp\/v2\/pages\/144","targetHints":{"allow":["GET"]}}],"collection":[{"href":"https:\/\/muenster.org\/eichendorffschule\/wp-json\/wp\/v2\/pages"}],"about":[{"href":"https:\/\/muenster.org\/eichendorffschule\/wp-json\/wp\/v2\/types\/page"}],"author":[{"embeddable":true,"href":"https:\/\/muenster.org\/eichendorffschule\/wp-json\/wp\/v2\/users\/4"}],"replies":[{"embeddable":true,"href":"https:\/\/muenster.org\/eichendorffschule\/wp-json\/wp\/v2\/comments?post=144"}],"version-history":[{"count":1,"href":"https:\/\/muenster.org\/eichendorffschule\/wp-json\/wp\/v2\/pages\/144\/revisions"}],"predecessor-version":[{"id":3817,"href":"https:\/\/muenster.org\/eichendorffschule\/wp-json\/wp\/v2\/pages\/144\/revisions\/3817"}],"up":[{"embeddable":true,"href":"https:\/\/muenster.org\/eichendorffschule\/wp-json\/wp\/v2\/pages\/50"}],"wp:attachment":[{"href":"https:\/\/muenster.org\/eichendorffschule\/wp-json\/wp\/v2\/media?parent=144"}],"curies":[{"name":"wp","href":"https:\/\/api.w.org\/{rel}","templated":true}]}}