{"id":150,"date":"2017-03-23T10:11:53","date_gmt":"2017-03-23T09:11:53","guid":{"rendered":"http:\/\/muenster.org\/eichendorffschule\/?page_id=150"},"modified":"2017-06-20T08:39:15","modified_gmt":"2017-06-20T06:39:15","slug":"begabungsfoerderung","status":"publish","type":"page","link":"https:\/\/muenster.org\/eichendorffschule\/lernkonzept\/begabungsfoerderung\/","title":{"rendered":"Begabungsf\u00f6rderung"},"content":{"rendered":"<p>Je nach Begabung werden die Kinder bereits im Klassenverband gef\u00f6rdert und unterst\u00fctzt. Dieser Ansatz wird auch in <a href=\"http:\/\/muenster.org\/eichendorffschule\/lernkonzept\/arbeitsgemeinschaften\/\">Arbeitsgemeinschaften<\/a> und Angeboten ganzheitlich unterst\u00fctzt.<\/p>\n","protected":false},"excerpt":{"rendered":"<p>Je nach Begabung werden die Kinder bereits im Klassenverband gef\u00f6rdert und unterst\u00fctzt. Dieser Ansatz wird auch in Arbeitsgemeinschaften und Angeboten ganzheitlich unterst\u00fctzt.<\/p>\n","protected":false},"author":4,"featured_media":0,"parent":50,"menu_order":2,"comment_status":"closed","ping_status":"closed","template":"","meta":{"footnotes":""},"class_list":["post-150","page","type-page","status-publish","hentry"],"_links":{"self":[{"href":"https:\/\/muenster.org\/eichendorffschule\/wp-json\/wp\/v2\/pages\/150","targetHints":{"allow":["GET"]}}],"collection":[{"href":"https:\/\/muenster.org\/eichendorffschule\/wp-json\/wp\/v2\/pages"}],"about":[{"href":"https:\/\/muenster.org\/eichendorffschule\/wp-json\/wp\/v2\/types\/page"}],"author":[{"embeddable":true,"href":"https:\/\/muenster.org\/eichendorffschule\/wp-json\/wp\/v2\/users\/4"}],"replies":[{"embeddable":true,"href":"https:\/\/muenster.org\/eichendorffschule\/wp-json\/wp\/v2\/comments?post=150"}],"version-history":[{"count":0,"href":"https:\/\/muenster.org\/eichendorffschule\/wp-json\/wp\/v2\/pages\/150\/revisions"}],"up":[{"embeddable":true,"href":"https:\/\/muenster.org\/eichendorffschule\/wp-json\/wp\/v2\/pages\/50"}],"wp:attachment":[{"href":"https:\/\/muenster.org\/eichendorffschule\/wp-json\/wp\/v2\/media?parent=150"}],"curies":[{"name":"wp","href":"https:\/\/api.w.org\/{rel}","templated":true}]}}