{"id":152,"date":"2017-03-23T10:18:38","date_gmt":"2017-03-23T09:18:38","guid":{"rendered":"http:\/\/muenster.org\/eichendorffschule\/?page_id=152"},"modified":"2017-06-30T09:44:25","modified_gmt":"2017-06-30T07:44:25","slug":"gesunde-ernaehrung","status":"publish","type":"page","link":"https:\/\/muenster.org\/eichendorffschule\/lernkonzept\/gesunde-ernaehrung\/","title":{"rendered":"Gesunde Ern\u00e4hrung"},"content":{"rendered":"<p>Von der Bedeutung gesunder Ern\u00e4hrung m\u00fcssen wir sie als Eltern nicht \u00fcberzeugen. In der Schule ist es deshalb ein wichtiges Unterrichtsthema, in dem die Kinder kennenlernen, welche Lebensmittel gut f\u00fcr sie sind und welche eher nicht.<\/p>\n<p>Die Eichendorffschule unterst\u00fctzt das an verschiedenen Stellen:<\/p>\n<p>&#8222;Gesundes Fr\u00fchst\u00fcck&#8220; wird bereits in der ersten Klasse zum Thema und zeigt sich dann auch in den Empfehlungen, die ein gesundes Fr\u00fchst\u00fcck aussieht.<\/p>\n<p>Die Teilnahme am <a href=\"http:\/\/www.bmel.de\/DE\/Ernaehrung\/GesundeErnaehrung\/KitaSchule\/_Texte\/DossierKitaUndSchule.html\" target=\"_blank\" rel=\"noopener\">Schulobst-Programm der Europ\u00e4ischen Union<\/a> unterst\u00fctzt diese Anstrengungen.<\/p>\n<p>Und schlie\u00dflich wird auch bei der Auswahl des Mittagessens darauf R\u00fccksicht genommen. Schon bei der Wahl des Anbieters und dann beim Zusammenstellen des Essenplans f\u00fcr jede Klasse werden diese Aspekt ber\u00fccksichtigt.<\/p>\n","protected":false},"excerpt":{"rendered":"<p>Von der Bedeutung gesunder Ern\u00e4hrung m\u00fcssen wir sie als Eltern nicht \u00fcberzeugen. In der Schule ist es deshalb ein wichtiges Unterrichtsthema, in dem die Kinder kennenlernen, welche Lebensmittel gut f\u00fcr sie sind und welche eher nicht. Die Eichendorffschule unterst\u00fctzt das an verschiedenen Stellen: &#8222;Gesundes Fr\u00fchst\u00fcck&#8220; wird bereits in der ersten Klasse zum Thema und zeigt [&hellip;]<\/p>\n","protected":false},"author":4,"featured_media":0,"parent":50,"menu_order":4,"comment_status":"closed","ping_status":"closed","template":"","meta":{"footnotes":""},"class_list":["post-152","page","type-page","status-publish","hentry"],"_links":{"self":[{"href":"https:\/\/muenster.org\/eichendorffschule\/wp-json\/wp\/v2\/pages\/152","targetHints":{"allow":["GET"]}}],"collection":[{"href":"https:\/\/muenster.org\/eichendorffschule\/wp-json\/wp\/v2\/pages"}],"about":[{"href":"https:\/\/muenster.org\/eichendorffschule\/wp-json\/wp\/v2\/types\/page"}],"author":[{"embeddable":true,"href":"https:\/\/muenster.org\/eichendorffschule\/wp-json\/wp\/v2\/users\/4"}],"replies":[{"embeddable":true,"href":"https:\/\/muenster.org\/eichendorffschule\/wp-json\/wp\/v2\/comments?post=152"}],"version-history":[{"count":0,"href":"https:\/\/muenster.org\/eichendorffschule\/wp-json\/wp\/v2\/pages\/152\/revisions"}],"up":[{"embeddable":true,"href":"https:\/\/muenster.org\/eichendorffschule\/wp-json\/wp\/v2\/pages\/50"}],"wp:attachment":[{"href":"https:\/\/muenster.org\/eichendorffschule\/wp-json\/wp\/v2\/media?parent=152"}],"curies":[{"name":"wp","href":"https:\/\/api.w.org\/{rel}","templated":true}]}}