{"id":171,"date":"2017-03-23T11:15:33","date_gmt":"2017-03-23T10:15:33","guid":{"rendered":"http:\/\/muenster.org\/eichendorffschule\/?page_id=171"},"modified":"2017-06-28T09:29:41","modified_gmt":"2017-06-28T07:29:41","slug":"chor","status":"publish","type":"page","link":"https:\/\/muenster.org\/eichendorffschule\/lernkonzept\/arbeitsgemeinschaften\/chor\/","title":{"rendered":"Schulchor"},"content":{"rendered":"<p>Im Schulchor k\u00f6nnen alle Kinder singen und so eine erste, unmittelbare Musikerfahrung machen, f\u00fcr die kein Instrument ben\u00f6tigt wird. Chorleiterin ist die Musikp\u00e4dagogin Reinhild Conze, die den Schulchor im Rahmen von JEKISS betreut.<\/p>\n<p><a href=\"http:\/\/muenster.org\/eichendorffschule\/wp-content\/uploads\/2017\/04\/logo_jekiss.gif\"><img loading=\"lazy\" decoding=\"async\" class=\"alignleft wp-image-502 size-full\" src=\"http:\/\/muenster.org\/eichendorffschule\/wp-content\/uploads\/2017\/04\/logo_jekiss.gif\" alt=\"JEKISS - Jedem Kind seine Stimme\" width=\"180\" height=\"120\" \/><\/a>Das Programm JEKISS, seit 2007 erfolgreich in M\u00fcnster erprobt, um das regelm\u00e4\u00dfige Singen in der Grundschule einzuf\u00fchren und damit \u201eSingende Grundschulen\u201c zu schaffen.<\/p>\n<p>JEKISS schafft ein Basisangebot, das unabh\u00e4ngig vom Musikunterricht t\u00e4glich alle Grundschulkinder erreicht und Kinder aus unterschiedlichen Kulturen und sozialen Umfeldern zu einer homogenen musikalischen Gemeinschaft zusammenbringt. Singen ist daf\u00fcr besonders geeignet, denn es erfordert keinen Instrumentenkauf. Mit dieser Methode erwirbt die ganze Schulgemeinschaft einen gemeinsamen Liederschatz, der ein solides Fundament f\u00fcr ein Leben mit Gesang bildet.<\/p>\n<p>Jedes Kind der Schule hat die M\u00f6glichkeit, den Schulchor zu besuchen. In Kooperation mit der st\u00e4dtischen Schule f\u00fcr Musik proben mittwochs die Ch\u00f6re der dritten und vierten, sowie der ersten und zweiten Klassen. Ein Teil der Lieder wird in allen Klassen zus\u00e4tzlich gelernt, so dass beim Schulsingen im Fr\u00fchling, Sommer, Herbst und Winter alle Kinder der Schule aktiv beteiligt sind.<\/p>\n","protected":false},"excerpt":{"rendered":"<p>Im Schulchor k\u00f6nnen alle Kinder singen und so eine erste, unmittelbare Musikerfahrung machen, f\u00fcr die kein Instrument ben\u00f6tigt wird. Chorleiterin ist die Musikp\u00e4dagogin Reinhild Conze, die den Schulchor im Rahmen von JEKISS betreut. Das Programm JEKISS, seit 2007 erfolgreich in M\u00fcnster erprobt, um das regelm\u00e4\u00dfige Singen in der Grundschule einzuf\u00fchren und damit \u201eSingende Grundschulen\u201c zu [&hellip;]<\/p>\n","protected":false},"author":4,"featured_media":0,"parent":148,"menu_order":0,"comment_status":"closed","ping_status":"closed","template":"","meta":{"footnotes":""},"class_list":["post-171","page","type-page","status-publish","hentry"],"_links":{"self":[{"href":"https:\/\/muenster.org\/eichendorffschule\/wp-json\/wp\/v2\/pages\/171","targetHints":{"allow":["GET"]}}],"collection":[{"href":"https:\/\/muenster.org\/eichendorffschule\/wp-json\/wp\/v2\/pages"}],"about":[{"href":"https:\/\/muenster.org\/eichendorffschule\/wp-json\/wp\/v2\/types\/page"}],"author":[{"embeddable":true,"href":"https:\/\/muenster.org\/eichendorffschule\/wp-json\/wp\/v2\/users\/4"}],"replies":[{"embeddable":true,"href":"https:\/\/muenster.org\/eichendorffschule\/wp-json\/wp\/v2\/comments?post=171"}],"version-history":[{"count":0,"href":"https:\/\/muenster.org\/eichendorffschule\/wp-json\/wp\/v2\/pages\/171\/revisions"}],"up":[{"embeddable":true,"href":"https:\/\/muenster.org\/eichendorffschule\/wp-json\/wp\/v2\/pages\/148"}],"wp:attachment":[{"href":"https:\/\/muenster.org\/eichendorffschule\/wp-json\/wp\/v2\/media?parent=171"}],"curies":[{"name":"wp","href":"https:\/\/api.w.org\/{rel}","templated":true}]}}