{"id":176,"date":"2017-03-23T11:16:28","date_gmt":"2017-03-23T10:16:28","guid":{"rendered":"http:\/\/muenster.org\/eichendorffschule\/?page_id=176"},"modified":"2017-05-16T22:38:49","modified_gmt":"2017-05-16T20:38:49","slug":"schulgarten","status":"publish","type":"page","link":"https:\/\/muenster.org\/eichendorffschule\/lernkonzept\/arbeitsgemeinschaften\/schulgarten\/","title":{"rendered":"Schulgarten"},"content":{"rendered":"<p>Buchst\u00e4blich mitten in der Schule: Der Schulgarten.<\/p>\n<p>Mit allen Sinnen aktiv im Schulgarten und im Schulumfeld \u2013 sichtbar in der kontinuierlichen Pflege und Gestaltung, der Nutzung und des Genie\u00dfens. In gemeinsamen kleinen Projekten am Vor- und Nachmittag im Rahmen des Sachunterrichts und im offenen Angebot lernen Kinder anschaulich mit Kopf, Herz und Hand. Der Gartenpass zur Orientierung im Schulgarten ist f\u00fcr alle verpflichtend.<\/p>\n<p>Der Schulgarten gibt in einer zunehmend digitalisierten Welt eine analoge Erfahrung. Und nicht zuletzt ist der Schulgarten der Ort, an dem das Projekt &#8222;Gartenjahr&#8220; seine praktische Anschauung erf\u00e4hrt, das Jahresthema in den zweiten Klassen ist.<\/p>\n<p>Ein paar aktuelle Eindr\u00fcckedes laufenden Gartenjahres finden sich hier:<\/p>\n\n<!-- NOTE: If you need to make changes to this file, copy it to your current theme's main\n\tdirectory so your changes won't be overwritten when the plugin is upgraded. -->\n\n<!-- Post Wrap Start-->\n<div class=\"post hentry ivycat-post\">\n\n\t<!-- \tThis outputs the post TITLE -->\n\t<h2 class=\"entry-title\"><a href=\"https:\/\/muenster.org\/eichendorffschule\/schulgarten-mai-bis-juni-2018\/\">Schulgarten Mai bis Juni 2018<\/a><\/h2>\n\n\t<!-- \tThis outputs the post EXCERPT.  To display full content including images and html,\n\t\treplace the_excerpt(); with the_content();  below. -->\n\t<div class=\"entry-summary\">\n\t\t\t<\/div>\n\n\t<!--\tThis outputs the post META information -->\n\t<div class=\"entry-utility\">\n\t\t\t\t\t<span class=\"cat-links\">\n\t\t\t\t<span class=\"entry-utility-prep entry-utility-prep-cat-links\">Posted in<\/span> <a href=\"https:\/\/muenster.org\/eichendorffschule\/category\/schulgarten-aktuell\/\" rel=\"category tag\">Schulgarten aktuell<\/a>\t\t\t<\/span>\n\t\t\t<span class=\"meta-sep\">|<\/span>\n\t\t\t\t\t\t<span class=\"comments-link\">\n\t\t\t<span>Kommentare deaktiviert<span class=\"screen-reader-text\"> f\u00fcr Schulgarten Mai bis Juni 2018<\/span><\/span>\t\t<\/span>\n\t\t\t<\/div>\n<\/div>\n<!-- \/\/ Post Wrap End -->\n\n<!-- NOTE: If you need to make changes to this file, copy it to your current theme's main\n\tdirectory so your changes won't be overwritten when the plugin is upgraded. -->\n\n<!-- Post Wrap Start-->\n<div class=\"post hentry ivycat-post\">\n\n\t<!-- \tThis outputs the post TITLE -->\n\t<h2 class=\"entry-title\"><a href=\"https:\/\/muenster.org\/eichendorffschule\/1589-2\/\">Schulgarten M\u00e4rz bis Mai 2018<\/a><\/h2>\n\n\t<!-- \tThis outputs the post EXCERPT.  To display full content including images and html,\n\t\treplace the_excerpt(); with the_content();  below. -->\n\t<div class=\"entry-summary\">\n\t\t\t<\/div>\n\n\t<!--\tThis outputs the post META information -->\n\t<div class=\"entry-utility\">\n\t\t\t\t\t<span class=\"cat-links\">\n\t\t\t\t<span class=\"entry-utility-prep entry-utility-prep-cat-links\">Posted in<\/span> <a href=\"https:\/\/muenster.org\/eichendorffschule\/category\/schulgarten-aktuell\/\" rel=\"category tag\">Schulgarten aktuell<\/a>\t\t\t<\/span>\n\t\t\t<span class=\"meta-sep\">|<\/span>\n\t\t\t\t\t\t<span class=\"comments-link\">\n\t\t\t<span>Kommentare deaktiviert<span class=\"screen-reader-text\"> f\u00fcr Schulgarten M\u00e4rz bis Mai 2018<\/span><\/span>\t\t<\/span>\n\t\t\t<\/div>\n<\/div>\n<!-- \/\/ Post Wrap End -->\n\n<!-- NOTE: If you need to make changes to this file, copy it to your current theme's main\n\tdirectory so your changes won't be overwritten when the plugin is upgraded. -->\n\n<!-- Post Wrap Start-->\n<div class=\"post hentry ivycat-post\">\n\n\t<!-- \tThis outputs the post TITLE -->\n\t<h2 class=\"entry-title\"><a href=\"https:\/\/muenster.org\/eichendorffschule\/schulgarten-aktion-am-27-04-2018\/\">Schulgarten Aktion am 27.04.2018<\/a><\/h2>\n\n\t<!-- \tThis outputs the post EXCERPT.  To display full content including images and html,\n\t\treplace the_excerpt(); with the_content();  below. -->\n\t<div class=\"entry-summary\">\n\t\t<p>Zweimal pro Jahr wird unser Schulgarten mit viel Elternunterst\u00fctzung auf Vordermann gebracht. Flei\u00dfige Kinder, Eltern, Erzieherinnen, Erzieher und Lehrerinnen arbeiteten gemeinsam mit Frau Liebig kr\u00e4ftig im Garten. &nbsp;<\/p>\n\t<\/div>\n\n\t<!--\tThis outputs the post META information -->\n\t<div class=\"entry-utility\">\n\t\t\t\t\t<span class=\"cat-links\">\n\t\t\t\t<span class=\"entry-utility-prep entry-utility-prep-cat-links\">Posted in<\/span> <a href=\"https:\/\/muenster.org\/eichendorffschule\/category\/aktuelleinfos\/\" rel=\"category tag\">Aktuelles aus der Schule<\/a>, <a href=\"https:\/\/muenster.org\/eichendorffschule\/category\/schulgarten-aktuell\/\" rel=\"category tag\">Schulgarten aktuell<\/a>\t\t\t<\/span>\n\t\t\t<span class=\"meta-sep\">|<\/span>\n\t\t\t\t\t\t<span class=\"comments-link\">\n\t\t\t<span>Kommentare deaktiviert<span class=\"screen-reader-text\"> f\u00fcr Schulgarten Aktion am 27.04.2018<\/span><\/span>\t\t<\/span>\n\t\t\t<\/div>\n<\/div>\n<!-- \/\/ Post Wrap End -->\n\n<!-- NOTE: If you need to make changes to this file, copy it to your current theme's main\n\tdirectory so your changes won't be overwritten when the plugin is upgraded. -->\n\n<!-- Post Wrap Start-->\n<div class=\"post hentry ivycat-post\">\n\n\t<!-- \tThis outputs the post TITLE -->\n\t<h2 class=\"entry-title\"><a href=\"https:\/\/muenster.org\/eichendorffschule\/beginn-des-gartenjahres\/\">Beginn des Gartenjahres<\/a><\/h2>\n\n\t<!-- \tThis outputs the post EXCERPT.  To display full content including images and html,\n\t\treplace the_excerpt(); with the_content();  below. -->\n\t<div class=\"entry-summary\">\n\t\t<p>Das neue Gartenjahr hat begonnen. Die Kinder der zweiten Klasse lernen den Schulgarten kennen und gestalten einen Kressegarten f\u00fcr die Klassenr\u00e4ume. &nbsp; Au\u00dferdem haben wir mit der Wetterbeobachtung begonnen. Wir notieren alle Beobachtungen in einer gro\u00dfen Jahres-Tabelle.<\/p>\n\t<\/div>\n\n\t<!--\tThis outputs the post META information -->\n\t<div class=\"entry-utility\">\n\t\t\t\t\t<span class=\"cat-links\">\n\t\t\t\t<span class=\"entry-utility-prep entry-utility-prep-cat-links\">Posted in<\/span> <a href=\"https:\/\/muenster.org\/eichendorffschule\/category\/schulgarten-aktuell\/\" rel=\"category tag\">Schulgarten aktuell<\/a>\t\t\t<\/span>\n\t\t\t<span class=\"meta-sep\">|<\/span>\n\t\t\t\t\t\t<span class=\"comments-link\">\n\t\t\t<span>Kommentare deaktiviert<span class=\"screen-reader-text\"> f\u00fcr Beginn des Gartenjahres<\/span><\/span>\t\t<\/span>\n\t\t\t<\/div>\n<\/div>\n<!-- \/\/ Post Wrap End -->\n\n<!-- NOTE: If you need to make changes to this file, copy it to your current theme's main\n\tdirectory so your changes won't be overwritten when the plugin is upgraded. -->\n\n<!-- Post Wrap Start-->\n<div class=\"post hentry ivycat-post\">\n\n\t<!-- \tThis outputs the post TITLE -->\n\t<h2 class=\"entry-title\"><a href=\"https:\/\/muenster.org\/eichendorffschule\/volles-wurmkiste-und-kompost\/\">Volles Wurmkiste und Kompost<\/a><\/h2>\n\n\t<!-- \tThis outputs the post EXCERPT.  To display full content including images and html,\n\t\treplace the_excerpt(); with the_content();  below. -->\n\t<div class=\"entry-summary\">\n\t\t<p>Volles Programm heute:<\/p>\n\t<\/div>\n\n\t<!--\tThis outputs the post META information -->\n\t<div class=\"entry-utility\">\n\t\t\t\t\t<span class=\"cat-links\">\n\t\t\t\t<span class=\"entry-utility-prep entry-utility-prep-cat-links\">Posted in<\/span> <a href=\"https:\/\/muenster.org\/eichendorffschule\/category\/schulgarten-aktuell\/\" rel=\"category tag\">Schulgarten aktuell<\/a>\t\t\t<\/span>\n\t\t\t<span class=\"meta-sep\">|<\/span>\n\t\t\t\t\t\t<span class=\"comments-link\">\n\t\t\t<span>Kommentare deaktiviert<span class=\"screen-reader-text\"> f\u00fcr Volles Wurmkiste und Kompost<\/span><\/span>\t\t<\/span>\n\t\t\t<\/div>\n<\/div>\n<!-- \/\/ Post Wrap End -->\n\n","protected":false},"excerpt":{"rendered":"<p>Buchst\u00e4blich mitten in der Schule: Der Schulgarten. Mit allen Sinnen aktiv im Schulgarten und im Schulumfeld \u2013 sichtbar in der kontinuierlichen Pflege und Gestaltung, der Nutzung und des Genie\u00dfens. In gemeinsamen kleinen Projekten am Vor- und Nachmittag im Rahmen des Sachunterrichts und im offenen Angebot lernen Kinder anschaulich mit Kopf, Herz und Hand. Der Gartenpass [&hellip;]<\/p>\n","protected":false},"author":4,"featured_media":566,"parent":148,"menu_order":0,"comment_status":"closed","ping_status":"closed","template":"","meta":{"footnotes":""},"class_list":["post-176","page","type-page","status-publish","has-post-thumbnail","hentry"],"_links":{"self":[{"href":"https:\/\/muenster.org\/eichendorffschule\/wp-json\/wp\/v2\/pages\/176","targetHints":{"allow":["GET"]}}],"collection":[{"href":"https:\/\/muenster.org\/eichendorffschule\/wp-json\/wp\/v2\/pages"}],"about":[{"href":"https:\/\/muenster.org\/eichendorffschule\/wp-json\/wp\/v2\/types\/page"}],"author":[{"embeddable":true,"href":"https:\/\/muenster.org\/eichendorffschule\/wp-json\/wp\/v2\/users\/4"}],"replies":[{"embeddable":true,"href":"https:\/\/muenster.org\/eichendorffschule\/wp-json\/wp\/v2\/comments?post=176"}],"version-history":[{"count":0,"href":"https:\/\/muenster.org\/eichendorffschule\/wp-json\/wp\/v2\/pages\/176\/revisions"}],"up":[{"embeddable":true,"href":"https:\/\/muenster.org\/eichendorffschule\/wp-json\/wp\/v2\/pages\/148"}],"wp:featuredmedia":[{"embeddable":true,"href":"https:\/\/muenster.org\/eichendorffschule\/wp-json\/wp\/v2\/media\/566"}],"wp:attachment":[{"href":"https:\/\/muenster.org\/eichendorffschule\/wp-json\/wp\/v2\/media?parent=176"}],"curies":[{"name":"wp","href":"https:\/\/api.w.org\/{rel}","templated":true}]}}