{"id":2343,"date":"2019-10-24T18:04:27","date_gmt":"2019-10-24T16:04:27","guid":{"rendered":"http:\/\/muenster.org\/eichendorffschule\/?page_id=2343"},"modified":"2025-01-27T14:57:43","modified_gmt":"2025-01-27T13:57:43","slug":"startseite","status":"publish","type":"page","link":"https:\/\/muenster.org\/eichendorffschule\/","title":{"rendered":"Eichendorffschule"},"content":{"rendered":"\n<p>Die st\u00e4dtische Gemeinschaftsgrundschule in M\u00fcnster-Angelmodde. Wir sind eine lebendige, inklusive und vielf\u00e4ltige Schule mit ca. 300 kleinen Menschen in 12 Klassen und ca. 70 gro\u00dfen Menschen aus insgesamt 17 Nationen.<\/p>\n\n\n\n<p>In unserer Schulgemeinschaft legen wir gro\u00dfen Wert auf ein respektvolles Miteinander.<\/p>\n\n\n\n<p>Unser Ziel ist es, eine positive Lernumgebung zu schaffen, in der sich jedes Kind wohlf\u00fchlt und gerne zur Schule kommt. Unser multiprofessionelles Team besteht aus Lehrkr\u00e4ften, Sonderp\u00e4dagogen und Sonderp\u00e4dagoginnen, Erzieherinnen und Erziehern, Sozialarbeiterinnen und Sozialarbeitern, Heilp\u00e4dagoginnen und Heilp\u00e4dagogen. Gemeinsam schaffen wir ein unterst\u00fctzendes Umfeld, in dem die Kinder ihr Potenzial entfalten k\u00f6nnen.<\/p>\n\n\n\n<p>Wir setzen auf ein abwechslungsreiches und kreatives Lehrangebot, das die Neugier und Begeisterung der Kinder f\u00f6rdert. Neben den klassischen F\u00e4chern bieten wir verschiedene AGs, Projekte und nat\u00fcrlich den \u201eSch\u00f6nen Dienstag\u201c an. Dies erm\u00f6glicht den Kindern, ihre Interessen zu entdecken und neue F\u00e4higkeiten zu entwickeln.<\/p>\n\n\n<div class=\"n2-section-smartslider fitvidsignore  n2_clear\" data-ssid=\"2\" tabindex=\"0\" role=\"region\" aria-label=\"Slider\"><div id=\"n2-ss-2-align\" class=\"n2-ss-align\" style=\"margin: 0 auto; max-width: 1200px;\"><div class=\"n2-padding\"><div id=\"n2-ss-2\" data-creator=\"Smart Slider 3\" data-responsive=\"auto\" class=\"n2-ss-slider n2-ow n2-has-hover n2notransition  \">\n\n\n\n<div class=\"n2-ss-slider-wrapper-inside\">\n        <div class=\"n2-ss-slider-1 n2_ss__touch_element n2-ow\">\n            <div class=\"n2-ss-slider-2 n2-ow\">\n                                                <div class=\"n2-ss-slider-3 n2-ow\">\n\n                    <div class=\"n2-ss-slide-backgrounds n2-ow-all\"><div class=\"n2-ss-slide-background\" data-public-id=\"1\" data-mode=\"fill\"><div class=\"n2-ss-slide-background-image\" data-blur=\"0\" data-opacity=\"100\" data-x=\"50\" data-y=\"50\" data-alt=\"\" data-title=\"\"><picture class=\"skip-lazy\" data-skip-lazy=\"1\"><img decoding=\"async\" src=\"\/\/muenster.org\/eichendorffschule\/wp-content\/uploads\/slider\/cache\/c34be12577b3a2e14fe55fcd5f172ff3\/Bildschirmfoto-2020-06-15-um-18.18.37.png\" alt=\"\" title=\"\" loading=\"lazy\" class=\"skip-lazy\" data-skip-lazy=\"1\"><\/picture><\/div><div data-color=\"RGBA(255,255,255,0)\" style=\"background-color: RGBA(255,255,255,0);\" class=\"n2-ss-slide-background-color\"><\/div><\/div><div class=\"n2-ss-slide-background\" data-public-id=\"2\" data-mode=\"fill\" aria-hidden=\"true\"><div class=\"n2-ss-slide-background-image\" data-blur=\"0\" data-opacity=\"100\" data-x=\"50\" data-y=\"50\" data-alt=\"\" data-title=\"\"><picture class=\"skip-lazy\" data-skip-lazy=\"1\"><img decoding=\"async\" src=\"\/\/muenster.org\/eichendorffschule\/wp-content\/uploads\/slider\/cache\/9e847203ff91b78383f6815ca4101710\/R-092-e1572456283793.jpg\" alt=\"\" title=\"\" loading=\"lazy\" class=\"skip-lazy\" data-skip-lazy=\"1\"><\/picture><\/div><div data-color=\"RGBA(255,255,255,0)\" style=\"background-color: RGBA(255,255,255,0);\" class=\"n2-ss-slide-background-color\"><\/div><\/div><div class=\"n2-ss-slide-background\" data-public-id=\"3\" data-mode=\"fill\" aria-hidden=\"true\"><div class=\"n2-ss-slide-background-image\" data-blur=\"0\" data-opacity=\"100\" data-x=\"50\" data-y=\"50\" data-alt=\"\" data-title=\"\"><picture class=\"skip-lazy\" data-skip-lazy=\"1\"><img decoding=\"async\" src=\"\/\/muenster.org\/eichendorffschule\/wp-content\/uploads\/slider\/cache\/6249bae01c37c6e205fb51e71c92b6e9\/R-008.jpg\" alt=\"\" title=\"\" loading=\"lazy\" class=\"skip-lazy\" data-skip-lazy=\"1\"><\/picture><\/div><div data-color=\"RGBA(255,255,255,0)\" style=\"background-color: RGBA(255,255,255,0);\" class=\"n2-ss-slide-background-color\"><\/div><\/div><\/div>                    <div class=\"n2-ss-slider-4 n2-ow\">\n                        <svg xmlns=\"http:\/\/www.w3.org\/2000\/svg\" viewBox=\"0 0 1200 600\" data-related-device=\"desktopPortrait\" class=\"n2-ow n2-ss-preserve-size n2-ss-preserve-size--slider n2-ss-slide-limiter\"><\/svg><div data-first=\"1\" data-slide-duration=\"0\" data-id=\"6\" data-slide-public-id=\"1\" data-title=\"Die Eichendorffschule von oben\" class=\"n2-ss-slide n2-ow  n2-ss-slide-6\"><div role=\"note\" class=\"n2-ss-slide--focus\" tabindex=\"-1\">Die Eichendorffschule von oben<\/div><div class=\"n2-ss-layers-container n2-ss-slide-limiter n2-ow\"><div class=\"n2-ss-layer n2-ow n-uc-Tc6Ks8HPXOwO\" data-sstype=\"slide\" data-pm=\"default\"><\/div><\/div><\/div><div data-slide-duration=\"0\" data-id=\"8\" data-slide-public-id=\"2\" aria-hidden=\"true\" data-title=\"R-092\" class=\"n2-ss-slide n2-ow  n2-ss-slide-8\"><div role=\"note\" class=\"n2-ss-slide--focus\" tabindex=\"-1\">R-092<\/div><div class=\"n2-ss-layers-container n2-ss-slide-limiter n2-ow\"><div class=\"n2-ss-layer n2-ow n-uc-Fe5gG3ZwbRCg\" data-sstype=\"slide\" data-pm=\"default\"><\/div><\/div><\/div><div data-slide-duration=\"0\" data-id=\"10\" data-slide-public-id=\"3\" aria-hidden=\"true\" data-title=\"R-008\" class=\"n2-ss-slide n2-ow  n2-ss-slide-10\"><div role=\"note\" class=\"n2-ss-slide--focus\" tabindex=\"-1\">R-008<\/div><div class=\"n2-ss-layers-container n2-ss-slide-limiter n2-ow\"><div class=\"n2-ss-layer n2-ow n-uc-MBy9YqnKSUm8\" data-sstype=\"slide\" data-pm=\"default\"><\/div><\/div><\/div>                    <\/div>\n\n                                    <\/div>\n            <\/div>\n        <\/div>\n        <div class=\"n2-ss-slider-controls n2-ss-slider-controls-absolute-left-center\"><div style=\"--widget-offset:15px;\" class=\"n2-ss-widget nextend-arrow n2-ow-all nextend-arrow-previous  nextend-arrow-animated-fade\" id=\"n2-ss-2-arrow-previous\" role=\"button\" aria-label=\"previous arrow\" tabindex=\"0\"><img loading=\"lazy\" decoding=\"async\" width=\"32\" height=\"32\" class=\"n2-arrow-normal-img skip-lazy\" data-skip-lazy=\"1\" src=\"data:image\/svg+xml;base64,PHN2ZyB3aWR0aD0iMzIiIGhlaWdodD0iMzIiIHZpZXdCb3g9IjAgMCAzMiAzMiIgeG1sbnM9Imh0dHA6Ly93d3cudzMub3JnLzIwMDAvc3ZnIj4KICAgIDxwYXRoIGQ9Ik0xMS40MzMgMTUuOTkyTDIyLjY5IDUuNzEyYy4zOTMtLjM5LjM5My0xLjAzIDAtMS40Mi0uMzkzLS4zOS0xLjAzLS4zOS0xLjQyMyAwbC0xMS45OCAxMC45NGMtLjIxLjIxLS4zLjQ5LS4yODUuNzYtLjAxNS4yOC4wNzUuNTYuMjg0Ljc3bDExLjk4IDEwLjk0Yy4zOTMuMzkgMS4wMy4zOSAxLjQyNCAwIC4zOTMtLjQuMzkzLTEuMDMgMC0xLjQybC0xMS4yNTctMTAuMjkiCiAgICAgICAgICBmaWxsPSIjZmZmZmZmIiBvcGFjaXR5PSIwLjgiIGZpbGwtcnVsZT0iZXZlbm9kZCIvPgo8L3N2Zz4=\" alt=\"previous arrow\"><img loading=\"lazy\" decoding=\"async\" width=\"32\" height=\"32\" class=\"n2-arrow-hover-img skip-lazy\" data-skip-lazy=\"1\" src=\"data:image\/svg+xml;base64,PHN2ZyB3aWR0aD0iMzIiIGhlaWdodD0iMzIiIHZpZXdCb3g9IjAgMCAzMiAzMiIgeG1sbnM9Imh0dHA6Ly93d3cudzMub3JnLzIwMDAvc3ZnIj4KICAgIDxwYXRoIGQ9Ik0xMS40MzMgMTUuOTkyTDIyLjY5IDUuNzEyYy4zOTMtLjM5LjM5My0xLjAzIDAtMS40Mi0uMzkzLS4zOS0xLjAzLS4zOS0xLjQyMyAwbC0xMS45OCAxMC45NGMtLjIxLjIxLS4zLjQ5LS4yODUuNzYtLjAxNS4yOC4wNzUuNTYuMjg0Ljc3bDExLjk4IDEwLjk0Yy4zOTMuMzkgMS4wMy4zOSAxLjQyNCAwIC4zOTMtLjQuMzkzLTEuMDMgMC0xLjQybC0xMS4yNTctMTAuMjkiCiAgICAgICAgICBmaWxsPSIjZmZmZmZmIiBvcGFjaXR5PSIxIiBmaWxsLXJ1bGU9ImV2ZW5vZGQiLz4KPC9zdmc+\" alt=\"previous arrow\"><\/div><\/div><div class=\"n2-ss-slider-controls n2-ss-slider-controls-absolute-right-center\"><div style=\"--widget-offset:15px;\" class=\"n2-ss-widget nextend-arrow n2-ow-all nextend-arrow-next  nextend-arrow-animated-fade\" id=\"n2-ss-2-arrow-next\" role=\"button\" aria-label=\"next arrow\" tabindex=\"0\"><img loading=\"lazy\" decoding=\"async\" width=\"32\" height=\"32\" class=\"n2-arrow-normal-img skip-lazy\" data-skip-lazy=\"1\" src=\"data:image\/svg+xml;base64,PHN2ZyB3aWR0aD0iMzIiIGhlaWdodD0iMzIiIHZpZXdCb3g9IjAgMCAzMiAzMiIgeG1sbnM9Imh0dHA6Ly93d3cudzMub3JnLzIwMDAvc3ZnIj4KICAgIDxwYXRoIGQ9Ik0xMC43MjIgNC4yOTNjLS4zOTQtLjM5LTEuMDMyLS4zOS0xLjQyNyAwLS4zOTMuMzktLjM5MyAxLjAzIDAgMS40MmwxMS4yODMgMTAuMjgtMTEuMjgzIDEwLjI5Yy0uMzkzLjM5LS4zOTMgMS4wMiAwIDEuNDIuMzk1LjM5IDEuMDMzLjM5IDEuNDI3IDBsMTIuMDA3LTEwLjk0Yy4yMS0uMjEuMy0uNDkuMjg0LS43Ny4wMTQtLjI3LS4wNzYtLjU1LS4yODYtLjc2TDEwLjcyIDQuMjkzeiIKICAgICAgICAgIGZpbGw9IiNmZmZmZmYiIG9wYWNpdHk9IjAuOCIgZmlsbC1ydWxlPSJldmVub2RkIi8+Cjwvc3ZnPg==\" alt=\"next arrow\"><img loading=\"lazy\" decoding=\"async\" width=\"32\" height=\"32\" class=\"n2-arrow-hover-img skip-lazy\" data-skip-lazy=\"1\" src=\"data:image\/svg+xml;base64,PHN2ZyB3aWR0aD0iMzIiIGhlaWdodD0iMzIiIHZpZXdCb3g9IjAgMCAzMiAzMiIgeG1sbnM9Imh0dHA6Ly93d3cudzMub3JnLzIwMDAvc3ZnIj4KICAgIDxwYXRoIGQ9Ik0xMC43MjIgNC4yOTNjLS4zOTQtLjM5LTEuMDMyLS4zOS0xLjQyNyAwLS4zOTMuMzktLjM5MyAxLjAzIDAgMS40MmwxMS4yODMgMTAuMjgtMTEuMjgzIDEwLjI5Yy0uMzkzLjM5LS4zOTMgMS4wMiAwIDEuNDIuMzk1LjM5IDEuMDMzLjM5IDEuNDI3IDBsMTIuMDA3LTEwLjk0Yy4yMS0uMjEuMy0uNDkuMjg0LS43Ny4wMTQtLjI3LS4wNzYtLjU1LS4yODYtLjc2TDEwLjcyIDQuMjkzeiIKICAgICAgICAgIGZpbGw9IiNmZmZmZmYiIG9wYWNpdHk9IjEiIGZpbGwtcnVsZT0iZXZlbm9kZCIvPgo8L3N2Zz4=\" alt=\"next arrow\"><\/div><\/div><div class=\"n2-ss-slider-controls n2-ss-slider-controls-absolute-center-bottom\"><div style=\"--widget-offset:10px;\" class=\"n2-ss-widget n2-ss-control-bullet n2-ow-all n2-ss-control-bullet-horizontal\"><div class=\" nextend-bullet-bar n2-bar-justify-content-center\" role=\"group\" aria-label=\"Choose slide to display.\"><div class=\"n2-bullet n2-style-13586a9834f840c6e3b0e8ac4aa4b69c-dot \" style=\"visibility:hidden;\"><\/div><\/div><\/div><\/div><\/div><\/div><ss3-loader><\/ss3-loader><\/div><\/div><div class=\"n2_clear\"><\/div><\/div>\n\n\n<div style=\"height:3rem\" aria-hidden=\"true\" class=\"wp-block-spacer\"><\/div>\n\n\n\n<div class=\"wp-block-columns is-layout-flex wp-container-core-columns-is-layout-9d6595d7 wp-block-columns-is-layout-flex\">\n<div class=\"wp-block-column is-layout-flow wp-block-column-is-layout-flow\"><div class=\"wp-block-image\">\n<figure class=\"aligncenter size-medium is-resized\"><a href=\"https:\/\/muenster.org\/eichendorffschule\/wp-content\/uploads\/2022\/02\/Eichenblatt.png\"><img loading=\"lazy\" decoding=\"async\" width=\"300\" height=\"300\" src=\"https:\/\/muenster.org\/eichendorffschule\/wp-content\/uploads\/2022\/02\/Eichenblatt-300x300.png\" alt=\"\" class=\"wp-image-4516\" style=\"width:150px;height:150px\" srcset=\"https:\/\/muenster.org\/eichendorffschule\/wp-content\/uploads\/2022\/02\/Eichenblatt-300x300.png 300w, https:\/\/muenster.org\/eichendorffschule\/wp-content\/uploads\/2022\/02\/Eichenblatt-150x150.png 150w, https:\/\/muenster.org\/eichendorffschule\/wp-content\/uploads\/2022\/02\/Eichenblatt.png 309w\" sizes=\"auto, (max-width: 300px) 100vw, 300px\" \/><\/a><\/figure>\n<\/div>\n\n\n<p>Jedes Kind kommt als Pers\u00f6nlichkeit mit eigenen Erfahrungen, W\u00fcnschen, Interessen und F\u00e4higkeiten in die Schule. Mit gegenseitiger Achtung gehen wir aufeinander zu und miteinander um.<\/p>\n<\/div>\n\n\n\n<div class=\"wp-block-column is-layout-flow wp-block-column-is-layout-flow\"><div class=\"wp-block-image\">\n<figure class=\"aligncenter size-medium is-resized\"><a href=\"https:\/\/muenster.org\/eichendorffschule\/wp-content\/uploads\/2022\/02\/Eichho\u0308rnchen.png\"><img loading=\"lazy\" decoding=\"async\" width=\"300\" height=\"300\" src=\"https:\/\/muenster.org\/eichendorffschule\/wp-content\/uploads\/2022\/02\/Eichho\u0308rnchen-300x300.png\" alt=\"Logo Eichh\u00f6rnchen\" class=\"wp-image-4518\" style=\"width:150px;height:150px\" srcset=\"https:\/\/muenster.org\/eichendorffschule\/wp-content\/uploads\/2022\/02\/Eichho\u0308rnchen-300x300.png 300w, https:\/\/muenster.org\/eichendorffschule\/wp-content\/uploads\/2022\/02\/Eichho\u0308rnchen-150x150.png 150w, https:\/\/muenster.org\/eichendorffschule\/wp-content\/uploads\/2022\/02\/Eichho\u0308rnchen.png 309w\" sizes=\"auto, (max-width: 300px) 100vw, 300px\" \/><\/a><\/figure>\n<\/div>\n\n\n<p>Unterricht und Schulleben entsprechen den verschiedenen Pers\u00f6nlichkeiten mit ihren individuellen Lernvoraussetzungen.<\/p>\n<\/div>\n\n\n\n<div class=\"wp-block-column is-layout-flow wp-block-column-is-layout-flow\"><div class=\"wp-block-image\">\n<figure class=\"aligncenter size-medium is-resized\"><a href=\"https:\/\/muenster.org\/eichendorffschule\/wp-content\/uploads\/2022\/02\/Buch.png\"><img loading=\"lazy\" decoding=\"async\" width=\"300\" height=\"300\" src=\"https:\/\/muenster.org\/eichendorffschule\/wp-content\/uploads\/2022\/02\/Buch-300x300.png\" alt=\"\" class=\"wp-image-4517\" style=\"width:150px;height:150px\" srcset=\"https:\/\/muenster.org\/eichendorffschule\/wp-content\/uploads\/2022\/02\/Buch-300x300.png 300w, https:\/\/muenster.org\/eichendorffschule\/wp-content\/uploads\/2022\/02\/Buch-150x150.png 150w, https:\/\/muenster.org\/eichendorffschule\/wp-content\/uploads\/2022\/02\/Buch.png 309w\" sizes=\"auto, (max-width: 300px) 100vw, 300px\" \/><\/a><\/figure>\n<\/div>\n\n\n<p>Grundlage daf\u00fcr ist eine freundliche achtungsvolle und angstfreie Atmosph\u00e4re mit transparenten Abl\u00e4ufen und klaren Regeln. So gelingen Lernen und Leisten in der Gemeinschaft Schule.<\/p>\n<\/div>\n<\/div>\n","protected":false},"excerpt":{"rendered":"<p>Die st\u00e4dtische Gemeinschaftsgrundschule in M\u00fcnster-Angelmodde. Wir sind eine lebendige, inklusive und vielf\u00e4ltige Schule mit ca. 300 kleinen Menschen in 12 Klassen und ca. 70 gro\u00dfen Menschen aus insgesamt 17 Nationen. In unserer Schulgemeinschaft legen wir gro\u00dfen Wert auf ein respektvolles Miteinander. Unser Ziel ist es, eine positive Lernumgebung zu schaffen, in der sich jedes Kind [&hellip;]<\/p>\n","protected":false},"author":4,"featured_media":0,"parent":0,"menu_order":0,"comment_status":"closed","ping_status":"closed","template":"","meta":{"footnotes":""},"class_list":["post-2343","page","type-page","status-publish","hentry"],"_links":{"self":[{"href":"https:\/\/muenster.org\/eichendorffschule\/wp-json\/wp\/v2\/pages\/2343","targetHints":{"allow":["GET"]}}],"collection":[{"href":"https:\/\/muenster.org\/eichendorffschule\/wp-json\/wp\/v2\/pages"}],"about":[{"href":"https:\/\/muenster.org\/eichendorffschule\/wp-json\/wp\/v2\/types\/page"}],"author":[{"embeddable":true,"href":"https:\/\/muenster.org\/eichendorffschule\/wp-json\/wp\/v2\/users\/4"}],"replies":[{"embeddable":true,"href":"https:\/\/muenster.org\/eichendorffschule\/wp-json\/wp\/v2\/comments?post=2343"}],"version-history":[{"count":165,"href":"https:\/\/muenster.org\/eichendorffschule\/wp-json\/wp\/v2\/pages\/2343\/revisions"}],"predecessor-version":[{"id":8477,"href":"https:\/\/muenster.org\/eichendorffschule\/wp-json\/wp\/v2\/pages\/2343\/revisions\/8477"}],"wp:attachment":[{"href":"https:\/\/muenster.org\/eichendorffschule\/wp-json\/wp\/v2\/media?parent=2343"}],"curies":[{"name":"wp","href":"https:\/\/api.w.org\/{rel}","templated":true}]}}