{"id":593,"date":"2017-05-03T12:30:38","date_gmt":"2017-05-03T10:30:38","guid":{"rendered":"http:\/\/muenster.org\/eichendorffschule\/?page_id=593"},"modified":"2017-06-14T09:43:45","modified_gmt":"2017-06-14T07:43:45","slug":"forscherwerkstatt-2","status":"publish","type":"page","link":"https:\/\/muenster.org\/eichendorffschule\/lernkonzept\/forscherwerkstatt-2\/","title":{"rendered":"Forscherwerkstatt"},"content":{"rendered":"<table style=\"height: 5px;\" border=\"0\" width=\"5\">\n<tbody>\n<tr>\n<td><\/td>\n<td><\/td>\n<\/tr>\n<\/tbody>\n<\/table>\n<p align=\"left\"><span style=\"font-family: Arial,sans-serif;\"><code id=\"envira_shortcode_slug_919\"><div id=\"envira-gallery-wrap-919\" class=\"envira-gallery-wrap envira-gallery-theme-base envira-lightbox-theme-base\" itemscope itemtype=\"https:\/\/schema.org\/ImageGallery\"><div data-row-height=\"150\" data-gallery-theme=\"normal\" id=\"envira-gallery-919\" class=\"envira-gallery-public envira-gallery-justified-public envira-gallery-0-columns envira-clear enviratope envira-gallery-css-animations\" data-envira-columns=\"0\"><div id=\"envira-gallery-item-853\" class=\"envira-gallery-item enviratope-item envira-gallery-item-1 envira-lazy-load\" style=\"padding-left: 5px; padding-bottom: 10px; padding-right: 5px;\"  itemscope itemtype=\"https:\/\/schema.org\/ImageObject\"><div class=\"envira-gallery-item-inner\"><div class=\"envira-gallery-position-overlay  envira-gallery-top-left\"><\/div><div class=\"envira-gallery-position-overlay  envira-gallery-top-right\"><\/div><div class=\"envira-gallery-position-overlay  envira-gallery-bottom-left\"><\/div><div class=\"envira-gallery-position-overlay  envira-gallery-bottom-right\"><\/div><a href=\"http:\/\/muenster.org\/eichendorffschule\/wp-content\/uploads\/2017\/06\/E-039.jpg\" class=\"envira-gallery-919 envira-gallery-link\" rel=\"enviragallery919\" title=\"Mikroskopieren\" data-envira-caption=\"Mikroskopieren\" data-envira-retina=\"\" data-thumbnail=\"\"  itemprop=\"contentUrl\"><img decoding=\"async\" id=\"envira-gallery-image-853\" class=\"envira-gallery-image envira-gallery-image-1 envira-normal envira-lazy\" data-envira-index=\"1\" src=\"https:\/\/muenster.org\/eichendorffschule\/wp-content\/uploads\/2017\/06\/E-039-1024x683-640x480.jpg\" data-envira-src=\"https:\/\/muenster.org\/eichendorffschule\/wp-content\/uploads\/2017\/06\/E-039-1024x683-640x480.jpg\" data-envira-gallery-id=\"919\" data-envira-item-id=\"853\" data-envira-caption=\"Mikroskopieren\" alt=\"Mikroskopieren\" title=\"Mikroskopieren\"  itemprop=\"thumbnailUrl\" data-envira-srcset=\"https:\/\/muenster.org\/eichendorffschule\/wp-content\/uploads\/2017\/06\/E-039-1024x683-640x480.jpg 400w,https:\/\/muenster.org\/eichendorffschule\/wp-content\/uploads\/2017\/06\/E-039-1024x683-640x480.jpg 2x\" data-envira-width=\"300\" data-envira-height=\"200\" srcset=\"data:image\/gif;base64,R0lGODlhAQABAIAAAP\/\/\/\/\/\/\/yH5BAEKAAEALAAAAAABAAEAAAICTAEAOw==\" data-safe-src=\"data:image\/gif;base64,R0lGODlhAQABAIAAAP\/\/\/\/\/\/\/yH5BAEKAAEALAAAAAABAAEAAAICTAEAOw==\" \/><\/a><\/div><\/div><div id=\"envira-gallery-item-852\" class=\"envira-gallery-item enviratope-item envira-gallery-item-2 envira-lazy-load\" style=\"padding-left: 5px; padding-bottom: 10px; padding-right: 5px;\"  itemscope itemtype=\"https:\/\/schema.org\/ImageObject\"><div class=\"envira-gallery-item-inner\"><div class=\"envira-gallery-position-overlay  envira-gallery-top-left\"><\/div><div class=\"envira-gallery-position-overlay  envira-gallery-top-right\"><\/div><div class=\"envira-gallery-position-overlay  envira-gallery-bottom-left\"><\/div><div class=\"envira-gallery-position-overlay  envira-gallery-bottom-right\"><\/div><a href=\"http:\/\/muenster.org\/eichendorffschule\/wp-content\/uploads\/2017\/06\/E-031.jpg\" class=\"envira-gallery-919 envira-gallery-link\" rel=\"enviragallery919\" title=\"Lernen am Anatomiemodell\" data-envira-caption=\"Lernen am Anatomiemodell\" data-envira-retina=\"\" data-thumbnail=\"\"  itemprop=\"contentUrl\"><img decoding=\"async\" id=\"envira-gallery-image-852\" class=\"envira-gallery-image envira-gallery-image-2 envira-normal envira-lazy\" data-envira-index=\"2\" src=\"https:\/\/muenster.org\/eichendorffschule\/wp-content\/uploads\/2017\/06\/E-031-1024x683-640x480.jpg\" data-envira-src=\"https:\/\/muenster.org\/eichendorffschule\/wp-content\/uploads\/2017\/06\/E-031-1024x683-640x480.jpg\" data-envira-gallery-id=\"919\" data-envira-item-id=\"852\" data-envira-caption=\"Lernen am Anatomiemodell\" alt=\"Lernen am Anatomiemodell\" title=\"Lernen am Anatomiemodell\"  itemprop=\"thumbnailUrl\" data-envira-srcset=\"https:\/\/muenster.org\/eichendorffschule\/wp-content\/uploads\/2017\/06\/E-031-1024x683-640x480.jpg 400w,https:\/\/muenster.org\/eichendorffschule\/wp-content\/uploads\/2017\/06\/E-031-1024x683-640x480.jpg 2x\" data-envira-width=\"300\" data-envira-height=\"200\" srcset=\"data:image\/gif;base64,R0lGODlhAQABAIAAAP\/\/\/\/\/\/\/yH5BAEKAAEALAAAAAABAAEAAAICTAEAOw==\" data-safe-src=\"data:image\/gif;base64,R0lGODlhAQABAIAAAP\/\/\/\/\/\/\/yH5BAEKAAEALAAAAAABAAEAAAICTAEAOw==\" \/><\/a><\/div><\/div><div id=\"envira-gallery-item-850\" class=\"envira-gallery-item enviratope-item envira-gallery-item-3 envira-lazy-load\" style=\"padding-left: 5px; padding-bottom: 10px; padding-right: 5px;\"  itemscope itemtype=\"https:\/\/schema.org\/ImageObject\"><div class=\"envira-gallery-item-inner\"><div class=\"envira-gallery-position-overlay  envira-gallery-top-left\"><\/div><div class=\"envira-gallery-position-overlay  envira-gallery-top-right\"><\/div><div class=\"envira-gallery-position-overlay  envira-gallery-bottom-left\"><\/div><div class=\"envira-gallery-position-overlay  envira-gallery-bottom-right\"><\/div><a href=\"http:\/\/muenster.org\/eichendorffschule\/wp-content\/uploads\/2017\/06\/E-025.jpg\" class=\"envira-gallery-919 envira-gallery-link\" rel=\"enviragallery919\" title=\"Versteinerungen\" data-envira-caption=\"Versteinerungen\" data-envira-retina=\"\" data-thumbnail=\"\"  itemprop=\"contentUrl\"><img decoding=\"async\" id=\"envira-gallery-image-850\" class=\"envira-gallery-image envira-gallery-image-3 envira-normal envira-lazy\" data-envira-index=\"3\" src=\"https:\/\/muenster.org\/eichendorffschule\/wp-content\/uploads\/2017\/06\/E-025-1024x683-640x480.jpg\" data-envira-src=\"https:\/\/muenster.org\/eichendorffschule\/wp-content\/uploads\/2017\/06\/E-025-1024x683-640x480.jpg\" data-envira-gallery-id=\"919\" data-envira-item-id=\"850\" data-envira-caption=\"Versteinerungen\" alt=\"Versteinerungen\" title=\"Versteinerungen\"  itemprop=\"thumbnailUrl\" data-envira-srcset=\"https:\/\/muenster.org\/eichendorffschule\/wp-content\/uploads\/2017\/06\/E-025-1024x683-640x480.jpg 400w,https:\/\/muenster.org\/eichendorffschule\/wp-content\/uploads\/2017\/06\/E-025-1024x683-640x480.jpg 2x\" data-envira-width=\"300\" data-envira-height=\"200\" srcset=\"data:image\/gif;base64,R0lGODlhAQABAIAAAP\/\/\/\/\/\/\/yH5BAEKAAEALAAAAAABAAEAAAICTAEAOw==\" data-safe-src=\"data:image\/gif;base64,R0lGODlhAQABAIAAAP\/\/\/\/\/\/\/yH5BAEKAAEALAAAAAABAAEAAAICTAEAOw==\" \/><\/a><\/div><\/div><\/div><\/div><noscript><img decoding=\"async\" src=\"https:\/\/muenster.org\/eichendorffschule\/wp-content\/uploads\/2017\/06\/E-039.jpg\" alt=\"Mikroskopieren\" \/><img decoding=\"async\" src=\"https:\/\/muenster.org\/eichendorffschule\/wp-content\/uploads\/2017\/06\/E-031.jpg\" alt=\"Lernen am Anatomiemodell\" \/><img decoding=\"async\" src=\"https:\/\/muenster.org\/eichendorffschule\/wp-content\/uploads\/2017\/06\/E-025.jpg\" alt=\"Versteinerungen\" \/><\/noscript><\/code><\/span><\/p>\n<p align=\"left\"><span style=\"font-family: Arial,sans-serif;\">In der heutigen Zeit, in der Kinder durch Medienkonsum ihre Umwelt eher sekund\u00e4r erleben ist dies wichtiger denn je. Regen im Fernsehen ist nicht nass und Feuer nicht hei\u00df. Unf\u00e4lle bei Computerspielen tun nicht weh. <\/span><\/p>\n<p align=\"left\"><span style=\"font-family: Arial,sans-serif;\">Prim\u00e4rerfahrungen im Sinne selbstst\u00e4ndiger Entdeckungen und Aktivit\u00e4ten sind jedoch von entscheidender Bedeutung f\u00fcr die kindliche Entwicklung &#8211; besonders im Bereich der Naturwissenschaften. Kinder, die Ihre Welt neugierig erforschen, werden kritik- und handlungsf\u00e4hig.<\/span><\/p>\n<p align=\"left\"><span style=\"font-family: Arial,sans-serif;\">Forscherwerkst\u00e4tten an Grundschulen sind eine Bereicherung f\u00fcr das naturwissenschaftlich \/ technische Lernen in unseren Grundschulen.<\/span><\/p>\n<p align=\"left\"><span style=\"font-family: Arial,sans-serif;\">Forscherwerkstatt ist <u>mehr als nur ein Raum<\/u>, in dem Kinder experimentieren und forschen k\u00f6nnen.<\/span><\/p>\n<p align=\"left\"><span style=\"font-family: Arial,sans-serif;\">Die Sch\u00fclerinnen und Sch\u00fcler erhalten durch das reichhaltige Material- und Medienangebot die M\u00f6glichkeit, Fragehaltungen aufzubauen und L\u00f6sungen selbstst\u00e4ndig zu erarbeiten. Dabei werden sie durch Lehrkr\u00e4fte, Studierende und deren Dozenten unterst\u00fctzt.<\/span><\/p>\n<p align=\"left\"><span style=\"font-family: Arial,sans-serif;\">Parallel zum Sachunterricht werden Unterrichtsinhalte vertiefend bearbeitet. Sch\u00fclerinnen und Sch\u00fcler k\u00f6nnen zu Themen, die sie besonders interessieren, weiterf\u00fchrende und erg\u00e4nzende Fragestellungen bearbeiten.<\/span><\/p>\n<p align=\"left\"><span style=\"font-family: Arial,sans-serif;\">Neigungen und Begabungen werden so gef\u00f6rdert. <\/span><\/p>\n<p align=\"left\"><span style=\"font-family: Arial,sans-serif;\">Die Studierenden arbeiten mit kleinen Lerngruppen, das erm\u00f6glicht, die Interessen und Begabungen der Kinder zu erkennen und auszubauen.<\/span><\/p>\n<p align=\"left\"><span style=\"font-family: Arial,sans-serif;\">Die Kinder lernen Methoden der \u201eechten\u201c Forschung kennen. Es gilt, naturwissenschaftliche Ph\u00e4nomene zu beschreiben und zu beobachten, Ver\u00e4nderungen zu erkennen, Hypothesen zu bilden und Erkl\u00e4rungen zu finden. Das bef\u00e4higt die Kinder dazu, Probleme systematisch anzugehen.<\/span><\/p>\n<p align=\"left\"><span style=\"font-family: Arial,sans-serif;\">Erg\u00e4nzend zum Unterricht, aber auch unabh\u00e4ngig von aktuellen Unterrichtsinhalten k\u00f6nnen Kinder im Rahmen der offenen Ganztagsschule in der Forscherwerkstatt arbeiten. Der Schulgarten z.B. bietet die M\u00f6glichkeit, Pflanzen kennen zu lernen und genauer zu beobachten. Hieraus ergeben sich dann neue Forscherfragen, die zu kl\u00e4ren sind. Daf\u00fcr ist Raum in der Forscherwerkstatt.<\/span><\/p>\n<p align=\"left\"><span style=\"font-family: Arial,sans-serif;\">Die Forscherwerkstatt ist mehr als eine Erg\u00e4nzung zum Schulalltag. Kinder k\u00f6nnen ohne Leistungsdruck ihren Ideen und Fragestellungen nachgehen. Fehler sind hier nicht nur nicht schlimm, sondern erw\u00fcnscht, denn sie f\u00fchren irgendwann, vielleicht, zu richtigen Ergebnissen. Und wenn nicht: Der Weg ist das Ziel.<\/span><\/p>\n","protected":false},"excerpt":{"rendered":"<p>In der heutigen Zeit, in der Kinder durch Medienkonsum ihre Umwelt eher sekund\u00e4r erleben ist dies wichtiger denn je. Regen im Fernsehen ist nicht nass und Feuer nicht hei\u00df. Unf\u00e4lle bei Computerspielen tun nicht weh. Prim\u00e4rerfahrungen im Sinne selbstst\u00e4ndiger Entdeckungen und Aktivit\u00e4ten sind jedoch von entscheidender Bedeutung f\u00fcr die kindliche Entwicklung &#8211; besonders im Bereich [&hellip;]<\/p>\n","protected":false},"author":4,"featured_media":0,"parent":50,"menu_order":0,"comment_status":"closed","ping_status":"closed","template":"","meta":{"footnotes":""},"class_list":["post-593","page","type-page","status-publish","hentry"],"_links":{"self":[{"href":"https:\/\/muenster.org\/eichendorffschule\/wp-json\/wp\/v2\/pages\/593","targetHints":{"allow":["GET"]}}],"collection":[{"href":"https:\/\/muenster.org\/eichendorffschule\/wp-json\/wp\/v2\/pages"}],"about":[{"href":"https:\/\/muenster.org\/eichendorffschule\/wp-json\/wp\/v2\/types\/page"}],"author":[{"embeddable":true,"href":"https:\/\/muenster.org\/eichendorffschule\/wp-json\/wp\/v2\/users\/4"}],"replies":[{"embeddable":true,"href":"https:\/\/muenster.org\/eichendorffschule\/wp-json\/wp\/v2\/comments?post=593"}],"version-history":[{"count":0,"href":"https:\/\/muenster.org\/eichendorffschule\/wp-json\/wp\/v2\/pages\/593\/revisions"}],"up":[{"embeddable":true,"href":"https:\/\/muenster.org\/eichendorffschule\/wp-json\/wp\/v2\/pages\/50"}],"wp:attachment":[{"href":"https:\/\/muenster.org\/eichendorffschule\/wp-json\/wp\/v2\/media?parent=593"}],"curies":[{"name":"wp","href":"https:\/\/api.w.org\/{rel}","templated":true}]}}