{"id":640,"date":"2017-05-03T12:11:52","date_gmt":"2017-05-03T10:11:52","guid":{"rendered":"http:\/\/muenster.org\/eichendorffschule\/?page_id=640"},"modified":"2017-06-18T22:44:50","modified_gmt":"2017-06-18T20:44:50","slug":"elternmitwirkung","status":"publish","type":"page","link":"https:\/\/muenster.org\/eichendorffschule\/schulfamilie\/elternmitwirkung\/","title":{"rendered":"Elternmitwirkung"},"content":{"rendered":"<p>Ein trockener Begriff, hinter dem sich lebendiger Schulalltag verbirgt!<br \/>\nElternmitwirkung ist organisiert und spielt sich auf verschiedenen Ebenen ab.<\/p>\n<p>Zum Beispiel in der <a href=\"http:\/\/muenster.org\/eichendorffschule\/schulfamilie\/gremien\/\" target=\"_blank\" rel=\"noopener noreferrer\">Schulpflegschaft,<\/a> in der Eltern aller Klassen vertreten sind.\u2028 In der Schulkonferenz sitzen 6 Eltern aus der Schulpflegschaft und 6 Lehrkr\u00e4fte, die \u00fcber wichtige Entscheidungen abstimmen.<\/p>\n<p>Die Eltern unserer Schule setzen sich auf vielf\u00e4ltige Weise ein. Beispielsweise in den Klassenverb\u00e4nden, zum Beispiel bei der Gestaltung von Klassenfesten oder der Begleitung von Ausfl\u00fcgen. Andererseits in klassen\u00fcbergreifenden Themen wie  die Unterst\u00fctzung bei Projekttagen, beim Kartoffelfest und beim Sportfest, oder bei Fragen der Schulentwicklung.<\/p>\n<p>Der <a href=\"http:\/\/muenster.org\/eichendorffschule\/schulfamilie\/forderverein\/\">F\u00f6rderverein<\/a> schlie\u00dflich f\u00f6rdert die Schule finanziell und ideell.<\/p>\n","protected":false},"excerpt":{"rendered":"<p>Ein trockener Begriff, hinter dem sich lebendiger Schulalltag verbirgt! Elternmitwirkung ist organisiert und spielt sich auf verschiedenen Ebenen ab. Zum Beispiel in der Schulpflegschaft, in der Eltern aller Klassen vertreten sind.\u2028 In der Schulkonferenz sitzen 6 Eltern aus der Schulpflegschaft und 6 Lehrkr\u00e4fte, die \u00fcber wichtige Entscheidungen abstimmen. Die Eltern unserer Schule setzen sich auf [&hellip;]<\/p>\n","protected":false},"author":10,"featured_media":0,"parent":48,"menu_order":0,"comment_status":"closed","ping_status":"closed","template":"","meta":{"footnotes":""},"class_list":["post-640","page","type-page","status-publish","hentry"],"_links":{"self":[{"href":"https:\/\/muenster.org\/eichendorffschule\/wp-json\/wp\/v2\/pages\/640","targetHints":{"allow":["GET"]}}],"collection":[{"href":"https:\/\/muenster.org\/eichendorffschule\/wp-json\/wp\/v2\/pages"}],"about":[{"href":"https:\/\/muenster.org\/eichendorffschule\/wp-json\/wp\/v2\/types\/page"}],"author":[{"embeddable":true,"href":"https:\/\/muenster.org\/eichendorffschule\/wp-json\/wp\/v2\/users\/10"}],"replies":[{"embeddable":true,"href":"https:\/\/muenster.org\/eichendorffschule\/wp-json\/wp\/v2\/comments?post=640"}],"version-history":[{"count":0,"href":"https:\/\/muenster.org\/eichendorffschule\/wp-json\/wp\/v2\/pages\/640\/revisions"}],"up":[{"embeddable":true,"href":"https:\/\/muenster.org\/eichendorffschule\/wp-json\/wp\/v2\/pages\/48"}],"wp:attachment":[{"href":"https:\/\/muenster.org\/eichendorffschule\/wp-json\/wp\/v2\/media?parent=640"}],"curies":[{"name":"wp","href":"https:\/\/api.w.org\/{rel}","templated":true}]}}