{"id":75,"date":"2017-03-22T11:26:30","date_gmt":"2017-03-22T10:26:30","guid":{"rendered":"http:\/\/muenster.org\/eichendorffschule\/?page_id=75"},"modified":"2025-10-09T14:33:59","modified_gmt":"2025-10-09T12:33:59","slug":"forderverein","status":"publish","type":"page","link":"https:\/\/muenster.org\/eichendorffschule\/schulfamilie\/forderverein\/","title":{"rendered":"F\u00f6rderverein"},"content":{"rendered":"\n<p>Der <strong>Verein der F\u00f6rderer der Eichendorffschule Angelmodde e. V.<\/strong> (kurz: F\u00f6rderverein) wurde 1987 von Eltern und Lehrern gegr\u00fcndet. Er ist ein eingetragener und als gemeinn\u00fctzig anerkannter Verein. Hier finden Sie die <a href=\"https:\/\/muenster.org\/eichendorffschule\/wp-content\/uploads\/2017\/04\/Satzung-des-Fo\u0308rdervereins-Eichendorffschule.pdf\">Satzung des F\u00f6rdervereins Eichendorffschule<\/a>.<\/p>\n\n\n\n<h4 class=\"wp-block-heading\" id=\"aufgaben-und-ziele-des-fordervereins\">Aufgaben und Ziele des F\u00f6rdervereins<\/h4>\n\n\n\n<p>Der F\u00f6rderverein hat es sich zur Aufgabe gemacht hat, die Schule und ihre Sch\u00fclerinnen und Sch\u00fcler zu unterst\u00fctzen und zu bereichern. Soziales Engagement, Verbesserung der Ausstattung und die Erweiterung des schulischen Angebots sind die drei Felder, in denen der F\u00f6rderverein aktiv ist. Eine \u00dcbersicht der vom F\u00f6rderverein unterst\u00fctzten Projekte finden Sie auf dieser Seite.<\/p>\n\n\n\n<h4 class=\"wp-block-heading\" id=\"vorstand\">Vorstand<\/h4>\n\n\n\n<p>Der Vorstand des F\u00f6rdervereins wird von den Mitgliedern j\u00e4hrlich gew\u00e4hlt und besteht aus<\/p>\n\n\n\n<ul class=\"wp-block-list\">\n<li>Bernadette Kipp, Vorsitz<\/li>\n\n\n\n<li>Ude Siefkes, Stellvertretender Vorsitz<\/li>\n\n\n\n<li>Silke Grabbe, kommissarische Schulleitung<\/li>\n\n\n\n<li>Raphael Stolina, Vereinskasse<\/li>\n\n\n\n<li>Marcus Eibrink-Lunzenauer, Schriftf\u00fchrung<\/li>\n<\/ul>\n\n\n\n<h4 class=\"wp-block-heading\" id=\"mitgliedschaft\">Mitgliedschaft<\/h4>\n\n\n\n<p>Die Mitgliedschaft ist ab einem Jahresbeitrag von 12,- \u20ac pro Jahr m\u00f6glich. Selbstverst\u00e4ndlich sind auch h\u00f6here Monatsbeitr\u00e4ge und Einzelspenden m\u00f6glich. <\/p>\n\n\n\n<div class=\"wp-block-buttons is-layout-flex wp-block-buttons-is-layout-flex\">\n<div class=\"wp-block-button\"><a class=\"wp-block-button__link has-black-color has-text-color has-background wp-element-button\" href=\"https:\/\/muenster.org\/eichendorffschule\/foerderverein-online-beitrittserklaerung\/\" style=\"background-color:#4eb768\" target=\"_blank\" rel=\"noreferrer noopener\">Jetzt Mitglied werden<\/a><\/div>\n<\/div>\n\n\n\n<h4 class=\"wp-block-heading\" id=\"spenden\">Einzelspenden<\/h4>\n\n\n\n<div class=\"wp-block-columns is-layout-flex wp-container-core-columns-is-layout-9d6595d7 wp-block-columns-is-layout-flex\">\n<div class=\"wp-block-column is-layout-flow wp-block-column-is-layout-flow\" style=\"flex-basis:50%\">\n<p><strong>Spenden \u00fcber PayPal:<\/strong><\/p>\n\n\n<div class=\"wp-block-image\">\n<figure class=\"alignleft size-full\"><a href=\"https:\/\/muenster.org\/eichendorffschule\/wp-content\/uploads\/2022\/04\/paypal-fv-eichendorff.png\"><img loading=\"lazy\" decoding=\"async\" width=\"160\" height=\"160\" src=\"https:\/\/muenster.org\/eichendorffschule\/wp-content\/uploads\/2022\/04\/paypal-fv-eichendorff.png\" alt=\"\" class=\"wp-image-4826\" srcset=\"https:\/\/muenster.org\/eichendorffschule\/wp-content\/uploads\/2022\/04\/paypal-fv-eichendorff.png 160w, https:\/\/muenster.org\/eichendorffschule\/wp-content\/uploads\/2022\/04\/paypal-fv-eichendorff-150x150.png 150w\" sizes=\"auto, (max-width: 160px) 100vw, 160px\" \/><\/a><figcaption class=\"wp-element-caption\">QR-Code Spenden \u00fcber PayPal<\/figcaption><\/figure>\n<\/div>\n\n\n<p>Der F\u00f6rderverein ist gemeinn\u00fctzig. Sie k\u00f6nnen uns \u00fcber PayPal spenden und erhalten dort auch eine Spendenquittung.<\/p>\n\n\n\n<p><a href=\"https:\/\/www.paypal.com\/donate\/?hosted_button_id=CX7BWB7Q3YEYE\">https:\/\/www.paypal.com\/donate\/?hosted_button_id=CX7BWB7Q3YEYE<\/a><\/p>\n<\/div>\n\n\n\n<div class=\"wp-block-column is-layout-flow wp-block-column-is-layout-flow\" style=\"flex-basis:50%\">\n<p><strong>Spenden \u00fcber unsere Bankverbindung<\/strong>:<\/p>\n\n\n\n<p>Sparkasse M\u00fcnsterland-Ost<br>IBAN DE39400501500042001230<br>BIC WELADED1MST<\/p>\n<\/div>\n<\/div>\n\n\n\n<h3 class=\"wp-block-heading\">Flyer<\/h3>\n\n\n\n<div class=\"wp-block-file\"><a id=\"wp-block-file--media-5d6a0c26-5fc1-44af-aed5-6d07d8007432\" href=\"https:\/\/muenster.org\/eichendorffschule\/wp-content\/uploads\/2023\/03\/foerderverein-eichendorffschule-flyer-2022.pdf\" target=\"_blank\" rel=\"noreferrer noopener\">Flyer 2022 des F\u00f6rdervereins der Eichendorffschule Angelmodde<\/a><a href=\"https:\/\/muenster.org\/eichendorffschule\/wp-content\/uploads\/2023\/03\/foerderverein-eichendorffschule-flyer-2022.pdf\" class=\"wp-block-file__button wp-element-button\" download aria-describedby=\"wp-block-file--media-5d6a0c26-5fc1-44af-aed5-6d07d8007432\">Herunterladen<\/a><\/div>\n\n\n\n<h3 class=\"wp-block-heading\" id=\"protokolle-der-mitgliederversammlungen\">Protokolle der Mitgliederversammlungen<\/h3>\n\n\n\n<ul class=\"wp-block-list\">\n<li><a href=\"https:\/\/muenster.org\/eichendorffschule\/wp-content\/uploads\/2025\/10\/protokoll-2024-10-08.pdf\">Protokoll der Jahreshauptversammlung am 08. Oktober 2025<\/a><\/li>\n\n\n\n<li><a href=\"https:\/\/muenster.org\/eichendorffschule\/wp-content\/uploads\/2022\/04\/protokoll-2021-11-29.pdf\"><\/a><a href=\"https:\/\/muenster.org\/eichendorffschule\/wp-content\/uploads\/2024\/05\/protokoll-2024-05-16.pdf\">Protokoll der Jahreshauptversammlung am 16. Mai 2024<\/a><\/li>\n\n\n\n<li><a href=\"https:\/\/muenster.org\/eichendorffschule\/wp-content\/uploads\/2025\/02\/protokoll-2024-08-26.pdf\">Protokoll der Mitgliederversammlung am 26. August 2024<\/a><\/li>\n<\/ul>\n\n\n\n<h2 class=\"wp-block-heading\" id=\"unterstutzte-projekte\">Unterst\u00fctzte Projekte<\/h2>\n\n\n\n<p>Die finanzielle F\u00f6rderung zeigt sich in einzelnen Projekten und in der laufenden F\u00f6rderung von Aktivit\u00e4ten.<\/p>\n\n\n\n<p>Die Projekten, die gef\u00f6rdert werden, tragen wesentlich dazu bei, die Eichendorffschule zu etwas Besonderem zu machen.<\/p>\n\n\n\n<p>Hier sind einige Projekte, die der F\u00f6rderverein finanziell unterst\u00fctzt hat.<\/p>\n\n\n\n<ul class=\"wp-block-list\">\n<li>Theaterb\u00fchne mit Vorhang<\/li>\n\n\n\n<li>Headsets und Richtmikrofone f\u00fcr das Musiktheater<\/li>\n\n\n\n<li>Spiegelwand f\u00fcr den Proben-\/Musikraum<\/li>\n\n\n\n<li>Licht- und Tonanlage<\/li>\n\n\n\n<li>Garten- und Schulhofgestaltung<\/li>\n\n\n\n<li>B\u00e4nke f\u00fcr die Aula<\/li>\n\n\n\n<li>Verst\u00e4rker f\u00fcr den PC-Raum<\/li>\n\n\n\n<li>Musikinstrument<\/li>\n\n\n\n<li>Unterst\u00fctzung des Offenen Ganztagsbereich<\/li>\n\n\n\n<li>Gestaltung der Klassenr\u00e4ume mit Teppichen und Regalen<\/li>\n\n\n\n<li>B\u00fccher und Spiele<\/li>\n\n\n\n<li>Klasseneigenes Pausenspielzeug<\/li>\n\n\n\n<li>Au\u00dfenspielger\u00e4t (\u201eKletterger\u00fcst\u201c auf dem Schulhof)<\/li>\n\n\n\n<li>Ger\u00e4te f\u00fcr den Sportunterricht<\/li>\n\n\n\n<li>Besteck und Geschirr f\u00fcr Schulfeste<\/li>\n\n\n\n<li>Einrichtung eines server-basierten Netzwerkes<\/li>\n\n\n\n<li>PC-Kopfh\u00f6rer<\/li>\n\n\n\n<li>Lernsoftware<\/li>\n\n\n\n<li>Pausenwagen mit Spielmaterial<\/li>\n\n\n\n<li>Trockenrollregale f\u00fcr den Kunstunterricht<\/li>\n\n\n\n<li>Neue Tastaturen und M\u00e4use, Beamer<\/li>\n\n\n\n<li>Feins\u00e4gen, Schraubzwingen etc. f\u00fcr Werkraum<\/li>\n\n\n\n<li>und vieles mehr \u2026<\/li>\n<\/ul>\n\n\n\n<p>Die laufenden Aktivit\u00e4ten werden in der Regel j\u00e4hrlich unterst\u00fctzt:<\/p>\n\n\n\n<ul class=\"wp-block-list\">\n<li>100 \u20ac B\u00fccherpauschale pro Klasse<\/li>\n\n\n\n<li>Klassenfotos zur Einschulung: Jedes Kind erh\u00e4lt kostenlos ein Klassenfoto sowie ein Portraitfoto<\/li>\n\n\n\n<li>Schulzeitung<\/li>\n<\/ul>\n","protected":false},"excerpt":{"rendered":"<p>Der Verein der F\u00f6rderer der Eichendorffschule Angelmodde e. V. (kurz: F\u00f6rderverein) wurde 1987 von Eltern und Lehrern gegr\u00fcndet. Er ist ein eingetragener und als gemeinn\u00fctzig anerkannter Verein. Hier finden Sie die Satzung des F\u00f6rdervereins Eichendorffschule. Aufgaben und Ziele des F\u00f6rdervereins Der F\u00f6rderverein hat es sich zur Aufgabe gemacht hat, die Schule und ihre Sch\u00fclerinnen und [&hellip;]<\/p>\n","protected":false},"author":4,"featured_media":0,"parent":48,"menu_order":0,"comment_status":"closed","ping_status":"closed","template":"","meta":{"footnotes":""},"class_list":["post-75","page","type-page","status-publish","hentry"],"_links":{"self":[{"href":"https:\/\/muenster.org\/eichendorffschule\/wp-json\/wp\/v2\/pages\/75","targetHints":{"allow":["GET"]}}],"collection":[{"href":"https:\/\/muenster.org\/eichendorffschule\/wp-json\/wp\/v2\/pages"}],"about":[{"href":"https:\/\/muenster.org\/eichendorffschule\/wp-json\/wp\/v2\/types\/page"}],"author":[{"embeddable":true,"href":"https:\/\/muenster.org\/eichendorffschule\/wp-json\/wp\/v2\/users\/4"}],"replies":[{"embeddable":true,"href":"https:\/\/muenster.org\/eichendorffschule\/wp-json\/wp\/v2\/comments?post=75"}],"version-history":[{"count":21,"href":"https:\/\/muenster.org\/eichendorffschule\/wp-json\/wp\/v2\/pages\/75\/revisions"}],"predecessor-version":[{"id":8664,"href":"https:\/\/muenster.org\/eichendorffschule\/wp-json\/wp\/v2\/pages\/75\/revisions\/8664"}],"up":[{"embeddable":true,"href":"https:\/\/muenster.org\/eichendorffschule\/wp-json\/wp\/v2\/pages\/48"}],"wp:attachment":[{"href":"https:\/\/muenster.org\/eichendorffschule\/wp-json\/wp\/v2\/media?parent=75"}],"curies":[{"name":"wp","href":"https:\/\/api.w.org\/{rel}","templated":true}]}}