{"id":929,"date":"2017-06-14T12:43:46","date_gmt":"2017-06-14T10:43:46","guid":{"rendered":"http:\/\/muenster.org\/eichendorffschule\/?page_id=929"},"modified":"2025-01-27T14:55:35","modified_gmt":"2025-01-27T13:55:35","slug":"unsere-schule","status":"publish","type":"page","link":"https:\/\/muenster.org\/eichendorffschule\/unsere-schule\/","title":{"rendered":"Unsere Schule"},"content":{"rendered":"\n<div class=\"wp-block-columns is-layout-flex wp-container-core-columns-is-layout-9d6595d7 wp-block-columns-is-layout-flex\">\n<div class=\"wp-block-column is-layout-flow wp-block-column-is-layout-flow\" style=\"flex-basis:50%\">\n<figure class=\"wp-block-gallery has-nested-images columns-default is-cropped wp-block-gallery-1 is-layout-flex wp-block-gallery-is-layout-flex\">\n<figure class=\"wp-block-image size-large\"><img loading=\"lazy\" decoding=\"async\" width=\"1024\" height=\"397\" data-id=\"5026\" src=\"https:\/\/muenster.org\/eichendorffschule\/wp-content\/uploads\/2022\/05\/Gruppenfoto-1024x397.jpg\" alt=\"\" class=\"wp-image-5026\" srcset=\"https:\/\/muenster.org\/eichendorffschule\/wp-content\/uploads\/2022\/05\/Gruppenfoto-1024x397.jpg 1024w, https:\/\/muenster.org\/eichendorffschule\/wp-content\/uploads\/2022\/05\/Gruppenfoto-300x116.jpg 300w, https:\/\/muenster.org\/eichendorffschule\/wp-content\/uploads\/2022\/05\/Gruppenfoto-768x298.jpg 768w, https:\/\/muenster.org\/eichendorffschule\/wp-content\/uploads\/2022\/05\/Gruppenfoto-600x233.jpg 600w, https:\/\/muenster.org\/eichendorffschule\/wp-content\/uploads\/2022\/05\/Gruppenfoto.jpg 1080w\" sizes=\"auto, (max-width: 1024px) 100vw, 1024px\" \/><\/figure>\n<\/figure>\n<\/div>\n\n\n\n<div class=\"wp-block-column is-layout-flow wp-block-column-is-layout-flow\" style=\"flex-basis:50%\">\n<p>Wir sind eine lebendige, inklusive und vielf\u00e4ltige Schule mit ca. 300 kleinen Menschen in 12 Klassen und ca. 70 gro\u00dfen Menschen aus insgesamt 17 Nationen.<\/p>\n\n\n\n<p>In unserer Schulgemeinschaft legen wir gro\u00dfen Wert auf ein respektvolles Miteinander.<\/p>\n\n\n\n<p>Unser Ziel ist es, eine positive Lernumgebung zu schaffen, in der sich jedes Kind wohlf\u00fchlt und gerne zur Schule kommt. Unser multiprofessionelles Team besteht aus Lehrkr\u00e4ften, Sonderp\u00e4dagogen und Sonderp\u00e4dagoginnen, Erzieherinnen und Erziehern, Sozialarbeiterinnen und Sozialarbeitern, Heilp\u00e4dagoginnen und Heilp\u00e4dagogen. Gemeinsam schaffen wir ein unterst\u00fctzendes Umfeld, in dem die Kinder ihr Potenzial entfalten k\u00f6nnen.<\/p>\n\n\n\n<p>Wir setzen auf ein abwechslungsreiches und kreatives Lehrangebot, das die Neugier und Begeisterung der Kinder f\u00f6rdert. Neben den klassischen F\u00e4chern bieten wir verschiedene AGs, Projekte und nat\u00fcrlich den \u201eSch\u00f6nen Dienstag\u201c an. Dies erm\u00f6glicht den Kindern, ihre Interessen zu entdecken und neue F\u00e4higkeiten zu entwickeln.<\/p>\n\n\n\n<p><a href=\"https:\/\/muenster.org\/eichendorffschule\/schulfamilie\/schulleitung\/\" data-type=\"page\" data-id=\"69\">Team<\/a><br><a href=\"https:\/\/muenster.org\/eichendorffschule\/lernkonzept\/gebaeude-und-schulhof\/\" data-type=\"page\" data-id=\"379\">Geb\u00e4ude und Schulhof<\/a><br><a href=\"https:\/\/muenster.org\/eichendorffschule\/schulfamilie\/schulsozialarbeit\/\" data-type=\"page\" data-id=\"226\">Schulsozialarbeit<\/a><br><a href=\"https:\/\/muenster.org\/eichendorffschule\/schulfamilie\/elternmitwirkung\/\" data-type=\"page\" data-id=\"640\">Elternmitwirkung<\/a><br><a href=\"https:\/\/muenster.org\/eichendorffschule\/schulfamilie\/forderverein\/\" data-type=\"page\" data-id=\"75\">F\u00f6rderverein<\/a><br><a href=\"https:\/\/muenster.org\/eichendorffschule\/schulchronik\/\" data-type=\"page\" data-id=\"238\">Schulchronik<\/a><\/p>\n<\/div>\n<\/div>\n","protected":false},"excerpt":{"rendered":"<p>Wir sind eine lebendige, inklusive und vielf\u00e4ltige Schule mit ca. 300 kleinen Menschen in 12 Klassen und ca. 70 gro\u00dfen Menschen aus insgesamt 17 Nationen. In unserer Schulgemeinschaft legen wir gro\u00dfen Wert auf ein respektvolles Miteinander. Unser Ziel ist es, eine positive Lernumgebung zu schaffen, in der sich jedes Kind wohlf\u00fchlt und gerne zur Schule [&hellip;]<\/p>\n","protected":false},"author":4,"featured_media":0,"parent":0,"menu_order":0,"comment_status":"closed","ping_status":"closed","template":"","meta":{"footnotes":""},"class_list":["post-929","page","type-page","status-publish","hentry"],"_links":{"self":[{"href":"https:\/\/muenster.org\/eichendorffschule\/wp-json\/wp\/v2\/pages\/929","targetHints":{"allow":["GET"]}}],"collection":[{"href":"https:\/\/muenster.org\/eichendorffschule\/wp-json\/wp\/v2\/pages"}],"about":[{"href":"https:\/\/muenster.org\/eichendorffschule\/wp-json\/wp\/v2\/types\/page"}],"author":[{"embeddable":true,"href":"https:\/\/muenster.org\/eichendorffschule\/wp-json\/wp\/v2\/users\/4"}],"replies":[{"embeddable":true,"href":"https:\/\/muenster.org\/eichendorffschule\/wp-json\/wp\/v2\/comments?post=929"}],"version-history":[{"count":7,"href":"https:\/\/muenster.org\/eichendorffschule\/wp-json\/wp\/v2\/pages\/929\/revisions"}],"predecessor-version":[{"id":8414,"href":"https:\/\/muenster.org\/eichendorffschule\/wp-json\/wp\/v2\/pages\/929\/revisions\/8414"}],"wp:attachment":[{"href":"https:\/\/muenster.org\/eichendorffschule\/wp-json\/wp\/v2\/media?parent=929"}],"curies":[{"name":"wp","href":"https:\/\/api.w.org\/{rel}","templated":true}]}}