{"id":942,"date":"2017-06-14T13:44:49","date_gmt":"2017-06-14T11:44:49","guid":{"rendered":"http:\/\/muenster.org\/eichendorffschule\/?page_id=942"},"modified":"2017-06-19T08:39:29","modified_gmt":"2017-06-19T06:39:29","slug":"musikangebote","status":"publish","type":"page","link":"https:\/\/muenster.org\/eichendorffschule\/lernkonzept\/forscherwerkstatt-2\/musikangebote\/","title":{"rendered":"Musikangebote"},"content":{"rendered":"<p><code id=\"envira_shortcode_slug_941\"><\/code><\/p>\n<p>Musik spielt an der Eichendorffschule eine gro\u00dfe Rolle.<\/p>\n<p>Musik beginnt bereits in der Klasse, in der regelm\u00e4\u00dfig gesungen wird. Klassen\u00fcbergreifend trifft sich zus\u00e4tzlich der <a href=\"http:\/\/muenster.org\/eichendorffschule\/lernkonzept\/arbeitsgemeinschaften\/chor\/\">Schulchor <\/a>w\u00f6chentlich. Und das <a href=\"http:\/\/muenster.org\/eichendorffschule\/lernkonzept\/arbeitsgemeinschaften\/schulorchester\/\">Schulorchester<\/a> bietet die M\u00f6glichkeit, unter in Kooperation mit der Musikschule Wolbeck eines der Instrumente Geige, Ukulele oder Fl\u00f6te zu erlernen. Das Schulorchester hat regelm\u00e4\u00dfige Auftritte im Rahmen von Schulveranstaltungen wie dem traditionellen Adventssingen (jeweils montags in der Adventszeit) &#8211; und manchmal auch dar\u00fcber hinaus.<\/p>\n<p>&nbsp;<\/p>\n","protected":false},"excerpt":{"rendered":"<p>Musik spielt an der Eichendorffschule eine gro\u00dfe Rolle. Musik beginnt bereits in der Klasse, in der regelm\u00e4\u00dfig gesungen wird. Klassen\u00fcbergreifend trifft sich zus\u00e4tzlich der Schulchor w\u00f6chentlich. Und das Schulorchester bietet die M\u00f6glichkeit, unter in Kooperation mit der Musikschule Wolbeck eines der Instrumente Geige, Ukulele oder Fl\u00f6te zu erlernen. Das Schulorchester hat regelm\u00e4\u00dfige Auftritte im Rahmen [&hellip;]<\/p>\n","protected":false},"author":4,"featured_media":0,"parent":593,"menu_order":0,"comment_status":"closed","ping_status":"closed","template":"","meta":{"footnotes":""},"class_list":["post-942","page","type-page","status-publish","hentry"],"_links":{"self":[{"href":"https:\/\/muenster.org\/eichendorffschule\/wp-json\/wp\/v2\/pages\/942","targetHints":{"allow":["GET"]}}],"collection":[{"href":"https:\/\/muenster.org\/eichendorffschule\/wp-json\/wp\/v2\/pages"}],"about":[{"href":"https:\/\/muenster.org\/eichendorffschule\/wp-json\/wp\/v2\/types\/page"}],"author":[{"embeddable":true,"href":"https:\/\/muenster.org\/eichendorffschule\/wp-json\/wp\/v2\/users\/4"}],"replies":[{"embeddable":true,"href":"https:\/\/muenster.org\/eichendorffschule\/wp-json\/wp\/v2\/comments?post=942"}],"version-history":[{"count":0,"href":"https:\/\/muenster.org\/eichendorffschule\/wp-json\/wp\/v2\/pages\/942\/revisions"}],"up":[{"embeddable":true,"href":"https:\/\/muenster.org\/eichendorffschule\/wp-json\/wp\/v2\/pages\/593"}],"wp:attachment":[{"href":"https:\/\/muenster.org\/eichendorffschule\/wp-json\/wp\/v2\/media?parent=942"}],"curies":[{"name":"wp","href":"https:\/\/api.w.org\/{rel}","templated":true}]}}