{"id":149,"date":"2020-04-01T15:13:25","date_gmt":"2020-04-01T13:13:25","guid":{"rendered":"http:\/\/muenster.org\/overbergschule\/?page_id=149"},"modified":"2023-10-10T15:58:25","modified_gmt":"2023-10-10T13:58:25","slug":"149-2","status":"publish","type":"page","link":"https:\/\/muenster.org\/overbergschule\/149-2\/","title":{"rendered":"KINDERSEITEN"},"content":{"rendered":"<p>[et_pb_section fb_built=&#8220;1&#8243; _builder_version=&#8220;4.4.2&#8243;][et_pb_row admin_label=&#8220;Title Row&#8220; _builder_version=&#8220;3.25&#8243;][et_pb_column type=&#8220;4_4&#8243; _builder_version=&#8220;3.25&#8243; custom_padding=&#8220;|||&#8220; custom_padding__hover=&#8220;|||&#8220;][et_pb_blurb title=&#8220;KINDERSEITEN&#8220; _builder_version=&#8220;4.4.2&#8243; header_font=&#8220;Rubik|700||on|||||&#8220; header_text_color=&#8220;#ff7355&#8243; header_font_size=&#8220;20px&#8220; header_letter_spacing=&#8220;5px&#8220; header_line_height=&#8220;1.5em&#8220; text_orientation=&#8220;center&#8220; custom_margin=&#8220;||0px|&#8220; locked=&#8220;off&#8220;][\/et_pb_blurb][et_pb_text _builder_version=&#8220;4.4.2&#8243; text_font=&#8220;Rubik|500|||||||&#8220; text_font_size=&#8220;16px&#8220; text_line_height=&#8220;2em&#8220; header_font=&#8220;||||||||&#8220; header_2_font=&#8220;Rubik|700|||||||&#8220; header_2_font_size=&#8220;40px&#8220; header_2_line_height=&#8220;1.4em&#8220; header_5_font=&#8220;Rubik|700||on|||||&#8220; header_5_text_color=&#8220;#2b76df&#8220; header_5_letter_spacing=&#8220;5px&#8220; header_5_line_height=&#8220;1.5em&#8220; text_orientation=&#8220;center&#8220; max_width=&#8220;600px&#8220; module_alignment=&#8220;center&#8220; text_line_height_last_edited=&#8220;off|desktop&#8220;]<\/p>\n<h2>Tipps f\u00fcr Kinder<\/h2>\n<p>F\u00fcr dich Informationen rund um die Schule und verschiedene\u00a0 Internet- Seiten, um dir das Suchen zu erleichtern und das Finden zu erm\u00f6glichen.<br \/> Wenn du selbst gute Seiten findest, bitte schicke\u00a0 uns eine Mail, so dass wir die Kinderseite aktualisieren k\u00f6nnen!<\/p>\n<p>[\/et_pb_text][et_pb_toggle title=&#8220;Empfohlene Internetseiten \/ APPs&#8220; _builder_version=&#8220;4.4.2&#8243; body_font=&#8220;Rubik||||||||&#8220; hover_enabled=&#8220;0&#8243;]<\/p>\n<p>Lass dich von deinen Eltern begleiten, bevor du ins Internet gehst:<\/p>\n<ul>\n<li><strong>Kindersuchmaschinen und Nachschlagwerke:<\/strong><br \/> <a href=\"https:\/\/www.fragfinn.de\/\" target=\"_blank\" rel=\"noopener noreferrer\"><strong>fragFinn. <\/strong><\/a>fragFinn ist nicht nur eine tolle Kindersuchmaschine, sondern bietet auch einen Bereich f\u00fcr P\u00e4dagogInnen, der angef\u00fcllt ist mit hilfreichen Links, Hintergrundinformationen zur Funktionsweisen und vielf\u00e4ltigen Materialvorschl\u00e4gen.<br \/> <strong><a href=\"https:\/\/www.blinde-kuh.de\" target=\"_blank\" rel=\"noopener noreferrer\">Blinde Kuh<\/a>.<\/strong> Suchmaschine, Spiele, \u2026. Dies ist nicht nur eine Suchmaschine, wo du Begriffe wie \u201cMondlandung\u201d oder \u201cMusik\u201d (mit Links zu Kinderradio-Sendungen nachschlagen kannst, sondern du findest auch viele Spiele, R\u00e4tsel, Tipps, Forscher-Ideen.<\/li>\n<li><a href=\"https:\/\/grundschulwiki.zum.de\/wiki\/Hauptseite\" target=\"_blank\" rel=\"noopener noreferrer\"><strong>Grundschule-Wiki<\/strong><\/a><br \/> Das Grundschulwiki m\u00f6chte Sch\u00fclerinnen und Sch\u00fcler zur aktiven und sinnvollen Mitgestaltung des Internets ermutigen und damit ihre Medienkompetenz entwickeln und f\u00f6rdern. Das Grundschulwiki ist ein medienp\u00e4dagogisches Projekt, in dem Grundschulkinder selbstst\u00e4ndig miteinander die Seiten gestalten k\u00f6nnen. Die Inhalte k\u00f6nnen miteinander vernetzt werden. So entstehen ein Kinderlexikon von Grundschulkindern f\u00fcr Grundschulkinder und andere Seiten.<\/li>\n<li><strong>Informationen rund um das Internet findest du hier:<\/strong><br \/> <a href=\"https:\/\/www.klicksafe.de\/fuer-kinder\/\" target=\"_blank\" rel=\"noopener noreferrer\"><strong>Klicksafe<\/strong><\/a> f\u00fcr Kinder bietet dir eine bunte Seite voll mit wertvollen Informationen, Link-Tipps, Hilfestellungen in Sicherheitsfragen und Spielen f\u00fcr abenteuerlustige Internetforscher.<br \/> <a href=\"https:\/\/klexikon.zum.de\/wiki\/Klexikon:Willkommen_im_Klexikon\" target=\"_blank\" rel=\"noopener noreferrer\"><strong>Klexikon<\/strong> <\/a>ist so \u00e4hnlich wie Wikepedia, aber f\u00fcr extra f\u00fcr Kinder! &#8211;<br \/> <a href=\"https:\/\/wir-machen-kinderseiten.de\/wiki\/kinderapps\" target=\"_blank\" rel=\"noopener noreferrer\"><strong>Wir machen kinderseiten<\/strong><\/a> gibt dir einen guten \u00dcberblick \u00fcber Seiten im Internet zu ganz verschiedenen Inhalten (Spiele, Nachrichten, Sicher im Netz, Suchen, Wissen und Lernen).<br \/> <a href=\"https:\/\/www.internet-abc.de\/\" target=\"_blank\" rel=\"noopener noreferrer\"><strong>Internet-ABC<\/strong> <\/a>bietet dir die M\u00f6glichkeit, dich mit allen Internet-Themen zu besch\u00e4ftigen. Auch kannst du dort einen Internet-Surfschein machen und ihn dir anschlie\u00dfend ausdrucken! &#8211;<\/li>\n<\/ul>\n<ul>\n<li><strong>Dies und das:<\/strong><br \/> <a href=\"https:\/\/www.bmu-kids.de\/\" target=\"_blank\" rel=\"noopener noreferrer\">Kinderseite des Bildungs- und Umweltministeriums.<\/a><br \/> <a href=\"https:\/\/antolin.westermann.de\/\" target=\"_blank\" rel=\"noopener noreferrer\"><strong>Antolin:<\/strong><\/a> Mit Lesen punkten. Eure Lehrerin gibt dir das Passwort, so kannst du von zu Hause aus ein Buch-Quiz l\u00f6sen.<br \/> <strong>Sendung mit der Maus.<\/strong> Wer kennt sie nicht, die Sendung mit der Maus. Hier findest du Spiele, R\u00e4tsel, Musik, Tipps f\u00fcr gute Sendungen und vieles mehr! <a href=\"https:\/\/www.kinder-ministerium.de\/deine-rechte\"><strong>Kinder-Ministerium.<\/strong> <\/a><br \/> Die Schulseite im <strong>kidsweb.de<\/strong>. Hier gibt es alles \u00fcber Inhalte der Schule, Mathematik, Sachunterricht, Deutsch, aber auch Mandalas, Bastel-Ideen, Forscher-Ideen und noch vieles mehr. Einfach selbst nachsehen!<br \/> Die <a href=\"https:\/\/kinder.wdr.de\/radio\/kiraka\/index.html\"><strong><\/strong><\/a><a href=\"https:\/\/kinder.wdr.de\/radio\/kiraka\/index.html\" target=\"_blank\" rel=\"noopener noreferrer\"><strong>Kinderseite vom WDR 5<\/strong> <\/a>: \u00dcber die Sendungen von KiRaKa Programmtipps, Seiten zum Lachen, Musiktipps, Wissenswertes\u2026..!<br \/> Die Startseite der <strong>Geolino-Kinderzeitschrift<\/strong>. Auch wenn du die Zeitschrift nur bei uns in der Schule liest, findest du hier interessante Artikel und Bilder aus aller Welt.<br \/> Die <a href=\"https:\/\/www.br.de\/kinder\/index.html\" target=\"_blank\" rel=\"noopener noreferrer\"><strong>Kinderseite vom Bayerischen Rundfun<\/strong>k<\/a>. Hier gibt es Tipps f\u00fcr gute Sendungen, aber auch Spiele, Musik und Geschichten und vieles mehr.<br \/> Die <a href=\"https:\/\/kids.greenpeace.de\/\" target=\"_blank\" rel=\"noopener noreferrer\"><strong>Greenpeace-Seite f\u00fcr Kinder<\/strong>.<\/a> F\u00fcr Umweltsch\u00fctzer und Kinder, die es noch werdenwollen. Aktionen, Wissenswertes und vieles mehr.<br \/> Die <strong>Startseite vom <a href=\"https:\/\/www.kindernetz.de\/\"><\/a><a href=\"https:\/\/www.kindernetz.de\/\" target=\"_blank\" rel=\"noopener noreferrer\">S\u00fcdwestrundfunk f\u00fcr Kinder<\/a><\/strong><a href=\"https:\/\/www.kindernetz.de\/\" target=\"_blank\" rel=\"noopener noreferrer\">.<\/a> Hier findest du aktuelle Nachrichten, Quizseiten, Filmseiten zum Anschauen und vieles mehr.<br \/> <strong><a href=\"https:\/\/www.kinderzeitmaschine.de\/\" target=\"_blank\" rel=\"noopener noreferrer\">Kinderzeitmaschine<\/a>.<\/strong> Mit der Kinderzeitmaschine geht es per Knopfdruck in die Geschichte: in die Steinzeit, ins Alte \u00c4gypten, nach Griechenland und ins R\u00f6mische Reich.<br \/> <a href=\"https:\/\/www.haus-der-kleinen-forscher.de\/\" target=\"_blank\" rel=\"noopener noreferrer\"><strong>Haus der kleinen Forscher<\/strong>.<\/a> Experimente f\u00fcr Kinder &#8230; des Monats. Planet in der Kiste. Wie s\u00e4he die Welt aus, wenn Kinder sie erschaffen w\u00fcrden?<br \/> <a href=\"https:\/\/www.blinde-kuh.de\/index.html\" target=\"_blank\" rel=\"noopener noreferrer\"><strong>Spieleseiten.<\/strong><\/a> Jede Menge Onlinegames kann man hier spielen und sogar Spiele free downloaden, die auf einem Windows Rechner auch ohne Internet laufen. Zugleich ist es die Startseite der Kindersuchmaschine &#8222;Blinde Kuh&#8220;, seit 1997 schon!<br \/> Bitte lasst euch vielleicht die Seite von euren Eltern einstellen und nun viel Spa\u00df!<\/li>\n<li><a href=\"https:\/\/seitenstark.de\/kinder\/kinderseiten\/zum-grundschulpost\" target=\"_blank\" rel=\"noopener noreferrer\"><strong>Grundschulpost<\/strong><\/a><br \/> Du m\u00f6chtest gern eine E-Mail-Adresse haben, mit der Du Dich mit Deinen Freunden unterhalten, ihnen Briefe schreiben oder Bilder schicken kannst? Dann bist Du hier genau richtig! Bei uns kannst du dich aber nur mit mit Hilfe eines Erwachsenen anmelden, damit du vor \u00c4rger und Problemen gesch\u00fctzt bist.<\/li>\n<li><a href=\"https:\/\/anton.app\/de\/\" target=\"_blank\" rel=\"noopener noreferrer\"><strong>Anton: Eine kostenlose App <\/strong><\/a>Nach kostenloser Registrierung kannst du auf dem Handy, Tablet oder auf dem Computer im Internet unter www.anton.app Lerninhalte \u00fcben (abgestimmt auf unseren Grundschul-Lehrplan) und M\u00fcnzen sammeln.<\/li>\n<\/ul>\n<p>[\/et_pb_toggle][et_pb_toggle title=&#8220;Klassenrat und Sch\u00fclerrat &#8220; _builder_version=&#8220;4.4.2&#8243; body_font=&#8220;Rubik||||||||&#8220; hover_enabled=&#8220;0&#8243;]<\/p>\n<p style=\"text-align: justify;\"><strong>Klassenrat: A<\/strong>ls Schulkind kannst du dich von Beginn deiner Schulzeit in der Overbergschule\u00a0 mit deiner eigenen Meinung an Gespr\u00e4chen beteiligen. Im Klassenrat sprecht ihr \u00fcber Dinge, Sachverhalte und auch \u00fcber Gef\u00fchle, welche euch im Schulleben begegnen.<\/p>\n<p style=\"text-align: justify;\">Der Klassenrat f\u00f6rdert demokratisches Miteinander und Mitbestimmung in der Schule. Er ist das demokratische Forum einer Klasse.\u00a0 Im Klassenrat w\u00e4hlt ihr in eurer Klasse zwei Klassensprecher\/innen aus, welche in der Klasse eine besondere Verantwortung tragen. Ihr k\u00f6nnt versuchen, den Klassenrat selbst zu leiten und zu organisieren. <\/p>\n<p style=\"text-align: justify;\"><strong>Sch\u00fclerrat:\u00a0<\/strong>Als Klassensprecherin oder Klassensprecher nimmst du etwa einmal im Monat am Sch\u00fclerrat teil. Hier treffen sich\u00a0 alle KlassensprecherInnen der Schule gemeinsam mit dem Schulleiter im Team-Lehrerinnen-Zimmer. Die Themen k\u00f6nnen aus eurer Klassenrats-Sitzung kommen, sie k\u00f6nnen von der Schulleitung kommen. Der Schulleiter leitet den Sch\u00fclerrat und schreibt auch das Protokoll. Anschlie\u00dfend gibt er euch das Protokoll f\u00fcr eure Sch\u00fclerratsmappe. In eurem Klassenrat k\u00f6nnt ihr weiter zu den besprochenen Inhalten diskutieren. &#8211;\u00a0<\/p>\n<p style=\"text-align: justify;\">Das waren schon alles Inhalte von Sch\u00fclerrats-Treffen:<\/p>\n<ul>\n<li style=\"text-align: justify;\">Der Schulhof soll sch\u00f6ner werden: Ideen f\u00fcr den Schulhof<\/li>\n<li style=\"text-align: justify;\">Streit in der Pause<\/li>\n<li style=\"text-align: justify;\">Etwas ist geklaut worden, was k\u00f6nnen wir tun?<\/li>\n<li style=\"text-align: justify;\">Das Essen im Ganztag schmeckt nicht, was k\u00f6nnen wir tun?<\/li>\n<\/ul>\n<p>[\/et_pb_toggle][\/et_pb_column][\/et_pb_row][et_pb_row column_structure=&#8220;1_2,1_2&#8243; _builder_version=&#8220;4.4.2&#8243;][et_pb_column type=&#8220;1_2&#8243; _builder_version=&#8220;4.4.2&#8243;][et_pb_image src=&#8220;https:\/\/muenster.org\/overbergschule\/wp-content\/uploads\/2020\/05\/20160611_140332.jpg&#8220; align=&#8220;right&#8220; _builder_version=&#8220;4.4.2&#8243;][\/et_pb_image][\/et_pb_column][et_pb_column type=&#8220;1_2&#8243; _builder_version=&#8220;4.4.2&#8243;][et_pb_text _builder_version=&#8220;4.4.2&#8243; text_font=&#8220;Rubik|500|||||||&#8220; text_font_size=&#8220;16px&#8220; text_line_height=&#8220;2em&#8220;]<\/p>\n<p style=\"text-align: left;\">Auf dieser Seite geht es um dich als Schulkind, als lernende Pers\u00f6nlichkeit, als junger Mensch mit eigener Meinung, mit eigenen M\u00f6glichkeiten und Grenzen. Mache dir die Zeit zum Freund! &#8211; Lasse dich unterst\u00fctzen, wo Hilfe sinnvoll und notwendig ist! &#8211; Versuche die Schritte selbst, sobald es dir m\u00f6glich ist!<\/p>\n<p>[\/et_pb_text][\/et_pb_column][\/et_pb_row][\/et_pb_section][et_pb_section fb_built=&#8220;1&#8243; admin_label=&#8220;Footer&#8220; _builder_version=&#8220;4.4.2&#8243; background_color=&#8220;rgba(214,214,214,0.6)&#8220; use_background_color_gradient=&#8220;on&#8220; background_color_gradient_start=&#8220;rgba(255,255,255,0)&#8220; background_color_gradient_end=&#8220;rgba(41,196,169,0)&#8220; background_enable_image=&#8220;off&#8220; parallax=&#8220;on&#8220; custom_margin=&#8220;|||&#8220; custom_padding=&#8220;|||&#8220;][et_pb_row column_structure=&#8220;1_2,1_2&#8243; use_custom_gutter=&#8220;on&#8220; gutter_width=&#8220;2&#8243; make_equal=&#8220;on&#8220; _builder_version=&#8220;4.4.2&#8243; custom_padding=&#8220;|||&#8220; animation_style=&#8220;fade&#8220; border_radii=&#8220;on|10px|10px|10px|10px&#8220;][et_pb_column type=&#8220;1_2&#8243; _builder_version=&#8220;3.25&#8243; custom_padding=&#8220;|||&#8220; custom_padding__hover=&#8220;|||&#8220;][et_pb_cta title=&#8220;Kontakt &#8220; button_url=&#8220;#top&#8220; _builder_version=&#8220;4.4.2&#8243; header_font=&#8220;Rubik|700|||||||&#8220; header_font_size=&#8220;40px&#8220; header_line_height=&#8220;1.7em&#8220; body_font=&#8220;Rubik||||||||&#8220; body_line_height=&#8220;2em&#8220; background_color=&#8220;#ffffff&#8220; custom_button=&#8220;on&#8220; button_text_size=&#8220;16px&#8220; button_text_color=&#8220;#ffffff&#8220; button_bg_color=&#8220;#7f5aff&#8220; button_border_width=&#8220;10px&#8220; button_border_color=&#8220;rgba(65,65,144,0)&#8220; button_border_radius=&#8220;70px&#8220; button_font=&#8220;Rubik|700|||||||&#8220; button_use_icon=&#8220;off&#8220; text_orientation=&#8220;left&#8220; background_layout=&#8220;light&#8220; max_width_last_edited=&#8220;off|desktop&#8220; module_alignment=&#8220;right&#8220; custom_margin=&#8220;|||&#8220; custom_padding=&#8220;64px|60px|64px|60px|true&#8220; header_font_size_tablet=&#8220;&#8220; header_font_size_phone=&#8220;30px&#8220; header_font_size_last_edited=&#8220;on|phone&#8220; body_line_height_last_edited=&#8220;off|desktop&#8220; border_radii=&#8220;on|10px|10px|10px|10px&#8220; button_text_color_hover=&#8220;#ffffff&#8220; button_border_radius_hover=&#8220;70px&#8220; button_bg_color_hover=&#8220;#9577ff&#8220; button_text_size__hover_enabled=&#8220;off&#8220; button_one_text_size__hover_enabled=&#8220;off&#8220; button_two_text_size__hover_enabled=&#8220;off&#8220; button_text_color__hover_enabled=&#8220;on&#8220; button_text_color__hover=&#8220;#ffffff&#8220; button_one_text_color__hover_enabled=&#8220;off&#8220; button_two_text_color__hover_enabled=&#8220;off&#8220; button_border_width__hover_enabled=&#8220;off&#8220; button_one_border_width__hover_enabled=&#8220;off&#8220; button_two_border_width__hover_enabled=&#8220;off&#8220; button_border_color__hover_enabled=&#8220;off&#8220; button_one_border_color__hover_enabled=&#8220;off&#8220; button_two_border_color__hover_enabled=&#8220;off&#8220; button_border_radius__hover_enabled=&#8220;on&#8220; button_border_radius__hover=&#8220;70px&#8220; button_one_border_radius__hover_enabled=&#8220;off&#8220; button_two_border_radius__hover_enabled=&#8220;off&#8220; button_letter_spacing__hover_enabled=&#8220;off&#8220; button_one_letter_spacing__hover_enabled=&#8220;off&#8220; button_two_letter_spacing__hover_enabled=&#8220;off&#8220; button_bg_color__hover_enabled=&#8220;on&#8220; button_bg_color__hover=&#8220;#9577ff&#8220; button_one_bg_color__hover_enabled=&#8220;off&#8220; button_two_bg_color__hover_enabled=&#8220;off&#8220;]<\/p>\n<p><strong>Verwaltung<\/strong><br \/> <strong>Adresse:<\/strong> Margaretenstra\u00dfe 6, 48145 M\u00fcnster<br \/> <strong>Telefon:<\/strong> 025164234<br \/> <strong>E-Mail:<\/strong> <a href=\"mailto:overbergschule@stadt-muenster.de\">overbergschule@stadt-muenster.de<\/a><br \/> <strong>Schulleitung:<\/strong> Georg Sistemich<br \/> <strong>Sekretariats-\u00d6ffnungszeiten:<\/strong><br \/> Montag bis Donnerstag: 7:45-12:30<\/p>\n<p>[\/et_pb_cta][\/et_pb_column][et_pb_column type=&#8220;1_2&#8243; _builder_version=&#8220;3.25&#8243; custom_padding=&#8220;|||&#8220; custom_padding__hover=&#8220;|||&#8220;][et_pb_cta title=&#8220;B\u00fcro Offener Ganztag&#8220; button_url=&#8220;#top&#8220; _builder_version=&#8220;4.4.2&#8243; header_font=&#8220;Rubik|700|||||||&#8220; header_font_size=&#8220;40px&#8220; header_line_height=&#8220;1.5em&#8220; body_font=&#8220;Rubik||||||||&#8220; body_line_height=&#8220;2em&#8220; background_color=&#8220;#ffffff&#8220; custom_button=&#8220;on&#8220; button_text_size=&#8220;16px&#8220; button_text_color=&#8220;#ffffff&#8220; button_bg_color=&#8220;#7f5aff&#8220; button_border_width=&#8220;10px&#8220; button_border_color=&#8220;rgba(65,65,144,0)&#8220; button_border_radius=&#8220;70px&#8220; button_font=&#8220;Rubik|700|||||||&#8220; button_use_icon=&#8220;off&#8220; text_orientation=&#8220;left&#8220; background_layout=&#8220;light&#8220; max_width_last_edited=&#8220;off|desktop&#8220; module_alignment=&#8220;right&#8220; custom_margin=&#8220;|||&#8220; custom_padding=&#8220;64px|60px|64px|60px|true&#8220; header_font_size_tablet=&#8220;&#8220; header_font_size_phone=&#8220;30px&#8220; header_font_size_last_edited=&#8220;on|phone&#8220; body_line_height_last_edited=&#8220;off|desktop&#8220; border_radii=&#8220;on|10px|10px|10px|10px&#8220; button_text_color_hover=&#8220;#ffffff&#8220; button_border_radius_hover=&#8220;70px&#8220; button_bg_color_hover=&#8220;#9577ff&#8220; button_text_size__hover_enabled=&#8220;off&#8220; button_one_text_size__hover_enabled=&#8220;off&#8220; button_two_text_size__hover_enabled=&#8220;off&#8220; button_text_color__hover_enabled=&#8220;on&#8220; button_text_color__hover=&#8220;#ffffff&#8220; button_one_text_color__hover_enabled=&#8220;off&#8220; button_two_text_color__hover_enabled=&#8220;off&#8220; button_border_width__hover_enabled=&#8220;off&#8220; button_one_border_width__hover_enabled=&#8220;off&#8220; button_two_border_width__hover_enabled=&#8220;off&#8220; button_border_color__hover_enabled=&#8220;off&#8220; button_one_border_color__hover_enabled=&#8220;off&#8220; button_two_border_color__hover_enabled=&#8220;off&#8220; button_border_radius__hover_enabled=&#8220;on&#8220; button_border_radius__hover=&#8220;70px&#8220; button_one_border_radius__hover_enabled=&#8220;off&#8220; button_two_border_radius__hover_enabled=&#8220;off&#8220; button_letter_spacing__hover_enabled=&#8220;off&#8220; button_one_letter_spacing__hover_enabled=&#8220;off&#8220; button_two_letter_spacing__hover_enabled=&#8220;off&#8220; button_bg_color__hover_enabled=&#8220;on&#8220; button_bg_color__hover=&#8220;#9577ff&#8220; button_one_bg_color__hover_enabled=&#8220;off&#8220; button_two_bg_color__hover_enabled=&#8220;off&#8220;]<span class=\"w8qArf\"><strong>Adresse:<\/strong> Margaretenstra\u00dfe 6, 48145 M\u00fcnster<br \/>\n<strong>Telefon:<\/strong> 0251666988<br \/>\n<strong>E-Mail:<\/strong><a href=\"mailto:erlebach@stadt-muenster.de\"> erlebach@stadt-muenster.de<\/a><br \/>\n<strong>OGT-Koordination:<\/strong> Jenny Erlebach<\/span><br \/>\n&nbsp;[\/et_pb_cta][\/et_pb_column][\/et_pb_row][\/et_pb_section]<\/p>\n","protected":false},"excerpt":{"rendered":"<p>Tipps f\u00fcr Kinder F\u00fcr dich Informationen rund um die Schule und verschiedene\u00a0 Internet- Seiten, um dir das Suchen zu erleichtern und das Finden zu erm\u00f6glichen. Wenn du selbst gute Seiten findest, bitte schicke\u00a0 uns eine Mail, so dass wir die Kinderseite aktualisieren k\u00f6nnen!Lass dich von deinen Eltern begleiten, bevor du ins Internet gehst: Kindersuchmaschinen und [&hellip;]<\/p>\n","protected":false},"author":2,"featured_media":0,"parent":0,"menu_order":0,"comment_status":"closed","ping_status":"closed","template":"","meta":{"_et_pb_use_builder":"on","_et_pb_old_content":"","_et_gb_content_width":"","_mc_calendar":[],"footnotes":""},"class_list":["post-149","page","type-page","status-publish","hentry"],"_links":{"self":[{"href":"https:\/\/muenster.org\/overbergschule\/wp-json\/wp\/v2\/pages\/149","targetHints":{"allow":["GET"]}}],"collection":[{"href":"https:\/\/muenster.org\/overbergschule\/wp-json\/wp\/v2\/pages"}],"about":[{"href":"https:\/\/muenster.org\/overbergschule\/wp-json\/wp\/v2\/types\/page"}],"author":[{"embeddable":true,"href":"https:\/\/muenster.org\/overbergschule\/wp-json\/wp\/v2\/users\/2"}],"replies":[{"embeddable":true,"href":"https:\/\/muenster.org\/overbergschule\/wp-json\/wp\/v2\/comments?post=149"}],"version-history":[{"count":22,"href":"https:\/\/muenster.org\/overbergschule\/wp-json\/wp\/v2\/pages\/149\/revisions"}],"predecessor-version":[{"id":3435,"href":"https:\/\/muenster.org\/overbergschule\/wp-json\/wp\/v2\/pages\/149\/revisions\/3435"}],"wp:attachment":[{"href":"https:\/\/muenster.org\/overbergschule\/wp-json\/wp\/v2\/media?parent=149"}],"curies":[{"name":"wp","href":"https:\/\/api.w.org\/{rel}","templated":true}]}}