{"id":270,"date":"2020-04-02T12:09:42","date_gmt":"2020-04-02T10:09:42","guid":{"rendered":"http:\/\/muenster.org\/overbergschule\/?page_id=270"},"modified":"2020-05-26T22:19:39","modified_gmt":"2020-05-26T20:19:39","slug":"datenschutz","status":"publish","type":"page","link":"https:\/\/muenster.org\/overbergschule\/datenschutz\/","title":{"rendered":"DATENSCHUTZ"},"content":{"rendered":"<p>[et_pb_section fb_built=&#8220;1&#8243; admin_label=&#8220;Staff&#8220; _builder_version=&#8220;3.22&#8243; custom_padding=&#8220;|||&#8220;][et_pb_row _builder_version=&#8220;4.4.2&#8243;][et_pb_column type=&#8220;4_4&#8243; _builder_version=&#8220;4.4.2&#8243;][et_pb_text _builder_version=&#8220;4.4.2&#8243; text_font=&#8220;Rubik||||||||&#8220; text_font_size=&#8220;16px&#8220; text_line_height=&#8220;1.9em&#8220; header_2_font=&#8220;Rubik|700|||||||&#8220; header_2_font_size=&#8220;34px&#8220;]<\/p>\n<h2 style=\"text-align: center;\">Datenschutz<\/h2>\n<p>&nbsp;<\/p>\n<p>&nbsp;<\/p>\n<p style=\"text-align: center;\">Die Nutzung unserer Webseite ist in der Regel ohne Angabe personenbezogener Daten m\u00f6glich. Soweit auf unseren Seiten personenbezogene Daten (beispielsweise Name, Anschrift oder eMail-Adressen) erhoben werden, erfolgt dies, soweit m\u00f6glich, stets auf freiwilliger Basis. Diese Daten werden ohne Ihre ausdr\u00fcckliche Zustimmung nicht an Dritte weitergegeben. Wir weisen darauf hin, dass die Daten\u00fcbertragung im Internet (z.B. bei der Kommunikation per E-Mail) Sicherheitsl\u00fccken aufweisen kann. Ein l\u00fcckenloser Schutz der Daten vor dem Zugriff durch Dritte ist nicht m\u00f6glich. Der Nutzung von im Rahmen der Impressumspflicht ver\u00f6ffentlichten Kontaktdaten durch Dritte zur \u00dcbersendung von nicht ausdr\u00fccklich angeforderter Werbung und Informationsmaterialien wird hiermit ausdr\u00fccklich widersprochen. Die Betreiber der Seiten behalten sich ausdr\u00fccklich rechtliche Schritte im Falle der unverlangten Zusendung von Werbeinformationen, etwa durch Spam-Mails, vor.<\/p>\n<p style=\"text-align: center;\">Impressum \/ Datenschutz<\/p>\n<p style=\"text-align: center;\">Welche personenbezogenen Daten von Eltern und Sch\u00fclerInnen verarbeiten und speichern wir an der Schule?<\/p>\n<p style=\"text-align: center;\">Die gesetzlichen Vorgaben daf\u00fcr sind genau geregelt in der \u201eVerordnung \u00fcber die zur Verabeitung zugelassener Daten von Sch\u00fclerinnen, Sch\u00fclern und Eltern\u201c, der sog. VO-DV I.<\/p>\n<p style=\"text-align: center;\">Die Verordnung VO-DV I k\u00f6nnen Sie als pdf-Datei hier herunterladen:<\/p>\n<p style=\"text-align: center;\">www.schulministerium.nrw.de\/docs\/Recht\/Schulrecht\/Verordnungen\/VO-DV_I.pdf<\/p>\n<p style=\"text-align: center;\">Weitere Infos rund um den Datenschutz im Schulbereich erhalten Sie unter: www.schulministerium.nrw.de\/docs\/Recht\/Datenschutz<\/p>\n<p style=\"text-align: center;\">Dort finden sich auch Erl\u00e4uterungen zur DSGVO:<\/p>\n<p style=\"text-align: center;\">www.schulministerium.nrw.de\/docs\/Recht\/Datenschutz\/Umsetzung-EU-Datenschutzgrundverordnung<\/p>\n<p style=\"text-align: center;\">Wer ist mein Ansprechpartner in Sachen Datenschutz?<\/p>\n<p style=\"text-align: center;\">Zun\u00e4chst einmal k\u00f6nnen Sie sich zuerst immer an die Schulleitung wenden. Dar\u00fcber hinaus werden durch die Schulaufsicht f\u00fcr alle Schulen Beh\u00f6rdliche Datenschutzbeauftragte bestellt. Aktuell ist f\u00fcr die Stadt M\u00fcnster Herr Falke bestimmt (erreichbar per Email: dsb@muenster.org) Weitere Informationen \u00fcber die Aufgaben der Datenschutzbeauftragten sowie aktuelle Zust\u00e4ndigkeiten erhalten Sie hier:<\/p>\n<p style=\"text-align: center;\">www.medienberatung.schulministerium.nrw.de\/Medienberatung\/Datenschutz-und-Datensicherheit\/Datenschutzbeauftragte\/index-2.html<\/p>\n<p style=\"text-align: center;\">Homepage und Datenschutz<\/p>\n<p style=\"text-align: center;\">Bei Besuchen der Schul-Homepage werden keine personenebezogenen Daten verarbeitet, es sind keine Cookies eingerichtet, es werden keine statistischen Auswertungen vorgenommen und es gibt keine Verbindungen zum Bereich \u201aSocial media\u2018.<br \/> Emails \u00fcber das Kontakt-Formular werden nur weitergeleitet an die offizielle Email-Adresse der Schule.<\/p>\n<p>[\/et_pb_text][\/et_pb_column][\/et_pb_row][\/et_pb_section][et_pb_section fb_built=&#8220;1&#8243; admin_label=&#8220;Footer&#8220; _builder_version=&#8220;4.4.2&#8243; background_color=&#8220;rgba(214,214,214,0.6)&#8220; use_background_color_gradient=&#8220;on&#8220; background_color_gradient_start=&#8220;rgba(255,255,255,0)&#8220; background_color_gradient_end=&#8220;rgba(41,196,169,0)&#8220; background_enable_image=&#8220;off&#8220; parallax=&#8220;on&#8220; custom_margin=&#8220;|||&#8220; custom_padding=&#8220;|||&#8220;][et_pb_row column_structure=&#8220;1_2,1_2&#8243; use_custom_gutter=&#8220;on&#8220; gutter_width=&#8220;2&#8243; make_equal=&#8220;on&#8220; _builder_version=&#8220;4.4.2&#8243; custom_padding=&#8220;|||&#8220; animation_style=&#8220;fade&#8220; border_radii=&#8220;on|10px|10px|10px|10px&#8220;][et_pb_column type=&#8220;1_2&#8243; _builder_version=&#8220;3.25&#8243; custom_padding=&#8220;|||&#8220; custom_padding__hover=&#8220;|||&#8220;][et_pb_cta title=&#8220;Kontakt &#8220; button_url=&#8220;#top&#8220; _builder_version=&#8220;4.4.2&#8243; header_font=&#8220;Rubik|700|||||||&#8220; header_font_size=&#8220;40px&#8220; header_line_height=&#8220;1.7em&#8220; body_font=&#8220;Rubik||||||||&#8220; body_line_height=&#8220;2em&#8220; background_color=&#8220;#ffffff&#8220; custom_button=&#8220;on&#8220; button_text_size=&#8220;16px&#8220; button_text_color=&#8220;#ffffff&#8220; button_bg_color=&#8220;#7f5aff&#8220; button_border_width=&#8220;10px&#8220; button_border_color=&#8220;rgba(65,65,144,0)&#8220; button_border_radius=&#8220;70px&#8220; button_font=&#8220;Rubik|700|||||||&#8220; button_use_icon=&#8220;off&#8220; text_orientation=&#8220;left&#8220; background_layout=&#8220;light&#8220; max_width_last_edited=&#8220;off|desktop&#8220; module_alignment=&#8220;right&#8220; custom_margin=&#8220;|||&#8220; custom_padding=&#8220;64px|60px|64px|60px|true&#8220; header_font_size_tablet=&#8220;&#8220; header_font_size_phone=&#8220;30px&#8220; header_font_size_last_edited=&#8220;on|phone&#8220; body_line_height_last_edited=&#8220;off|desktop&#8220; border_radii=&#8220;on|10px|10px|10px|10px&#8220; button_text_color_hover=&#8220;#ffffff&#8220; button_border_radius_hover=&#8220;70px&#8220; button_bg_color_hover=&#8220;#9577ff&#8220; button_text_size__hover_enabled=&#8220;off&#8220; button_one_text_size__hover_enabled=&#8220;off&#8220; button_two_text_size__hover_enabled=&#8220;off&#8220; button_text_color__hover_enabled=&#8220;on&#8220; button_text_color__hover=&#8220;#ffffff&#8220; button_one_text_color__hover_enabled=&#8220;off&#8220; button_two_text_color__hover_enabled=&#8220;off&#8220; button_border_width__hover_enabled=&#8220;off&#8220; button_one_border_width__hover_enabled=&#8220;off&#8220; button_two_border_width__hover_enabled=&#8220;off&#8220; button_border_color__hover_enabled=&#8220;off&#8220; button_one_border_color__hover_enabled=&#8220;off&#8220; button_two_border_color__hover_enabled=&#8220;off&#8220; button_border_radius__hover_enabled=&#8220;on&#8220; button_border_radius__hover=&#8220;70px&#8220; button_one_border_radius__hover_enabled=&#8220;off&#8220; button_two_border_radius__hover_enabled=&#8220;off&#8220; button_letter_spacing__hover_enabled=&#8220;off&#8220; button_one_letter_spacing__hover_enabled=&#8220;off&#8220; button_two_letter_spacing__hover_enabled=&#8220;off&#8220; button_bg_color__hover_enabled=&#8220;on&#8220; button_bg_color__hover=&#8220;#9577ff&#8220; button_one_bg_color__hover_enabled=&#8220;off&#8220; button_two_bg_color__hover_enabled=&#8220;off&#8220;]<\/p>\n<p><strong>Verwaltung<\/strong><br \/> <strong>Adresse:<\/strong> Margaretenstra\u00dfe 6, 48145 M\u00fcnster<br \/> <strong>Telefon:<\/strong> 025164234<br \/> <strong>E-Mail:<\/strong> <a href=\"mailto:overbergschule@stadt-muenster.de\">overbergschule@stadt-muenster.de<\/a><br \/> <strong>Schulleitung:<\/strong> Georg Sistemich<br \/> <strong>Sekretariats-\u00d6ffnungszeiten:<\/strong><br \/> Montag bis Donnerstag: 7:45-12:30<\/p>\n<p>[\/et_pb_cta][\/et_pb_column][et_pb_column type=&#8220;1_2&#8243; _builder_version=&#8220;3.25&#8243; custom_padding=&#8220;|||&#8220; custom_padding__hover=&#8220;|||&#8220;][et_pb_cta title=&#8220;B\u00fcro Offener Ganztag&#8220; button_url=&#8220;#top&#8220; _builder_version=&#8220;4.4.2&#8243; header_font=&#8220;Rubik|700|||||||&#8220; header_font_size=&#8220;40px&#8220; header_line_height=&#8220;1.5em&#8220; body_font=&#8220;Rubik||||||||&#8220; body_line_height=&#8220;2em&#8220; background_color=&#8220;#ffffff&#8220; custom_button=&#8220;on&#8220; button_text_size=&#8220;16px&#8220; button_text_color=&#8220;#ffffff&#8220; button_bg_color=&#8220;#7f5aff&#8220; button_border_width=&#8220;10px&#8220; button_border_color=&#8220;rgba(65,65,144,0)&#8220; button_border_radius=&#8220;70px&#8220; button_font=&#8220;Rubik|700|||||||&#8220; button_use_icon=&#8220;off&#8220; text_orientation=&#8220;left&#8220; background_layout=&#8220;light&#8220; max_width_last_edited=&#8220;off|desktop&#8220; module_alignment=&#8220;right&#8220; custom_margin=&#8220;|||&#8220; custom_padding=&#8220;64px|60px|64px|60px|true&#8220; header_font_size_tablet=&#8220;&#8220; header_font_size_phone=&#8220;30px&#8220; header_font_size_last_edited=&#8220;on|phone&#8220; body_line_height_last_edited=&#8220;off|desktop&#8220; border_radii=&#8220;on|10px|10px|10px|10px&#8220; button_text_color_hover=&#8220;#ffffff&#8220; button_border_radius_hover=&#8220;70px&#8220; button_bg_color_hover=&#8220;#9577ff&#8220; button_text_size__hover_enabled=&#8220;off&#8220; button_one_text_size__hover_enabled=&#8220;off&#8220; button_two_text_size__hover_enabled=&#8220;off&#8220; button_text_color__hover_enabled=&#8220;on&#8220; button_text_color__hover=&#8220;#ffffff&#8220; button_one_text_color__hover_enabled=&#8220;off&#8220; button_two_text_color__hover_enabled=&#8220;off&#8220; button_border_width__hover_enabled=&#8220;off&#8220; button_one_border_width__hover_enabled=&#8220;off&#8220; button_two_border_width__hover_enabled=&#8220;off&#8220; button_border_color__hover_enabled=&#8220;off&#8220; button_one_border_color__hover_enabled=&#8220;off&#8220; button_two_border_color__hover_enabled=&#8220;off&#8220; button_border_radius__hover_enabled=&#8220;on&#8220; button_border_radius__hover=&#8220;70px&#8220; button_one_border_radius__hover_enabled=&#8220;off&#8220; button_two_border_radius__hover_enabled=&#8220;off&#8220; button_letter_spacing__hover_enabled=&#8220;off&#8220; button_one_letter_spacing__hover_enabled=&#8220;off&#8220; button_two_letter_spacing__hover_enabled=&#8220;off&#8220; button_bg_color__hover_enabled=&#8220;on&#8220; button_bg_color__hover=&#8220;#9577ff&#8220; button_one_bg_color__hover_enabled=&#8220;off&#8220; button_two_bg_color__hover_enabled=&#8220;off&#8220;]<span class=\"w8qArf\"><strong>Adresse:<\/strong> Margaretenstra\u00dfe 6, 48145 M\u00fcnster<br \/>\n<strong>Telefon:<\/strong> 0251666988<br \/>\n<strong>E-Mail:<\/strong><a href=\"mailto:erlebach@stadt-muenster.de\"> erlebach@stadt-muenster.de<\/a><br \/>\n<strong>OGT-Koordination:<\/strong> Jenny Erlebach<\/span><br \/>\n&nbsp;[\/et_pb_cta][\/et_pb_column][\/et_pb_row][\/et_pb_section]<\/p>\n","protected":false},"excerpt":{"rendered":"<p>Datenschutz &nbsp; &nbsp; Die Nutzung unserer Webseite ist in der Regel ohne Angabe personenbezogener Daten m\u00f6glich. Soweit auf unseren Seiten personenbezogene Daten (beispielsweise Name, Anschrift oder eMail-Adressen) erhoben werden, erfolgt dies, soweit m\u00f6glich, stets auf freiwilliger Basis. Diese Daten werden ohne Ihre ausdr\u00fcckliche Zustimmung nicht an Dritte weitergegeben. Wir weisen darauf hin, dass die Daten\u00fcbertragung [&hellip;]<\/p>\n","protected":false},"author":2,"featured_media":0,"parent":0,"menu_order":0,"comment_status":"closed","ping_status":"closed","template":"","meta":{"_et_pb_use_builder":"on","_et_pb_old_content":"","_et_gb_content_width":"","_mc_calendar":[],"footnotes":""},"class_list":["post-270","page","type-page","status-publish","hentry"],"_links":{"self":[{"href":"https:\/\/muenster.org\/overbergschule\/wp-json\/wp\/v2\/pages\/270","targetHints":{"allow":["GET"]}}],"collection":[{"href":"https:\/\/muenster.org\/overbergschule\/wp-json\/wp\/v2\/pages"}],"about":[{"href":"https:\/\/muenster.org\/overbergschule\/wp-json\/wp\/v2\/types\/page"}],"author":[{"embeddable":true,"href":"https:\/\/muenster.org\/overbergschule\/wp-json\/wp\/v2\/users\/2"}],"replies":[{"embeddable":true,"href":"https:\/\/muenster.org\/overbergschule\/wp-json\/wp\/v2\/comments?post=270"}],"version-history":[{"count":4,"href":"https:\/\/muenster.org\/overbergschule\/wp-json\/wp\/v2\/pages\/270\/revisions"}],"predecessor-version":[{"id":1040,"href":"https:\/\/muenster.org\/overbergschule\/wp-json\/wp\/v2\/pages\/270\/revisions\/1040"}],"wp:attachment":[{"href":"https:\/\/muenster.org\/overbergschule\/wp-json\/wp\/v2\/media?parent=270"}],"curies":[{"name":"wp","href":"https:\/\/api.w.org\/{rel}","templated":true}]}}