{"id":65,"date":"2020-03-31T11:08:56","date_gmt":"2020-03-31T09:08:56","guid":{"rendered":"http:\/\/muenster.org\/overbergschule\/?page_id=65"},"modified":"2022-02-11T09:41:06","modified_gmt":"2022-02-11T08:41:06","slug":"blog","status":"publish","type":"page","link":"https:\/\/muenster.org\/overbergschule\/blog\/","title":{"rendered":"BLOG"},"content":{"rendered":"<p>[et_pb_section fb_built=&#8220;1&#8243; fullwidth=&#8220;on&#8220; admin_label=&#8220;Header Section&#8220; _builder_version=&#8220;4.4.2&#8243; background_enable_image=&#8220;off&#8220; parallax=&#8220;on&#8220; top_divider_style=&#8220;clouds2&#8243; top_divider_color=&#8220;rgba(255,255,255,0.3)&#8220; top_divider_height=&#8220;100%&#8220; bottom_divider_height=&#8220;30px&#8220;][et_pb_fullwidth_header title=&#8220;Blog&#8220; subhead=&#8220;Alle News &#038; Infos&#8220; text_orientation=&#8220;center&#8220; _builder_version=&#8220;3.16&#8243; title_level=&#8220;h2&#8243; title_font=&#8220;Rubik|700||on|||||&#8220; title_text_color=&#8220;#ff7355&#8243; title_font_size=&#8220;16px&#8220; title_letter_spacing=&#8220;5px&#8220; title_line_height=&#8220;2em&#8220; content_font=&#8220;Rubik||||||||&#8220; content_font_size=&#8220;18px&#8220; content_line_height=&#8220;2em&#8220; subhead_font=&#8220;Rubik|700|||||||&#8220; subhead_text_color=&#8220;rgba(0,0,0,0.8)&#8220; subhead_font_size=&#8220;50px&#8220; subhead_line_height=&#8220;1.4em&#8220; background_color=&#8220;rgba(255,255,255,0)&#8220; use_background_color_gradient=&#8220;on&#8220; background_color_gradient_start=&#8220;rgba(255,255,255,0.7)&#8220; background_color_gradient_end=&#8220;#ffffff&#8220; background_size=&#8220;contain&#8220; background_position=&#8220;bottom_center&#8220; custom_button_one=&#8220;on&#8220; button_one_text_size=&#8220;16px&#8220; button_one_text_color=&#8220;#ffffff&#8220; button_one_bg_color=&#8220;#ff7355&#8243; button_one_border_width=&#8220;15px&#8220; button_one_border_color=&#8220;rgba(210,159,104,0)&#8220; button_one_border_radius=&#8220;100px&#8220; button_one_letter_spacing=&#8220;0px&#8220; button_one_font=&#8220;Rubik|700|||||||&#8220; button_one_use_icon=&#8220;off&#8220; custom_button_two=&#8220;on&#8220; button_two_text_size=&#8220;16px&#8220; button_two_text_color=&#8220;#ffffff&#8220; button_two_bg_color=&#8220;rgba(0,0,0,0.6)&#8220; button_two_border_width=&#8220;15px&#8220; button_two_border_color=&#8220;rgba(210,159,104,0)&#8220; button_two_border_radius=&#8220;100px&#8220; button_two_letter_spacing=&#8220;0px&#8220; button_two_font=&#8220;Rubik|700|||||||&#8220; button_two_use_icon=&#8220;off&#8220; background_layout=&#8220;light&#8220; custom_margin=&#8220;|||&#8220; custom_padding=&#8220;4vw||4vw|||&#8220; animation_style=&#8220;slide&#8220; animation_direction=&#8220;bottom&#8220; animation_intensity_slide=&#8220;1%&#8220; subhead_font_size_tablet=&#8220;&#8220; subhead_font_size_phone=&#8220;30px&#8220; subhead_font_size_last_edited=&#8220;on|phone&#8220; button_one_border_radius_hover=&#8220;100px&#8220; button_two_border_radius_hover=&#8220;100px&#8220; button_one_bg_color_hover=&#8220;#ff8a70&#8243; button_two_bg_color_hover=&#8220;#ff8a70&#8243; button_one_text_size__hover_enabled=&#8220;off&#8220; button_two_text_size__hover_enabled=&#8220;off&#8220; button_one_text_color__hover_enabled=&#8220;off&#8220; button_two_text_color__hover_enabled=&#8220;off&#8220; button_one_border_width__hover_enabled=&#8220;off&#8220; button_two_border_width__hover_enabled=&#8220;off&#8220; button_one_border_color__hover_enabled=&#8220;off&#8220; button_two_border_color__hover_enabled=&#8220;off&#8220; button_one_border_radius__hover_enabled=&#8220;on&#8220; button_one_border_radius__hover=&#8220;100px&#8220; button_two_border_radius__hover_enabled=&#8220;on&#8220; button_two_border_radius__hover=&#8220;100px&#8220; button_one_letter_spacing__hover_enabled=&#8220;off&#8220; button_two_letter_spacing__hover_enabled=&#8220;off&#8220; button_one_bg_color__hover_enabled=&#8220;on&#8220; button_one_bg_color__hover=&#8220;#ff8a70&#8243; button_two_bg_color__hover_enabled=&#8220;on&#8220; button_two_bg_color__hover=&#8220;#ff8a70&#8243;][\/et_pb_fullwidth_header][\/et_pb_section][et_pb_section fb_built=&#8220;1&#8243; specialty=&#8220;on&#8220; padding_top_2=&#8220;0px&#8220; admin_label=&#8220;Blog&#8220; _builder_version=&#8220;3.22&#8243;][et_pb_column type=&#8220;2_3&#8243; specialty_columns=&#8220;2&#8243; _builder_version=&#8220;3.25&#8243; custom_padding=&#8220;|||&#8220; custom_padding__hover=&#8220;|||&#8220;][et_pb_row_inner _builder_version=&#8220;4.4.2&#8243; background_color=&#8220;rgba(0,0,0,0.04)&#8220; custom_padding=&#8220;14px|20px|14px|20px|true|true&#8220; border_radii=&#8220;on|10px|10px|10px|10px&#8220;][et_pb_column_inner saved_specialty_column_type=&#8220;2_3&#8243; _builder_version=&#8220;3.25&#8243; custom_padding=&#8220;|||&#8220; custom_padding__hover=&#8220;|||&#8220;][et_pb_blog fullwidth=&#8220;off&#8220; include_categories=&#8220;1&#8243; _builder_version=&#8220;4.4.2&#8243; custom_padding=&#8220;|0px||||&#8220; border_radii_image=&#8220;off||||&#8220; border_radii_image_last_edited=&#8220;off|desktop&#8220;][\/et_pb_blog][et_pb_blog fullwidth=&#8220;off&#8220; _builder_version=&#8220;4.4.2&#8243;][\/et_pb_blog][\/et_pb_column_inner][\/et_pb_row_inner][\/et_pb_column][et_pb_column type=&#8220;1_3&#8243; _builder_version=&#8220;3.25&#8243; custom_padding=&#8220;|||&#8220; custom_padding__hover=&#8220;|||&#8220;][et_pb_sidebar _builder_version=&#8220;4.4.2&#8243; header_text_color=&#8220;#6b6b6b&#8220; body_font=&#8220;Rubik||||||||&#8220; body_text_color=&#8220;#000000&#8243; body_font_size=&#8220;14px&#8220; hover_enabled=&#8220;0&#8243;][\/et_pb_sidebar][\/et_pb_column][\/et_pb_section][et_pb_section fb_built=&#8220;1&#8243; admin_label=&#8220;Footer&#8220; _builder_version=&#8220;4.4.2&#8243; background_color=&#8220;rgba(214,214,214,0.6)&#8220; use_background_color_gradient=&#8220;on&#8220; background_color_gradient_start=&#8220;rgba(255,255,255,0)&#8220; background_color_gradient_end=&#8220;rgba(41,196,169,0)&#8220; background_enable_image=&#8220;off&#8220; parallax=&#8220;on&#8220; custom_margin=&#8220;|||&#8220; custom_padding=&#8220;|||&#8220;][et_pb_row column_structure=&#8220;1_2,1_2&#8243; use_custom_gutter=&#8220;on&#8220; gutter_width=&#8220;2&#8243; make_equal=&#8220;on&#8220; _builder_version=&#8220;4.4.2&#8243; custom_padding=&#8220;|||&#8220; animation_style=&#8220;fade&#8220; border_radii=&#8220;on|10px|10px|10px|10px&#8220;][et_pb_column type=&#8220;1_2&#8243; _builder_version=&#8220;3.25&#8243; custom_padding=&#8220;|||&#8220; custom_padding__hover=&#8220;|||&#8220;][et_pb_cta title=&#8220;Kontakt &#8220; button_url=&#8220;#top&#8220; _builder_version=&#8220;4.4.2&#8243; header_font=&#8220;Rubik|700|||||||&#8220; header_font_size=&#8220;40px&#8220; header_line_height=&#8220;1.7em&#8220; body_font=&#8220;Rubik||||||||&#8220; body_line_height=&#8220;2em&#8220; background_color=&#8220;#ffffff&#8220; custom_button=&#8220;on&#8220; button_text_size=&#8220;16px&#8220; button_text_color=&#8220;#ffffff&#8220; button_bg_color=&#8220;#7f5aff&#8220; button_border_width=&#8220;10px&#8220; button_border_color=&#8220;rgba(65,65,144,0)&#8220; button_border_radius=&#8220;70px&#8220; button_font=&#8220;Rubik|700|||||||&#8220; button_use_icon=&#8220;off&#8220; text_orientation=&#8220;left&#8220; background_layout=&#8220;light&#8220; max_width_last_edited=&#8220;off|desktop&#8220; module_alignment=&#8220;right&#8220; custom_margin=&#8220;|||&#8220; custom_padding=&#8220;64px|60px|64px|60px|true&#8220; header_font_size_tablet=&#8220;&#8220; header_font_size_phone=&#8220;30px&#8220; header_font_size_last_edited=&#8220;on|phone&#8220; body_line_height_last_edited=&#8220;off|desktop&#8220; border_radii=&#8220;on|10px|10px|10px|10px&#8220; button_text_color_hover=&#8220;#ffffff&#8220; button_border_radius_hover=&#8220;70px&#8220; button_bg_color_hover=&#8220;#9577ff&#8220; button_text_size__hover_enabled=&#8220;off&#8220; button_one_text_size__hover_enabled=&#8220;off&#8220; button_two_text_size__hover_enabled=&#8220;off&#8220; button_text_color__hover_enabled=&#8220;on&#8220; button_text_color__hover=&#8220;#ffffff&#8220; button_one_text_color__hover_enabled=&#8220;off&#8220; button_two_text_color__hover_enabled=&#8220;off&#8220; button_border_width__hover_enabled=&#8220;off&#8220; button_one_border_width__hover_enabled=&#8220;off&#8220; button_two_border_width__hover_enabled=&#8220;off&#8220; button_border_color__hover_enabled=&#8220;off&#8220; button_one_border_color__hover_enabled=&#8220;off&#8220; button_two_border_color__hover_enabled=&#8220;off&#8220; button_border_radius__hover_enabled=&#8220;on&#8220; button_border_radius__hover=&#8220;70px&#8220; button_one_border_radius__hover_enabled=&#8220;off&#8220; button_two_border_radius__hover_enabled=&#8220;off&#8220; button_letter_spacing__hover_enabled=&#8220;off&#8220; button_one_letter_spacing__hover_enabled=&#8220;off&#8220; button_two_letter_spacing__hover_enabled=&#8220;off&#8220; button_bg_color__hover_enabled=&#8220;on&#8220; button_bg_color__hover=&#8220;#9577ff&#8220; button_one_bg_color__hover_enabled=&#8220;off&#8220; button_two_bg_color__hover_enabled=&#8220;off&#8220;]<\/p>\n<p><strong>Verwaltung<\/strong><br \/> <strong>Adresse:<\/strong> Margaretenstra\u00dfe 6, 48145 M\u00fcnster<br \/> <strong>Telefon:<\/strong> 025164234<br \/> <strong>E-Mail:<\/strong> <a href=\"mailto:overbergschule@stadt-muenster.de\">overbergschule@stadt-muenster.de<\/a><br \/> <strong>Schulleitung:<\/strong> Georg Sistemich<br \/> <strong>Sekretariats-\u00d6ffnungszeiten:<\/strong><br \/> Montag bis Donnerstag: 7:45-12:30<\/p>\n<p>[\/et_pb_cta][\/et_pb_column][et_pb_column type=&#8220;1_2&#8243; _builder_version=&#8220;3.25&#8243; custom_padding=&#8220;|||&#8220; custom_padding__hover=&#8220;|||&#8220;][et_pb_cta title=&#8220;B\u00fcro Offener Ganztag&#8220; button_url=&#8220;#top&#8220; _builder_version=&#8220;4.4.2&#8243; header_font=&#8220;Rubik|700|||||||&#8220; header_font_size=&#8220;40px&#8220; header_line_height=&#8220;1.5em&#8220; body_font=&#8220;Rubik||||||||&#8220; body_line_height=&#8220;2em&#8220; background_color=&#8220;#ffffff&#8220; custom_button=&#8220;on&#8220; button_text_size=&#8220;16px&#8220; button_text_color=&#8220;#ffffff&#8220; button_bg_color=&#8220;#7f5aff&#8220; button_border_width=&#8220;10px&#8220; button_border_color=&#8220;rgba(65,65,144,0)&#8220; button_border_radius=&#8220;70px&#8220; button_font=&#8220;Rubik|700|||||||&#8220; button_use_icon=&#8220;off&#8220; text_orientation=&#8220;left&#8220; background_layout=&#8220;light&#8220; max_width_last_edited=&#8220;off|desktop&#8220; module_alignment=&#8220;right&#8220; custom_margin=&#8220;|||&#8220; custom_padding=&#8220;64px|60px|64px|60px|true&#8220; header_font_size_tablet=&#8220;&#8220; header_font_size_phone=&#8220;30px&#8220; header_font_size_last_edited=&#8220;on|phone&#8220; body_line_height_last_edited=&#8220;off|desktop&#8220; border_radii=&#8220;on|10px|10px|10px|10px&#8220; button_text_color_hover=&#8220;#ffffff&#8220; button_border_radius_hover=&#8220;70px&#8220; button_bg_color_hover=&#8220;#9577ff&#8220; button_text_size__hover_enabled=&#8220;off&#8220; button_one_text_size__hover_enabled=&#8220;off&#8220; button_two_text_size__hover_enabled=&#8220;off&#8220; button_text_color__hover_enabled=&#8220;on&#8220; button_text_color__hover=&#8220;#ffffff&#8220; button_one_text_color__hover_enabled=&#8220;off&#8220; button_two_text_color__hover_enabled=&#8220;off&#8220; button_border_width__hover_enabled=&#8220;off&#8220; button_one_border_width__hover_enabled=&#8220;off&#8220; button_two_border_width__hover_enabled=&#8220;off&#8220; button_border_color__hover_enabled=&#8220;off&#8220; button_one_border_color__hover_enabled=&#8220;off&#8220; button_two_border_color__hover_enabled=&#8220;off&#8220; button_border_radius__hover_enabled=&#8220;on&#8220; button_border_radius__hover=&#8220;70px&#8220; button_one_border_radius__hover_enabled=&#8220;off&#8220; button_two_border_radius__hover_enabled=&#8220;off&#8220; button_letter_spacing__hover_enabled=&#8220;off&#8220; button_one_letter_spacing__hover_enabled=&#8220;off&#8220; button_two_letter_spacing__hover_enabled=&#8220;off&#8220; button_bg_color__hover_enabled=&#8220;on&#8220; button_bg_color__hover=&#8220;#9577ff&#8220; button_one_bg_color__hover_enabled=&#8220;off&#8220; button_two_bg_color__hover_enabled=&#8220;off&#8220;]<span class=\"w8qArf\"><strong>Adresse:<\/strong> Margaretenstra\u00dfe 6, 48145 M\u00fcnster<br \/>\n<strong>Telefon:<\/strong> 0251666988<br \/>\n<strong>E-Mail:<\/strong><a href=\"mailto:erlebach@stadt-muenster.de\"> erlebach@stadt-muenster.de<\/a><br \/>\n<strong>OGT-Koordination:<\/strong> Jenny Erlebach<\/span><br \/>\n&nbsp;[\/et_pb_cta][\/et_pb_column][\/et_pb_row][\/et_pb_section]<\/p>\n","protected":false},"excerpt":{"rendered":"<p>Verwaltung Adresse: Margaretenstra\u00dfe 6, 48145 M\u00fcnster Telefon: 025164234 E-Mail: overbergschule@stadt-muenster.de Schulleitung: Georg Sistemich Sekretariats-\u00d6ffnungszeiten: Montag bis Donnerstag: 7:45-12:30Adresse: Margaretenstra\u00dfe 6, 48145 M\u00fcnster Telefon: 0251666988 E-Mail: erlebach@stadt-muenster.de OGT-Koordination: Jenny Erlebach &nbsp;<\/p>\n","protected":false},"author":2,"featured_media":2078,"parent":0,"menu_order":0,"comment_status":"closed","ping_status":"closed","template":"","meta":{"_et_pb_use_builder":"on","_et_pb_old_content":"","_et_gb_content_width":"","_mc_calendar":[],"footnotes":""},"class_list":["post-65","page","type-page","status-publish","has-post-thumbnail","hentry"],"_links":{"self":[{"href":"https:\/\/muenster.org\/overbergschule\/wp-json\/wp\/v2\/pages\/65","targetHints":{"allow":["GET"]}}],"collection":[{"href":"https:\/\/muenster.org\/overbergschule\/wp-json\/wp\/v2\/pages"}],"about":[{"href":"https:\/\/muenster.org\/overbergschule\/wp-json\/wp\/v2\/types\/page"}],"author":[{"embeddable":true,"href":"https:\/\/muenster.org\/overbergschule\/wp-json\/wp\/v2\/users\/2"}],"replies":[{"embeddable":true,"href":"https:\/\/muenster.org\/overbergschule\/wp-json\/wp\/v2\/comments?post=65"}],"version-history":[{"count":24,"href":"https:\/\/muenster.org\/overbergschule\/wp-json\/wp\/v2\/pages\/65\/revisions"}],"predecessor-version":[{"id":4192,"href":"https:\/\/muenster.org\/overbergschule\/wp-json\/wp\/v2\/pages\/65\/revisions\/4192"}],"wp:featuredmedia":[{"embeddable":true,"href":"https:\/\/muenster.org\/overbergschule\/wp-json\/wp\/v2\/media\/2078"}],"wp:attachment":[{"href":"https:\/\/muenster.org\/overbergschule\/wp-json\/wp\/v2\/media?parent=65"}],"curies":[{"name":"wp","href":"https:\/\/api.w.org\/{rel}","templated":true}]}}