{"id":1049,"date":"2024-04-27T14:56:13","date_gmt":"2024-04-27T12:56:13","guid":{"rendered":"https:\/\/muenster.org\/schanze\/?page_id=1049"},"modified":"2024-04-28T18:57:30","modified_gmt":"2024-04-28T16:57:30","slug":"monika-wesselmann","status":"publish","type":"page","link":"https:\/\/muenster.org\/schanze\/aktuelles\/aktuelle\/monika-wesselmann\/","title":{"rendered":"Monika We\u00dfelmann"},"content":{"rendered":"\n<p><em><strong>Skulptur &#8211; Malerei &#8211; Zeichnung<\/strong><\/em><\/p>\n\n\n\n<figure class=\"wp-block-image size-large is-resized\"><img loading=\"lazy\" decoding=\"async\" width=\"776\" height=\"1024\" src=\"https:\/\/muenster.org\/schanze\/wp-content\/uploads\/2024\/04\/Monika-Wesselmann-Atelierfoto-fuer-Schanze-IMG_5437-776x1024.jpg\" alt=\"\" class=\"wp-image-1052\" style=\"width:380px;height:auto\" srcset=\"https:\/\/muenster.org\/schanze\/wp-content\/uploads\/2024\/04\/Monika-Wesselmann-Atelierfoto-fuer-Schanze-IMG_5437-776x1024.jpg 776w, https:\/\/muenster.org\/schanze\/wp-content\/uploads\/2024\/04\/Monika-Wesselmann-Atelierfoto-fuer-Schanze-IMG_5437-227x300.jpg 227w, https:\/\/muenster.org\/schanze\/wp-content\/uploads\/2024\/04\/Monika-Wesselmann-Atelierfoto-fuer-Schanze-IMG_5437-768x1014.jpg 768w, https:\/\/muenster.org\/schanze\/wp-content\/uploads\/2024\/04\/Monika-Wesselmann-Atelierfoto-fuer-Schanze-IMG_5437-1163x1536.jpg 1163w, https:\/\/muenster.org\/schanze\/wp-content\/uploads\/2024\/04\/Monika-Wesselmann-Atelierfoto-fuer-Schanze-IMG_5437.jpg 1392w\" sizes=\"auto, (max-width: 776px) 100vw, 776px\" \/><\/figure>\n\n\n\n<p><strong>Aufgewachsen in Ostwestfalen<\/strong><\/p>\n\n\n\n<p><strong>Ausbildung: Kunst\/Kunstp\u00e4dagogik sowie Sonderp\u00e4dagogik<\/strong><\/p>\n\n\n\n<p><strong>an den Universit\u00e4ten Paderborn, M\u00fcnster und Dortmund<\/strong><\/p>\n\n\n\n<p><strong>Langj\u00e4hrige Unterrichtst\u00e4tigkeit an Schulen<\/strong><\/p>\n\n\n\n<p><strong>von 2005 bis 2020 Aufenthalt in Gro\u00dfbritannien, dort<\/strong><\/p>\n\n\n\n<p><strong>k\u00fcnstlerische Fortbildung und Freelance Arbeit<\/strong><\/p>\n\n\n\n<p><strong>seit 2021 &#8211; lebt und arbeitet im M\u00fcnsterland<\/strong><\/p>\n\n\n\n<p><strong>Mitgliedschaften:&nbsp;<\/strong><\/p>\n\n\n\n<p><strong>Norwich20group, Norfolk Contemporary Art Society,&nbsp;<\/strong><\/p>\n\n\n\n<p><strong>East Anglian Art Fund, alle UK<\/strong><\/p>\n\n\n\n<p><strong>seit 2023 K\u00fcnstlergemeinschaft Schanze, M\u00fcnster<\/strong><\/p>\n\n\n\n<p><a href=\"https:\/\/monika-wesselmann.art\"><strong>https:\/\/monika-wesselmann.art<\/strong><\/a><\/p>\n\n\n\n<p><strong><a href=\"mailto:mo.wesselmann%2Bart@gmail.com\" target=\"_blank\" rel=\"noreferrer noopener\">mo.wesselmann+art@gmail.com<\/a><\/strong><\/p>\n\n\n\n<p><\/p>\n\n\n\n<figure class=\"wp-block-image size-large is-resized\"><img loading=\"lazy\" decoding=\"async\" width=\"768\" height=\"1024\" src=\"https:\/\/muenster.org\/schanze\/wp-content\/uploads\/2024\/04\/Monika-Wesselmann-The-Touch-Catalogue-Image-768x1024.jpg\" alt=\"\" class=\"wp-image-1057\" style=\"width:368px;height:auto\" srcset=\"https:\/\/muenster.org\/schanze\/wp-content\/uploads\/2024\/04\/Monika-Wesselmann-The-Touch-Catalogue-Image-768x1024.jpg 768w, https:\/\/muenster.org\/schanze\/wp-content\/uploads\/2024\/04\/Monika-Wesselmann-The-Touch-Catalogue-Image-225x300.jpg 225w, https:\/\/muenster.org\/schanze\/wp-content\/uploads\/2024\/04\/Monika-Wesselmann-The-Touch-Catalogue-Image-1152x1536.jpg 1152w, https:\/\/muenster.org\/schanze\/wp-content\/uploads\/2024\/04\/Monika-Wesselmann-The-Touch-Catalogue-Image-1536x2048.jpg 1536w, https:\/\/muenster.org\/schanze\/wp-content\/uploads\/2024\/04\/Monika-Wesselmann-The-Touch-Catalogue-Image-scaled.jpg 1920w\" sizes=\"auto, (max-width: 768px) 100vw, 768px\" \/><\/figure>\n\n\n\n<p><strong>The Touch (Bronze)<\/strong><\/p>\n\n\n\n<figure class=\"wp-block-image size-large is-resized\"><img loading=\"lazy\" decoding=\"async\" width=\"810\" height=\"1024\" src=\"https:\/\/muenster.org\/schanze\/wp-content\/uploads\/2024\/04\/Monika-Wesselmann-Ernest-fuer-Schanze-IMG_0821-810x1024.jpg\" alt=\"\" class=\"wp-image-1058\" style=\"width:368px;height:auto\" srcset=\"https:\/\/muenster.org\/schanze\/wp-content\/uploads\/2024\/04\/Monika-Wesselmann-Ernest-fuer-Schanze-IMG_0821-810x1024.jpg 810w, https:\/\/muenster.org\/schanze\/wp-content\/uploads\/2024\/04\/Monika-Wesselmann-Ernest-fuer-Schanze-IMG_0821-237x300.jpg 237w, https:\/\/muenster.org\/schanze\/wp-content\/uploads\/2024\/04\/Monika-Wesselmann-Ernest-fuer-Schanze-IMG_0821-768x971.jpg 768w, https:\/\/muenster.org\/schanze\/wp-content\/uploads\/2024\/04\/Monika-Wesselmann-Ernest-fuer-Schanze-IMG_0821-1215x1536.jpg 1215w, https:\/\/muenster.org\/schanze\/wp-content\/uploads\/2024\/04\/Monika-Wesselmann-Ernest-fuer-Schanze-IMG_0821-1620x2048.jpg 1620w, https:\/\/muenster.org\/schanze\/wp-content\/uploads\/2024\/04\/Monika-Wesselmann-Ernest-fuer-Schanze-IMG_0821-scaled.jpg 2025w\" sizes=\"auto, (max-width: 810px) 100vw, 810px\" \/><\/figure>\n\n\n\n<p><strong>Ernest (Collage, Acryl)<\/strong><\/p>\n\n\n\n<figure class=\"wp-block-image size-large is-resized\"><img loading=\"lazy\" decoding=\"async\" width=\"768\" height=\"1024\" src=\"https:\/\/muenster.org\/schanze\/wp-content\/uploads\/2024\/04\/Ignition-Monika-Wesselmann-Catalogue-Image-2024-IMG_5026-768x1024.jpg\" alt=\"\" class=\"wp-image-1060\" style=\"width:371px;height:auto\" srcset=\"https:\/\/muenster.org\/schanze\/wp-content\/uploads\/2024\/04\/Ignition-Monika-Wesselmann-Catalogue-Image-2024-IMG_5026-768x1024.jpg 768w, https:\/\/muenster.org\/schanze\/wp-content\/uploads\/2024\/04\/Ignition-Monika-Wesselmann-Catalogue-Image-2024-IMG_5026-225x300.jpg 225w, https:\/\/muenster.org\/schanze\/wp-content\/uploads\/2024\/04\/Ignition-Monika-Wesselmann-Catalogue-Image-2024-IMG_5026-1152x1536.jpg 1152w, https:\/\/muenster.org\/schanze\/wp-content\/uploads\/2024\/04\/Ignition-Monika-Wesselmann-Catalogue-Image-2024-IMG_5026-1536x2048.jpg 1536w, https:\/\/muenster.org\/schanze\/wp-content\/uploads\/2024\/04\/Ignition-Monika-Wesselmann-Catalogue-Image-2024-IMG_5026-scaled.jpg 1920w\" sizes=\"auto, (max-width: 768px) 100vw, 768px\" \/><\/figure>\n\n\n\n<p><strong>Ignition (Collage, Acryl)<\/strong><\/p>\n\n\n\n<figure class=\"wp-block-image size-large is-resized\"><img loading=\"lazy\" decoding=\"async\" width=\"832\" height=\"1024\" src=\"https:\/\/muenster.org\/schanze\/wp-content\/uploads\/2024\/04\/Monika-Wesselmann-Conversation-Piece-Homage-to-Carlos-Munoz-fuer-Schanze-832x1024.jpg\" alt=\"\" class=\"wp-image-1061\" style=\"width:369px;height:auto\" srcset=\"https:\/\/muenster.org\/schanze\/wp-content\/uploads\/2024\/04\/Monika-Wesselmann-Conversation-Piece-Homage-to-Carlos-Munoz-fuer-Schanze-832x1024.jpg 832w, https:\/\/muenster.org\/schanze\/wp-content\/uploads\/2024\/04\/Monika-Wesselmann-Conversation-Piece-Homage-to-Carlos-Munoz-fuer-Schanze-244x300.jpg 244w, https:\/\/muenster.org\/schanze\/wp-content\/uploads\/2024\/04\/Monika-Wesselmann-Conversation-Piece-Homage-to-Carlos-Munoz-fuer-Schanze-768x945.jpg 768w, https:\/\/muenster.org\/schanze\/wp-content\/uploads\/2024\/04\/Monika-Wesselmann-Conversation-Piece-Homage-to-Carlos-Munoz-fuer-Schanze-1248x1536.jpg 1248w, https:\/\/muenster.org\/schanze\/wp-content\/uploads\/2024\/04\/Monika-Wesselmann-Conversation-Piece-Homage-to-Carlos-Munoz-fuer-Schanze-1664x2048.jpg 1664w\" sizes=\"auto, (max-width: 832px) 100vw, 832px\" \/><\/figure>\n\n\n\n<p><strong>Conversation Piece &#8211; Homage to C. Munoz (Kohlezeichnung)<\/strong><\/p>\n","protected":false},"excerpt":{"rendered":"<p>Skulptur &#8211; Malerei &#8211; Zeichnung Aufgewachsen in Ostwestfalen Ausbildung: Kunst\/Kunstp\u00e4dagogik sowie Sonderp\u00e4dagogik an den Universit\u00e4ten Paderborn, M\u00fcnster und Dortmund Langj\u00e4hrige Unterrichtst\u00e4tigkeit an Schulen von 2005 bis 2020 Aufenthalt in Gro\u00dfbritannien, dort k\u00fcnstlerische Fortbildung und Freelance Arbeit seit 2021 &#8211; lebt und arbeitet im M\u00fcnsterland Mitgliedschaften:&nbsp; Norwich20group, Norfolk Contemporary Art Society,&nbsp; East Anglian Art Fund, alle &hellip; <a href=\"https:\/\/muenster.org\/schanze\/aktuelles\/aktuelle\/monika-wesselmann\/\" class=\"more-link\"><span class=\"screen-reader-text\">Monika We\u00dfelmann<\/span> weiterlesen<\/a><\/p>\n","protected":false},"author":1,"featured_media":0,"parent":42,"menu_order":-2,"comment_status":"closed","ping_status":"closed","template":"","meta":{"ngg_post_thumbnail":0,"footnotes":""},"class_list":["post-1049","page","type-page","status-publish","hentry"],"_links":{"self":[{"href":"https:\/\/muenster.org\/schanze\/wp-json\/wp\/v2\/pages\/1049","targetHints":{"allow":["GET"]}}],"collection":[{"href":"https:\/\/muenster.org\/schanze\/wp-json\/wp\/v2\/pages"}],"about":[{"href":"https:\/\/muenster.org\/schanze\/wp-json\/wp\/v2\/types\/page"}],"author":[{"embeddable":true,"href":"https:\/\/muenster.org\/schanze\/wp-json\/wp\/v2\/users\/1"}],"replies":[{"embeddable":true,"href":"https:\/\/muenster.org\/schanze\/wp-json\/wp\/v2\/comments?post=1049"}],"version-history":[{"count":7,"href":"https:\/\/muenster.org\/schanze\/wp-json\/wp\/v2\/pages\/1049\/revisions"}],"predecessor-version":[{"id":1073,"href":"https:\/\/muenster.org\/schanze\/wp-json\/wp\/v2\/pages\/1049\/revisions\/1073"}],"up":[{"embeddable":true,"href":"https:\/\/muenster.org\/schanze\/wp-json\/wp\/v2\/pages\/42"}],"wp:attachment":[{"href":"https:\/\/muenster.org\/schanze\/wp-json\/wp\/v2\/media?parent=1049"}],"curies":[{"name":"wp","href":"https:\/\/api.w.org\/{rel}","templated":true}]}}