{"id":1077,"date":"2024-05-06T08:39:39","date_gmt":"2024-05-06T06:39:39","guid":{"rendered":"https:\/\/muenster.org\/schanze\/?page_id=1077"},"modified":"2024-05-06T08:39:39","modified_gmt":"2024-05-06T06:39:39","slug":"mechthild-bickmann","status":"publish","type":"page","link":"https:\/\/muenster.org\/schanze\/mechthild-bickmann\/","title":{"rendered":"Mechthild Bickmann"},"content":{"rendered":"\n<h2 class=\"wp-block-heading\">Malerin<\/h2>\n\n\n\n<figure class=\"wp-block-image size-large is-resized\"><img loading=\"lazy\" decoding=\"async\" width=\"1024\" height=\"1024\" src=\"https:\/\/muenster.org\/schanze\/wp-content\/uploads\/2024\/05\/Foto-1024x1024.jpg\" alt=\"\" class=\"wp-image-1078\" style=\"width:402px;height:auto\" srcset=\"https:\/\/muenster.org\/schanze\/wp-content\/uploads\/2024\/05\/Foto-1024x1024.jpg 1024w, https:\/\/muenster.org\/schanze\/wp-content\/uploads\/2024\/05\/Foto-300x300.jpg 300w, https:\/\/muenster.org\/schanze\/wp-content\/uploads\/2024\/05\/Foto-150x150.jpg 150w, https:\/\/muenster.org\/schanze\/wp-content\/uploads\/2024\/05\/Foto-768x768.jpg 768w, https:\/\/muenster.org\/schanze\/wp-content\/uploads\/2024\/05\/Foto-1536x1536.jpg 1536w, https:\/\/muenster.org\/schanze\/wp-content\/uploads\/2024\/05\/Foto-2048x2048.jpg 2048w\" sizes=\"auto, (max-width: 1024px) 100vw, 1024px\" \/><\/figure>\n\n\n\n<p><\/p>\n\n\n\n<p>Geboren und aufgewachsen im s\u00fcdlichen M\u00fcnsterland<\/p>\n\n\n\n<p>Kaufm\u00e4nnische T\u00e4tigkeiten im In- und Ausland, Betriebswirtin<\/p>\n\n\n\n<p>Berufliche Neuorientierung, Studium der Kunstp\u00e4dagogik und Kunsttherapie, Abschluss Diplom<\/p>\n\n\n\n<p>Fachlehrerin f\u00fcr Kunst<\/p>\n\n\n\n<p>Freischaffende K\u00fcnstlerin<\/p>\n\n\n\n<p>Nach urspr\u00fcnglich vorwiegend bildhauerischen T\u00e4tigkeiten und der Anwendung von Drucktechniken ist heute das Malen Schwerpunkt des k\u00fcnstlerischen Wirkens. Durch das T\u00e4tigwerden wird auf der Leinwand oder dem Papier mit Acryl- und Aquarellfarben sowie Tuschen und Kreiden eine eigene Bildsprache dokumentiert, die sich aus dem Spannungsfeld von Farbfl\u00e4che und Linie ergibt. Eine derart ausformulierte k\u00fcnstlerische Gestaltung reflektiert ein st\u00e4ndiges Suchen in der Vielfalt des Lebens auf eine komplexe Herangehensweise.<\/p>\n\n\n\n<p><strong>Ausstellungen und Ausstellungsbeteiligungen (Auswahl)<\/strong><\/p>\n\n\n\n<p>Ausstellung \u201eOffenes Atelier im M\u00fcnsterland\u201c, Fachwerkhaus Gennerich, Havixbeck<\/p>\n\n\n\n<p>Ausstellungsbeteiligung \u201eBurg Art\u201c, Burg L\u00fcdinghausen<\/p>\n\n\n\n<p>Ausstellung \u201eKunstwerk des Monats\u201c, Erphokirche M\u00fcnster<\/p>\n\n\n\n<p>Ausstellungsbeteiligung \u201eOpen Wall\u201c, Kap 8 \u2013 Forum f\u00fcr Kunst und Kultur, M\u00fcnster<\/p>\n\n\n\n<p>Ausstellung \u201eStirb und Werde\u201c, Arztpraxis Dr. Feldeisen, Hamm<\/p>\n\n\n\n<p>Ausstellungsbeteiligung \u201eFreiraum\u201c der K\u00fcnstlergemeinschaft Spektrum 77, Bezirksregierung M\u00fcnster<\/p>\n\n\n\n<p>Ausstellungsbeteiligung \u201eFarbe bekennen\u201c der K\u00fcnstlergemeinschaft Spektrum 77, Haus der Niederlande, M\u00fcnster<\/p>\n\n\n\n<p>Ausstellungsbeteiligung \u201eMenschenrechte\u201c des Kunstkreises Papengesellschaft Marsberg, Kloster Bredelaer<\/p>\n\n\n\n<p>Ausstellungsbeteiligung \u201eDialog\u201c der K\u00fcnstlergemeinschaft Spektrum 77, Haus der Niederlande, M\u00fcnster<\/p>\n\n\n\n<figure class=\"wp-block-image size-large is-resized\"><img loading=\"lazy\" decoding=\"async\" width=\"1009\" height=\"1024\" src=\"https:\/\/muenster.org\/schanze\/wp-content\/uploads\/2024\/05\/Zwischenraum-1-1009x1024.jpg\" alt=\"\" class=\"wp-image-1081\" style=\"width:469px;height:auto\" srcset=\"https:\/\/muenster.org\/schanze\/wp-content\/uploads\/2024\/05\/Zwischenraum-1-1009x1024.jpg 1009w, https:\/\/muenster.org\/schanze\/wp-content\/uploads\/2024\/05\/Zwischenraum-1-296x300.jpg 296w, https:\/\/muenster.org\/schanze\/wp-content\/uploads\/2024\/05\/Zwischenraum-1-768x780.jpg 768w, https:\/\/muenster.org\/schanze\/wp-content\/uploads\/2024\/05\/Zwischenraum-1-1513x1536.jpg 1513w, https:\/\/muenster.org\/schanze\/wp-content\/uploads\/2024\/05\/Zwischenraum-1-2018x2048.jpg 2018w\" sizes=\"auto, (max-width: 1009px) 100vw, 1009px\" \/><\/figure>\n\n\n\n<p>Zwischenraum<\/p>\n\n\n\n<figure class=\"wp-block-image size-large is-resized\"><img loading=\"lazy\" decoding=\"async\" width=\"1024\" height=\"1024\" src=\"https:\/\/muenster.org\/schanze\/wp-content\/uploads\/2024\/05\/Freibleiben-1-1024x1024.jpg\" alt=\"\" class=\"wp-image-1082\" style=\"width:470px;height:auto\" srcset=\"https:\/\/muenster.org\/schanze\/wp-content\/uploads\/2024\/05\/Freibleiben-1-1024x1024.jpg 1024w, https:\/\/muenster.org\/schanze\/wp-content\/uploads\/2024\/05\/Freibleiben-1-300x300.jpg 300w, https:\/\/muenster.org\/schanze\/wp-content\/uploads\/2024\/05\/Freibleiben-1-150x150.jpg 150w, https:\/\/muenster.org\/schanze\/wp-content\/uploads\/2024\/05\/Freibleiben-1-768x768.jpg 768w, https:\/\/muenster.org\/schanze\/wp-content\/uploads\/2024\/05\/Freibleiben-1-1536x1536.jpg 1536w, https:\/\/muenster.org\/schanze\/wp-content\/uploads\/2024\/05\/Freibleiben-1-2048x2048.jpg 2048w\" sizes=\"auto, (max-width: 1024px) 100vw, 1024px\" \/><\/figure>\n\n\n\n<p>Freibleiben<\/p>\n\n\n\n<figure class=\"wp-block-image size-large is-resized\"><img loading=\"lazy\" decoding=\"async\" width=\"513\" height=\"1024\" src=\"https:\/\/muenster.org\/schanze\/wp-content\/uploads\/2024\/05\/Kreuze-513x1024.jpg\" alt=\"\" class=\"wp-image-1083\" style=\"width:472px;height:auto\" srcset=\"https:\/\/muenster.org\/schanze\/wp-content\/uploads\/2024\/05\/Kreuze-513x1024.jpg 513w, https:\/\/muenster.org\/schanze\/wp-content\/uploads\/2024\/05\/Kreuze-150x300.jpg 150w, https:\/\/muenster.org\/schanze\/wp-content\/uploads\/2024\/05\/Kreuze-768x1534.jpg 768w, https:\/\/muenster.org\/schanze\/wp-content\/uploads\/2024\/05\/Kreuze-769x1536.jpg 769w, https:\/\/muenster.org\/schanze\/wp-content\/uploads\/2024\/05\/Kreuze-1025x2048.jpg 1025w, https:\/\/muenster.org\/schanze\/wp-content\/uploads\/2024\/05\/Kreuze-scaled.jpg 1282w\" sizes=\"auto, (max-width: 513px) 100vw, 513px\" \/><\/figure>\n\n\n\n<p>Kreuze<\/p>\n\n\n\n<figure class=\"wp-block-image size-large is-resized\"><img loading=\"lazy\" decoding=\"async\" width=\"1024\" height=\"1024\" src=\"https:\/\/muenster.org\/schanze\/wp-content\/uploads\/2024\/05\/Nachbarin-1024x1024.jpg\" alt=\"\" class=\"wp-image-1084\" style=\"width:474px;height:auto\" srcset=\"https:\/\/muenster.org\/schanze\/wp-content\/uploads\/2024\/05\/Nachbarin-1024x1024.jpg 1024w, https:\/\/muenster.org\/schanze\/wp-content\/uploads\/2024\/05\/Nachbarin-300x300.jpg 300w, https:\/\/muenster.org\/schanze\/wp-content\/uploads\/2024\/05\/Nachbarin-150x150.jpg 150w, https:\/\/muenster.org\/schanze\/wp-content\/uploads\/2024\/05\/Nachbarin-768x768.jpg 768w, https:\/\/muenster.org\/schanze\/wp-content\/uploads\/2024\/05\/Nachbarin-1536x1536.jpg 1536w, https:\/\/muenster.org\/schanze\/wp-content\/uploads\/2024\/05\/Nachbarin-2048x2048.jpg 2048w\" sizes=\"auto, (max-width: 1024px) 100vw, 1024px\" \/><\/figure>\n\n\n\n<p>Nachbarin<\/p>\n\n\n\n<figure class=\"wp-block-image size-large is-resized\"><img loading=\"lazy\" decoding=\"async\" width=\"1024\" height=\"1024\" src=\"https:\/\/muenster.org\/schanze\/wp-content\/uploads\/2024\/05\/Felder-1024x1024.jpg\" alt=\"\" class=\"wp-image-1085\" style=\"width:473px;height:auto\" srcset=\"https:\/\/muenster.org\/schanze\/wp-content\/uploads\/2024\/05\/Felder-1024x1024.jpg 1024w, https:\/\/muenster.org\/schanze\/wp-content\/uploads\/2024\/05\/Felder-300x300.jpg 300w, https:\/\/muenster.org\/schanze\/wp-content\/uploads\/2024\/05\/Felder-150x150.jpg 150w, https:\/\/muenster.org\/schanze\/wp-content\/uploads\/2024\/05\/Felder-768x768.jpg 768w, https:\/\/muenster.org\/schanze\/wp-content\/uploads\/2024\/05\/Felder-1536x1536.jpg 1536w, https:\/\/muenster.org\/schanze\/wp-content\/uploads\/2024\/05\/Felder-2048x2048.jpg 2048w\" sizes=\"auto, (max-width: 1024px) 100vw, 1024px\" \/><\/figure>\n\n\n\n<p>Felder<\/p>\n","protected":false},"excerpt":{"rendered":"<p>Malerin Geboren und aufgewachsen im s\u00fcdlichen M\u00fcnsterland Kaufm\u00e4nnische T\u00e4tigkeiten im In- und Ausland, Betriebswirtin Berufliche Neuorientierung, Studium der Kunstp\u00e4dagogik und Kunsttherapie, Abschluss Diplom Fachlehrerin f\u00fcr Kunst Freischaffende K\u00fcnstlerin Nach urspr\u00fcnglich vorwiegend bildhauerischen T\u00e4tigkeiten und der Anwendung von Drucktechniken ist heute das Malen Schwerpunkt des k\u00fcnstlerischen Wirkens. Durch das T\u00e4tigwerden wird auf der Leinwand oder dem &hellip; <a href=\"https:\/\/muenster.org\/schanze\/mechthild-bickmann\/\" class=\"more-link\"><span class=\"screen-reader-text\">Mechthild Bickmann<\/span> weiterlesen<\/a><\/p>\n","protected":false},"author":1,"featured_media":0,"parent":0,"menu_order":0,"comment_status":"closed","ping_status":"closed","template":"","meta":{"ngg_post_thumbnail":0,"footnotes":""},"class_list":["post-1077","page","type-page","status-publish","hentry"],"_links":{"self":[{"href":"https:\/\/muenster.org\/schanze\/wp-json\/wp\/v2\/pages\/1077","targetHints":{"allow":["GET"]}}],"collection":[{"href":"https:\/\/muenster.org\/schanze\/wp-json\/wp\/v2\/pages"}],"about":[{"href":"https:\/\/muenster.org\/schanze\/wp-json\/wp\/v2\/types\/page"}],"author":[{"embeddable":true,"href":"https:\/\/muenster.org\/schanze\/wp-json\/wp\/v2\/users\/1"}],"replies":[{"embeddable":true,"href":"https:\/\/muenster.org\/schanze\/wp-json\/wp\/v2\/comments?post=1077"}],"version-history":[{"count":1,"href":"https:\/\/muenster.org\/schanze\/wp-json\/wp\/v2\/pages\/1077\/revisions"}],"predecessor-version":[{"id":1086,"href":"https:\/\/muenster.org\/schanze\/wp-json\/wp\/v2\/pages\/1077\/revisions\/1086"}],"wp:attachment":[{"href":"https:\/\/muenster.org\/schanze\/wp-json\/wp\/v2\/media?parent=1077"}],"curies":[{"name":"wp","href":"https:\/\/api.w.org\/{rel}","templated":true}]}}