{"id":12,"date":"2018-04-30T20:02:20","date_gmt":"2018-04-30T18:02:20","guid":{"rendered":"http:\/\/muenster.org\/schanze\/?page_id=12"},"modified":"2023-11-23T08:12:58","modified_gmt":"2023-11-23T07:12:58","slug":"mitglieder","status":"publish","type":"page","link":"https:\/\/muenster.org\/schanze\/mitglieder\/","title":{"rendered":"Mitglieder"},"content":{"rendered":"<p>Im Laufe der Jahre waren es insgesamt an die 200 Mitglieder, die die freie K\u00fcnstlergemeinschaft Schanze gr\u00fcndeten, bereicherten, kamen und gingen und dazu beitrugen, dass die Schanze sage und schreibe \u00fcber hundert Jahre schon besteht.<\/p>\n<p>In den Unterpunkten sind die Mitglieder aufgef\u00fchrt.<\/p>\n\n\n<p><\/p>\n","protected":false},"excerpt":{"rendered":"<p>Im Laufe der Jahre waren es insgesamt an die 200 Mitglieder, die die freie K\u00fcnstlergemeinschaft Schanze gr\u00fcndeten, bereicherten, kamen und gingen und dazu beitrugen, dass die Schanze sage und schreibe \u00fcber hundert Jahre schon besteht. In den Unterpunkten sind die Mitglieder aufgef\u00fchrt.<\/p>\n","protected":false},"author":1,"featured_media":0,"parent":0,"menu_order":0,"comment_status":"closed","ping_status":"closed","template":"","meta":{"ngg_post_thumbnail":0,"footnotes":""},"class_list":["post-12","page","type-page","status-publish","hentry"],"_links":{"self":[{"href":"https:\/\/muenster.org\/schanze\/wp-json\/wp\/v2\/pages\/12","targetHints":{"allow":["GET"]}}],"collection":[{"href":"https:\/\/muenster.org\/schanze\/wp-json\/wp\/v2\/pages"}],"about":[{"href":"https:\/\/muenster.org\/schanze\/wp-json\/wp\/v2\/types\/page"}],"author":[{"embeddable":true,"href":"https:\/\/muenster.org\/schanze\/wp-json\/wp\/v2\/users\/1"}],"replies":[{"embeddable":true,"href":"https:\/\/muenster.org\/schanze\/wp-json\/wp\/v2\/comments?post=12"}],"version-history":[{"count":4,"href":"https:\/\/muenster.org\/schanze\/wp-json\/wp\/v2\/pages\/12\/revisions"}],"predecessor-version":[{"id":934,"href":"https:\/\/muenster.org\/schanze\/wp-json\/wp\/v2\/pages\/12\/revisions\/934"}],"wp:attachment":[{"href":"https:\/\/muenster.org\/schanze\/wp-json\/wp\/v2\/media?parent=12"}],"curies":[{"name":"wp","href":"https:\/\/api.w.org\/{rel}","templated":true}]}}