{"id":13,"date":"2018-04-30T20:02:20","date_gmt":"2018-04-30T18:02:20","guid":{"rendered":"http:\/\/muenster.org\/schanze\/?page_id=13"},"modified":"2022-01-31T18:58:30","modified_gmt":"2022-01-31T17:58:30","slug":"archiv","status":"publish","type":"page","link":"https:\/\/muenster.org\/schanze\/archiv\/","title":{"rendered":"Archiv"},"content":{"rendered":"<div id=\"cc-m-7553535411\" class=\"j-module n j-hgrid \">\n<div class=\"cc-m-hgrid-column\">\n<div id=\"cc-matrix-1915561011\">\n<div id=\"cc-m-7553535711\" class=\"j-module n j-header \">\n<p>Unser Archiv befindet sich im Stadtmuseum M\u00fcnster. Hier finden sich Ordner, Zeitungsartikel, Fotos, Klischees, Listen und weiteres interessantes Archivmaterial. Au\u00dferdem zeigt das Kabinett 33 im Stadtmuseum Arbeiten der Schanze aus den 1920er bis 1940er Jahren.<\/p>\n<p>Zu unserem hundertj\u00e4hrigen Jubil\u00e4um erschien der Katalog &#8222;100 Jahre Freie K\u00fcnstlergemeinschaft Schanze&#8220; mit vielf\u00e4ltigen Beitr\u00e4gen und einer Vorstellung der K\u00fcnstlerinnen und K\u00fcnstlern der Schanze im Jahr 2019.<\/p>\n<h3>Zeitungsartikel<\/h3>\n<h4><strong>Jubil\u00e4umsjahr<\/strong><\/h4>\n<h5>Geheimsache: Zeitkapsel der Schanze<\/h5>\n<p><a href=\"https:\/\/www.wn.de\/suche?SearchText=Zeitkapsel+Schanze\">https:\/\/www.wn.de\/suche?SearchText=Zeitkapsel+Schanze<\/a><\/p>\n<h5>Der Club der fr\u00f6hlichen K\u00fcnstler<\/h5>\n<p><a href=\"https:\/\/www.wn.de\/Muenster\/Kultur\/4024263-Stadtmuseum-zeigt-die-ersten-zehn-Jahre-der-Schanze-Der-Club-der-froehlichen-Kuenstler\" target=\"_blank\" rel=\"noopener noreferrer\">Stadtmuseum zeigt die ersten zehn Jahre der &#8222;Schanze&#8220;<\/a><\/p>\n<h5 id=\"cc-m-header-7553535711\">Schaufenster werden zur Galerie<\/h5>\n<\/div>\n<div id=\"cc-m-7553535611\" class=\"j-module n j-text \">\n<p><a title=\"https:\/\/www.wn.de\/Muenster\/3943082-Schanze-Ausstellung-am-Prinzipalmarkt-Schaufenster-werden-zur-Galerie\" href=\"https:\/\/www.wn.de\/Muenster\/3943082-Schanze-Ausstellung-am-Prinzipalmarkt-Schaufenster-werden-zur-Galerie\" target=\"_blank\" rel=\"noopener noreferrer\">https:\/\/www.wn.de\/Muenster\/3943082-Schanze-Ausstellung-am-Prinzipalmarkt-Schaufenster-werden-zur-Galerie<\/a><\/p>\n<\/div>\n<\/div>\n<\/div>\n<div class=\"cc-m-hgrid-separator\" data-display=\"cms-only\">\n<div>\n<h5 id=\"cc-m-header-7553535911\">100 Jahre Kunst der Schanze \u2013 und der Prinzipalmarkt feiert mit<\/h5>\n<\/div>\n<\/div>\n<\/div>\n<div id=\"cc-m-7553535811\" class=\"j-module n j-hgrid \">\n<div class=\"cc-m-hgrid-column\">\n<div id=\"cc-matrix-1915561211\">\n<div id=\"cc-m-7553536111\" class=\"j-module n j-text \">\n<p><a title=\"https:\/\/www.muenster-magazin.com\/de\/Archiv\/september-2019\/100-jahre-kunst-der-schanze--und-der-prinzipalmarkt-feiert-mit\/\" href=\"https:\/\/www.muenster-magazin.com\/de\/Archiv\/september-2019\/100-jahre-kunst-der-schanze--und-der-prinzipalmarkt-feiert-mit\/\" target=\"_blank\" rel=\"noopener noreferrer\">https:\/\/www.muenster-magazin.com\/de\/Archiv\/september-2019\/100-jahre-kunst-der-schanze&#8211;und-der-prinzipalmarkt-feiert-mit\/<\/a><\/p>\n<\/div>\n<div id=\"cc-m-7553536411\" class=\"j-module n j-header \">\n<h5 id=\"cc-m-header-7553536411\">100 Jahre Freie K\u00fcnstlergemeinschaft Schanze<\/h5>\n<\/div>\n<div id=\"cc-m-7553536611\" class=\"j-module n j-text \">\n<p><a title=\"https:\/\/www.muensterland.de\/veranstaltungen\/veranstaltungskalender\/detail\/100-jahre-freien-kuenstlergemeinschaft-schanze-in-muenster-406258\/\" href=\"https:\/\/www.muensterland.de\/veranstaltungen\/veranstaltungskalender\/detail\/100-jahre-freien-kuenstlergemeinschaft-schanze-in-muenster-406258\/\" target=\"_blank\" rel=\"noopener noreferrer\">https:\/\/www.muensterland.de\/veranstaltungen\/veranstaltungskalender\/detail\/100-jahre-freien-kuenstlergemeinschaft-schanze-in-muenster-406258\/<\/a><\/p>\n<\/div>\n<\/div>\n<\/div>\n<div class=\"cc-m-hgrid-separator\" data-display=\"cms-only\">\n<div>&nbsp;<\/div>\n<\/div>\n<div class=\"cc-m-hgrid-column last\">\n<div id=\"cc-matrix-1915561311\">&nbsp;<\/div>\n<\/div>\n<div class=\"cc-m-hgrid-overlay\" data-display=\"cms-only\">&nbsp;<\/div>\n<\/div>\n","protected":false},"excerpt":{"rendered":"<p>Unser Archiv befindet sich im Stadtmuseum M\u00fcnster. Hier finden sich Ordner, Zeitungsartikel, Fotos, Klischees, Listen und weiteres interessantes Archivmaterial. Au\u00dferdem zeigt das Kabinett 33 im Stadtmuseum Arbeiten der Schanze aus den 1920er bis 1940er Jahren. Zu unserem hundertj\u00e4hrigen Jubil\u00e4um erschien der Katalog &#8222;100 Jahre Freie K\u00fcnstlergemeinschaft Schanze&#8220; mit vielf\u00e4ltigen Beitr\u00e4gen und einer Vorstellung der K\u00fcnstlerinnen &hellip; <a href=\"https:\/\/muenster.org\/schanze\/archiv\/\" class=\"more-link\"><span class=\"screen-reader-text\">Archiv<\/span> weiterlesen<\/a><\/p>\n","protected":false},"author":1,"featured_media":0,"parent":0,"menu_order":0,"comment_status":"closed","ping_status":"closed","template":"","meta":{"ngg_post_thumbnail":0,"footnotes":""},"class_list":["post-13","page","type-page","status-publish","hentry"],"_links":{"self":[{"href":"https:\/\/muenster.org\/schanze\/wp-json\/wp\/v2\/pages\/13","targetHints":{"allow":["GET"]}}],"collection":[{"href":"https:\/\/muenster.org\/schanze\/wp-json\/wp\/v2\/pages"}],"about":[{"href":"https:\/\/muenster.org\/schanze\/wp-json\/wp\/v2\/types\/page"}],"author":[{"embeddable":true,"href":"https:\/\/muenster.org\/schanze\/wp-json\/wp\/v2\/users\/1"}],"replies":[{"embeddable":true,"href":"https:\/\/muenster.org\/schanze\/wp-json\/wp\/v2\/comments?post=13"}],"version-history":[{"count":8,"href":"https:\/\/muenster.org\/schanze\/wp-json\/wp\/v2\/pages\/13\/revisions"}],"predecessor-version":[{"id":786,"href":"https:\/\/muenster.org\/schanze\/wp-json\/wp\/v2\/pages\/13\/revisions\/786"}],"wp:attachment":[{"href":"https:\/\/muenster.org\/schanze\/wp-json\/wp\/v2\/media?parent=13"}],"curies":[{"name":"wp","href":"https:\/\/api.w.org\/{rel}","templated":true}]}}