{"id":14,"date":"2018-04-30T20:02:20","date_gmt":"2018-04-30T18:02:20","guid":{"rendered":"http:\/\/muenster.org\/schanze\/?page_id=14"},"modified":"2023-11-23T08:06:36","modified_gmt":"2023-11-23T07:06:36","slug":"links","status":"publish","type":"page","link":"https:\/\/muenster.org\/schanze\/links\/","title":{"rendered":"Links"},"content":{"rendered":"\n<h4 class=\"wp-block-heading\">Rundfunk<\/h4>\n\n\n\n<blockquote class=\"wp-block-quote is-layout-flow wp-block-quote-is-layout-flow\">\n<p>Professor Erwin Josef Speckmann<\/p>\n<\/blockquote>\n\n\n\n<p><a href=\"https:\/\/www1.wdr.de\/mediathek\/audio\/wdr5\/wdr5-erlebte-geschichten\/audio-erwin-josef-speckmann-neurophysiologe-und-kuenstler-100.html\">https:\/\/www1.wdr.de\/mediathek\/audio\/wdr5\/wdr5-erlebte-geschichten\/audio-erwin-josef-speckmann-neurophysiologe-und-kuenstler-100.html<\/a><\/p>\n\n\n\n<blockquote class=\"wp-block-quote is-layout-flow wp-block-quote-is-layout-flow\">\n<p>Anneliese Schmidt-Sch\u00f6ttler<\/p>\n\n\n\n<p><a href=\"https:\/\/www1.wdr.de\/av\/audio-erlebte-geschichten-anneliese-schmidt-schoettler--100.html\">https:\/\/www1.wdr.de\/av\/audio-erlebte-geschichten-anneliese-schmidt-schoettler&#8211;100.html<\/a><\/p>\n<\/blockquote>\n\n\n\n<h4 class=\"wp-block-heading\">Internetseiten<\/h4>\n\n\n<p>F\u00fcr die Inhalte der Seiten sind allein deren Betreiber*innen verantwortlich.<\/p>\n\n\n<p>Hans Georg Dornhege www.hgd.dornhege.com<br>Karl Drerup www.karldrerup.com\u00a0\u00a0 <br>Jutta Engelage www.juttaengelage.de <br>Karl-Heinz Engstfeld \u00a0www.welbergenerkreis.de<br>Ruth Engstfeld-Schremper www.welbergenerkreis.de<br>Wolfgang Fr\u00e4ger \u00a0www.wolfgang-fraeger.de <br>Anke Gollub ankegollub.wordpress.com  \u00a0\u00a0\u00a0\u00a0\u00a0\u00a0\u00a0\u00a0\u00a0\u00a0\u00a0\u00a0\u00a0\u00a0\u00a0\u00a0\u00a0\u00a0\u00a0\u00a0\u00a0\u00a0\u00a0\u00a0\u00a0\u00a0\u00a0\u00a0\u00a0\u00a0\u00a0\u00a0\u00a0\u00a0\u00a0\u00a0\u00a0\u00a0\u00a0\u00a0\u00a0\u00a0\u00a0\u00a0\u00a0\u00a0\u00a0\u00a0\u00a0\u00a0\u00a0               Susanne Hegmann www. susannehegmann.eu\u00a0 und\u00a0 \u00a0\u00a0\u00a0\u00a0\u00a0 \u00a0\u00a0\u00a0\u00a0\u00a0\u00a0\u00a0\u00a0\u00a0\u00a0\u00a0\u00a0\u00a0\u00a0\u00a0\u00a0\u00a0\u00a0\u00a0\u00a0\u00a0\u00a0\u00a0\u00a0\u00a0 www.kuenstlerbund.de\u00a0\u00a0    <br>Bernd Hinzelmann www.bernd-hinzelmann.de <br>Franz Homoet www.sto-ms.de\/bildgeschichte\/franz-homoet \u00a0\u00a0\u00a0\u00a0\u00a0\u00a0\u00a0\u00a0\u00a0\u00a0\u00a0\u00a0\u00a0\u00a0\u00a0\u00a0\u00a0\u00a0\u00a0\u00a0\u00a0\u00a0                 Rolf-Michael Jancak www.rolfjancak.de  <br>Hubert Janning\u00a0 www.st-andreas-martinus.de\/unsere kirchengemeinde\/wissenswertes\/kreuzweg-wuellen und <br>www.st-marien-luenen.de\/kirchen\/st-norbert\u00a0 <br>Hermann Kissenk\u00f6tter\u00a0 sein \u201eSiegener Kreuzweg\u201c unter: www.wilnsdorf-niederdielfen.de\/nieremitage.htm\u00a0\u00a0\u00a0\u00a0<br>Hedwig Kl\u00f6ckner-Triebe www.derwersten.de\/kultur\/textil-schau-der-stoff-aus-dem-auch-kusnt-gewirkt-ist-id10156512.html <br>Bernhard Krampe www.glasmalerei-ev.de\/pages\/b3143\/b3143.shtml \u00a0\u00a0\u00a0\u00a0\u00a0\u00a0\u00a0\u00a0\u00a0\u00a0\u00a0\u00a0\u00a0\u00a0\u00a0\u00a0\u00a0\u00a0\u00a0\u00a0\u00a0\u00a0\u00a0\u00a0\u00a0 \u00a0\/b3139\/b3139.shtml\/b921\/b921.shtml                                                                          Andreas Laugesen\u00a0\u00a0 www.andreas-laugesen.de <br>Willi Landsknecht www.willi-landsknecht.de <br>Ulli Ludewig ulrichludewig.de <br>Waldemar Mallek\u00a0 https:\/\/picclick.de\/Rathaus-in-M\u00fcnster-Holzschnitt-Handabzug-von-Waldemar-Mallek-222023302348.html#&amp;gid=1&amp;pid=2 Egbert von der Mehr egbertvondermehr.de \u00a0\u00a0 <br>Hajo Mu\u00dfenbrock www.hajo-mussenbrock.de  <br>Wilhelm Palmes www.wilhelm-palmes.de <br>Bruno Pelz \u00a0\u00a0\u00a0\u00a0http:\/\/www.westdeutscher-kuenstlerbund.de\/index.php\/mitglieder\/2-uncategorised\/153-m-pelz-bruno\u00a0 <br>Stefan Rosendahl www.stefanrosendahl.de <br>Werner R\u00fcckemann www.werner-r\u00fcckemann.de <br>Arnold Schlick www.arnoldschlick.de <br>Axel Schul\u00df https:\/\/www.nrwision.de\/mediathek\/easy-listening-das-phantom-von-muenster-erinnerungen-an-axel-schulss-aus-muenster-190110\/<br>Hilde Sch\u00fcrk-Frisch https:\/\/www.hilde-sch\u00fcrk-frisch.de\u00a0 <br>Bernhard Sprute www.bernhardsprute.de <br>Edith Steinberg-Mannefeld http:\/\/www.sah-eschweiler.de\/patienten-besucher\/seelsorge\/kapelle\/ \u00a0\u00a0\u00a0\u00a0\u00a0\u00a0\u00a0\u00a0\u00a0\u00a0\u00a0\u00a0\u00a0\u00a0\u00a0\u00a0\u00a0\u00a0\u00a0\u00a0\u00a0\u00a0\u00a0\u00a0\u00a0\u00a0\u00a0\u00a0\u00a0\u00a0\u00a0\u00a0\u00a0\u00a0\u00a0\u00a0\u00a0\u00a0\u00a0\u00a0\u00a0\u00a0\u00a0\u00a0\u00a0\u00a0\u00a0\u00a0\u00a0\u00a0 <br>Albert Stuwe  www.albert-stuwe.de\u00a0 <br>Tassilo Sturm www.tassilosturm.de <br>Klaus Tesching www.tesching.info<br>Clemens Wieschebrink\u00a0\u00a0 http:\/\/www.galerie-vanalmsick.de   <br>Matthias Z\u00f6lle www.matthias-z\u00f6lle.de \u00a0 \u00a0 <\/p>\n","protected":false},"excerpt":{"rendered":"<p>Rundfunk Professor Erwin Josef Speckmann https:\/\/www1.wdr.de\/mediathek\/audio\/wdr5\/wdr5-erlebte-geschichten\/audio-erwin-josef-speckmann-neurophysiologe-und-kuenstler-100.html Anneliese Schmidt-Sch\u00f6ttler https:\/\/www1.wdr.de\/av\/audio-erlebte-geschichten-anneliese-schmidt-schoettler&#8211;100.html Internetseiten F\u00fcr die Inhalte der Seiten sind allein deren Betreiber*innen verantwortlich. Hans Georg Dornhege www.hgd.dornhege.comKarl Drerup www.karldrerup.com\u00a0\u00a0 Jutta Engelage www.juttaengelage.de Karl-Heinz Engstfeld \u00a0www.welbergenerkreis.deRuth Engstfeld-Schremper www.welbergenerkreis.deWolfgang Fr\u00e4ger \u00a0www.wolfgang-fraeger.de Anke Gollub ankegollub.wordpress.com \u00a0\u00a0\u00a0\u00a0\u00a0\u00a0\u00a0\u00a0\u00a0\u00a0\u00a0\u00a0\u00a0\u00a0\u00a0\u00a0\u00a0\u00a0\u00a0\u00a0\u00a0\u00a0\u00a0\u00a0\u00a0\u00a0\u00a0\u00a0\u00a0\u00a0\u00a0\u00a0\u00a0\u00a0\u00a0\u00a0\u00a0\u00a0\u00a0\u00a0\u00a0\u00a0\u00a0\u00a0\u00a0\u00a0\u00a0\u00a0\u00a0\u00a0\u00a0 Susanne Hegmann www. susannehegmann.eu\u00a0 und\u00a0 \u00a0\u00a0\u00a0\u00a0\u00a0 \u00a0\u00a0\u00a0\u00a0\u00a0\u00a0\u00a0\u00a0\u00a0\u00a0\u00a0\u00a0\u00a0\u00a0\u00a0\u00a0\u00a0\u00a0\u00a0\u00a0\u00a0\u00a0\u00a0\u00a0\u00a0 www.kuenstlerbund.de\u00a0\u00a0 Bernd Hinzelmann www.bernd-hinzelmann.de Franz Homoet www.sto-ms.de\/bildgeschichte\/franz-homoet \u00a0\u00a0\u00a0\u00a0\u00a0\u00a0\u00a0\u00a0\u00a0\u00a0\u00a0\u00a0\u00a0\u00a0\u00a0\u00a0\u00a0\u00a0\u00a0\u00a0\u00a0\u00a0 &hellip; <a href=\"https:\/\/muenster.org\/schanze\/links\/\" class=\"more-link\"><span class=\"screen-reader-text\">Links<\/span> weiterlesen<\/a><\/p>\n","protected":false},"author":1,"featured_media":0,"parent":0,"menu_order":0,"comment_status":"closed","ping_status":"closed","template":"","meta":{"ngg_post_thumbnail":0,"footnotes":""},"class_list":["post-14","page","type-page","status-publish","hentry"],"_links":{"self":[{"href":"https:\/\/muenster.org\/schanze\/wp-json\/wp\/v2\/pages\/14","targetHints":{"allow":["GET"]}}],"collection":[{"href":"https:\/\/muenster.org\/schanze\/wp-json\/wp\/v2\/pages"}],"about":[{"href":"https:\/\/muenster.org\/schanze\/wp-json\/wp\/v2\/types\/page"}],"author":[{"embeddable":true,"href":"https:\/\/muenster.org\/schanze\/wp-json\/wp\/v2\/users\/1"}],"replies":[{"embeddable":true,"href":"https:\/\/muenster.org\/schanze\/wp-json\/wp\/v2\/comments?post=14"}],"version-history":[{"count":6,"href":"https:\/\/muenster.org\/schanze\/wp-json\/wp\/v2\/pages\/14\/revisions"}],"predecessor-version":[{"id":930,"href":"https:\/\/muenster.org\/schanze\/wp-json\/wp\/v2\/pages\/14\/revisions\/930"}],"wp:attachment":[{"href":"https:\/\/muenster.org\/schanze\/wp-json\/wp\/v2\/media?parent=14"}],"curies":[{"name":"wp","href":"https:\/\/api.w.org\/{rel}","templated":true}]}}