{"id":15,"date":"2018-04-30T20:02:20","date_gmt":"2018-04-30T18:02:20","guid":{"rendered":"http:\/\/muenster.org\/schanze\/?page_id=15"},"modified":"2023-12-04T18:08:12","modified_gmt":"2023-12-04T17:08:12","slug":"impressum","status":"publish","type":"page","link":"https:\/\/muenster.org\/schanze\/impressum\/","title":{"rendered":"Kontakt &#038; Impressum"},"content":{"rendered":"<p><strong>Schanze@muenster.org<\/strong><\/p>\n<p>Freie K\u00fcnstlergemeinschaft Schanze e.V.<br \/>\nJan Homeyer<br \/>\nS\u00fcdstra\u00dfe 22<br \/>\n48153 M\u00fcnster<\/p>\n<p>Vereinsregister VR 1591<\/p>\n<p>&nbsp;<\/p>\n<p>Design: Michael Hassels<br \/>\nTechnische Umsetzung: Erik Roguschke<br \/>\nUnterst\u00fctzt von: B\u00fcrgernetz M\u00fcnster und wordpress<\/p>\n<p>F\u00fcr den Inhalt der eigenen Seiten ist die Freie K\u00fcnstlergemeinschaft Schanze e.V. verantwortlich.<\/p>\n<p>F\u00fcr jegliche Verlinkungen kann keine Haftung f\u00fcr den dortigen Inhalt \u00fcbernommen werden. Hierf\u00fcr sind allein deren Betreiber verantwortlich.<\/p>\n<p><strong><br \/>\nUrheberschutz:<\/strong><br \/>\nF\u00fcr jegliche Inhalte, insbesondere Bildmaterial und Texte gelten die Urheberrechte. Zur Vervielf\u00e4ltigung, auch ausschnittweise, sonstiger Nutzung oder Verbreitung bedarf es der vorherigen schriftlichen Genehmigung durch die Urheber.<\/p>\n<p>&nbsp;<\/p>\n","protected":false},"excerpt":{"rendered":"<p>Schanze@muenster.org Freie K\u00fcnstlergemeinschaft Schanze e.V. Jan Homeyer S\u00fcdstra\u00dfe 22 48153 M\u00fcnster Vereinsregister VR 1591 &nbsp; Design: Michael Hassels Technische Umsetzung: Erik Roguschke Unterst\u00fctzt von: B\u00fcrgernetz M\u00fcnster und wordpress F\u00fcr den Inhalt der eigenen Seiten ist die Freie K\u00fcnstlergemeinschaft Schanze e.V. verantwortlich. F\u00fcr jegliche Verlinkungen kann keine Haftung f\u00fcr den dortigen Inhalt \u00fcbernommen werden. Hierf\u00fcr sind &hellip; <a href=\"https:\/\/muenster.org\/schanze\/impressum\/\" class=\"more-link\"><span class=\"screen-reader-text\">Kontakt &#038; Impressum<\/span> weiterlesen<\/a><\/p>\n","protected":false},"author":1,"featured_media":0,"parent":0,"menu_order":0,"comment_status":"closed","ping_status":"closed","template":"","meta":{"ngg_post_thumbnail":0,"footnotes":""},"class_list":["post-15","page","type-page","status-publish","hentry"],"_links":{"self":[{"href":"https:\/\/muenster.org\/schanze\/wp-json\/wp\/v2\/pages\/15","targetHints":{"allow":["GET"]}}],"collection":[{"href":"https:\/\/muenster.org\/schanze\/wp-json\/wp\/v2\/pages"}],"about":[{"href":"https:\/\/muenster.org\/schanze\/wp-json\/wp\/v2\/types\/page"}],"author":[{"embeddable":true,"href":"https:\/\/muenster.org\/schanze\/wp-json\/wp\/v2\/users\/1"}],"replies":[{"embeddable":true,"href":"https:\/\/muenster.org\/schanze\/wp-json\/wp\/v2\/comments?post=15"}],"version-history":[{"count":10,"href":"https:\/\/muenster.org\/schanze\/wp-json\/wp\/v2\/pages\/15\/revisions"}],"predecessor-version":[{"id":942,"href":"https:\/\/muenster.org\/schanze\/wp-json\/wp\/v2\/pages\/15\/revisions\/942"}],"wp:attachment":[{"href":"https:\/\/muenster.org\/schanze\/wp-json\/wp\/v2\/media?parent=15"}],"curies":[{"name":"wp","href":"https:\/\/api.w.org\/{rel}","templated":true}]}}